{"id":4554,"date":"2026-01-12T13:39:25","date_gmt":"2026-01-12T05:39:25","guid":{"rendered":"https:\/\/minghanggroup.com\/?post_type=product&#038;p=4554"},"modified":"2026-01-12T16:44:53","modified_gmt":"2026-01-12T08:44:53","slug":"cylindrical-matte-cologne-black-bottles-bulk","status":"publish","type":"product","link":"https:\/\/minghanggroup.com\/tr\/urun\/cylindrical-matte-cologne-black-bottles-bulk\/","title":{"rendered":"30 ml, 50 ml, 100 ml Silindirik Mat Siyah Kolonya \u015ei\u015feleri (Toptan)"},"content":{"rendered":"<p>Bu, p\u00fcr\u00fczs\u00fcz, silindirik bir g\u00f6vdeye (ve ona uygun kare bir kapa\u011fa) sahip, mat siyah bir kolonya \u015fi\u015fesidir ve ikonik, modern ve \u015f\u0131k bir \u015fekil olu\u015fturur.<\/p>\n<h2>\u00dcr\u00fcn \u00d6zellikleri<\/h2>\n<ul>\n<li><strong>Tamamen Mat Siyah Kaplama:<\/strong> Hem \u015fi\u015fe hem de kapak ayn\u0131 mat siyah kaplama ile i\u015flenmi\u015f olup, kusursuz, zarif ve modern bir g\u00f6r\u00fcn\u00fcm sunmaktad\u0131r.<\/li>\n<li><strong>P\u00fcr\u00fczs\u00fcz Silindirik:<\/strong> Klasik silindirik tasar\u0131m, p\u00fcr\u00fczs\u00fcz, sa\u011flam ve dayan\u0131kl\u0131d\u0131r ve minimalist marka imaj\u0131n\u0131n en iyi temsilcisidir.<\/li>\n<li><strong>\u00c7oklu Boyutlar:<\/strong> 30 ml, 50 ml ve 100 ml&#039;lik boyutlarda sunulan bu \u00fcr\u00fcn, her markaya \u00f6l\u00e7eklendirilebilen ve uyumlu hale getirilebilen bir \u00fcr\u00fcn yelpazesi sa\u011flar.<\/li>\n<\/ul>\n<h2 style=\"text-align: left;\">Temel \u00d6zellikler<\/h2>\n<table class=\"aligncenter\" style=\"border-collapse: collapse; width: 475.52pt;\" border=\"0\" width=\"634\" cellspacing=\"0\" cellpadding=\"0\">\n<tbody>\n<tr style=\"height: 13.50pt;\">\n<td style=\"height: 13.50pt; width: 119.25pt;\" width=\"159\" height=\"18\">\u015eartname<\/td>\n<td style=\"width: 356.25pt;\" width=\"475\">Detaylar<\/td>\n<\/tr>\n<tr style=\"height: 13.50pt;\">\n<td style=\"height: 13.50pt;\" height=\"18\">Kapasite<\/td>\n<td>30 ml \/ 50 ml \/ 100 ml<\/td>\n<\/tr>\n<tr style=\"height: 13.50pt;\">\n<td style=\"height: 13.50pt;\" height=\"18\">Boyutlar<\/td>\n<td>45\u00d756 mm \/ 50\u00d772 mm \/ 58\u00d784 mm<\/td>\n<\/tr>\n<tr style=\"height: 13.50pt;\">\n<td style=\"height: 13.50pt;\" height=\"18\">Malzeme<\/td>\n<td>Mat Siyah Kaplamal\u0131 Cam<\/td>\n<\/tr>\n<tr style=\"height: 13.50pt;\">\n<td style=\"height: 13.50pt;\" height=\"18\">\u015ei\u015fe \u015eekli<\/td>\n<td>Silindir<\/td>\n<\/tr>\n<tr style=\"height: 13.50pt;\">\n<td style=\"height: 13.50pt;\" height=\"18\">\u00d6zelle\u015ftirme Kapsam\u0131<\/td>\n<td>\u015ei\u015fe \u015eekli, Boyutu, Y\u00fczey Dokusu, Lazer \u0130\u015fleme<\/td>\n<\/tr>\n<tr style=\"height: 13.50pt;\">\n<td style=\"height: 13.50pt;\" height=\"18\">\u0130\u015f\u00e7ilik<\/td>\n<td>Hassas Silindir Cam \u015eekillendirme, Mat Kaplama Uygulamas\u0131<\/td>\n<\/tr>\n<tr style=\"height: 13.50pt;\">\n<td style=\"height: 13.50pt;\" height=\"18\">\u00dcr\u00fcn Amac\u0131<\/td>\n<td>Siyah Kolonya \u015ei\u015feleri, L\u00fcks Parf\u00fcm \u015ei\u015feleri<\/td>\n<\/tr>\n<tr style=\"height: 13.50pt;\">\n<td style=\"height: 13.50pt;\" height=\"18\">Uygun Sekt\u00f6rler<\/td>\n<td>\u00c7a\u011fda\u015f Parf\u00fcmeri, L\u00fcks Bak\u0131m \u00dcr\u00fcnleri<\/td>\n<\/tr>\n<\/tbody>\n<\/table>\n<h2>Ba\u015far\u0131 \u00d6yk\u00fcs\u00fc: \u0130skandinav Teknoloji Giri\u015fimi Parf\u00fcm \u00dcr\u00fcn\u00fcn\u00fc Piyasaya S\u00fcrd\u00fc<\/h2>\n<p>\u0130skandinav teknoloji giri\u015fim \u015firketi, amiral gemisi \u00fcr\u00fcn\u00fc olarak 100 ml&#039;lik siyah erkek parf\u00fcm \u015fi\u015femizi se\u00e7ti ve \u00fcr\u00fcne ultra mat bir g\u00f6r\u00fcn\u00fcm kazand\u0131rd\u0131. Markan\u0131n g\u00f6r\u00fcnmez teknoloji felsefesine en uygun tasar\u0131m olan bu \u00fcr\u00fcn, \u00f6n sipari\u015flerde 0&#039;l\u00fck bir art\u0131\u015f sa\u011flad\u0131. Kalitesi ve y\u00fcksek maliyeti (\u00fcretim maliyetinin \u00fczerinde) \u00fcr\u00fcn\u00fcn yaratt\u0131\u011f\u0131 etkiyi fazlas\u0131yla hak ediyor. Giri\u015fim \u015firketi, \u00fcr\u00fcn\u00fcn pazardaki uyumu ve operasyonel ba\u015far\u0131s\u0131ndan \u00e7ok memnun kald\u0131 ve uluslararas\u0131 abonelik hizmetini ba\u015flatmak i\u00e7in 500.000 \u015fi\u015fe daha sipari\u015f verdi.<\/p>\n<h2>Siyah kolonya \u015fi\u015feleri ki\u015fiselle\u015ftirme se\u00e7ene\u011fi<\/h2>\n<ul>\n<li>Y\u00fczey Dokusu \u00c7e\u015fitlili\u011fi: E\u015fsiz bir dokunu\u015f sa\u011flamak i\u00e7in y\u00fczeyde \u00e7e\u015fitli dokular (yumu\u015fak dokunu\u015f, kumlanm\u0131\u015f, kadifemsi) sunar.<\/li>\n<li>Mikroskobik Detay Kaz\u0131ma: Desenleri, seri numaralar\u0131n\u0131 veya i\u00e7erik listelerini vb. yaln\u0131zca belirli a\u00e7\u0131lardan g\u00f6r\u00fclebilecek \u015fekilde kaz\u0131y\u0131n.<\/li>\n<li>\u00d6zel Kapak Detaylar\u0131: Silindirik kapa\u011fa ince oluklar, t\u0131rt\u0131ll\u0131 kenarlar veya \u00e7e\u015fitli dokular kazand\u0131r\u0131n.<\/li>\n<li>A\u011f\u0131rl\u0131kl\u0131 Taban: Tabandaki metal disk, daha dengeli ve kaliteli, sa\u011flam bir his verecektir.<\/li>\n<\/ul>","protected":false},"excerpt":{"rendered":"<p>Modern siyah \u015fi\u015feli ve uyumlu kapakl\u0131 kolonyay\u0131 ke\u015ffedin. Ni\u015f kokular i\u00e7in ideal olan bu siyah \u015fi\u015feli erkek parf\u00fcm\u00fc, sofistike bir g\u00f6r\u00fcn\u00fcme sahip. \u00dccretsiz numune talep edin.<\/p>","protected":false},"featured_media":4561,"template":"","meta":{"postBodyCss":"","postBodyMargin":[],"postBodyPadding":[],"postBodyBackground":{"backgroundType":"classic","gradient":""}},"product_brand":[],"product_cat":[15,16,62],"product_tag":[],"class_list":{"0":"post-4554","1":"product","2":"type-product","3":"status-publish","4":"has-post-thumbnail","6":"product_cat-glass-containers","7":"product_cat-glass-bottles","8":"product_cat-perfume-bottles","10":"first","11":"instock","12":"shipping-taxable","13":"product-type-simple"},"jetpack_sharing_enabled":true,"_links":{"self":[{"href":"https:\/\/minghanggroup.com\/tr\/wp-json\/wp\/v2\/product\/4554","targetHints":{"allow":["GET"]}}],"collection":[{"href":"https:\/\/minghanggroup.com\/tr\/wp-json\/wp\/v2\/product"}],"about":[{"href":"https:\/\/minghanggroup.com\/tr\/wp-json\/wp\/v2\/types\/product"}],"wp:featuredmedia":[{"embeddable":true,"href":"https:\/\/minghanggroup.com\/tr\/wp-json\/wp\/v2\/media\/4561"}],"wp:attachment":[{"href":"https:\/\/minghanggroup.com\/tr\/wp-json\/wp\/v2\/media?parent=4554"}],"wp:term":[{"taxonomy":"product_brand","embeddable":true,"href":"https:\/\/minghanggroup.com\/tr\/wp-json\/wp\/v2\/product_brand?post=4554"},{"taxonomy":"product_cat","embeddable":true,"href":"https:\/\/minghanggroup.com\/tr\/wp-json\/wp\/v2\/product_cat?post=4554"},{"taxonomy":"product_tag","embeddable":true,"href":"https:\/\/minghanggroup.com\/tr\/wp-json\/wp\/v2\/product_tag?post=4554"}],"curies":[{"name":"wp","href":"https:\/\/api.w.org\/{rel}","templated":true}]}}