{"id":4545,"date":"2026-01-12T11:49:44","date_gmt":"2026-01-12T03:49:44","guid":{"rendered":"https:\/\/minghanggroup.com\/?post_type=product&#038;p=4545"},"modified":"2026-01-12T13:34:30","modified_gmt":"2026-01-12T05:34:30","slug":"square-perfume-black-bottles-for-men-wholesale","status":"publish","type":"product","link":"https:\/\/minghanggroup.com\/tr\/urun\/square-perfume-black-bottles-for-men-wholesale\/","title":{"rendered":"50 ml Kare Siyah Erkek Parf\u00fcm \u015ei\u015feleri Toptan Sat\u0131\u015f"},"content":{"rendered":"<p>Bu, erkekler i\u00e7in klasik siyah bir parf\u00fcm \u015fi\u015fesidir. Kare \u015feklindeki siyah \u015fi\u015fe, parlak siyah k\u00fcresel bir kapa\u011fa sahiptir ve \u015f\u0131k alt\u0131n bir s\u00fcs halkas\u0131yla dekore edilmi\u015ftir, bu da ona \u00fcst d\u00fczey bir g\u00f6r\u00fcn\u00fcm kazand\u0131r\u0131r.<\/p>\n<h2>\u00dcr\u00fcn \u00d6zellikleri<\/h2>\n<ul>\n<li><strong>Siyah Kare \u015ei\u015fe:<\/strong> Mat siyah kare \u015fi\u015fe, sade bir zarafet sunuyor. Kare \u015fekli sakinlik izlenimi verirken, saklamay\u0131 da kolayla\u015ft\u0131r\u0131yor.<\/li>\n<li><strong>Parlak Siyah K\u00fcresel Kapak:<\/strong> Parlak siyah k\u00fcresel kapak, mat \u015fi\u015feyle keskin bir kontrast olu\u015fturuyor ve yuvarlak dokusu, tutu\u015fu daha rahat ve g\u00f6ze daha ho\u015f geliyor.<\/li>\n<li><strong>Alt\u0131n Dekoratif Y\u00fcz\u00fck:<\/strong> Kapa\u011f\u0131n alt\u0131nda bulunan alt\u0131n dekoratif halka, ona l\u00fcks bir dokunu\u015f kat\u0131yor ve \u00fcst d\u00fczey, sofistike g\u00f6r\u00fcn\u00fcm\u00fcn\u00fc destekliyor.<\/li>\n<\/ul>\n<h2 style=\"text-align: left;\">Temel \u00d6zellikler<\/h2>\n<table class=\"aligncenter\" style=\"border-collapse: collapse; width: 433.52pt;\" border=\"0\" width=\"578\" cellspacing=\"0\" cellpadding=\"0\">\n<tbody>\n<tr style=\"height: 13.50pt;\">\n<td style=\"height: 13.50pt; width: 119.25pt;\" width=\"159\" height=\"18\">\u015eartname<\/td>\n<td style=\"width: 314.25pt;\" width=\"419\">Detaylar<\/td>\n<\/tr>\n<tr style=\"height: 13.50pt;\">\n<td style=\"height: 13.50pt;\" height=\"18\">Kapasite<\/td>\n<td>50 ml<\/td>\n<\/tr>\n<tr style=\"height: 13.50pt;\">\n<td style=\"height: 13.50pt;\" height=\"18\">Boyutlar<\/td>\n<td>75\u00d733\u00d757 mm<\/td>\n<\/tr>\n<tr style=\"height: 13.50pt;\">\n<td style=\"height: 13.50pt;\" height=\"18\">Malzeme<\/td>\n<td>Mat kaplamal\u0131 cam, parlak kapak, metal detay<\/td>\n<\/tr>\n<tr style=\"height: 13.50pt;\">\n<td style=\"height: 13.50pt;\" height=\"18\">\u015ei\u015fe \u015eekli<\/td>\n<td>Kare<\/td>\n<\/tr>\n<tr style=\"height: 13.50pt;\">\n<td style=\"height: 13.50pt;\" height=\"18\">\u00d6zelle\u015ftirme Kapsam\u0131<\/td>\n<td>\u015ei\u015fe \u015eekli, Boyutu, Y\u00fczey \u0130\u015flemi, Rengi<\/td>\n<\/tr>\n<tr style=\"height: 13.50pt;\">\n<td style=\"height: 13.50pt;\" height=\"18\">\u0130\u015f\u00e7ilik<\/td>\n<td>\u00c7oklu Y\u00fczey Uygulamas\u0131, Metal Vurgu Entegrasyonu<\/td>\n<\/tr>\n<tr style=\"height: 13.50pt;\">\n<td style=\"height: 13.50pt;\" height=\"18\">\u00dcr\u00fcn Amac\u0131<\/td>\n<td>Erkekler i\u00e7in Siyah Parf\u00fcm \u015ei\u015feleri, Siyah Parf\u00fcm \u015ei\u015feleri<\/td>\n<\/tr>\n<tr style=\"height: 13.50pt;\">\n<td style=\"height: 13.50pt;\" height=\"18\">Uygun Sekt\u00f6rler<\/td>\n<td>Tasar\u0131mc\u0131 ve Ni\u015f Parf\u00fcmeri, L\u00fcks \u00dcr\u00fcnler<\/td>\n<\/tr>\n<\/tbody>\n<\/table>\n<h2>Ba\u015far\u0131 \u00d6rne\u011fi: Milano Moda Evinin \u0130konik Parf\u00fcm\u00fcn\u00fcn Lansman\u0131<\/h2>\n<p>Milano&#039;nun en ikonik moda evlerinden biri, marka logosunun mat siyah cam y\u00fczeyine lazerle i\u015flendi\u011fi ve y\u00fczeyinde alt\u0131n kaplama \u00f6zel bir dekoratif halka bulunan 50 ml&#039;lik siyah parf\u00fcm \u015fi\u015femizi tercih etti. Bu l\u00fcks retro tasar\u0131m\u0131n erkek t\u00fcketiciler aras\u0131nda tercih edilme oran\u0131nda &#039;lik bir art\u0131\u015f ya\u015fand\u0131 ve geleneksel erkek parf\u00fcm \u015fi\u015felerine k\u0131yasla perakende raflar\u0131ndaki g\u00f6r\u00fcn\u00fcm\u00fcn\u00fc iyile\u015ftirerek sat\u0131\u015flar\u0131 oran\u0131nda art\u0131rd\u0131. Bu iyile\u015ftirme ve pazar tepkisi marka i\u00e7in olduk\u00e7a tatmin ediciydi ve bu nedenle k\u00fcresel olarak da\u011f\u0131t\u0131lmak \u00fczere 500.000 \u015fi\u015fe daha sipari\u015f edildi.<\/p>\n<h2>Parf\u00fcm Siyah \u015ei\u015felerinin Ki\u015fiselle\u015ftirilmesi<\/h2>\n<ul>\n<li>\u00d6zel Mat G\u00f6r\u00fcn\u00fcml\u00fc Renkler: Kare \u015fi\u015fe, k\u00f6m\u00fcr siyah\u0131, lacivert veya koyu ye\u015fil gibi di\u011fer mat renklerde de mevcuttur.<\/li>\n<li>\u015eapka ve Aksesuar Renk Uyumu: Bronz, g\u00fcm\u00fc\u015f ve rose gold gibi renklerde harmanlanm\u0131\u015f \u015fapkalar ve metal halkalar sunulabilir.<\/li>\n<li>Mat Y\u00fczeye Lazer \u0130\u015fleme: Mat y\u00fczey panellerine geometrik desenler, marka isimleri veya parf\u00fcm isimleri i\u015flenir.<\/li>\n<li>\u00d6zel K\u00fcresel Kapak: K\u00fcresel kapa\u011f\u0131n \u015fekli, daha \u00f6zg\u00fcn olmas\u0131 i\u00e7in biraz de\u011fi\u015ftirildi (daha oval, daha d\u00fcz).<\/li>\n<\/ul>","protected":false},"excerpt":{"rendered":"<p>Mat kare cam ve parlak k\u00fcresel kapa\u011fa sahip, l\u00fcks siyah erkek parf\u00fcm \u015fi\u015fesi. Siyah parf\u00fcm \u015fi\u015fesi, marka ve tasar\u0131m i\u00e7in OEM deste\u011fi sunmaktad\u0131r.<\/p>","protected":false},"featured_media":4550,"template":"","meta":{"postBodyCss":"","postBodyMargin":[],"postBodyPadding":[],"postBodyBackground":{"backgroundType":"classic","gradient":""}},"product_brand":[],"product_cat":[15,16,62],"product_tag":[],"class_list":{"0":"post-4545","1":"product","2":"type-product","3":"status-publish","4":"has-post-thumbnail","6":"product_cat-glass-containers","7":"product_cat-glass-bottles","8":"product_cat-perfume-bottles","10":"first","11":"instock","12":"shipping-taxable","13":"product-type-simple"},"jetpack_sharing_enabled":true,"_links":{"self":[{"href":"https:\/\/minghanggroup.com\/tr\/wp-json\/wp\/v2\/product\/4545","targetHints":{"allow":["GET"]}}],"collection":[{"href":"https:\/\/minghanggroup.com\/tr\/wp-json\/wp\/v2\/product"}],"about":[{"href":"https:\/\/minghanggroup.com\/tr\/wp-json\/wp\/v2\/types\/product"}],"wp:featuredmedia":[{"embeddable":true,"href":"https:\/\/minghanggroup.com\/tr\/wp-json\/wp\/v2\/media\/4550"}],"wp:attachment":[{"href":"https:\/\/minghanggroup.com\/tr\/wp-json\/wp\/v2\/media?parent=4545"}],"wp:term":[{"taxonomy":"product_brand","embeddable":true,"href":"https:\/\/minghanggroup.com\/tr\/wp-json\/wp\/v2\/product_brand?post=4545"},{"taxonomy":"product_cat","embeddable":true,"href":"https:\/\/minghanggroup.com\/tr\/wp-json\/wp\/v2\/product_cat?post=4545"},{"taxonomy":"product_tag","embeddable":true,"href":"https:\/\/minghanggroup.com\/tr\/wp-json\/wp\/v2\/product_tag?post=4545"}],"curies":[{"name":"wp","href":"https:\/\/api.w.org\/{rel}","templated":true}]}}