{"id":4540,"date":"2026-01-12T11:08:58","date_gmt":"2026-01-12T03:08:58","guid":{"rendered":"https:\/\/minghanggroup.com\/?post_type=product&#038;p=4540"},"modified":"2026-01-12T11:48:17","modified_gmt":"2026-01-12T03:48:17","slug":"amber-glass-perfume-bottles-with-wooden-lids-bulk","status":"publish","type":"product","link":"https:\/\/minghanggroup.com\/tr\/urun\/amber-glass-perfume-bottles-with-wooden-lids-bulk\/","title":{"rendered":"30 ml, 50 ml, 100 ml Ah\u015fap Kapakl\u0131 Amber Cam Parf\u00fcm \u015ei\u015feleri (Toptan)"},"content":{"rendered":"<p>Bu kehribar rengi cam parf\u00fcm \u015fi\u015feleri, s\u0131cak kehribar kahverengi yar\u0131 saydam camdan (\u0131\u015f\u0131\u011fa duyarl\u0131 bile\u015fenler i\u00e7eren kokulara kar\u015f\u0131 a\u015f\u0131nd\u0131r\u0131c\u0131 olmayan) \u00fcretilmi\u015ftir. P\u00fcr\u00fczs\u00fcz y\u00fczeyli silindirik g\u00f6vde, mat do\u011fal ah\u015fap kapakla birle\u015ferek ortama olduk\u00e7a do\u011fal ve s\u0131cak bir hava katmaktad\u0131r.<\/p>\n<h2>\u00dcr\u00fcn \u00d6zellikleri<\/h2>\n<ul>\n<li><strong>Kehribar rengi yar\u0131 saydam \u015fi\u015fe:<\/strong> Kehribar kahverengi yar\u0131 saydam cam, hem pratik hem de \u015f\u0131kt\u0131r; \u00e7\u00fcnk\u00fc koku bile\u015fenlerini korur (a\u00e7\u0131kta kalmazlar) ve ayn\u0131 zamanda i\u00e7eri\u011fin g\u00f6r\u00fcn\u00fcr olmas\u0131n\u0131 sa\u011flayarak kolayca tan\u0131nmas\u0131n\u0131 m\u00fcmk\u00fcn k\u0131lar.<\/li>\n<li><strong>Do\u011fal Ah\u015fap Kapak:<\/strong> Ah\u015fap kapa\u011f\u0131n ince do\u011fal dokusu ve s\u0131cakl\u0131\u011f\u0131, kehribar kahverengi \u015fi\u015feyle birle\u015ferek taze ve rustik bir orman tarz\u0131 yarat\u0131yor.<\/li>\n<li><strong>G\u00fcvenli \u0130nce Sis P\u00fcsk\u00fcrtme:<\/strong> \u00dcr\u00fcn\u00fcn her \u015fi\u015fesinde, ince bir sis olu\u015fturan ve her p\u00fcsk\u00fcrtmede kaliteli uygulama sa\u011flayan etkili bir p\u00fcsk\u00fcrt\u00fcc\u00fc bulunur.<\/li>\n<\/ul>\n<h2 style=\"text-align: left;\">Temel \u00d6zellikler<\/h2>\n<table class=\"aligncenter\" style=\"border-collapse: collapse; width: 491.27pt;\" border=\"0\" width=\"655\" cellspacing=\"0\" cellpadding=\"0\">\n<tbody>\n<tr style=\"height: 13.50pt;\">\n<td style=\"height: 13.50pt; width: 119.25pt;\" width=\"159\" height=\"18\">\u015eartname<\/td>\n<td style=\"width: 372.00pt;\" width=\"496\">Detaylar<\/td>\n<\/tr>\n<tr style=\"height: 13.50pt;\">\n<td style=\"height: 13.50pt;\" height=\"18\">Kapasite<\/td>\n<td>30 ml \/ 50 ml \/ 100 ml<\/td>\n<\/tr>\n<tr style=\"height: 13.50pt;\">\n<td style=\"height: 13.50pt;\" height=\"18\">Boyutlar<\/td>\n<td>39\u00d773 mm \/ 44\u00d784 mm \/ 53\u00d7100 mm<\/td>\n<\/tr>\n<tr style=\"height: 13.50pt;\">\n<td style=\"height: 13.50pt;\" height=\"18\">Malzeme<\/td>\n<td>Amber Renkli Cam, Ah\u015fap Kapak<\/td>\n<\/tr>\n<tr style=\"height: 13.50pt;\">\n<td style=\"height: 13.50pt;\" height=\"18\">\u015ei\u015fe \u015eekli<\/td>\n<td>Yuvarlak Silindir<\/td>\n<\/tr>\n<tr style=\"height: 13.50pt;\">\n<td style=\"height: 13.50pt;\" height=\"18\">\u00d6zelle\u015ftirme Kapsam\u0131<\/td>\n<td>\u015ei\u015fe \u015eekli, Boyutu, Rengi, Tonu, Kapak Malzemesi\/Kaplamas\u0131<\/td>\n<\/tr>\n<tr style=\"height: 13.50pt;\">\n<td style=\"height: 13.50pt;\" height=\"18\">\u0130\u015f\u00e7ilik<\/td>\n<td>Amber Cam Kal\u0131plama, A\u011fa\u00e7 Tornalama veya Ah\u015fap Kompozit Kal\u0131plama<\/td>\n<\/tr>\n<tr style=\"height: 13.50pt;\">\n<td style=\"height: 13.50pt;\" height=\"18\">\u00dcr\u00fcn Amac\u0131<\/td>\n<td>Amber Cam Parf\u00fcm \u015ei\u015feleri, Esansiyel Ya\u011f \u015ei\u015feleri<\/td>\n<\/tr>\n<tr style=\"height: 13.50pt;\">\n<td style=\"height: 13.50pt;\" height=\"18\">Uygun Sekt\u00f6rler<\/td>\n<td>Do\u011fal G\u00fczellik, Aromaterapi, Organik ve Sa\u011fl\u0131kl\u0131 Ya\u015fam Markalar\u0131<\/td>\n<\/tr>\n<\/tbody>\n<\/table>\n<h2>Ba\u015far\u0131 \u00d6rne\u011fi<\/h2>\n<p>Pasifik Kuzeybat\u0131&#039;n\u0131n \u00f6nde gelen organik cilt bak\u0131m markalar\u0131ndan biri, 100 ml&#039;lik kehribar rengi parf\u00fcm \u015fi\u015felerimizi se\u00e7ti ve sedir a\u011fac\u0131ndan yap\u0131lm\u0131\u015f kapaklar\u0131n\u0131 ve kehribar rengi cam g\u00f6vdelerini hafif\u00e7e buzlu hale getirdi. Kehribar rengi cam, \u00f6nemli UV korumas\u0131 sa\u011flarken, do\u011fal i\u00e7eriklerinin raf \u00f6mr\u00fc yakla\u015f\u0131k 30 y\u0131l uzuyor. M\u00fc\u015fterilerin en sevdi\u011fi \u00f6zelliklerden biri olan ah\u015fap kapaklar, olumlu yorumlar\u0131n &#039;inde belirtildi. Bu durum, markay\u0131 o kadar cesaretlendirdi ki, m\u00fc\u015fteri geri bildirimleri ve \u00fcr\u00fcn\u00fcn performans\u0131, yeni koku b\u00f6l\u00fcm\u00fcn\u00fcn kurulmas\u0131n\u0131 kolayla\u015ft\u0131rmak i\u00e7in 200.000 \u015fi\u015fe daha sipari\u015f etmesine yol a\u00e7t\u0131.<\/p>\n<h2>Amber Parf\u00fcm \u015ei\u015fesi \u0130\u00e7in Ki\u015fiselle\u015ftirilebilir Tasar\u0131mlar<\/h2>\n<ul>\n<li>Amber Cam Renk Se\u00e7ene\u011fi: \u00c7ok \u00e7e\u015fitli amber cam renkleri aras\u0131ndan se\u00e7im yapabilirsiniz. T\u00fcm renk yelpazesi a\u00e7\u0131k bal renginden koyu konyak rengine kadar uzan\u0131r.<\/li>\n<li>Ki\u015fiye \u00d6zel Ah\u015fap \u015eapkalar: M\u00fc\u015fteriler, ah\u015fap malzemeler aras\u0131ndan se\u00e7im yaparak kendi \u015fapkalar\u0131n\u0131 yapt\u0131rabilirler. \u00c7evre dostu olmalar\u0131n\u0131n yan\u0131 s\u0131ra, kullan\u0131labilecek ah\u015fap t\u00fcrleri aras\u0131nda bambu, mantar ve sandal a\u011fac\u0131 bulunmaktad\u0131r.<\/li>\n<li>Cam Oyma: Cam y\u00fczeyine desen, marka ad\u0131 veya botanik \u00e7izim kaz\u0131t\u0131n.<\/li>\n<li>Buzlu cam: Buzlu cam \u015fi\u015feler, kehribar rengi cam \u015fi\u015felere tamamen buzlanma veya kademeli buzlanma uygulanarak \u00e7ok daha yumu\u015fak ve opak bir etki elde edilir.<\/li>\n<\/ul>","protected":false},"excerpt":{"rendered":"<p>Do\u011fal ah\u015fap kapakl\u0131 kehribar renkli cam parf\u00fcm \u015fi\u015felerini ke\u015ffedin. Bu minimalist kehribar parf\u00fcm \u015fi\u015fesi koleksiyonu, ni\u015f kokular i\u00e7in idealdir. H\u0131zl\u0131 Kargo!<\/p>","protected":false},"featured_media":4541,"template":"","meta":{"postBodyCss":"","postBodyMargin":[],"postBodyPadding":[],"postBodyBackground":{"backgroundType":"classic","gradient":""}},"product_brand":[],"product_cat":[15,16,62],"product_tag":[],"class_list":{"0":"post-4540","1":"product","2":"type-product","3":"status-publish","4":"has-post-thumbnail","6":"product_cat-glass-containers","7":"product_cat-glass-bottles","8":"product_cat-perfume-bottles","10":"first","11":"instock","12":"shipping-taxable","13":"product-type-simple"},"jetpack_sharing_enabled":true,"_links":{"self":[{"href":"https:\/\/minghanggroup.com\/tr\/wp-json\/wp\/v2\/product\/4540","targetHints":{"allow":["GET"]}}],"collection":[{"href":"https:\/\/minghanggroup.com\/tr\/wp-json\/wp\/v2\/product"}],"about":[{"href":"https:\/\/minghanggroup.com\/tr\/wp-json\/wp\/v2\/types\/product"}],"wp:featuredmedia":[{"embeddable":true,"href":"https:\/\/minghanggroup.com\/tr\/wp-json\/wp\/v2\/media\/4541"}],"wp:attachment":[{"href":"https:\/\/minghanggroup.com\/tr\/wp-json\/wp\/v2\/media?parent=4540"}],"wp:term":[{"taxonomy":"product_brand","embeddable":true,"href":"https:\/\/minghanggroup.com\/tr\/wp-json\/wp\/v2\/product_brand?post=4540"},{"taxonomy":"product_cat","embeddable":true,"href":"https:\/\/minghanggroup.com\/tr\/wp-json\/wp\/v2\/product_cat?post=4540"},{"taxonomy":"product_tag","embeddable":true,"href":"https:\/\/minghanggroup.com\/tr\/wp-json\/wp\/v2\/product_tag?post=4540"}],"curies":[{"name":"wp","href":"https:\/\/api.w.org\/{rel}","templated":true}]}}