{"id":4539,"date":"2026-01-12T12:31:24","date_gmt":"2026-01-12T04:31:24","guid":{"rendered":"https:\/\/minghanggroup.com\/?post_type=product&#038;p=4539"},"modified":"2026-01-12T16:52:04","modified_gmt":"2026-01-12T08:52:04","slug":"30ml-50ml-cologne-bottles-with-colorful-lids-wholesale","status":"publish","type":"product","link":"https:\/\/minghanggroup.com\/tr\/urun\/30ml-50ml-cologne-bottles-with-colorful-lids-wholesale\/","title":{"rendered":"30ml ve 50ml Renkli Kapakl\u0131 Kolonya \u015ei\u015feleri Toptan Sat\u0131\u015f"},"content":{"rendered":"<p>50 ml&#039;lik kolonya \u015fi\u015feniz sadece koku yaymakla kalmamal\u0131, ayn\u0131 zamanda internette gezenlerin dikkatini de \u00e7ekmelidir. Ki\u015fiye \u00f6zel parf\u00fcm\u00fcn\u00fcz\u00fc an\u0131nda l\u00fcks bir an haline getiren koku \u015fi\u015fesi tasar\u0131mlar\u0131 \u00fcretiyoruz.<\/p>\n<h2>\u00dcr\u00fcn \u00d6zellikleri<\/h2>\n<ul>\n<li><strong>Kristal Berrakl\u0131\u011f\u0131:<\/strong> Cam \u015fi\u015fe, kokunuzun ger\u00e7ek rengini g\u00f6rmenizi sa\u011flar; bulan\u0131k filtreler yok, sadece saf cam g\u00fczelli\u011fi.<\/li>\n<li><strong>Stabilize Edilmi\u015f Dikd\u00f6rtgen Taban:<\/strong> Kal\u0131nla\u015ft\u0131r\u0131lm\u0131\u015f taban\u0131 sayesinde raflarda sallanmaz. Cam parf\u00fcm \u015fi\u015feniz sa\u011flam ve kaliteli bir his verir.<\/li>\n<li><strong>Renkli \u015eapka Kontrast\u0131:<\/strong> \u015eeffaf camla kontrast olu\u015fturan mor veya sar\u0131 kapaklar m\u0131? Parf\u00fcm ambalaj\u0131n\u0131z i\u00e7in an\u0131nda g\u00f6rsel bir etki mi?<\/li>\n<\/ul>\n<h2>Temel \u00d6zellikler<\/h2>\n<table style=\"border-collapse: collapse; width: 80%; margin-left: auto; margin-right: auto;\" border=\"0\" width=\"360\" cellspacing=\"0\" cellpadding=\"0\">\n<tbody>\n<tr style=\"height: 13.50pt;\">\n<td style=\"height: 13.5pt; width: 54pt; text-align: center;\" width=\"72\" height=\"18\">Boyut (ml)<\/td>\n<td style=\"width: 54pt; text-align: center;\" width=\"72\">\u00d6l\u00e7\u00fcler (mm)<\/td>\n<td style=\"width: 54pt; text-align: center;\" width=\"72\">Malzeme<\/td>\n<td style=\"width: 54pt; text-align: center;\" width=\"72\">\u015eapka Rengi<\/td>\n<td style=\"width: 54pt; text-align: center;\" width=\"72\">S\u0131zd\u0131rmazl\u0131k Tipi<\/td>\n<\/tr>\n<tr style=\"height: 13.50pt;\">\n<td style=\"height: 13.5pt; text-align: center;\" align=\"right\" height=\"18\">30<\/td>\n<td style=\"text-align: center;\">42\u00d730\u00d777<\/td>\n<td class=\"et2\" style=\"text-align: center;\" rowspan=\"2\">Kristal Cam + Metal\/PE<\/td>\n<td class=\"et2\" style=\"text-align: center;\" rowspan=\"2\">A\u00e7\u0131k mor\/sar\u0131<\/td>\n<td class=\"et2\" style=\"text-align: center;\" rowspan=\"2\">\u0130nce sis p\u00fcsk\u00fcrt\u00fcc\u00fc<\/td>\n<\/tr>\n<tr style=\"height: 13.50pt;\">\n<td style=\"height: 13.5pt; text-align: center;\" align=\"right\" height=\"18\">50<\/td>\n<td style=\"text-align: center;\">50\u00d728\u00d792<\/td>\n<\/tr>\n<\/tbody>\n<\/table>\n<h2>Ba\u015far\u0131 \u00d6rne\u011fi<\/h2>\n<p>Ki\u015fiye \u00f6zel koku \u00fcr\u00fcnleri satan bir parf\u00fcm markas\u0131, yeni hafif koku serisinin geli\u015ftirilmesi s\u0131ras\u0131nda bu \u015feffaf cam parf\u00fcm \u015fi\u015fesini tasarlamak i\u00e7in bizimle i\u015f birli\u011fi yapt\u0131. Standart dikd\u00f6rtgen \u015fi\u015fenin kal\u0131nl\u0131k ve y\u00fckseklik oran\u0131n\u0131 uyarlayan ve genel \u015feffafl\u0131\u011f\u0131 yans\u0131tmak i\u00e7in y\u00fcksek, \u015feffaf beyaz cam\u0131 tercih eden m\u00fc\u015fteri, markan\u0131n gen\u00e7 ve dinamik konumland\u0131rmas\u0131n\u0131 referans ald\u0131.<\/p>\n<p>\u015ei\u015fe kapaklar\u0131, farkl\u0131 koku serilerini belirtmek i\u00e7in \u00f6zel yumu\u015fak renklerle (a\u00e7\u0131k sar\u0131 ve a\u00e7\u0131k pembe) s\u00fcslenmi\u015ftir. \u0130nce ve e\u015fit bir p\u00fcsk\u00fcrtme sa\u011flamak i\u00e7in uygun bir sprey pompas\u0131 se\u00e7ilmi\u015f ve gelecekteki tasar\u0131m geli\u015ftirmelerine olanak sa\u011flamak i\u00e7in serigrafi bask\u0131 ve etiketleme i\u00e7in bo\u015fluklar b\u0131rak\u0131lm\u0131\u015ft\u0131r.<\/p>\n<p>Taze koku serisi, \u00fcr\u00fcn lansman\u0131ndan sonraki \u00fc\u00e7 ay i\u00e7inde tutarl\u0131 ve ferahlat\u0131c\u0131 ambalaj tasar\u0131m\u0131 sayesinde yakla\u015f\u0131k daha fazla sat\u0131\u015f elde ederek, marka bilinirli\u011fini gen\u00e7ler aras\u0131nda \u00f6nemli \u00f6l\u00e7\u00fcde art\u0131rd\u0131.<\/p>\n<h2>\u00d6zelle\u015ftirme Se\u00e7enekleriniz<\/h2>\n<ol>\n<li><strong>\u015ei\u015fe G\u00f6vdesi \u00d6zelle\u015ftirme Se\u00e7enekleri:<\/strong> \u015ei\u015fenin \u015feffafl\u0131\u011f\u0131n\u0131 korurken k\u0131smi buzlanma, degrade p\u00fcsk\u00fcrtme veya i\u00e7 renk p\u00fcsk\u00fcrtme tekniklerini se\u00e7erek \u015fi\u015fenin g\u00f6rsel derinli\u011fini art\u0131r\u0131n, b\u00f6ylece onu \u00fcst d\u00fczey veya s\u0131n\u0131rl\u0131 say\u0131da \u00fcretilen seriler i\u00e7in uygun hale getirin.<\/li>\n<li><strong>\u015ei\u015fe Kapa\u011f\u0131 Renk ve Malzeme Se\u00e7enekleri: <\/strong>Normal plastik kapaklar\u0131n yan\u0131 s\u0131ra, elektrolizle kaplanm\u0131\u015f renkler, mat y\u00fczeyler veya iki renkli enjeksiyon kal\u0131pl\u0131 kapaklar da \u00f6zel olarak \u00fcretilebilir; bu sayede koku veya \u00fcr\u00fcn serisinin h\u0131zl\u0131 bir \u015fekilde tan\u0131mlanmas\u0131 i\u00e7in farkl\u0131 renkler kullan\u0131labilir.<\/li>\n<li><strong>\u015ei\u015fe Taban\u0131 ve Marka Kimli\u011fi Tasar\u0131m\u0131: <\/strong>A\u015fa\u011f\u0131daki y\u00f6ntemleri kullanarak markan\u0131z\u0131n sahtecili\u011fe kar\u015f\u0131 koruma \u00f6zelliklerini ve marka ayr\u0131cal\u0131\u011f\u0131n\u0131 art\u0131r\u0131n: \u015ei\u015fe taban\u0131na kabartma marka logosu, kaz\u0131nm\u0131\u015f kod, \u00f6zel girintili yap\u0131lar.<\/li>\n<\/ol>","protected":false},"excerpt":{"rendered":"<p>\u00c7ok y\u00f6nl\u00fc koku \u015fi\u015fesi tasar\u0131m\u0131na sahip 30ml ve 50ml kolonya \u015fi\u015fesi. Fabrikadan do\u011frudan tedarik, toplu sipari\u015flerde \u00f6zelle\u015ftirme deste\u011fi, ambalaj i\u00e7in h\u0131zl\u0131 kargo.<\/p>","protected":false},"featured_media":4549,"template":"","meta":{"postBodyCss":"","postBodyMargin":[],"postBodyPadding":[],"postBodyBackground":{"backgroundType":"classic","gradient":""}},"product_brand":[],"product_cat":[15,16,62],"product_tag":[],"class_list":{"0":"post-4539","1":"product","2":"type-product","3":"status-publish","4":"has-post-thumbnail","6":"product_cat-glass-containers","7":"product_cat-glass-bottles","8":"product_cat-perfume-bottles","10":"first","11":"instock","12":"shipping-taxable","13":"product-type-simple"},"jetpack_sharing_enabled":true,"_links":{"self":[{"href":"https:\/\/minghanggroup.com\/tr\/wp-json\/wp\/v2\/product\/4539","targetHints":{"allow":["GET"]}}],"collection":[{"href":"https:\/\/minghanggroup.com\/tr\/wp-json\/wp\/v2\/product"}],"about":[{"href":"https:\/\/minghanggroup.com\/tr\/wp-json\/wp\/v2\/types\/product"}],"wp:featuredmedia":[{"embeddable":true,"href":"https:\/\/minghanggroup.com\/tr\/wp-json\/wp\/v2\/media\/4549"}],"wp:attachment":[{"href":"https:\/\/minghanggroup.com\/tr\/wp-json\/wp\/v2\/media?parent=4539"}],"wp:term":[{"taxonomy":"product_brand","embeddable":true,"href":"https:\/\/minghanggroup.com\/tr\/wp-json\/wp\/v2\/product_brand?post=4539"},{"taxonomy":"product_cat","embeddable":true,"href":"https:\/\/minghanggroup.com\/tr\/wp-json\/wp\/v2\/product_cat?post=4539"},{"taxonomy":"product_tag","embeddable":true,"href":"https:\/\/minghanggroup.com\/tr\/wp-json\/wp\/v2\/product_tag?post=4539"}],"curies":[{"name":"wp","href":"https:\/\/api.w.org\/{rel}","templated":true}]}}