{"id":4530,"date":"2026-01-12T09:24:34","date_gmt":"2026-01-12T01:24:34","guid":{"rendered":"https:\/\/minghanggroup.com\/?post_type=product&#038;p=4530"},"modified":"2026-01-12T10:41:57","modified_gmt":"2026-01-12T02:41:57","slug":"glass-empty-spray-bottles-for-perfume-wholesale","status":"publish","type":"product","link":"https:\/\/minghanggroup.com\/tr\/urun\/glass-empty-spray-bottles-for-perfume-wholesale\/","title":{"rendered":"30 ml, 50 ml, 100 ml Cam Bo\u015f Parf\u00fcm Sprey \u015ei\u015feleri Toptan Sat\u0131\u015f\u0131"},"content":{"rendered":"<p>Bunlar dikd\u00f6rtgen \u015feklinde bo\u015f parf\u00fcm sprey \u015fi\u015feleridir. \u015eeffaf \u015fi\u015fe, parf\u00fcm\u00fcn\u00fcz\u00fc en iyi \u015fekilde sergiler ve mat beyaz, g\u00fcm\u00fc\u015f veya siyah silindirik kapaklarla birlikte gelir; bu da parf\u00fcm\u00fcn\u00fcz\u00fc markas\u0131na uygun \u015fekilde \u00f6zelle\u015ftirmenizi sa\u011flar.<\/p>\n<h2>\u00dcr\u00fcn \u00d6zellikleri<\/h2>\n<ul>\n<li><strong>\u0130nce Sprey:<\/strong> Bu sprey, her kullan\u0131mda ince ve e\u015fit bir p\u00fcsk\u00fcrtme sa\u011flayarak l\u00fcks bir koku deneyimi yarat\u0131r.<\/li>\n<li><strong>Y\u00fcksek \u015eeffafl\u0131kta Cam:<\/strong> Bu, y\u00fcksek \u015feffafl\u0131\u011fa sahip camdan \u00fcretilmi\u015f bir parf\u00fcm olup, parf\u00fcm\u00fcn\u00fcz\u00fcn rengini ve safl\u0131\u011f\u0131n\u0131 g\u00f6rsel bir unsur haline getiriyor.<\/li>\n<li><strong>\u015e\u0131k \u015eapka:<\/strong> Parf\u00fcm \u015fi\u015fesinin kapa\u011f\u0131nda, \u015fi\u015feye an\u0131nda \u015f\u0131kl\u0131k ve kalite katacak \u00fc\u00e7 farkl\u0131 kaplama se\u00e7ene\u011fi mevcuttur.<\/li>\n<\/ul>\n<h2 style=\"text-align: left;\">Temel \u00d6zellikler<\/h2>\n<table class=\"aligncenter\" style=\"border-collapse: collapse; width: 491.27pt;\" border=\"0\" width=\"655\" cellspacing=\"0\" cellpadding=\"0\">\n<tbody>\n<tr style=\"height: 13.50pt;\">\n<td style=\"height: 13.50pt; width: 119.25pt;\" width=\"159\" height=\"18\">\u015eartname<\/td>\n<td style=\"width: 372.00pt;\" width=\"496\">Detaylar<\/td>\n<\/tr>\n<tr style=\"height: 13.50pt;\">\n<td style=\"height: 13.50pt;\" height=\"18\">Boyutlar<\/td>\n<td>51\u00d733\u00d768 mm (30 ml) \/ 56\u00d737\u00d782 mm (50 ml) \/ 56\u00d727\u00d7132 mm (100 ml)<\/td>\n<\/tr>\n<tr style=\"height: 13.50pt;\">\n<td style=\"height: 13.50pt;\" height=\"18\">Malzeme<\/td>\n<td>A\u011f\u0131r Hizmet Tipi \u015eeffaf Cam<\/td>\n<\/tr>\n<tr style=\"height: 13.50pt;\">\n<td style=\"height: 13.50pt;\" height=\"18\">\u015ei\u015fe \u015eekli<\/td>\n<td>Dikd\u00f6rtgen<\/td>\n<\/tr>\n<tr style=\"height: 13.50pt;\">\n<td style=\"height: 13.50pt;\" height=\"18\">\u00d6zelle\u015ftirme Kapsam\u0131<\/td>\n<td>Renk \/ Y\u00fczey \u0130\u015flemi \/ Kapak Malzemesi \/ Grav\u00fcr \/ Boyut<\/td>\n<\/tr>\n<tr style=\"height: 13.50pt;\">\n<td style=\"height: 13.50pt;\" height=\"18\">\u0130\u015f\u00e7ilik<\/td>\n<td>Hassas Yuvarlak Kenarl\u0131 Kal\u0131plama, Dokulu Kapak \u00dcretimi<\/td>\n<\/tr>\n<tr style=\"height: 13.50pt;\">\n<td style=\"height: 13.50pt;\" height=\"18\">\u00dcr\u00fcn Amac\u0131<\/td>\n<td>Parf\u00fcm i\u00e7in Bo\u015f Sprey \u015ei\u015feleri, Cam Parf\u00fcm Sprey \u015ei\u015feleri<\/td>\n<\/tr>\n<tr style=\"height: 13.50pt;\">\n<td style=\"height: 13.50pt;\" height=\"18\">Hedef Sekt\u00f6rler<\/td>\n<td>Ki\u015fiye \u00d6zel Koku Setleri, L\u00fcks Hediye Setleri, Kurumsal Hediye Se\u00e7enekleri<\/td>\n<\/tr>\n<\/tbody>\n<\/table>\n<h2>Ba\u015far\u0131 \u00d6yk\u00fcs\u00fc: Miami Ya\u015fam Tarz\u0131 Markas\u0131 Tatil K\u00f6y\u00fc Koleksiyonu<\/h2>\n<p>Miami merkezli l\u00fcks bir ya\u015fam tarz\u0131 markas\u0131 taraf\u0131ndan se\u00e7ilen 100 ml&#039;lik parf\u00fcm sprey \u015fi\u015femiz, her koku i\u00e7in farkl\u0131 dokulu kapaklarla (beyaz, g\u00fcm\u00fc\u015f, siyah) sat\u0131\u015fa sunuldu. Yumu\u015fak ve kare \u015fekliyle \u00fcst\u00fcn kalite hissi ve rahat l\u00fcks felsefesi tam olarak yans\u0131t\u0131l\u0131yor; bu durum olumlu medya yorumlar\u0131n\u0131n &#039;inde de belirtildi. Kapaklar, m\u00fc\u015fteriler aras\u0131nda pop\u00fcler olan ve kazara d\u00fc\u015fmeleri oran\u0131nda en aza indiren, belirgin bir tutu\u015f sa\u011flayan dokulu bir yap\u0131ya sahip. Bu, \u00fcr\u00fcn\u00fcn harika performans\u0131 ve piyasadaki olumlu tepkisi sayesinde markan\u0131n d\u00fczenli ana koleksiyonuna ve di\u011fer mevsimlik \u00fcr\u00fcn serilerine 400.000 \u015fi\u015fe daha sipari\u015f vermesiyle sonu\u00e7land\u0131.<\/p>\n<h2>Parf\u00fcm i\u00e7in \u00d6zel Tasar\u0131m Bo\u015f Sprey \u015ei\u015feleri<\/h2>\n<ul>\n<li>Buzlu veya renkli cam: Yumu\u015fak bir g\u00f6r\u00fcn\u00fcm elde etmek i\u00e7in buzlu bir y\u00fczey uygulan\u0131r veya markan\u0131n karakterini vurgulamak i\u00e7in renkli cam (f\u00fcme gri, kobalt mavisi, kehribar) kullan\u0131labilir.<\/li>\n<li>Lazerle i\u015flenmi\u015f cam: D\u00fcz bir cam par\u00e7as\u0131 \u00fczerine dalga deseniyle k\u0131y\u0131 \u015feridi boyunca bir desen, koordinatlar veya basit bir marka ad\u0131 i\u015fleyin.<\/li>\n<li>Metalik s\u00fcsleme: \u015ei\u015fenin \u00fcst veya alt k\u0131sm\u0131nda ince bir metal \u015ferit (bak\u0131r, pembe alt\u0131n) bulunur.<\/li>\n<li>K\u00fc\u00e7\u00fck p\u00fcsk\u00fcrtme ba\u015fl\u0131\u011f\u0131n\u0131n dekorasyonu: Kapaktaki k\u00fc\u00e7\u00fck p\u00fcsk\u00fcrtme ba\u015fl\u0131\u011f\u0131 d\u00fc\u011fmesini, tercih etti\u011finiz kapak rengine veya marka logosuna uygun \u015fekilde boyay\u0131n.<\/li>\n<\/ul>","protected":false},"excerpt":{"rendered":"<p>Yuvarlak k\u00f6\u015feli tasar\u0131ma sahip, y\u00fcksek kaliteli parf\u00fcm sprey \u015fi\u015fesi cam\u0131ndan \u00fcretilmi\u015f bo\u015f parf\u00fcm sprey \u015fi\u015feleri. \u00d6zel kapaklar, boyutlar ve marka bask\u0131s\u0131 i\u00e7in OEM hizmeti mevcuttur.<\/p>","protected":false},"featured_media":4532,"template":"","meta":{"postBodyCss":"","postBodyMargin":[],"postBodyPadding":[],"postBodyBackground":{"backgroundType":"classic","gradient":""}},"product_brand":[],"product_cat":[15,16,62],"product_tag":[],"class_list":{"0":"post-4530","1":"product","2":"type-product","3":"status-publish","4":"has-post-thumbnail","6":"product_cat-glass-containers","7":"product_cat-glass-bottles","8":"product_cat-perfume-bottles","10":"first","11":"instock","12":"shipping-taxable","13":"product-type-simple"},"jetpack_sharing_enabled":true,"_links":{"self":[{"href":"https:\/\/minghanggroup.com\/tr\/wp-json\/wp\/v2\/product\/4530","targetHints":{"allow":["GET"]}}],"collection":[{"href":"https:\/\/minghanggroup.com\/tr\/wp-json\/wp\/v2\/product"}],"about":[{"href":"https:\/\/minghanggroup.com\/tr\/wp-json\/wp\/v2\/types\/product"}],"wp:featuredmedia":[{"embeddable":true,"href":"https:\/\/minghanggroup.com\/tr\/wp-json\/wp\/v2\/media\/4532"}],"wp:attachment":[{"href":"https:\/\/minghanggroup.com\/tr\/wp-json\/wp\/v2\/media?parent=4530"}],"wp:term":[{"taxonomy":"product_brand","embeddable":true,"href":"https:\/\/minghanggroup.com\/tr\/wp-json\/wp\/v2\/product_brand?post=4530"},{"taxonomy":"product_cat","embeddable":true,"href":"https:\/\/minghanggroup.com\/tr\/wp-json\/wp\/v2\/product_cat?post=4530"},{"taxonomy":"product_tag","embeddable":true,"href":"https:\/\/minghanggroup.com\/tr\/wp-json\/wp\/v2\/product_tag?post=4530"}],"curies":[{"name":"wp","href":"https:\/\/api.w.org\/{rel}","templated":true}]}}