{"id":4529,"date":"2026-01-12T10:39:55","date_gmt":"2026-01-12T02:39:55","guid":{"rendered":"https:\/\/minghanggroup.com\/?post_type=product&#038;p=4529"},"modified":"2026-01-12T16:51:39","modified_gmt":"2026-01-12T08:51:39","slug":"clear-glass-perfume-bottle-custom-design-for-packaging-bulk","status":"publish","type":"product","link":"https:\/\/minghanggroup.com\/tr\/urun\/clear-glass-perfume-bottle-custom-design-for-packaging-bulk\/","title":{"rendered":"50 ml 100 ml \u015eeffaf Cam Parf\u00fcm \u015ei\u015fesi, Toplu Ambalaj \u0130\u00e7in \u00d6zel Tasar\u0131m"},"content":{"rendered":"<p>Ki\u015fiselle\u015ftirilmi\u015f parf\u00fcm \u015fi\u015feleriniz sadece kokuyu muhafaza etmekle kalmamal\u0131, m\u00fc\u015fterilerin di\u011fer \u00fcr\u00fcnlere bakmay\u0131 b\u0131rakmas\u0131n\u0131 sa\u011flamal\u0131d\u0131r. Parf\u00fcm \u015fi\u015fesi \u00fcreticileri olarak, ki\u015fiselle\u015ftirilmi\u015f parf\u00fcm\u00fcn\u00fcz\u00fc an\u0131nda l\u00fcks bir ifadeye d\u00f6n\u00fc\u015ft\u00fcren cam parf\u00fcm \u015fi\u015feleri \u00fcretiyoruz.<\/p>\n<h2>\u00dcr\u00fcn \u00d6zellikleri<\/h2>\n<ul>\n<li><strong>Kristal Berrakl\u0131\u011f\u0131:<\/strong> Bu cam \u015fi\u015fe ile kokunuzun enfes tonunu ortaya \u00e7\u0131kar\u0131n. Bulan\u0131k filtreler yok, sadece cam\u0131n do\u011fal g\u00fczelli\u011fi var.<\/li>\n<li><strong>Sa\u011flam Dikd\u00f6rtgen Taban:<\/strong> \u015ei\u015fenin kal\u0131nla\u015ft\u0131r\u0131lm\u0131\u015f taban\u0131, raflarda sallanmay\u0131 \u00f6nler. Parf\u00fcm \u015fi\u015fesinin a\u011f\u0131rl\u0131\u011f\u0131 ise l\u00fcks ve \u00fcst d\u00fczey bir his verir.<\/li>\n<li><strong>Siyah \u015eapka Kontrast\u0131:<\/strong> Mat siyah kapaklar ve \u015feffaf cam\u0131n birle\u015fimi mi? Parf\u00fcm ambalaj\u0131n\u0131z saniyeler i\u00e7inde g\u00f6z al\u0131c\u0131 bir dekoratif dokunu\u015f kazan\u0131yor.<\/li>\n<\/ul>\n<h2>Temel \u00d6zellikler<\/h2>\n<table style=\"border-collapse: collapse; width: 80%; margin-left: auto; margin-right: auto;\" border=\"0\" width=\"360\" cellspacing=\"0\" cellpadding=\"0\">\n<tbody>\n<tr style=\"height: 13.50pt;\">\n<td style=\"height: 13.5pt; width: 54pt; text-align: center;\" width=\"72\" height=\"18\">Boyut (ml)<\/td>\n<td style=\"width: 54pt; text-align: center;\" width=\"72\">\u00d6l\u00e7\u00fcler (mm)<\/td>\n<td style=\"width: 54pt; text-align: center;\" width=\"72\">Malzeme<\/td>\n<td style=\"width: 54pt; text-align: center;\" width=\"72\">\u015eapka Tipi<\/td>\n<td style=\"width: 54pt; text-align: center;\" width=\"72\">S\u0131zd\u0131rmazl\u0131k Tipi<\/td>\n<\/tr>\n<tr style=\"height: 13.50pt;\">\n<td style=\"height: 13.5pt; text-align: center;\" height=\"18\">50<\/td>\n<td style=\"text-align: center;\">82\u00d754\u00d729<\/td>\n<td class=\"et2\" style=\"text-align: center;\" rowspan=\"2\">Kristal Cam<\/td>\n<td class=\"et2\" style=\"text-align: center;\" rowspan=\"2\">Mat siyah<\/td>\n<td class=\"et2\" style=\"text-align: center;\" rowspan=\"2\">Sprey \u00fcst\u00fc<\/td>\n<\/tr>\n<tr style=\"height: 13.50pt;\">\n<td style=\"height: 13.5pt; text-align: center;\" height=\"18\">100<\/td>\n<td style=\"text-align: center;\">107\u00d772\u00d731<\/td>\n<\/tr>\n<\/tbody>\n<\/table>\n<h2>Ba\u015far\u0131 \u00d6rne\u011fi<\/h2>\n<p>Bir parf\u00fcm firmas\u0131, yeni kokular\u0131n\u0131n piyasaya s\u00fcr\u00fclmesi i\u00e7in bu \u015feffaf cam parf\u00fcm \u015fi\u015fesini \u00fcretmek \u00fczere bizimle i\u015f birli\u011fi yapt\u0131. Marka konumland\u0131rmas\u0131 g\u00f6z \u00f6n\u00fcnde bulundurularak, \u015fi\u015fenin oranlar\u0131 son derece \u015feffaf cam kullan\u0131larak ince ayarland\u0131. \u015ei\u015fede kabartma bir logo yer al\u0131yor ve \u00f6zel yap\u0131m siyah silindirik bir kapakla birlikte geliyor; ayr\u0131ca marka seri numaras\u0131 gereksinimlerini kar\u015f\u0131lamak i\u00e7in serigrafi bask\u0131 ve etiketleme i\u00e7in de alan mevcut.<\/p>\n<p>\u00dcr\u00fcn\u00fcn piyasaya s\u00fcr\u00fclmesinin ard\u0131ndan ambalaj kalitesi genel olarak b\u00fcy\u00fck \u00f6l\u00e7\u00fcde artt\u0131, yeni parf\u00fcm\u00fcn sat\u0131\u015flar\u0131 y\u0131ll\u0131k bazda yakla\u015f\u0131k &#039;lik bir art\u0131\u015fla iki kat\u0131na \u00e7\u0131kt\u0131 ve piyasa taraf\u0131ndan s\u0131cak bir \u015fekilde kar\u015f\u0131land\u0131.<\/p>\n<h2>\u00d6zelle\u015ftirme Se\u00e7enekleriniz<\/h2>\n<ol>\n<li><strong>Kapak \u00fczerindeki koku notalar\u0131n\u0131 e\u015fle\u015ftirin: <\/strong>Odunsu u\u00e7ucu ya\u011flar i\u00e7in siyah kapaklar, narenciye i\u00e7in g\u00fcm\u00fc\u015f kapaklar; kapa\u011f\u0131n\u0131z ortam\u0131n havas\u0131n\u0131 belirliyor.<\/li>\n<li><strong>\u00dcr\u00fcnlerinizi sergilemek i\u00e7in \u015feffaf cam kullan\u0131n: <\/strong>Kokunuzun \u00f6ne \u00e7\u0131kmas\u0131na izin verin; birinci s\u0131n\u0131f parf\u00fcm ambalajlar\u0131 i\u00e7in m\u00fckemmel.<\/li>\n<li><strong>Atomizer ile Tamamen Ki\u015fiselle\u015ftirin: <\/strong>Pembe, mavi veya siyah p\u00fcsk\u00fcrtme pompalar\u0131ndan birini se\u00e7in; spreyiniz kokunun hikayesini anlat\u0131r.<\/li>\n<\/ol>","protected":false},"excerpt":{"rendered":"<p>Deneyimli parf\u00fcm \u015fi\u015fesi \u00fcreticilerinden \u00f6zel tasar\u0131m parf\u00fcm \u015fi\u015feleri. Fabrikadan do\u011frudan tedarik, markalar i\u00e7in toplu \u00f6zelle\u015ftirme imkan\u0131.<\/p>","protected":false},"featured_media":4538,"template":"","meta":{"postBodyCss":"","postBodyMargin":[],"postBodyPadding":[],"postBodyBackground":{"backgroundType":"classic","gradient":""}},"product_brand":[],"product_cat":[15,16,62],"product_tag":[],"class_list":{"0":"post-4529","1":"product","2":"type-product","3":"status-publish","4":"has-post-thumbnail","6":"product_cat-glass-containers","7":"product_cat-glass-bottles","8":"product_cat-perfume-bottles","10":"first","11":"instock","12":"shipping-taxable","13":"product-type-simple"},"jetpack_sharing_enabled":true,"_links":{"self":[{"href":"https:\/\/minghanggroup.com\/tr\/wp-json\/wp\/v2\/product\/4529","targetHints":{"allow":["GET"]}}],"collection":[{"href":"https:\/\/minghanggroup.com\/tr\/wp-json\/wp\/v2\/product"}],"about":[{"href":"https:\/\/minghanggroup.com\/tr\/wp-json\/wp\/v2\/types\/product"}],"wp:featuredmedia":[{"embeddable":true,"href":"https:\/\/minghanggroup.com\/tr\/wp-json\/wp\/v2\/media\/4538"}],"wp:attachment":[{"href":"https:\/\/minghanggroup.com\/tr\/wp-json\/wp\/v2\/media?parent=4529"}],"wp:term":[{"taxonomy":"product_brand","embeddable":true,"href":"https:\/\/minghanggroup.com\/tr\/wp-json\/wp\/v2\/product_brand?post=4529"},{"taxonomy":"product_cat","embeddable":true,"href":"https:\/\/minghanggroup.com\/tr\/wp-json\/wp\/v2\/product_cat?post=4529"},{"taxonomy":"product_tag","embeddable":true,"href":"https:\/\/minghanggroup.com\/tr\/wp-json\/wp\/v2\/product_tag?post=4529"}],"curies":[{"name":"wp","href":"https:\/\/api.w.org\/{rel}","templated":true}]}}