{"id":4518,"date":"2026-01-09T14:57:15","date_gmt":"2026-01-09T06:57:15","guid":{"rendered":"https:\/\/minghanggroup.com\/?post_type=product&#038;p=4518"},"modified":"2026-01-09T16:53:31","modified_gmt":"2026-01-09T08:53:31","slug":"empty-fancy-cologne-bottles-with-spray-bulk","status":"publish","type":"product","link":"https:\/\/minghanggroup.com\/tr\/urun\/empty-fancy-cologne-bottles-with-spray-bulk\/","title":{"rendered":"30 ml, 50 ml, 100 ml Bo\u015f \u015e\u0131k Parf\u00fcm \u015ei\u015feleri (Sprey Ba\u015fl\u0131kl\u0131)"},"content":{"rendered":"<p>Bu \u015f\u0131k kolonya \u015fi\u015feleri kristal berrakl\u0131\u011f\u0131nda camdan yap\u0131lm\u0131\u015ft\u0131r ve yuvarlak kare formlar\u0131 hem g\u00fczelli\u011fi hem de kolay tutu\u015fu bir araya getirir. Zarif g\u00fczellikleri, \u00fc\u00e7 farkl\u0131 dokulu kapakla (buzlu beyaz, g\u00fcm\u00fc\u015f ve mat siyah) daha da art\u0131r\u0131lm\u0131\u015ft\u0131r.<\/p>\n<h2>\u00dcr\u00fcn \u00d6zellikleri<\/h2>\n<ul>\n<li><strong>\u00c7ok Dokulu \u015eapka Tasar\u0131m\u0131:<\/strong> Buzlu beyaz, g\u00fcm\u00fc\u015f ve siyah olmak \u00fczere \u00fc\u00e7 farkl\u0131 \u015fapka, farkl\u0131 g\u00f6rsel ve dokunsal \u00f6zelliklere sahip olup, bu da farkl\u0131 moda anlay\u0131\u015flar\u0131na hitap edebiliyor.<\/li>\n<li><strong>Yuvarlak K\u00f6\u015feli Kare G\u00f6vde:<\/strong> Yuvarlak k\u00f6\u015feli kare g\u00f6vde, \u015f\u0131k ve \u00e7ekici bir tasar\u0131m\u0131n yan\u0131 s\u0131ra rahat bir ta\u015f\u0131ma alan\u0131 sunacakt\u0131r.<\/li>\n<li><strong>\u015eeffaf Cam Malzemesi:<\/strong> Cam malzeme y\u00fcksek kalitede olup, \u015feffaf yap\u0131s\u0131yla parf\u00fcm\u00fcn\u00fcz\u00fcn cazibesini m\u00fckemmel bir \u015fekilde sergileyen ho\u015f bir his sunar.<\/li>\n<\/ul>\n<h2 style=\"text-align: left;\">Temel \u00d6zellikler<\/h2>\n<table class=\"aligncenter\" style=\"border-collapse: collapse; width: 467.27pt;\" border=\"0\" width=\"623\" cellspacing=\"0\" cellpadding=\"0\">\n<tbody>\n<tr style=\"height: 13.50pt;\">\n<td style=\"height: 13.50pt; width: 119.25pt;\" width=\"159\" height=\"18\">\u015eartname<\/td>\n<td style=\"width: 348.00pt;\" width=\"464\">Detaylar<\/td>\n<\/tr>\n<tr style=\"height: 13.50pt;\">\n<td style=\"height: 13.50pt;\" height=\"18\">Boyutlar<\/td>\n<td>51\u00d733\u00d768 mm (30 ml) \/ 56\u00d737\u00d782 mm (50 ml) \/ 62\u00d740\u00d7117 mm (100 ml)<\/td>\n<\/tr>\n<tr style=\"height: 13.50pt;\">\n<td style=\"height: 13.50pt;\" height=\"18\">Malzeme<\/td>\n<td>A\u011f\u0131r Hizmet Tipi \u015eeffaf Cam<\/td>\n<\/tr>\n<tr style=\"height: 13.50pt;\">\n<td style=\"height: 13.50pt;\" height=\"18\">\u015ei\u015fe \u015eekli<\/td>\n<td>Yuvarlak K\u00f6\u015feli Kare Prizma<\/td>\n<\/tr>\n<tr style=\"height: 13.50pt;\">\n<td style=\"height: 13.50pt;\" height=\"18\">\u00d6zelle\u015ftirme Kapsam\u0131<\/td>\n<td>\u015ei\u015fe \u015eekli, Boyutu, Rengi, Y\u00fczey \u0130\u015flemi, Bitirme \u0130\u015flemi<\/td>\n<\/tr>\n<tr style=\"height: 13.50pt;\">\n<td style=\"height: 13.50pt;\" height=\"18\">\u0130\u015f\u00e7ilik<\/td>\n<td>Hassas Yuvarlak Kenarl\u0131 Kal\u0131plama, Dokulu Kapak \u00dcretimi<\/td>\n<\/tr>\n<tr style=\"height: 13.50pt;\">\n<td style=\"height: 13.50pt;\" height=\"18\">\u00dcr\u00fcn Amac\u0131<\/td>\n<td>\u015e\u0131k Kolonya \u015ei\u015feleri, Toplu Parf\u00fcm \u015ei\u015feleri<\/td>\n<\/tr>\n<tr style=\"height: 13.50pt;\">\n<td style=\"height: 13.50pt;\" height=\"18\">Uygun Sekt\u00f6rler<\/td>\n<td>L\u00fcks Bak\u0131m \u00dcr\u00fcnleri, Butik Perakende<\/td>\n<\/tr>\n<\/tbody>\n<\/table>\n<h2>Ba\u015far\u0131 \u00d6rne\u011fi: Miami Ya\u015fam Tarz\u0131 Markas\u0131 Tatil K\u00f6y\u00fc Koleksiyonu<\/h2>\n<p>Miami&#039;deki \u00fcst d\u00fczey ya\u015fam tarz\u0131 markalar\u0131m\u0131zdan biri, 100 ml&#039;lik sprey ba\u015fl\u0131kl\u0131 parf\u00fcm \u015fi\u015femizi ald\u0131 ve her kokuya uygun dokulu bir kapak (beyaz, g\u00fcm\u00fc\u015f ve siyah) tasarlad\u0131. \u00dcst\u00fcn hissi ve yumu\u015fak kare \u015fekli 70 olumlu yorum getirdi. Oluklu kapaklar, m\u00fc\u015fterilerin takdir etti\u011fi \u00f6zel bir tutu\u015f sa\u011fl\u0131yor ve kazara damlamalar\u0131 ,9 oran\u0131nda azalt\u0131yor. Marka, \u00fcr\u00fcn\u00fcn performans\u0131ndan ve pazardaki ilgisinden son derece memnun kald\u0131 ve bu nedenle hem d\u00fczenli ana koleksiyon serisine hem de yeni sezonluk \u00fcr\u00fcn serisine 400.000 \u015fi\u015fe daha sipari\u015f verdi.<\/p>\n<h2>\u015ei\u015fe Ki\u015fiselle\u015ftirme \u015e\u0131k Kolonya \u015ei\u015feleri<\/h2>\n<ul>\n<li>Tamamen Ki\u015fiselle\u015ftirilebilir \u015eapka Tasar\u0131m\u0131: Kendi \u015fapka dokular\u0131n\u0131z\u0131 (keten, ah\u015fap deseni, geometrik desen) ve markan\u0131za uygun renkleri tasarlama olana\u011f\u0131na sahipsiniz.<\/li>\n<li>Buzlu veya Renkli Cam: Buzlu bir y\u00fczeyle daha yumu\u015fak bir g\u00f6r\u00fcn\u00fcm elde edebilir veya markan\u0131z\u0131 vurgulamak i\u00e7in renkli cam (f\u00fcme cam, kobalt mavisi, kehribar) kullanabilirsiniz.<\/li>\n<li>Cam Lazer \u0130\u015fleme: Cam lazer i\u015fleme, standart bir cam panele deniz k\u0131y\u0131lar\u0131, dalgalar, koordinatlar veya basit bir logo resmi i\u015flemenin harika bir ba\u015fka alternatifidir.<\/li>\n<li>\u00d6zel Sprey D\u00fc\u011fmesi Dekorasyonu: Kapa\u011f\u0131n \u00fczerindeki k\u00fc\u00e7\u00fck sprey d\u00fc\u011fmesini, se\u00e7ti\u011finiz kapak rengi veya marka logosuyla uyumlu bir renkte boyay\u0131n.<\/li>\n<\/ul>","protected":false},"excerpt":{"rendered":"<p>Sprey pompal\u0131, yuvarlak k\u00f6\u015feli \u015feffaf camdan yap\u0131lm\u0131\u015f \u015f\u0131k kolonya \u015fi\u015feleri. Yeniden doldurulabilir, seyahat ve marka ambalaj\u0131 i\u00e7in sprey ba\u015fl\u0131kl\u0131, do\u011frudan fabrikadan temin edilen parf\u00fcm \u015fi\u015fesi.<\/p>","protected":false},"featured_media":4520,"template":"","meta":{"postBodyCss":"","postBodyMargin":[],"postBodyPadding":[],"postBodyBackground":{"backgroundType":"classic","gradient":""}},"product_brand":[],"product_cat":[15,16,62],"product_tag":[],"class_list":{"0":"post-4518","1":"product","2":"type-product","3":"status-publish","4":"has-post-thumbnail","6":"product_cat-glass-containers","7":"product_cat-glass-bottles","8":"product_cat-perfume-bottles","10":"first","11":"instock","12":"shipping-taxable","13":"product-type-simple"},"jetpack_sharing_enabled":true,"_links":{"self":[{"href":"https:\/\/minghanggroup.com\/tr\/wp-json\/wp\/v2\/product\/4518","targetHints":{"allow":["GET"]}}],"collection":[{"href":"https:\/\/minghanggroup.com\/tr\/wp-json\/wp\/v2\/product"}],"about":[{"href":"https:\/\/minghanggroup.com\/tr\/wp-json\/wp\/v2\/types\/product"}],"wp:featuredmedia":[{"embeddable":true,"href":"https:\/\/minghanggroup.com\/tr\/wp-json\/wp\/v2\/media\/4520"}],"wp:attachment":[{"href":"https:\/\/minghanggroup.com\/tr\/wp-json\/wp\/v2\/media?parent=4518"}],"wp:term":[{"taxonomy":"product_brand","embeddable":true,"href":"https:\/\/minghanggroup.com\/tr\/wp-json\/wp\/v2\/product_brand?post=4518"},{"taxonomy":"product_cat","embeddable":true,"href":"https:\/\/minghanggroup.com\/tr\/wp-json\/wp\/v2\/product_cat?post=4518"},{"taxonomy":"product_tag","embeddable":true,"href":"https:\/\/minghanggroup.com\/tr\/wp-json\/wp\/v2\/product_tag?post=4518"}],"curies":[{"name":"wp","href":"https:\/\/api.w.org\/{rel}","templated":true}]}}