{"id":4517,"date":"2026-01-09T16:57:52","date_gmt":"2026-01-09T08:57:52","guid":{"rendered":"https:\/\/minghanggroup.com\/?post_type=product&#038;p=4517"},"modified":"2026-01-09T16:57:53","modified_gmt":"2026-01-09T08:57:53","slug":"crystal-vintage-perfume-bottles-with-lids-wholesale","status":"publish","type":"product","link":"https:\/\/minghanggroup.com\/tr\/urun\/crystal-vintage-perfume-bottles-with-lids-wholesale\/","title":{"rendered":"30 ml, 50 ml, 100 ml Kristal Vintage Parf\u00fcm \u015ei\u015feleri (Kapakl\u0131) Toptan Sat\u0131\u015f"},"content":{"rendered":"<p>Kristalden yap\u0131lm\u0131\u015f antika parf\u00fcm \u015fi\u015feleriniz sadece koku yaymakla kalmamal\u0131, ayn\u0131 zamanda ziyaret\u00e7ilerin dikkatini de \u00e7ekmelidir. Antik zarafeti modern i\u015flevsellikle harmanlayan sprey parf\u00fcm \u015fi\u015feleri \u00fcreterek, \u00f6zel tasar\u0131m parf\u00fcm\u00fcn\u00fcz\u00fc an\u0131nda raf y\u0131ld\u0131z\u0131 haline getiriyoruz.<\/p>\n<h2>\u00dcr\u00fcn \u00d6zellikleri<\/h2>\n<ul>\n<li><strong>Kristal Berrakl\u0131\u011f\u0131: <\/strong>\u015eeffaf cam, bulan\u0131k veya renkli filtrelerden endi\u015fe duymadan, kokunuzun ger\u00e7ek rengini ortaya \u00e7\u0131kar\u0131r; yaln\u0131zca saf cam g\u00fczelli\u011fi.<\/li>\n<li><strong>Renk Kodlu Pompalar:<\/strong> Pembe, mavi veya siyah renkli, alt\u0131n halkal\u0131 p\u00fcsk\u00fcrtme pompalar\u0131 m\u0131? Parf\u00fcm ambalaj\u0131, kokunun hikayesini tamamen belirliyor.<\/li>\n<li><strong>Kare Sadeli\u011fi: <\/strong>Minimalist tasar\u0131m, modern ve vintage tarz\u0131 karma\u015fadan uzak bir \u015fekilde harmanlayan cam parf\u00fcm \u015fi\u015fenizle raflarda sade bir g\u00f6r\u00fcn\u00fcm yarat\u0131yor.<\/li>\n<\/ul>\n<h2>Temel \u00d6zellikler<\/h2>\n<table style=\"border-collapse: collapse; width: 80%; margin-left: auto; margin-right: auto;\" border=\"0\" width=\"288\" cellspacing=\"0\" cellpadding=\"0\">\n<tbody>\n<tr style=\"height: 13.50pt;\">\n<td style=\"height: 13.5pt; width: 54pt; text-align: center;\" width=\"72\" height=\"18\">Boyut (ml)<\/td>\n<td style=\"width: 54pt; text-align: center;\" width=\"72\">Malzeme<\/td>\n<td style=\"width: 54pt; text-align: center;\" width=\"72\">\u015eapka Tipi<\/td>\n<td style=\"width: 54pt; text-align: center;\" width=\"72\">Pompa Rengi ve Detay\u0131<\/td>\n<\/tr>\n<tr style=\"height: 13.50pt;\">\n<td style=\"height: 13.5pt; text-align: center;\" height=\"18\">60<\/td>\n<td class=\"et2\" style=\"text-align: center;\" rowspan=\"3\">Kristal Cam<\/td>\n<td class=\"et2\" style=\"text-align: center;\" rowspan=\"3\">Mat siyah<\/td>\n<td class=\"et2\" style=\"text-align: center;\" rowspan=\"3\">G\u00fcl \/ Mavi \/ Siyah + alt\u0131n y\u00fcz\u00fck<\/td>\n<\/tr>\n<tr style=\"height: 13.50pt;\">\n<td style=\"height: 13.5pt; text-align: center;\" height=\"18\">80<\/td>\n<\/tr>\n<tr style=\"height: 13.50pt;\">\n<td style=\"height: 13.5pt; text-align: center;\" height=\"18\">100<\/td>\n<\/tr>\n<\/tbody>\n<\/table>\n<h2>Ba\u015far\u0131 \u00d6rne\u011fi<\/h2>\n<p>Avrupa&#039;da se\u00e7kin bir ni\u015f parf\u00fcm markas\u0131, yeniden tasarlanm\u0131\u015f l\u00fcks serisinin ana ambalaj\u0131 olarak bu kristal vintage parf\u00fcm \u015fi\u015felerini se\u00e7ti. Marka, cam\u0131n vintage sanatsal havas\u0131n\u0131 korumak isterken, ayn\u0131 zamanda \u015fi\u015fenin omuz k\u0131sm\u0131n\u0131 kal\u0131nla\u015ft\u0131rarak dokunma hissini daha ho\u015f hale getirmeye ve a\u011f\u0131rl\u0131k hissi vermeye karar verdi. Sprey ba\u015fl\u0131\u011f\u0131, \u00fc\u00e7 renkte \u00f6zel bir tasar\u0131ma sahip: elektrolizle kaplanm\u0131\u015f g\u00fcl alt\u0131n, parlak siyah ve buz mavisi; g\u00f6rsel olarak b\u00fct\u00fcnle\u015fik bir kimlik olu\u015fturmak i\u00e7in ayn\u0131 kaplamaya sahip metal bir yaka ile birle\u015ftirildi. Kapak, i\u00e7ine metal bir \u00e7ekirdek yerle\u015ftirilmi\u015f y\u00fcksek, \u015feffaf akrilikten yap\u0131lm\u0131\u015ft\u0131r, bu nedenle \u00e7izilmelere kar\u015f\u0131 dayan\u0131kl\u0131d\u0131r ve l\u00fcks g\u00f6r\u00fcn\u00fcm\u00fc daha da art\u0131r\u0131lm\u0131\u015ft\u0131r.<\/p>\n<p>Sonu\u00e7 olarak, bu durum marka bilinirli\u011fini hem ma\u011fazalarda hem de \u00e7evrimi\u00e7i kanallarda \u00f6nemli \u00f6l\u00e7\u00fcde art\u0131rd\u0131 ve yeni \u00fcr\u00fcn serisinin piyasaya s\u00fcr\u00fclmesinden \u00fc\u00e7 ay sonra sat\u0131\u015flarda &#039;lik bir art\u0131\u015f sa\u011flad\u0131.<\/p>\n<h2>\u00d6zelle\u015ftirme Se\u00e7enekleriniz<\/h2>\n<ol>\n<li><strong>\u015ei\u015fe kapa\u011f\u0131 malzemesi ve \u00fcretim s\u00fcreci se\u00e7imi:<\/strong> \u015eeffaf akrilikten, kat\u0131 imitasyon kristale ve metal kaplamaya kadar bir\u00e7ok se\u00e7enek mevcut olup, \u00e7izilme ve \u00e7atlama direncini art\u0131rma imkanlar\u0131 da bulunmaktad\u0131r.<\/li>\n<li><strong>Y\u00fczey dekorasyonu \u00f6zelle\u015ftirmesi:<\/strong> S\u0131cak bask\u0131 (alt\u0131n\/g\u00fcm\u00fc\u015f), mat p\u00fcsk\u00fcrtme, degrade renk p\u00fcsk\u00fcrtme, elektrokaplama, UV bask\u0131 ve retro veya l\u00fcks stiller i\u00e7in k\u0131smi parlakl\u0131k ve tamamen mat kombinasyonu i\u00e7in donat\u0131lm\u0131\u015ft\u0131r.<\/li>\n<li><strong>Marka logosunun tan\u0131t\u0131m\u0131:<\/strong> Bir marka logosu, \u015fi\u015fe g\u00f6vdesine serigrafi bask\u0131, alt k\u0131sma grav\u00fcr, metal isim plakas\u0131 kakmas\u0131 ve kolyeye alt\u0131n yald\u0131z bask\u0131 gibi farkl\u0131 \u015fekillerde ifade edilebilir ve bu da farkl\u0131 markalar\u0131n ki\u015fili\u011fini yans\u0131tabilir.<\/li>\n<\/ol>","protected":false},"excerpt":{"rendered":"<p>Fabrikadan do\u011frudan tedarik\u00e7iden temin edilen kristal vintage parf\u00fcm \u015fi\u015feleri; bu sprey parf\u00fcm \u015fi\u015feleri, markalar i\u00e7in toplu \u00f6zelle\u015ftirme, \u00fccretsiz numuneler ve teslimat imkan\u0131 sunmaktad\u0131r.<\/p>","protected":false},"featured_media":4525,"template":"","meta":{"postBodyCss":"","postBodyMargin":[],"postBodyPadding":[],"postBodyBackground":{"backgroundType":"classic","gradient":""}},"product_brand":[],"product_cat":[15,16,62],"product_tag":[],"class_list":{"0":"post-4517","1":"product","2":"type-product","3":"status-publish","4":"has-post-thumbnail","6":"product_cat-glass-containers","7":"product_cat-glass-bottles","8":"product_cat-perfume-bottles","10":"first","11":"instock","12":"shipping-taxable","13":"product-type-simple"},"jetpack_sharing_enabled":true,"_links":{"self":[{"href":"https:\/\/minghanggroup.com\/tr\/wp-json\/wp\/v2\/product\/4517","targetHints":{"allow":["GET"]}}],"collection":[{"href":"https:\/\/minghanggroup.com\/tr\/wp-json\/wp\/v2\/product"}],"about":[{"href":"https:\/\/minghanggroup.com\/tr\/wp-json\/wp\/v2\/types\/product"}],"wp:featuredmedia":[{"embeddable":true,"href":"https:\/\/minghanggroup.com\/tr\/wp-json\/wp\/v2\/media\/4525"}],"wp:attachment":[{"href":"https:\/\/minghanggroup.com\/tr\/wp-json\/wp\/v2\/media?parent=4517"}],"wp:term":[{"taxonomy":"product_brand","embeddable":true,"href":"https:\/\/minghanggroup.com\/tr\/wp-json\/wp\/v2\/product_brand?post=4517"},{"taxonomy":"product_cat","embeddable":true,"href":"https:\/\/minghanggroup.com\/tr\/wp-json\/wp\/v2\/product_cat?post=4517"},{"taxonomy":"product_tag","embeddable":true,"href":"https:\/\/minghanggroup.com\/tr\/wp-json\/wp\/v2\/product_tag?post=4517"}],"curies":[{"name":"wp","href":"https:\/\/api.w.org\/{rel}","templated":true}]}}