{"id":4507,"date":"2026-01-09T13:36:30","date_gmt":"2026-01-09T05:36:30","guid":{"rendered":"https:\/\/minghanggroup.com\/?post_type=product&#038;p=4507"},"modified":"2026-01-09T14:39:52","modified_gmt":"2026-01-09T06:39:52","slug":"empty-square-fragrance-spray-bottles-wholesale","status":"publish","type":"product","link":"https:\/\/minghanggroup.com\/tr\/urun\/empty-square-fragrance-spray-bottles-wholesale\/","title":{"rendered":"30 ml, 50 ml, 100 ml Bo\u015f Kare Parf\u00fcm Sprey \u015ei\u015feleri Toptan Sat\u0131\u015f"},"content":{"rendered":"<p>Parf\u00fcm sprey \u015fi\u015feleri, kristal berrakl\u0131\u011f\u0131nda camdan, kare \u015feklinde, ak\u0131c\u0131 hatlara sahip ve \u00e7ok y\u00f6nl\u00fc kristal berrakl\u0131\u011f\u0131nda bir kapak, silindirik mat siyah bir kapak ve cilal\u0131 g\u00fcm\u00fc\u015f bir sprey ba\u015fl\u0131\u011f\u0131 olmak \u00fczere \u00fc\u00e7 farkl\u0131 kapak tipiyle tasarlanm\u0131\u015ft\u0131r.<\/p>\n<h2>\u00dcr\u00fcn \u00d6zellikleri<\/h2>\n<ul>\n<li><strong>Y\u00fcksek \u015eeffafl\u0131kta Cam:<\/strong> Tamamen \u015feffaf cam, kokunun i\u00e7eriden g\u00f6r\u00fcnmesini sa\u011flayarak \u00fcr\u00fcne temiz ve zarif bir dokunu\u015f kat\u0131yor.<\/li>\n<li><strong>\u00c7e\u015fitli \u015eapka Se\u00e7enekleri:<\/strong> \u00c7e\u015fitli kapak se\u00e7enekleri (elmas, kesim, siyah silindirik, g\u00fcm\u00fc\u015f sprey) geni\u015f bir yelpazedeki marka ihtiya\u00e7lar\u0131na hizmet etmektedir.<\/li>\n<li><strong>\u015ei\u015fe Karesinin \u015eekli:<\/strong> \u015ei\u015fe yumu\u015fak, modern, rahat bir his veriyor ve \u015f\u0131k bir g\u00f6r\u00fcn\u00fcme sahip.<\/li>\n<\/ul>\n<h2 style=\"text-align: left;\">Temel \u00d6zellikler<\/h2>\n<table class=\"aligncenter\" style=\"border-collapse: collapse; width: 438.77pt;\" border=\"0\" width=\"585\" cellspacing=\"0\" cellpadding=\"0\">\n<tbody>\n<tr style=\"height: 13.50pt;\">\n<td style=\"height: 13.50pt; width: 119.25pt;\" width=\"159\" height=\"18\">\u015eartname<\/td>\n<td style=\"width: 319.50pt;\" width=\"426\">Detaylar<\/td>\n<\/tr>\n<tr style=\"height: 13.50pt;\">\n<td style=\"height: 13.50pt;\" height=\"18\">Boyutlar<\/td>\n<td>46\u00d725\u00d768 mm (30 ml) \/ 46\u00d730\u00d7100 mm (50 ml) \/ 63\u00d730\u00d7113 mm (100 ml)<\/td>\n<\/tr>\n<tr style=\"height: 13.50pt;\">\n<td style=\"height: 13.50pt;\" height=\"18\">Malzeme<\/td>\n<td>Y\u00fcksek \u015eeffafl\u0131kta Cam, Plastik veya Metal Kapak<\/td>\n<\/tr>\n<tr style=\"height: 13.50pt;\">\n<td style=\"height: 13.50pt;\" height=\"18\">\u015ei\u015fe \u015eekli<\/td>\n<td>Dikd\u00f6rtgen<\/td>\n<\/tr>\n<tr style=\"height: 13.50pt;\">\n<td style=\"height: 13.50pt;\" height=\"18\">\u00d6zelle\u015ftirme Kapsam\u0131<\/td>\n<td>\u015ei\u015fe \u015eekli, Boyutu, Rengi, Buzlanmas\u0131, Y\u00fczey \u0130\u015flemi<\/td>\n<\/tr>\n<tr style=\"height: 13.50pt;\">\n<td style=\"height: 13.50pt;\" height=\"18\">\u0130\u015f\u00e7ilik<\/td>\n<td>Cam Kal\u0131plama, Hassas Kapak \u0130malat\u0131 (Elmas Kesim, Metal \u0130\u015fleme)<\/td>\n<\/tr>\n<tr style=\"height: 13.50pt;\">\n<td style=\"height: 13.50pt;\" height=\"18\">\u00dcr\u00fcn Amac\u0131<\/td>\n<td>Parf\u00fcm Sprey \u015ei\u015feleri, \u00d6zel Tasar\u0131m Parf\u00fcm \u015ei\u015feleri<\/td>\n<\/tr>\n<tr style=\"height: 13.50pt;\">\n<td style=\"height: 13.50pt;\" height=\"18\">Uygun Sekt\u00f6rler<\/td>\n<td>\u00c7a\u011fda\u015f Parf\u00fcmeri, Ni\u015f ve L\u00fcks Perakende<\/td>\n<\/tr>\n<\/tbody>\n<\/table>\n<h2>Ba\u015far\u0131 \u00d6yk\u00fcs\u00fc: Sidney&#039;de Tan\u0131nan Bir Ya\u015fam Tarz\u0131 Markas\u0131n\u0131n Hediye Koleksiyonundan En \u00c7ok Satan \u00dcr\u00fcn<\/h2>\n<p>\u00dcnl\u00fc bir \u0130skandinav tasar\u0131m st\u00fcdyosu taraf\u0131ndan, \u00f6zel tasar\u0131m elmas kesimli kapakl\u0131 parf\u00fcm \u015fi\u015feleri \u00fcretmek \u00fczere g\u00f6revlendirildik ve ilk sipari\u015fleri 1800 \u015fi\u015fe oldu. Pazarlama konumland\u0131rmas\u0131 olduk\u00e7a olumluydu; geni\u015f kapak se\u00e7enekleri ve farkl\u0131 \u015fi\u015fe \u015fekli, perakende raflar\u0131nda daha y\u00fcksek sat\u0131\u015f rakamlar\u0131na yol a\u00e7t\u0131. Parf\u00fcm \u015fi\u015fesinin bu uyumlu g\u00f6r\u00fcn\u00fcm\u00fc, beklenen sat\u0131\u015flara k\u0131yasla ilk y\u0131l\u0131nda 0&#039;lik bir sat\u0131\u015f art\u0131\u015f\u0131na neden oldu. St\u00fcdyo bu sistemden olduk\u00e7a memnundu ve uluslararas\u0131 pazara a\u00e7\u0131lmaya haz\u0131r olduklar\u0131 i\u00e7in daha sonra 500.000 \u015fi\u015fe daha sipari\u015f verdi.<\/p>\n<h2>Parf\u00fcm Sprey \u015ei\u015felerinin Ki\u015fiselle\u015ftirilmesi<\/h2>\n<ul>\n<li>Cam Rengi ve \u015eeffafl\u0131\u011f\u0131: \u015eeffaf, renkli veya buzlu cam olabilir.<\/li>\n<li>\u00d6zel Tasar\u0131m Kapaklar: Benzersiz tasar\u0131ml\u0131 kapaklar da sunulmaktad\u0131r; belirli renkler, malzemeler (ah\u015fap, seramik) veya tasar\u0131m detaylar\u0131 dikkate al\u0131nabilir.<\/li>\n<li>Lazerle \u0130\u015fleme: Cam y\u00fczeyine basit desenler veya marka logolar\u0131 i\u015flenerek dekorasyon yap\u0131labilir.<\/li>\n<li>\u00d6zel Meme Renkleri: Kapak veya marka rengiyle uyumlu olacak meme rengini se\u00e7in.<\/li>\n<\/ul>","protected":false},"excerpt":{"rendered":"<p>Kar\u0131\u015f\u0131k kapakl\u0131, kare \u015feffaf cam parf\u00fcm sprey \u015fi\u015feleri. Markalar, dolum ve perakende ambalajlama i\u00e7in do\u011frudan fabrikadan \u00f6zel \u015fi\u015fe parf\u00fcm \u00e7\u00f6z\u00fcm\u00fc.<\/p>","protected":false},"featured_media":4510,"template":"","meta":{"postBodyCss":"","postBodyMargin":[],"postBodyPadding":[],"postBodyBackground":{"backgroundType":"classic","gradient":""}},"product_brand":[],"product_cat":[15,16,62],"product_tag":[],"class_list":{"0":"post-4507","1":"product","2":"type-product","3":"status-publish","4":"has-post-thumbnail","6":"product_cat-glass-containers","7":"product_cat-glass-bottles","8":"product_cat-perfume-bottles","10":"first","11":"instock","12":"shipping-taxable","13":"product-type-simple"},"jetpack_sharing_enabled":true,"_links":{"self":[{"href":"https:\/\/minghanggroup.com\/tr\/wp-json\/wp\/v2\/product\/4507","targetHints":{"allow":["GET"]}}],"collection":[{"href":"https:\/\/minghanggroup.com\/tr\/wp-json\/wp\/v2\/product"}],"about":[{"href":"https:\/\/minghanggroup.com\/tr\/wp-json\/wp\/v2\/types\/product"}],"wp:featuredmedia":[{"embeddable":true,"href":"https:\/\/minghanggroup.com\/tr\/wp-json\/wp\/v2\/media\/4510"}],"wp:attachment":[{"href":"https:\/\/minghanggroup.com\/tr\/wp-json\/wp\/v2\/media?parent=4507"}],"wp:term":[{"taxonomy":"product_brand","embeddable":true,"href":"https:\/\/minghanggroup.com\/tr\/wp-json\/wp\/v2\/product_brand?post=4507"},{"taxonomy":"product_cat","embeddable":true,"href":"https:\/\/minghanggroup.com\/tr\/wp-json\/wp\/v2\/product_cat?post=4507"},{"taxonomy":"product_tag","embeddable":true,"href":"https:\/\/minghanggroup.com\/tr\/wp-json\/wp\/v2\/product_tag?post=4507"}],"curies":[{"name":"wp","href":"https:\/\/api.w.org\/{rel}","templated":true}]}}