{"id":4505,"date":"2026-01-09T14:41:47","date_gmt":"2026-01-09T06:41:47","guid":{"rendered":"https:\/\/minghanggroup.com\/?post_type=product&#038;p=4505"},"modified":"2026-01-09T16:57:24","modified_gmt":"2026-01-09T08:57:24","slug":"glass-fragrance-bottles-with-black-square-lids-bulk","status":"publish","type":"product","link":"https:\/\/minghanggroup.com\/tr\/urun\/glass-fragrance-bottles-with-black-square-lids-bulk\/","title":{"rendered":"60 ml, 80 ml, 100 ml Siyah Kare Kapakl\u0131 Cam Parf\u00fcm \u015ei\u015feleri (Toptan)"},"content":{"rendered":"<p>Parf\u00fcm \u015fi\u015feleriniz sadece koku yaymakla kalmamal\u0131, ayn\u0131 zamanda ziyaret\u00e7ilerin dikkatini \u00e7ekmelidir. Bu nedenle toptan parf\u00fcm \u015fi\u015fesi serimiz, kristal berrakl\u0131\u011f\u0131n\u0131 cesur kontrastla birle\u015ftirerek, \u00f6zel parf\u00fcm\u00fcn\u00fcz\u00fcn ilk p\u00fcsk\u00fcrtmeden \u00f6nce bile \u00fcst\u00fcn bir g\u00f6r\u00fcn\u00fcm kazanmas\u0131n\u0131 sa\u011flar.<\/p>\n<h2>\u00dcr\u00fcn \u00d6zellikleri<\/h2>\n<ul>\n<li><strong>Kristal Berrakl\u0131\u011f\u0131: <\/strong>\u015eeffaf cam\u0131n, aldat\u0131c\u0131 yans\u0131malar olmadan, sadece saf cam cazibesiyle kokunuzun ger\u00e7ek rengini ortaya \u00e7\u0131kard\u0131\u011f\u0131 bir ger\u00e7ektir.<\/li>\n<li><strong>Siyah \u015eapka Kontrast\u0131: <\/strong>Mat siyah kapakl\u0131 \u015feffaf cam \u015fi\u015fe mi? Parf\u00fcm ambalaj\u0131n\u0131z i\u00e7in an\u0131nda etki yaratan g\u00f6rsel bir \u00e7ekicilik.<\/li>\n<li><strong>Modern Sil\u00fcet: <\/strong>Dar ve y\u00fcksek hatlar, her rafa m\u00fckemmel uyum sa\u011flar; toptan sat\u0131\u015f\u0131n\u0131 yapt\u0131\u011f\u0131n\u0131z cam parf\u00fcm \u015fi\u015feleriniz \u00e7a\u011fda\u015f bir l\u00fcks\u00fc temsil eder.<\/li>\n<\/ul>\n<h2>Temel \u00d6zellikler<\/h2>\n<table style=\"border-collapse: collapse; width: 80%; margin-left: auto; margin-right: auto;\" border=\"0\" width=\"288\" cellspacing=\"0\" cellpadding=\"0\">\n<tbody>\n<tr style=\"height: 13.50pt;\">\n<td style=\"height: 13.5pt; width: 54pt; text-align: center;\" width=\"72\" height=\"18\">Boyut (ml)<\/td>\n<td style=\"width: 54pt; text-align: center;\" width=\"72\">Boyutlar<\/td>\n<td style=\"width: 54pt; text-align: center;\" width=\"72\">Malzeme<\/td>\n<td style=\"width: 54pt; text-align: center;\" width=\"72\">\u015eapka Tipi<\/td>\n<td style=\"width: 54pt; text-align: center;\" width=\"72\">S\u0131zd\u0131rmazl\u0131k Tipi<\/td>\n<\/tr>\n<tr style=\"height: 13.50pt;\">\n<td style=\"height: 13.5pt; text-align: center;\" align=\"right\" height=\"18\">60<\/td>\n<td class=\"et2\" style=\"text-align: center;\" rowspan=\"3\">53 x 35 x 116 mm<\/td>\n<td class=\"et2\" style=\"text-align: center;\" rowspan=\"3\">Kristal Cam<\/td>\n<td class=\"et2\" style=\"text-align: center;\" rowspan=\"3\">Mat siyah<\/td>\n<td class=\"et2\" style=\"text-align: center;\" rowspan=\"3\">Sprey \u00fcst\u00fc<\/td>\n<\/tr>\n<tr style=\"height: 13.50pt;\">\n<td style=\"height: 13.5pt; text-align: center;\" align=\"right\" height=\"18\">80<\/td>\n<\/tr>\n<tr style=\"height: 13.50pt;\">\n<td style=\"height: 13.5pt; text-align: center;\" align=\"right\" height=\"18\">100<\/td>\n<\/tr>\n<\/tbody>\n<\/table>\n<h2>Ba\u015far\u0131 \u00d6rne\u011fi<\/h2>\n<p>\u00d6zel bir parf\u00fcm \u015firketi, imza kokusunun do\u011fal ve \u00e7a\u011fda\u015f y\u00f6nlerini ifade edebilecek bir ambalaj \u00e7\u00f6z\u00fcm\u00fc ar\u0131yordu. Bu nedenle, parf\u00fcmlerinin mesaj\u0131n\u0131 iletmek i\u00e7in marka, yaln\u0131zca minimalist dikd\u00f6rtgen cam parf\u00fcm \u015fi\u015felerimizi toptan olarak se\u00e7mekle kalmad\u0131, ayn\u0131 zamanda \u015fi\u015felerin omuz k\u0131sm\u0131na \u00e7ok zarif bir kabartmal\u0131 logo, \u015fi\u015fe g\u00f6vdesine hafif buzlu bir g\u00f6r\u00fcn\u00fcm ve g\u00f6z\u00fc derinlik yan\u0131lsamas\u0131 yaratan narin ipek, serigrafi desenlerle \u00f6zelle\u015ftirmeye karar verdi.<\/p>\n<p>Sonu\u00e7 olarak, yeni ambalaj, \u00fcr\u00fcn\u00fcn raflarda m\u00fc\u015fterileri \u00e7ekme yetene\u011fini ve marka sadakatini b\u00fcy\u00fck \u00f6l\u00e7\u00fcde art\u0131rd\u0131; bu da distrib\u00fct\u00f6rlerin tekrar sipari\u015flerinde &#039;lik bir art\u0131\u015fa yol a\u00e7an ana fakt\u00f6r oldu.<\/p>\n<h2>\u00d6zelle\u015ftirme Se\u00e7enekleriniz<\/h2>\n<ol>\n<li><strong>\u015eapka Rengiyle Hikaye Anlat\u0131m\u0131:<\/strong> Odunsu kokular i\u00e7in siyah kapaklar, ferah notalar i\u00e7in g\u00fcm\u00fc\u015f kapaklar; kapak, kokunun havas\u0131n\u0131 belirler.<\/li>\n<li><strong>Mat Mat Y\u00fczey B\u00fcy\u00fcs\u00fc:<\/strong> Modern \u00e7izgiler i\u00e7in mat siyah kapaklar, klasik \u00e7izgiler i\u00e7in parlak kapaklar kullan\u0131n; markan\u0131z\u0131n havas\u0131na uygun se\u00e7im yap\u0131n.<\/li>\n<li><strong>Minimalist Grav\u00fcr, Maksimum Etki: <\/strong>Logonuzu \u015fi\u015fenin yan taraf\u0131na (sadece kapa\u011f\u0131na de\u011fil) lazerle i\u015fleyin.<\/li>\n<\/ol>","protected":false},"excerpt":{"rendered":"<p>\u015e\u0131k, \u015feffaf, dikd\u00f6rtgen profilli ve sprey ba\u015fl\u0131kl\u0131 parf\u00fcm \u015fi\u015feleri. Fabrikadan do\u011frudan tedarik, \u00f6zelle\u015ftirme i\u00e7in toptan parf\u00fcm \u015fi\u015fesi.<\/p>","protected":false},"featured_media":4515,"template":"","meta":{"postBodyCss":"","postBodyMargin":[],"postBodyPadding":[],"postBodyBackground":{"backgroundType":"classic","gradient":""}},"product_brand":[],"product_cat":[15,16,62],"product_tag":[],"class_list":{"0":"post-4505","1":"product","2":"type-product","3":"status-publish","4":"has-post-thumbnail","6":"product_cat-glass-containers","7":"product_cat-glass-bottles","8":"product_cat-perfume-bottles","10":"first","11":"instock","12":"shipping-taxable","13":"product-type-simple"},"jetpack_sharing_enabled":true,"_links":{"self":[{"href":"https:\/\/minghanggroup.com\/tr\/wp-json\/wp\/v2\/product\/4505","targetHints":{"allow":["GET"]}}],"collection":[{"href":"https:\/\/minghanggroup.com\/tr\/wp-json\/wp\/v2\/product"}],"about":[{"href":"https:\/\/minghanggroup.com\/tr\/wp-json\/wp\/v2\/types\/product"}],"wp:featuredmedia":[{"embeddable":true,"href":"https:\/\/minghanggroup.com\/tr\/wp-json\/wp\/v2\/media\/4515"}],"wp:attachment":[{"href":"https:\/\/minghanggroup.com\/tr\/wp-json\/wp\/v2\/media?parent=4505"}],"wp:term":[{"taxonomy":"product_brand","embeddable":true,"href":"https:\/\/minghanggroup.com\/tr\/wp-json\/wp\/v2\/product_brand?post=4505"},{"taxonomy":"product_cat","embeddable":true,"href":"https:\/\/minghanggroup.com\/tr\/wp-json\/wp\/v2\/product_cat?post=4505"},{"taxonomy":"product_tag","embeddable":true,"href":"https:\/\/minghanggroup.com\/tr\/wp-json\/wp\/v2\/product_tag?post=4505"}],"curies":[{"name":"wp","href":"https:\/\/api.w.org\/{rel}","templated":true}]}}