{"id":4499,"date":"2026-01-09T11:51:56","date_gmt":"2026-01-09T03:51:56","guid":{"rendered":"https:\/\/minghanggroup.com\/?post_type=product&#038;p=4499"},"modified":"2026-01-09T13:30:52","modified_gmt":"2026-01-09T05:30:52","slug":"flat-empty-pretty-perfume-bottles-wholesale","status":"publish","type":"product","link":"https:\/\/minghanggroup.com\/tr\/urun\/flat-empty-pretty-perfume-bottles-wholesale\/","title":{"rendered":"25 ml, 50 ml, 100 ml D\u00fcz Bo\u015f \u015e\u0131k Parf\u00fcm \u015ei\u015feleri Toptan Sat\u0131\u015f"},"content":{"rendered":"<p>Bu g\u00fczel parf\u00fcm \u015fi\u015feleri, kristal, \u015feffaf camdan (hafif\u00e7e kare \u015feklinde) ve parlak renkli kapaklar\u0131yla ger\u00e7ekten \u00e7ok ho\u015f g\u00f6r\u00fcn\u00fcyor. \u015eeffaf tasar\u0131m, kokunun rengini sergilemek i\u00e7in m\u00fckemmel bir y\u00f6ntem.<\/p>\n<h2>\u00dcr\u00fcn \u00d6zellikleri<\/h2>\n<ul>\n<li><strong>Y\u00fcksek \u015eeffafl\u0131kta Cam \u015ei\u015fe:<\/strong> \u015ei\u015fenin en dikkat \u00e7ekici \u00f6zelli\u011fi, son derece \u015feffaf camdan \u00fcretilmi\u015f olmas\u0131 ve sade, minimalist tasar\u0131m\u0131yla ortaya \u00e7\u0131kan koku.<\/li>\n<li><strong>Z\u0131tl\u0131k G\u00f6steren \u015eapka Tasar\u0131m\u0131:<\/strong> Mavi ve siyah kapaklar kullanarak \u00fcr\u00fcnlerinize kesinlikle e\u011flenceli bir hava katacaks\u0131n\u0131z ve markan\u0131z\u0131n karakterini yans\u0131tacak renk vurgular\u0131n\u0131 se\u00e7mek tamamen size kalm\u0131\u015f.<\/li>\n<li><strong>Yuvarlak Kare \u015ei\u015fe:<\/strong> Kare \u015feklindeki \u015fi\u015fe, tutu\u015fu kolayla\u015ft\u0131rmak ve rahat\u00e7a konumland\u0131rmak i\u00e7in yuvarlak k\u00f6\u015felere sahiptir.<\/li>\n<\/ul>\n<h2 style=\"text-align: left;\">Temel \u00d6zellikler<\/h2>\n<table class=\"aligncenter\" style=\"border-collapse: collapse; width: 438.77pt;\" border=\"0\" width=\"585\" cellspacing=\"0\" cellpadding=\"0\">\n<tbody>\n<tr style=\"height: 13.50pt;\">\n<td style=\"height: 13.50pt; width: 119.25pt;\" width=\"159\" height=\"18\">\u015eartname<\/td>\n<td style=\"width: 319.50pt;\" width=\"426\">Detaylar<\/td>\n<\/tr>\n<tr style=\"height: 13.50pt;\">\n<td style=\"height: 13.50pt;\" height=\"18\">Boyutlar<\/td>\n<td>52x21x68 mm \/ 70\u00d727\u00d784 mm (50 ml) \/ 95\u00d730\u00d7109 mm (100 ml)<\/td>\n<\/tr>\n<tr style=\"height: 13.50pt;\">\n<td style=\"height: 13.50pt;\" height=\"18\">Malzeme<\/td>\n<td>Y\u00fcksek \u015eeffafl\u0131kta Cam<\/td>\n<\/tr>\n<tr style=\"height: 13.50pt;\">\n<td style=\"height: 13.50pt;\" height=\"18\">\u015ei\u015fe \u015eekli<\/td>\n<td>Yuvarlak K\u00f6\u015feli Kare Prizma<\/td>\n<\/tr>\n<tr style=\"height: 13.50pt;\">\n<td style=\"height: 13.50pt;\" height=\"18\">\u00d6zelle\u015ftirme Kapsam\u0131<\/td>\n<td>\u015ei\u015fe \u015eekli, Boyutu, Rengi, Y\u00fczey \u0130\u015flemi, Bask\u0131s\u0131<\/td>\n<\/tr>\n<tr style=\"height: 13.50pt;\">\n<td style=\"height: 13.50pt;\" height=\"18\">\u0130\u015f\u00e7ilik<\/td>\n<td>Yuvarlak Kenarl\u0131 Hassas Cam Kal\u0131plama<\/td>\n<\/tr>\n<tr style=\"height: 13.50pt;\">\n<td style=\"height: 13.50pt;\" height=\"18\">\u00dcr\u00fcn Amac\u0131<\/td>\n<td>\u015e\u0131k Parf\u00fcm \u015ei\u015feleri Toptan Sat\u0131\u015f\u0131, Bo\u015f Parf\u00fcm \u015ei\u015feleri<\/td>\n<\/tr>\n<tr style=\"height: 13.50pt;\">\n<td style=\"height: 13.50pt;\" height=\"18\">Uygun Sekt\u00f6rler<\/td>\n<td>Ana Ak\u0131m ve Ni\u015f Parf\u00fcmeri, Ya\u015fam Tarz\u0131 ve Hediyelik E\u015fya Perakendesi<\/td>\n<\/tr>\n<\/tbody>\n<\/table>\n<h2>Ba\u015far\u0131 \u00d6yk\u00fcs\u00fc: Sidney&#039;de Tan\u0131nan Bir Ya\u015fam Tarz\u0131 Markas\u0131n\u0131n Hediye Koleksiyonundan En \u00c7ok Satan \u00dcr\u00fcn<\/h2>\n<p>Sydney&#039;in trend ya\u015fam tarz\u0131 markalar\u0131ndan biri, UV bask\u0131 tekni\u011fiyle cam \u00fczerine \u00e7i\u00e7ek deseni i\u015flenmi\u015f ve \u00f6zel tasar\u0131m kapakl\u0131 100 ml&#039;lik bo\u015f parf\u00fcm sprey \u015fi\u015femizi tercih etti. Ba\u015flang\u0131\u00e7ta 2.000 \u015fi\u015fe stoklanan, hafif kare \u015feklindeki \u015fi\u015feler o kadar pop\u00fcler oldu ki, m\u00fc\u015fteri yorumlar\u0131n\u0131n &#039;i \u015fi\u015fenin sevimli ama \u015f\u0131k bir tasar\u0131ma sahip oldu\u011funu belirtti. Bu durum, renkli \u015fi\u015fe kapaklar\u0131n\u0131 bir marka i\u015fareti haline getirdi ve portf\u00f6ydeki \u00fcr\u00fcnlerin sosyal medyada da\u011f\u0131t\u0131m\u0131nda 0&#039;l\u00fck bir art\u0131\u015fa yol a\u00e7t\u0131. Sat\u0131\u015flar ve m\u00fc\u015fteri etkile\u015fimleri marka i\u00e7in o kadar tatmin ediciydi ki, \u015firket yeni bir sonbahar koleksiyonu i\u00e7in 300.000 \u015fi\u015fe daha sipari\u015f etti.<\/p>\n<h2>\u015e\u0131k Parf\u00fcm \u015ei\u015felerinin Ki\u015fiselle\u015ftirilmesi<\/h2>\n<ul>\n<li>Ki\u015fiselle\u015ftirilmi\u015f Kapak Renkleri: Herhangi bir silindirik kapak, herhangi bir marka veya Pantene rengiyle e\u015fle\u015ftirilebilir.<\/li>\n<li>Buzlu Cam Paneller: \u00d6n ve arka panellere yumu\u015fak ve da\u011f\u0131n\u0131k bir g\u00f6r\u00fcn\u00fcm kazand\u0131rmak i\u00e7in buzlu bir kaplama verilecektir.<\/li>\n<li>Cam serigrafi bask\u0131: Bu, d\u00fcz bir cam par\u00e7as\u0131 \u00fczerine basit desenler, logolar veya hatta metin basmak i\u00e7in kullan\u0131lan bir bask\u0131 y\u00f6ntemidir.<\/li>\n<li>Kabartmal\u0131 Doku Detaylar\u0131: Doku deneyimini ve esteti\u011fi geli\u015ftirmek i\u00e7in cam \u015fi\u015fenin \u00fczerine ince bir 3D kabartmal\u0131 doku i\u015flenmi\u015ftir.<\/li>\n<\/ul>","protected":false},"excerpt":{"rendered":"<p>\u015e\u0131k, g\u00fczel parf\u00fcm \u015fi\u015feleri, d\u00fczg\u00fcn kare kenarlar\u0131 ve renkli kapaklar\u0131 ile dikkat \u00e7ekiyor. Toptan sipari\u015fler ve marka ambalaj \u00e7\u00f6z\u00fcmleri i\u00e7in bo\u015f parf\u00fcm sprey \u015fi\u015feleri.<\/p>","protected":false},"featured_media":4506,"template":"","meta":{"postBodyCss":"","postBodyMargin":[],"postBodyPadding":[],"postBodyBackground":{"backgroundType":"classic","gradient":""}},"product_brand":[],"product_cat":[15,16,62],"product_tag":[],"class_list":{"0":"post-4499","1":"product","2":"type-product","3":"status-publish","4":"has-post-thumbnail","6":"product_cat-glass-containers","7":"product_cat-glass-bottles","8":"product_cat-perfume-bottles","10":"first","11":"instock","12":"shipping-taxable","13":"product-type-simple"},"jetpack_sharing_enabled":true,"_links":{"self":[{"href":"https:\/\/minghanggroup.com\/tr\/wp-json\/wp\/v2\/product\/4499","targetHints":{"allow":["GET"]}}],"collection":[{"href":"https:\/\/minghanggroup.com\/tr\/wp-json\/wp\/v2\/product"}],"about":[{"href":"https:\/\/minghanggroup.com\/tr\/wp-json\/wp\/v2\/types\/product"}],"wp:featuredmedia":[{"embeddable":true,"href":"https:\/\/minghanggroup.com\/tr\/wp-json\/wp\/v2\/media\/4506"}],"wp:attachment":[{"href":"https:\/\/minghanggroup.com\/tr\/wp-json\/wp\/v2\/media?parent=4499"}],"wp:term":[{"taxonomy":"product_brand","embeddable":true,"href":"https:\/\/minghanggroup.com\/tr\/wp-json\/wp\/v2\/product_brand?post=4499"},{"taxonomy":"product_cat","embeddable":true,"href":"https:\/\/minghanggroup.com\/tr\/wp-json\/wp\/v2\/product_cat?post=4499"},{"taxonomy":"product_tag","embeddable":true,"href":"https:\/\/minghanggroup.com\/tr\/wp-json\/wp\/v2\/product_tag?post=4499"}],"curies":[{"name":"wp","href":"https:\/\/api.w.org\/{rel}","templated":true}]}}