{"id":4485,"date":"2026-01-09T10:20:42","date_gmt":"2026-01-09T02:20:42","guid":{"rendered":"https:\/\/minghanggroup.com\/?post_type=product&#038;p=4485"},"modified":"2026-01-09T11:51:54","modified_gmt":"2026-01-09T03:51:54","slug":"blank-perfume-bottles-with-metal-lids-wholesale","status":"publish","type":"product","link":"https:\/\/minghanggroup.com\/tr\/urun\/blank-perfume-bottles-with-metal-lids-wholesale\/","title":{"rendered":"25 ml, 50 ml, 100 ml Metal Kapakl\u0131 Bo\u015f Parf\u00fcm \u015ei\u015feleri Toptan Sat\u0131\u015f"},"content":{"rendered":"<p>Bo\u015f parf\u00fcm \u015fi\u015feleri, p\u00fcr\u00fczs\u00fcz kenarl\u0131, kare \u015feklinde, y\u00fcksek kaliteli camdan \u00fcretilmi\u015ftir. L\u00fcks bir al\u0131\u015fveri\u015f deneyimi sunmak i\u00e7in g\u00fcm\u00fc\u015f veya alt\u0131n metal kapaklarla birlikte \u00fc\u00e7 farkl\u0131 boyutta sat\u0131\u015fa sunulacakt\u0131r.<\/p>\n<h2>\u00dcr\u00fcn \u00d6zellikleri<\/h2>\n<ul>\n<li><strong>Kenarlar\u0131 kesilmi\u015f kare g\u00f6vde:<\/strong> Kare \u015feklindeki \u015fi\u015fenin e\u011fimli kenarlar\u0131, \u0131\u015f\u0131\u011f\u0131 parlak bir \u015fekilde yans\u0131tarak doku ve zarif bir geometrik tasar\u0131m sunuyor.<\/li>\n<li><strong>Bimetalik Kapak Se\u00e7enekleri:<\/strong> G\u00fcm\u00fc\u015f veya alt\u0131n silindirik kapaklar, marka ismiyle de ki\u015fiselle\u015ftirilebilir ve bu da klasik bir l\u00fcks havas\u0131 yarat\u0131r.<\/li>\n<li><strong>\u0130ki Boyut \u0130ki boyut:<\/strong> Hem g\u00fcnl\u00fck kullan\u0131m hem de sofistike ve ki\u015fiselle\u015ftirilmi\u015f bir deneyim i\u00e7in 5 ml ve 100 ml&#039;lik se\u00e7enekler mevcuttur.<\/li>\n<\/ul>\n<h2 style=\"text-align: left;\">Temel \u00d6zellikler<\/h2>\n<table class=\"aligncenter\" style=\"border-collapse: collapse; width: 493.52pt;\" border=\"0\" width=\"658\" cellspacing=\"0\" cellpadding=\"0\">\n<tbody>\n<tr style=\"height: 13.50pt;\">\n<td style=\"height: 13.50pt; width: 119.25pt;\" width=\"159\" height=\"18\">\u015eartname<\/td>\n<td style=\"width: 374.25pt;\" width=\"499\">Detaylar<\/td>\n<\/tr>\n<tr style=\"height: 13.50pt;\">\n<td style=\"height: 13.50pt;\" height=\"18\">Boyutlar<\/td>\n<td>41\u00d725 \u00d7 77 mm (25 ml) \/ 43\u00d730\u00d788 mm (50 ml) \/ 53\u00d731\u00d773 mm (50 ml) \/ 57\u00d738\u00d7107 mm (100 ml)<\/td>\n<\/tr>\n<tr style=\"height: 13.50pt;\">\n<td style=\"height: 13.50pt;\" height=\"18\">Malzeme<\/td>\n<td>Y\u00fcksek \u015eeffafl\u0131kta Cam, Metal Kapaklar<\/td>\n<\/tr>\n<tr style=\"height: 13.50pt;\">\n<td style=\"height: 13.50pt;\" height=\"18\">\u00d6zelle\u015ftirme Kapsam\u0131<\/td>\n<td>\u015ei\u015fe \u015eekli, Boyutu, Rengi, Y\u00fczeyi, Buzlanmas\u0131<\/td>\n<\/tr>\n<tr style=\"height: 13.50pt;\">\n<td style=\"height: 13.50pt;\" height=\"18\">\u0130\u015f\u00e7ilik<\/td>\n<td>Hassas Cam Kesimi, Metal Kaplama<\/td>\n<\/tr>\n<tr style=\"height: 13.50pt;\">\n<td style=\"height: 13.50pt;\" height=\"18\">\u00dcr\u00fcn Amac\u0131<\/td>\n<td>L\u00fcks Cam Parf\u00fcm \u015ei\u015feleri, Bo\u015f Parf\u00fcm \u015ei\u015feleri<\/td>\n<\/tr>\n<tr style=\"height: 13.50pt;\">\n<td style=\"height: 13.50pt;\" height=\"18\">Uygun Sekt\u00f6rler<\/td>\n<td>Y\u00fcksek Parf\u00fcmeri, \u00d6zel Marka, L\u00fcks Perakende<\/td>\n<\/tr>\n<\/tbody>\n<\/table>\n<h2>Ba\u015far\u0131 \u00d6yk\u00fcs\u00fc: Londra&#039;daki Bir Parf\u00fcm St\u00fcdyosunun Ki\u015fiselle\u015ftirme Hizmetleri<\/h2>\n<p>Londra&#039;da \u00f6zel tasar\u0131m parf\u00fcm \u015fi\u015feleri \u00fcreten bir parf\u00fcm laboratuvar\u0131, \u015f\u0131k ve yeniden doldurulabilir \u015fi\u015felere ihtiya\u00e7 duyuyordu. \u00d6zel alt\u0131n kapakl\u0131 100 ml&#039;lik cam parf\u00fcm \u015fi\u015femizi tercih ettiler. Y\u00fcksek kaliteli tasar\u0131m ve premium hizmet bedeli, ortalama i\u015flem de\u011ferinde &#039;luk bir art\u0131\u015fa yol a\u00e7arken, 3 boyutlu kesim kenarlar\u0131 da perakende raf \u00e7ekicili\u011fini art\u0131rd\u0131. St\u00fcdyonun \u00fcr\u00fcnden duydu\u011fu memnuniyet, sonraki be\u015f y\u0131l boyunca devam edecek \u00f6zelle\u015ftirme projelerine destek olmak amac\u0131yla 150.000 \u015fi\u015felik bir parti daha sipari\u015f etmelerine neden oldu.<\/p>\n<h2>Bo\u015f Parf\u00fcm \u015ei\u015feleri \u00d6zelle\u015ftirme<\/h2>\n<ul>\n<li>Cam Renkleri ve Efektleri: \u015eeffaf, f\u00fcme veya yumu\u015fak renklerde, \u015feffaf, tamamen veya k\u0131smen buzlu y\u00fczey se\u00e7enekleriyle mevcuttur.<\/li>\n<li>Kapak Malzemelerinin Ki\u015fiselle\u015ftirilmesi: Kapaklar seramik, ah\u015fap, plastik ve di\u011fer malzemelerden yap\u0131labilir.<\/li>\n<li>Derin Lazer Grav\u00fcr: \u015ei\u015fenin en d\u0131\u015f y\u00fczeyine detayl\u0131 desenler, logolar veya yaz\u0131lar i\u015fleyerek, \u015fi\u015fenin tutu\u015funu kolayla\u015ft\u0131ran ve kal\u0131c\u0131 bir marka izi olu\u015fturur.<\/li>\n<li>Kum p\u00fcsk\u00fcrtmeli logo paneli: Bu panel, kare \u015fi\u015fenin bir taraf\u0131nda yer alan ve hafif mat bir logo g\u00f6r\u00fcn\u00fcm\u00fcne sahip buzlu bir paneldir.<\/li>\n<\/ul>","protected":false},"excerpt":{"rendered":"<p>Kristal kesimli kenarlara sahip zarif, bo\u015f parf\u00fcm \u015fi\u015feleri. Her cam parf\u00fcm \u015fi\u015fesi metal bir sprey ba\u015fl\u0131\u011f\u0131 ile birlikte gelir. Toplu sipari\u015fler i\u00e7in toptan fiyatland\u0131rma. H\u0131zl\u0131 Kargo!<\/p>","protected":false},"featured_media":4498,"template":"","meta":{"postBodyCss":"","postBodyMargin":[],"postBodyPadding":[],"postBodyBackground":{"backgroundType":"classic","gradient":""}},"product_brand":[],"product_cat":[15,16,62],"product_tag":[],"class_list":{"0":"post-4485","1":"product","2":"type-product","3":"status-publish","4":"has-post-thumbnail","6":"product_cat-glass-containers","7":"product_cat-glass-bottles","8":"product_cat-perfume-bottles","10":"first","11":"instock","12":"shipping-taxable","13":"product-type-simple"},"jetpack_sharing_enabled":true,"_links":{"self":[{"href":"https:\/\/minghanggroup.com\/tr\/wp-json\/wp\/v2\/product\/4485","targetHints":{"allow":["GET"]}}],"collection":[{"href":"https:\/\/minghanggroup.com\/tr\/wp-json\/wp\/v2\/product"}],"about":[{"href":"https:\/\/minghanggroup.com\/tr\/wp-json\/wp\/v2\/types\/product"}],"wp:featuredmedia":[{"embeddable":true,"href":"https:\/\/minghanggroup.com\/tr\/wp-json\/wp\/v2\/media\/4498"}],"wp:attachment":[{"href":"https:\/\/minghanggroup.com\/tr\/wp-json\/wp\/v2\/media?parent=4485"}],"wp:term":[{"taxonomy":"product_brand","embeddable":true,"href":"https:\/\/minghanggroup.com\/tr\/wp-json\/wp\/v2\/product_brand?post=4485"},{"taxonomy":"product_cat","embeddable":true,"href":"https:\/\/minghanggroup.com\/tr\/wp-json\/wp\/v2\/product_cat?post=4485"},{"taxonomy":"product_tag","embeddable":true,"href":"https:\/\/minghanggroup.com\/tr\/wp-json\/wp\/v2\/product_tag?post=4485"}],"curies":[{"name":"wp","href":"https:\/\/api.w.org\/{rel}","templated":true}]}}