{"id":4484,"date":"2026-01-09T10:26:55","date_gmt":"2026-01-09T02:26:55","guid":{"rendered":"https:\/\/minghanggroup.com\/?post_type=product&#038;p=4484"},"modified":"2026-04-14T09:58:47","modified_gmt":"2026-04-14T01:58:47","slug":"vintage-crystal-perfume-bottles-with-wooden-lids-bulk","status":"publish","type":"product","link":"https:\/\/minghanggroup.com\/tr\/urun\/vintage-crystal-perfume-bottles-with-wooden-lids-bulk\/","title":{"rendered":"30 ml ve 50 ml&#039;lik Ah\u015fap Kapakl\u0131 Antik Kristal Parf\u00fcm \u015ei\u015feleri (Toptan)"},"content":{"rendered":"<p>Eski kristal parf\u00fcm \u015fi\u015feleriniz sadece koku saklamakla kalmamal\u0131, ayn\u0131 zamanda onu satmal\u0131. Antik cazibeyi modern i\u015flevsellikle harmanlayan, \u00f6zel parf\u00fcm\u00fcn\u00fcz\u00fc an\u0131nda ilgi \u00e7ekici bir par\u00e7aya d\u00f6n\u00fc\u015ft\u00fcren vintage cam parf\u00fcm \u015fi\u015feleri \u00fcretiyoruz.<\/p>\n<h2>\u00dcr\u00fcn \u00d6zellikleri<\/h2>\n<ul>\n<li><strong>Klasik tarzdan esinlenilmi\u015f dikd\u00f6rtgen sil\u00fcet:<\/strong> Dik a\u00e7\u0131lara sahip \u015fi\u015fenin tan\u0131d\u0131k \u015fekli ve geometrik \u00e7izgiler, eski parf\u00fcm \u015fi\u015felerine \u00f6zg\u00fc istikrarl\u0131 oranlar\u0131 ve g\u00fczelli\u011fi ortaya koyuyor.<\/li>\n<li><strong>Do\u011fal Ah\u015fap Kapak Kontrast\u0131:<\/strong> Ah\u015fap y\u00fczeyin \u015feffaf camla tezat olu\u015fturmas\u0131, do\u011fay\u0131, eski moda tarz\u0131 ve el i\u015f\u00e7ili\u011fi esteti\u011fini bir araya getiren bir marka kimli\u011fi ortaya koyuyor.<\/li>\n<li><strong>G\u00f6mme Etiket Paneli Tasar\u0131m\u0131:<\/strong> Eski model cam parf\u00fcm \u015fi\u015felerinin \u00f6n y\u00fcz\u00fcnde, etiket yap\u0131\u015ft\u0131rma, serigrafi bask\u0131 veya s\u0131cak damgalama i\u00e7in m\u00fckemmel olan ve genel g\u00f6r\u00fcn\u00fcm\u00fc d\u00fczenli ve derli toplu tutan girintili bir etiket paneli bulunur.<\/li>\n<\/ul>\n<h2>Temel \u00d6zellikler<\/h2>\n<table style=\"border-collapse: collapse; width: 80%; margin-left: auto; margin-right: auto;\" border=\"0\" width=\"360\" cellspacing=\"0\" cellpadding=\"0\">\n<tbody>\n<tr style=\"height: 13.50pt;\">\n<td style=\"height: 13.5pt; width: 54pt; text-align: center;\" width=\"72\" height=\"18\">Kapasite(ml)<\/td>\n<td style=\"width: 54pt; text-align: center;\" width=\"72\">\u00d6l\u00e7\u00fcler (mm)<\/td>\n<td style=\"width: 54pt; text-align: center;\" width=\"72\">Malzeme<\/td>\n<td style=\"width: 54pt; text-align: center;\" width=\"72\">\u015eapka<\/td>\n<td style=\"width: 54pt; text-align: center;\" width=\"72\">\u00d6zelle\u015ftirme Se\u00e7enekleri<\/td>\n<\/tr>\n<tr style=\"height: 13.50pt;\">\n<td style=\"height: 13.5pt; text-align: center;\" align=\"right\" height=\"18\">30<\/td>\n<td style=\"text-align: center;\">36 \u00d7 36 \u00d7 66<\/td>\n<td class=\"et2\" style=\"text-align: center;\" rowspan=\"2\">Kristal Cam<\/td>\n<td class=\"et2\" style=\"text-align: center;\" rowspan=\"2\">Ah\u015fap kapaklar<\/td>\n<td class=\"et2\" style=\"text-align: center;\" rowspan=\"2\">Logo, grav\u00fcr, UV kaplama, s\u0131cak bask\u0131<\/td>\n<\/tr>\n<tr style=\"height: 13.50pt;\">\n<td style=\"height: 13.5pt; text-align: center;\" align=\"right\" height=\"18\">50<\/td>\n<td style=\"text-align: center;\">42 \u00d7 42 \u00d7 77<\/td>\n<\/tr>\n<\/tbody>\n<\/table>\n<h2>Ba\u015far\u0131 \u00d6rne\u011fi<\/h2>\n<p>Vintage tarz\u0131 parf\u00fcmler \u00fcreten bir st\u00fcdyo, parf\u00fcmlerine gelen \u00e7ok olumlu geri bildirimlerden sonra, kalabal\u0131k perakende raflar\u0131ndaki di\u011fer \u00fcr\u00fcnlerden nas\u0131l farkl\u0131la\u015facaklar\u0131n\u0131 bir t\u00fcrl\u00fc \u00e7\u00f6zemiyordu. Ambalaj de\u011fi\u015fikli\u011fine karar verdikten sonra, marka vintage kristal parf\u00fcm \u015fi\u015felerimizi se\u00e7ti ve 5.000 adetlik ilk sipari\u015fi verdi. \u015ei\u015feler, yumu\u015fak kehribar tonlu cam, \u00f6n panelde \u00e7ok hafif kabartmal\u0131 bir logo ve klasik eczane tarz\u0131ndan esinlenilmi\u015f g\u00fczel ipek bask\u0131l\u0131 desenlerle ki\u015fiselle\u015ftirildi.<\/p>\n<p>Etki an\u0131nda g\u00f6r\u00fcld\u00fc: Zarif vintage havas\u0131 ma\u011fazalarda daha fazla ilgi \u00e7ekti, b\u00f6ylece marka \u00fcr\u00fcnlerini birka\u00e7 butik parf\u00fcm d\u00fckkan\u0131na sokmay\u0131 ba\u015fard\u0131 ve ilk \u00fc\u00e7 ay i\u00e7inde genel sat\u0131\u015flar artt\u0131.<\/p>\n<h2>\u00d6zelle\u015ftirme Se\u00e7enekleriniz<\/h2>\n<ol>\n<li><strong>Ah\u015fap \u015eapka E\u015fle\u015ftirmesi:<\/strong> Me\u015fe kapakl\u0131 olanlar\u0131 topraks\u0131 kokularla, ceviz kapakl\u0131 olanlar\u0131 ise \u00e7i\u00e7eksi kokularla e\u015fle\u015ftirebilirsiniz; kapa\u011f\u0131n\u0131z daha ilk p\u00fcsk\u00fcrtmeden hikayeyi ortaya \u00e7\u0131karacakt\u0131r.<\/li>\n<li><strong>UV Kaplaman\u0131n B\u00fcy\u00fcs\u00fc:<\/strong> Hem ah\u015fap hem de cam y\u00fczeylerde mat bir kaplama kullanarak, ma\u011faza ayd\u0131nlatmas\u0131yla uyumlu, dokunsal bir derinlik katabilirsiniz.<\/li>\n<li><strong>S\u0131cak Bask\u0131 L\u00fcks\u00fc:<\/strong> Zarif ah\u015fap kapaklar\u0131n yald\u0131zlanabilece\u011fini d\u00fc\u015f\u00fcn\u00fcyor musunuz? Dahas\u0131, alt\u0131n varak\u0131n kendi ba\u015f\u0131na harikalar yaratmas\u0131, maliyetin \u00e7ok k\u00fc\u00e7\u00fck bir k\u0131sm\u0131yla m\u00fcmk\u00fcn.<\/li>\n<\/ol>","protected":false},"excerpt":{"rendered":"<p>Zarif dikd\u00f6rtgen \u015fekilli ve ah\u015fap kapakl\u0131, antika kristal parf\u00fcm \u015fi\u015feleri. Fabrikadan do\u011frudan temin edilen antika cam parf\u00fcm \u015fi\u015feleri, \u00fccretsiz numuneler.<\/p>","protected":false},"featured_media":4489,"template":"","meta":{"postBodyCss":"","postBodyMargin":[],"postBodyPadding":[],"postBodyBackground":{"backgroundType":"classic","gradient":""}},"product_brand":[],"product_cat":[15,16,62],"product_tag":[111],"class_list":{"0":"post-4484","1":"product","2":"type-product","3":"status-publish","4":"has-post-thumbnail","6":"product_cat-glass-containers","7":"product_cat-glass-bottles","8":"product_cat-perfume-bottles","9":"product_tag-glass-mist-bottles","11":"first","12":"instock","13":"shipping-taxable","14":"product-type-simple"},"jetpack_sharing_enabled":true,"_links":{"self":[{"href":"https:\/\/minghanggroup.com\/tr\/wp-json\/wp\/v2\/product\/4484","targetHints":{"allow":["GET"]}}],"collection":[{"href":"https:\/\/minghanggroup.com\/tr\/wp-json\/wp\/v2\/product"}],"about":[{"href":"https:\/\/minghanggroup.com\/tr\/wp-json\/wp\/v2\/types\/product"}],"wp:featuredmedia":[{"embeddable":true,"href":"https:\/\/minghanggroup.com\/tr\/wp-json\/wp\/v2\/media\/4489"}],"wp:attachment":[{"href":"https:\/\/minghanggroup.com\/tr\/wp-json\/wp\/v2\/media?parent=4484"}],"wp:term":[{"taxonomy":"product_brand","embeddable":true,"href":"https:\/\/minghanggroup.com\/tr\/wp-json\/wp\/v2\/product_brand?post=4484"},{"taxonomy":"product_cat","embeddable":true,"href":"https:\/\/minghanggroup.com\/tr\/wp-json\/wp\/v2\/product_cat?post=4484"},{"taxonomy":"product_tag","embeddable":true,"href":"https:\/\/minghanggroup.com\/tr\/wp-json\/wp\/v2\/product_tag?post=4484"}],"curies":[{"name":"wp","href":"https:\/\/api.w.org\/{rel}","templated":true}]}}