{"id":4472,"date":"2026-01-08T16:31:41","date_gmt":"2026-01-08T08:31:41","guid":{"rendered":"https:\/\/minghanggroup.com\/?post_type=product&#038;p=4472"},"modified":"2026-04-14T10:05:16","modified_gmt":"2026-04-14T02:05:16","slug":"square-brown-perfume-bottles-with-black-lids-bulk","status":"publish","type":"product","link":"https:\/\/minghanggroup.com\/tr\/urun\/square-brown-perfume-bottles-with-black-lids-bulk\/","title":{"rendered":"50 ml Kare Kahverengi Parf\u00fcm \u015ei\u015feleri, Siyah Kapakl\u0131, Toplu Paket"},"content":{"rendered":"<p>Bu kahverengi parf\u00fcm \u015fi\u015feleri, yar\u0131 saydam koyu kahverengi camdan yap\u0131lm\u0131\u015ft\u0131r. Kare, k\u00f6\u015feli g\u00f6vdesi ve siyah silindirik kapa\u011f\u0131yla sade ama \u015f\u0131k bir g\u00f6r\u00fcn\u00fcm sunar.<\/p>\n<h2>\u00dcr\u00fcn \u00d6zellikleri<\/h2>\n<ul>\n<li><strong>Koyu Kahverengi Yar\u0131 Saydam Doku:<\/strong> Kahverengi cam, zengin bir g\u00f6r\u00fcn\u00fcm sunar ve \u0131\u015f\u0131\u011fa duyarl\u0131 e\u015fyalar\u0131 g\u00fcvende tutan s\u0131cak, do\u011fal ve \u00fcst d\u00fczey bir tarz sa\u011flar.<\/li>\n<li><strong>Siyah ve Kahverengi Kontrast Tasar\u0131m:<\/strong> Siyah kapak, koyu kahverengi \u015fi\u015feyle hafif bir kontrast olu\u015fturarak \u00fcr\u00fcne temiz ve sofistike bir g\u00f6r\u00fcn\u00fcm kazand\u0131r\u0131yor ve kalitesini art\u0131r\u0131yor.<\/li>\n<li><strong>L\u00fcks Kare \u015eekil:<\/strong> Sade kare \u015fi\u015fe tasar\u0131m\u0131, g\u00fcnl\u00fck kullan\u0131m i\u00e7in karma\u015f\u0131k olmayan ve ta\u015f\u0131nabilir k\u00fc\u00e7\u00fck bir yap\u0131ya sahip olup, ni\u015f parf\u00fcm ambalaj\u0131 i\u00e7in de idealdir.<\/li>\n<\/ul>\n<h2 style=\"text-align: left;\">Temel \u00d6zellikler<\/h2>\n<table class=\"aligncenter\" style=\"border-collapse: collapse; width: 469.52pt;\" border=\"0\" width=\"626\" cellspacing=\"0\" cellpadding=\"0\">\n<tbody>\n<tr style=\"height: 13.50pt;\">\n<td style=\"height: 13.50pt; width: 119.25pt;\" width=\"159\" height=\"18\">\u015eartname<\/td>\n<td style=\"width: 350.25pt;\" width=\"467\">Detaylar<\/td>\n<\/tr>\n<tr style=\"height: 13.50pt;\">\n<td style=\"height: 13.50pt;\" height=\"18\">Kapasite<\/td>\n<td>50 ml<\/td>\n<\/tr>\n<tr style=\"height: 13.50pt;\">\n<td style=\"height: 13.50pt;\" height=\"18\">Boyutlar<\/td>\n<td>39\u00d739\u00d786 mm<\/td>\n<\/tr>\n<tr style=\"height: 13.50pt;\">\n<td style=\"height: 13.50pt;\" height=\"18\">Malzeme<\/td>\n<td>Yar\u0131 Saydam Kahverengi Cam<\/td>\n<\/tr>\n<tr style=\"height: 13.50pt;\">\n<td style=\"height: 13.50pt;\" height=\"18\">\u015ei\u015fe \u015eekli<\/td>\n<td>Kare<\/td>\n<\/tr>\n<tr style=\"height: 13.50pt;\">\n<td style=\"height: 13.50pt;\" height=\"18\">\u00d6zelle\u015ftirme Kapsam\u0131<\/td>\n<td>\u015ei\u015fe \u015eekli, Boyutu, Rengi, Y\u00fczey \u0130\u015flemi, Grav\u00fcr<\/td>\n<\/tr>\n<tr style=\"height: 13.50pt;\">\n<td style=\"height: 13.50pt;\" height=\"18\">\u0130\u015f\u00e7ilik<\/td>\n<td>Hassas Cam Kal\u0131plama ve Y\u00fczey \u0130\u015fleme, Koyu Cam Renklendirme<\/td>\n<\/tr>\n<tr style=\"height: 13.50pt;\">\n<td style=\"height: 13.50pt;\" height=\"18\">\u00dcr\u00fcn Amac\u0131<\/td>\n<td>\u00d6zel Tasar\u0131m Parf\u00fcm \u015ei\u015feleri, Erkek Parf\u00fcm \u015ei\u015feleri<\/td>\n<\/tr>\n<tr style=\"height: 13.50pt;\">\n<td style=\"height: 13.50pt;\" height=\"18\">Uygun Sekt\u00f6rler<\/td>\n<td>El Yap\u0131m\u0131 Parf\u00fcmeri, Do\u011fal ve Organik Markalar, Erkek Bak\u0131m \u00dcr\u00fcnleri<\/td>\n<\/tr>\n<\/tbody>\n<\/table>\n<h2>Ba\u015far\u0131 Hikayesi<\/h2>\n<p>Pasifik Kuzeybat\u0131&#039;n\u0131n tan\u0131nm\u0131\u015f el yap\u0131m\u0131 markalar\u0131ndan biri, 50 ml&#039;lik kahverengi kolonya \u015fi\u015femizi kullanarak \u015fi\u015fenin g\u00f6vdesini me\u015fe renginde boyad\u0131 ve \u015fi\u015feye ah\u015fap dokusu hissi veren mat siyah bir kapak yerle\u015ftirdi. Kahverengi cam, do\u011fal u\u00e7ucu ya\u011flar\u0131n korunmas\u0131nda \u00f6nemli olan UV korumas\u0131 sa\u011fl\u0131yor. \u015ei\u015fenin k\u00f6\u015feli ve keskin \u015fekli ayr\u0131ca, m\u00fc\u015fteri yorumlar\u0131n\u0131n &#039;inde belirtilen m\u00fckemmel kaymaz bir tutu\u015f sunuyor. \u0130lk 20.000 \u015fi\u015fe, 72 saat i\u00e7inde \u00e7evrimi\u00e7i kotas\u0131n\u0131 doldurdu. Marka son derece memnun kald\u0131 ve istikrarl\u0131 bir marka \u00fcr\u00fcn\u00fc geli\u015ftirmek ve ev kokusu pazar\u0131na girmek i\u00e7in 450.000 \u015fi\u015fe daha sipari\u015f etti.<\/p>\n<h2>Kahverengi Parf\u00fcm \u015ei\u015feleri \u00d6zelle\u015ftirme<\/h2>\n<ul>\n<li>Cam Rengi ve \u015eeffafl\u0131\u011f\u0131: Geni\u015f bir yelpazede kahverengi tonlar\u0131 (kehribar, konyak, espresso) ve \u015feffafl\u0131k sunar.<\/li>\n<li>E\u011fimli Tasar\u0131m ve Boyut: \u015ei\u015fenin kendine \u00f6zg\u00fc profilini olu\u015fturmak i\u00e7in \u00e7ok y\u00f6nl\u00fc kesilmi\u015f kenarlar\u0131n geni\u015fli\u011fini, derinli\u011fini ve a\u00e7\u0131s\u0131n\u0131 \u00f6zel olarak tasarlay\u0131n.<\/li>\n<li>Kapak Malzemesi ve Y\u00fczey \u0130\u015flemi: Kapak malzemeleri mat siyah plastik, boyal\u0131 ah\u015fap ve dokulu metal olabilir.<\/li>\n<li>Dokulu Cam Taban: Tabana kum p\u00fcsk\u00fcrtme veya noktal\u0131 dokular eklenerek dokunsal bir deneyim sa\u011flanm\u0131\u015ft\u0131r.<\/li>\n<\/ul>","protected":false},"excerpt":{"rendered":"<p>Modern kahverengi kolonya \u015fi\u015fesi, minimalist siyah sprey kapa\u011f\u0131 ve birinci s\u0131n\u0131f cam\u0131yla dikkat \u00e7ekiyor. \u00d6zel etiketli markalar i\u00e7in OEM ve toptan kahverengi parf\u00fcm \u015fi\u015fesi se\u00e7enekleri sunuyoruz.<\/p>","protected":false},"featured_media":4473,"template":"","meta":{"postBodyCss":"","postBodyMargin":[],"postBodyPadding":[],"postBodyBackground":{"backgroundType":"classic","gradient":""}},"product_brand":[],"product_cat":[15,16,62],"product_tag":[111],"class_list":{"0":"post-4472","1":"product","2":"type-product","3":"status-publish","4":"has-post-thumbnail","6":"product_cat-glass-containers","7":"product_cat-glass-bottles","8":"product_cat-perfume-bottles","9":"product_tag-glass-mist-bottles","11":"first","12":"instock","13":"shipping-taxable","14":"product-type-simple"},"jetpack_sharing_enabled":true,"_links":{"self":[{"href":"https:\/\/minghanggroup.com\/tr\/wp-json\/wp\/v2\/product\/4472","targetHints":{"allow":["GET"]}}],"collection":[{"href":"https:\/\/minghanggroup.com\/tr\/wp-json\/wp\/v2\/product"}],"about":[{"href":"https:\/\/minghanggroup.com\/tr\/wp-json\/wp\/v2\/types\/product"}],"wp:featuredmedia":[{"embeddable":true,"href":"https:\/\/minghanggroup.com\/tr\/wp-json\/wp\/v2\/media\/4473"}],"wp:attachment":[{"href":"https:\/\/minghanggroup.com\/tr\/wp-json\/wp\/v2\/media?parent=4472"}],"wp:term":[{"taxonomy":"product_brand","embeddable":true,"href":"https:\/\/minghanggroup.com\/tr\/wp-json\/wp\/v2\/product_brand?post=4472"},{"taxonomy":"product_cat","embeddable":true,"href":"https:\/\/minghanggroup.com\/tr\/wp-json\/wp\/v2\/product_cat?post=4472"},{"taxonomy":"product_tag","embeddable":true,"href":"https:\/\/minghanggroup.com\/tr\/wp-json\/wp\/v2\/product_tag?post=4472"}],"curies":[{"name":"wp","href":"https:\/\/api.w.org\/{rel}","templated":true}]}}