{"id":4471,"date":"2026-01-08T16:57:56","date_gmt":"2026-01-08T08:57:56","guid":{"rendered":"https:\/\/minghanggroup.com\/?post_type=product&#038;p=4471"},"modified":"2026-01-08T17:04:30","modified_gmt":"2026-01-08T09:04:30","slug":"vintage-clear-spray-perfume-bottles-wholesale","status":"publish","type":"product","link":"https:\/\/minghanggroup.com\/tr\/urun\/vintage-clear-spray-perfume-bottles-wholesale\/","title":{"rendered":"15 ml 30 ml Vintage \u015eeffaf Sprey Parf\u00fcm \u015ei\u015feleri Toptan Sat\u0131\u015f"},"content":{"rendered":"<p>Parf\u00fcm sprey \u015fi\u015feniz sadece kokuyu muhafaza etmekle kalmamal\u0131, ayn\u0131 zamanda onu satmal\u0131d\u0131r. Bu nedenle, vintage \u015feffaf cam parf\u00fcm \u015fi\u015felerimiz zamans\u0131z berrakl\u0131\u011f\u0131 modern i\u015flevsellikle birle\u015ftirerek, \u00f6zel parf\u00fcm\u00fcn\u00fcze kutusundan \u00e7\u0131kar \u00e7\u0131kmaz an\u0131nda raf \u00e7ekicili\u011fi ve \u00fcst\u00fcn bir his kazand\u0131r\u0131r.<\/p>\n<h2>\u00dcr\u00fcn \u00d6zellikleri<\/h2>\n<ul>\n<li><strong>Ger\u00e7ek Vintage Berrakl\u0131k: <\/strong>Son derece \u015feffaf cam, parf\u00fcm\u00fcn\u00fcz\u00fcn ger\u00e7ek rengini sergiler; filtre \u00fcfleme veya yan\u0131lsama yaratma yok.<\/li>\n<li><strong>Sa\u011flam Kare Taban: <\/strong>Ekstra kal\u0131n taban\u0131 sayesinde raflara yerle\u015ftirildi\u011finde kesinlikle sallanmaz. Antika \u015feffaf cam parf\u00fcm \u015fi\u015feleriniz, dayan\u0131ks\u0131z de\u011fil, sa\u011flam bir e\u015fya olarak alg\u0131lanacakt\u0131r.<\/li>\n<li><strong>Dahili, Marka Esnekli\u011fi: <\/strong>Logolar, grav\u00fcr, UV kaplama veya s\u0131cak bask\u0131 ile parf\u00fcm ambalaj\u0131n\u0131z\u0131 ki\u015fiselle\u015ftirebilirsiniz; bu, sizin e\u015fsiz bir yans\u0131man\u0131z haline gelir.<\/li>\n<\/ul>\n<h2>Temel \u00d6zellikler<\/h2>\n<table style=\"border-collapse: collapse; width: 80%; margin-left: AUTO; margin-right: AUTO;\" border=\"0\" width=\"360\" cellspacing=\"0\" cellpadding=\"0\">\n<tbody>\n<tr style=\"height: 13.50pt;\">\n<td style=\"height: 13.5pt; width: 54pt; text-align: center;\" width=\"72\" height=\"18\">Kapasite(ml)<\/td>\n<td style=\"width: 54pt; text-align: center;\" width=\"72\">\u00d6l\u00e7\u00fcler (mm)<\/td>\n<td style=\"width: 54pt; text-align: center;\" width=\"72\">Kalibre<\/td>\n<td style=\"width: 54pt; text-align: center;\" width=\"72\">\u015eapka Tipi<\/td>\n<td style=\"width: 54pt; text-align: center;\" width=\"72\">\u00d6zelle\u015ftirme Se\u00e7enekleri<\/td>\n<\/tr>\n<tr style=\"height: 13.50pt;\">\n<td style=\"height: 13.5pt; text-align: center;\" height=\"18\">15<\/td>\n<td style=\"text-align: center;\">28\u00d728\u00d766<\/td>\n<td class=\"et2\" style=\"text-align: center;\" rowspan=\"2\">18 mm<\/td>\n<td class=\"et2\" style=\"text-align: center;\" rowspan=\"2\">Alt\u0131n veya siyah vidal\u0131 kapakl\u0131 atomiz\u00f6r<\/td>\n<td class=\"et2\" style=\"text-align: center;\" rowspan=\"2\">Logo, grav\u00fcr, UV kaplama, s\u0131cak bask\u0131<\/td>\n<\/tr>\n<tr style=\"height: 13.50pt;\">\n<td style=\"height: 13.5pt; text-align: center;\" height=\"18\">30<\/td>\n<td style=\"text-align: center;\">36\u00d736\u00d781<\/td>\n<\/tr>\n<\/tbody>\n<\/table>\n<h2>Ba\u015far\u0131 \u00d6rne\u011fi<\/h2>\n<p>Retro esteti\u011fe sahip ni\u015f bir parf\u00fcm markas\u0131n\u0131n y\u0131ll\u0131k amiral gemisi \u00fcr\u00fcn\u00fcn\u00fcn temel ambalaj\u0131, bu vintage \u015feffaf cam parf\u00fcm \u015fi\u015feleri setidir. Parf\u00fcme ba\u011fl\u0131 olarak, p\u00fcsk\u00fcrtme u\u00e7lar\u0131 iki farkl\u0131 kaplama ile elektrolizle kaplanm\u0131\u015ft\u0131r: parlak alt\u0131n ve mat siyah. Marka logosu, parf\u00fcm\u00fcn rengini gizlemeyecek veya marka tan\u0131n\u0131rl\u0131\u011f\u0131n\u0131 azaltmayacak \u015fekilde sade bir bi\u00e7imde serigrafi bask\u0131 y\u00f6ntemiyle uygulanm\u0131\u015ft\u0131r.<\/p>\n<p>Serinin piyasaya s\u00fcr\u00fclmesi, al\u0131c\u0131 kanallar\u0131ndan ve ge\u00e7ici ma\u011fazalardan b\u00fcy\u00fck bir ilgi g\u00f6rd\u00fc; t\u00fcketicilerin dikkati \u00f6zellikle \u015fi\u015felerin dokusuna ve sprey ba\u015fl\u0131klar\u0131n\u0131n kalitesine \u00e7ekildi. \u0130lk partiden 3.000 set \u00e7ok h\u0131zl\u0131 bir \u015fekilde t\u00fckendi ve m\u00fc\u015fteri \u00fc\u00e7 ay i\u00e7inde iki sipari\u015f daha verdi.<\/p>\n<h2>\u00d6zelle\u015ftirme \u0130pu\u00e7lar\u0131n\u0131z<\/h2>\n<ol>\n<li><strong>Kapak rengini koku ki\u015fili\u011finizle e\u015fle\u015ftirin: <\/strong>Siyah, cesur ve odunsu notalar i\u00e7in m\u00fckemmeldir. Alt\u0131n ise \u00e7i\u00e7eksi veya narenciye notalar\u0131n\u0131 ifade eder; kapa\u011f\u0131n\u0131z daha ilk p\u00fcsk\u00fcrtmeden hikayeyi anlat\u0131r.<\/li>\n<li><strong>Dokunsal \u00c7ekicilik i\u00e7in UV Kaplama: <\/strong>Mat m\u0131 yoksa parlak m\u0131? Her ikisi de dekorasyonunuza, ma\u011faza \u0131\u015f\u0131klar\u0131 alt\u0131nda ger\u00e7ekten \u00f6ne \u00e7\u0131kmas\u0131n\u0131 sa\u011flayacak bir doku katacakt\u0131r.<\/li>\n<li><strong>Grav\u00fcr ile Tamamen Vintage Bir G\u00f6r\u00fcn\u00fcm Elde Edin: <\/strong>\u015ei\u015felerin \u00fczerine seri numaralar\u0131n\u0131 veya \u015fiirsel dizeleri kaz\u0131yarak her bir parf\u00fcm \u015fi\u015fesini bir hat\u0131ra haline getirebilirsiniz.<\/li>\n<\/ol>","protected":false},"excerpt":{"rendered":"<p>Fabrikadan do\u011frudan sat\u0131\u015f yapan, vintage tarz\u0131 \u015feffaf cam parf\u00fcm \u015fi\u015feleri tedarik\u00e7isi. Toplu sipari\u015flerde \u00f6zelle\u015ftirme, \u00fccretsiz numuneler ve h\u0131zl\u0131 global teslimat deste\u011fi.<\/p>","protected":false},"featured_media":4480,"template":"","meta":{"postBodyCss":"","postBodyMargin":[],"postBodyPadding":[],"postBodyBackground":{"backgroundType":"classic","gradient":""}},"product_brand":[],"product_cat":[15,16,62],"product_tag":[],"class_list":{"0":"post-4471","1":"product","2":"type-product","3":"status-publish","4":"has-post-thumbnail","6":"product_cat-glass-containers","7":"product_cat-glass-bottles","8":"product_cat-perfume-bottles","10":"first","11":"instock","12":"shipping-taxable","13":"product-type-simple"},"jetpack_sharing_enabled":true,"_links":{"self":[{"href":"https:\/\/minghanggroup.com\/tr\/wp-json\/wp\/v2\/product\/4471","targetHints":{"allow":["GET"]}}],"collection":[{"href":"https:\/\/minghanggroup.com\/tr\/wp-json\/wp\/v2\/product"}],"about":[{"href":"https:\/\/minghanggroup.com\/tr\/wp-json\/wp\/v2\/types\/product"}],"wp:featuredmedia":[{"embeddable":true,"href":"https:\/\/minghanggroup.com\/tr\/wp-json\/wp\/v2\/media\/4480"}],"wp:attachment":[{"href":"https:\/\/minghanggroup.com\/tr\/wp-json\/wp\/v2\/media?parent=4471"}],"wp:term":[{"taxonomy":"product_brand","embeddable":true,"href":"https:\/\/minghanggroup.com\/tr\/wp-json\/wp\/v2\/product_brand?post=4471"},{"taxonomy":"product_cat","embeddable":true,"href":"https:\/\/minghanggroup.com\/tr\/wp-json\/wp\/v2\/product_cat?post=4471"},{"taxonomy":"product_tag","embeddable":true,"href":"https:\/\/minghanggroup.com\/tr\/wp-json\/wp\/v2\/product_tag?post=4471"}],"curies":[{"name":"wp","href":"https:\/\/api.w.org\/{rel}","templated":true}]}}