{"id":4462,"date":"2026-01-08T15:47:37","date_gmt":"2026-01-08T07:47:37","guid":{"rendered":"https:\/\/minghanggroup.com\/?post_type=product&#038;p=4462"},"modified":"2026-01-08T17:02:41","modified_gmt":"2026-01-08T09:02:41","slug":"glossy-mens-black-fragrance-bottles-wholesale","status":"publish","type":"product","link":"https:\/\/minghanggroup.com\/tr\/urun\/glossy-mens-black-fragrance-bottles-wholesale\/","title":{"rendered":"30 ml, 50 ml, 100 ml Parlak Erkek Siyah Parf\u00fcm \u015ei\u015feleri Toptan Sat\u0131\u015f"},"content":{"rendered":"<p>Siyah parf\u00fcm \u015fi\u015feleri, y\u00fcksek parlakl\u0131kta tamamen siyah bir y\u00fczeyle tasarlanm\u0131\u015ft\u0131r. \u015ei\u015fe \u015fekli, hafif\u00e7e yuvarlakla\u015ft\u0131r\u0131lm\u0131\u015f kenarlar\u0131 olan dikd\u00f6rtgen olup, ayn\u0131 renkte siyah silindirik bir kapa\u011fa sahiptir ve parlak y\u00fczeyi \u0131\u015f\u0131\u011f\u0131 yans\u0131t\u0131r.<\/p>\n<h2>\u00dcr\u00fcn \u00d6zellikleri<\/h2>\n<ul>\n<li><strong>Parlak Siyah Kaplama:<\/strong> \u015ei\u015fe ve kapa\u011f\u0131n parlak siyah y\u00fczeyi, genel dokuya ve olduk\u00e7a l\u00fcks bir g\u00f6r\u00fcn\u00fcme katk\u0131da bulunuyor.<\/li>\n<li><strong>Yuvarlak K\u00f6\u015feler:<\/strong> Yuvarlak k\u00f6\u015feler, \u015f\u0131kl\u0131k katman\u0131n yan\u0131 s\u0131ra rahat ve g\u00fcvenli bir his de sa\u011fl\u0131yor.<\/li>\n<li><strong>Dikd\u00f6rtgen \u015ei\u015fe:<\/strong> Dikd\u00f6rtgen, siyah, parlak \u015fi\u015fe, g\u00fc\u00e7l\u00fc, kendinden emin ve tan\u0131nabilir bir \u015fekil olu\u015fturuyor.<\/li>\n<\/ul>\n<h2 style=\"text-align: left;\">Temel \u00d6zellikler<\/h2>\n<table class=\"aligncenter\" style=\"border-collapse: collapse; width: 469.52pt;\" border=\"0\" width=\"626\" cellspacing=\"0\" cellpadding=\"0\">\n<tbody>\n<tr style=\"height: 13.50pt;\">\n<td style=\"height: 13.50pt; width: 119.25pt;\" width=\"159\" height=\"18\">\u015eartname<\/td>\n<td style=\"width: 350.25pt;\" width=\"467\">Detaylar<\/td>\n<\/tr>\n<tr style=\"height: 13.50pt;\">\n<td style=\"height: 13.50pt;\" height=\"18\">Kapasite<\/td>\n<td>30 ml \/ 50 ml \/ 100 ml<\/td>\n<\/tr>\n<tr style=\"height: 13.50pt;\">\n<td style=\"height: 13.50pt;\" height=\"18\">Boyutlar<\/td>\n<td>42\u00d729\u00d777 mm \/ 51\u00d728\u00d792 mm \/ 53\u00d735\u00d7116 mm<\/td>\n<\/tr>\n<tr style=\"height: 13.50pt;\">\n<td style=\"height: 13.50pt;\" height=\"18\">Malzeme<\/td>\n<td>Parlak Siyah Kaplamal\u0131 Cam<\/td>\n<\/tr>\n<tr style=\"height: 13.50pt;\">\n<td style=\"height: 13.50pt;\" height=\"18\">\u015ei\u015fe \u015eekli<\/td>\n<td>Dikd\u00f6rtgen<\/td>\n<\/tr>\n<tr style=\"height: 13.50pt;\">\n<td style=\"height: 13.50pt;\" height=\"18\">\u00d6zelle\u015ftirme Kapsam\u0131<\/td>\n<td>\u015ei\u015fe \u015eekli, Boyutu, Rengi, Y\u00fczey \u0130\u015flemi (Parlak, Mat, Dokulu)<\/td>\n<\/tr>\n<tr style=\"height: 13.50pt;\">\n<td style=\"height: 13.50pt;\" height=\"18\">\u0130\u015f\u00e7ilik<\/td>\n<td>Hassas Cam \u015eekillendirme, Y\u00fcksek Parlakl\u0131kta Vernik Uygulamas\u0131<\/td>\n<\/tr>\n<tr style=\"height: 13.50pt;\">\n<td style=\"height: 13.50pt;\" height=\"18\">\u00dcr\u00fcn Amac\u0131<\/td>\n<td>Erkek Parf\u00fcm \u015ei\u015feleri, Siyah Parf\u00fcm \u015ei\u015feleri<\/td>\n<\/tr>\n<tr style=\"height: 13.50pt;\">\n<td style=\"height: 13.50pt;\" height=\"18\">Uygun Sekt\u00f6rler<\/td>\n<td>Erkek Bak\u0131m \u00dcr\u00fcnleri, \u00c7a\u011fda\u015f Parf\u00fcmeri, L\u00fcks \u00dcr\u00fcnler<\/td>\n<\/tr>\n<\/tbody>\n<\/table>\n<h2>Ba\u015far\u0131 \u00d6yk\u00fcs\u00fc: Avrupa Erkek Bak\u0131m Markas\u0131n\u0131n En \u00c7ok Satan Kolonyas\u0131<\/h2>\n<p>Avrupa&#039;n\u0131n l\u00fcks erkek bak\u0131m markalar\u0131ndan biri, 100 ml&#039;lik siyah erkek kolonya \u015fi\u015femizi se\u00e7ti ve \u00fczerine koyu gri parlak bir kaplama ve \u00f6n y\u00fcz\u00fcne kabartmal\u0131 bir marka logosu ekleyerek \u00f6zelle\u015ftirdi. \u015ei\u015fenin y\u00fcksek kalitesi ve dokunma hissi, yeni neslin fiyat\u0131n\u0131n eskiye g\u00f6re daha y\u00fcksek olmas\u0131na yol a\u00e7t\u0131. 50 ml&#039;lik boyutu havaalanlar\u0131ndaki g\u00fcmr\u00fcks\u00fcz sat\u0131\u015f ma\u011fazalar\u0131nda ola\u011fan\u00fcst\u00fc sat\u0131\u015f rakamlar\u0131na ula\u015ft\u0131 ve ciro 150 kat artt\u0131. Temiz ve cesur tasar\u0131m\u0131 sayesinde sosyal medyada organik olarak bahsedilen \u00fcr\u00fcn say\u0131s\u0131 0 artt\u0131. Marka, sat\u0131\u015f hacmi ve marka bilinirli\u011finden memnun kalarak, \u00f6n\u00fcm\u00fczdeki iki y\u0131l i\u00e7inde temel \u00fcr\u00fcn tedarik ihtiyac\u0131n\u0131 kar\u015f\u0131lamak i\u00e7in 400.000 \u015fi\u015felik ek bir sipari\u015f verdi.<\/p>\n<h2>Siyah Parf\u00fcm \u015ei\u015fesi Ki\u015fiselle\u015ftirme Se\u00e7enekleri<\/h2>\n<ul>\n<li>Y\u00fczey Kaplama Se\u00e7enekleri: Mat, yumu\u015fak dokulu veya f\u0131r\u00e7alanm\u0131\u015f metalik bir y\u00fczeyle ayn\u0131 g\u00f6r\u00fcn\u00fcm\u00fc sunar. Metalik Dekoratif<\/li>\n<li>Detaylar: \u015ei\u015fenin kenar\u0131na ince bir tabaka halinde metal bir \u015ferit (bak\u0131r, bronz) yerle\u015ftirilmeli ve metal i\u00e7eri do\u011fru girintili olmal\u0131d\u0131r.<\/li>\n<li>Derin Lazer Kaz\u0131ma: Logolar, i\u00e7erik listeleri veya seri numaralar\u0131 kaz\u0131yarak sofistike ve uzun \u00f6m\u00fcrl\u00fc bir kimlik olu\u015fturun.<\/li>\n<li>\u00d6zel Kapak Detay\u0131: Kapa\u011f\u0131 t\u0131rt\u0131kl\u0131, kau\u00e7uk kavrama veya alternatif kapak profiliyle (\u00f6rne\u011fin hafif\u00e7e incelen) de\u011fi\u015ftirebilirsiniz.<\/li>\n<\/ul>","protected":false},"excerpt":{"rendered":"<p>Parlak dikd\u00f6rtgen camdan ve yuvarlak kenarl\u0131 siyah erkek parf\u00fcm \u015fi\u015feleri. Erkek markalar\u0131 i\u00e7in do\u011frudan fabrikadan tedarik edilen, OEM olarak temin edilebilen siyah parf\u00fcm \u015fi\u015feleri.<\/p>","protected":false},"featured_media":4466,"template":"","meta":{"postBodyCss":"","postBodyMargin":[],"postBodyPadding":[],"postBodyBackground":{"backgroundType":"classic","gradient":""}},"product_brand":[],"product_cat":[15,16,62],"product_tag":[],"class_list":{"0":"post-4462","1":"product","2":"type-product","3":"status-publish","4":"has-post-thumbnail","6":"product_cat-glass-containers","7":"product_cat-glass-bottles","8":"product_cat-perfume-bottles","10":"first","11":"instock","12":"shipping-taxable","13":"product-type-simple"},"jetpack_sharing_enabled":true,"_links":{"self":[{"href":"https:\/\/minghanggroup.com\/tr\/wp-json\/wp\/v2\/product\/4462","targetHints":{"allow":["GET"]}}],"collection":[{"href":"https:\/\/minghanggroup.com\/tr\/wp-json\/wp\/v2\/product"}],"about":[{"href":"https:\/\/minghanggroup.com\/tr\/wp-json\/wp\/v2\/types\/product"}],"wp:featuredmedia":[{"embeddable":true,"href":"https:\/\/minghanggroup.com\/tr\/wp-json\/wp\/v2\/media\/4466"}],"wp:attachment":[{"href":"https:\/\/minghanggroup.com\/tr\/wp-json\/wp\/v2\/media?parent=4462"}],"wp:term":[{"taxonomy":"product_brand","embeddable":true,"href":"https:\/\/minghanggroup.com\/tr\/wp-json\/wp\/v2\/product_brand?post=4462"},{"taxonomy":"product_cat","embeddable":true,"href":"https:\/\/minghanggroup.com\/tr\/wp-json\/wp\/v2\/product_cat?post=4462"},{"taxonomy":"product_tag","embeddable":true,"href":"https:\/\/minghanggroup.com\/tr\/wp-json\/wp\/v2\/product_tag?post=4462"}],"curies":[{"name":"wp","href":"https:\/\/api.w.org\/{rel}","templated":true}]}}