{"id":4460,"date":"2026-01-08T16:18:45","date_gmt":"2026-01-08T08:18:45","guid":{"rendered":"https:\/\/minghanggroup.com\/?post_type=product&#038;p=4460"},"modified":"2026-01-08T17:03:40","modified_gmt":"2026-01-08T09:03:40","slug":"custom-vintage-cologne-bottles-for-brands-bulk","status":"publish","type":"product","link":"https:\/\/minghanggroup.com\/tr\/urun\/custom-vintage-cologne-bottles-for-brands-bulk\/","title":{"rendered":"Markalar i\u00e7in 30 ml, 50 ml, 100 ml&#039;lik \u00d6zel Tasar\u0131m Vintage Kolonya \u015ei\u015feleri (Toptan Sipari\u015f)"},"content":{"rendered":"<p>Eski kolonya \u015fi\u015feleriniz sadece birer kap de\u011fil, adeta birer aile yadigar\u0131 gibi hissettirmeli. Biz, eski d\u00fcnyan\u0131n cazibesini modern performansla birle\u015ftiren bo\u015f parf\u00fcm \u015fi\u015feleri tedarik ediyoruz, b\u00f6ylece \u00f6zel parf\u00fcm\u00fcn\u00fcz ilk g\u00fcnden itibaren \u00f6ne \u00e7\u0131k\u0131yor.<\/p>\n<h2>\u00dcr\u00fcn \u00d6zellikleri<\/h2>\n<ul>\n<li><strong>Ak\u0131c\u0131, kavisli hatlar:<\/strong> Retro ve modern tarzlar\u0131 temiz, keskin \u00e7izgilerle birle\u015ftiren bu tasar\u0131m, erkek parf\u00fcmleri ve y\u00fcksek kaliteli koku serileri i\u00e7in m\u00fckemmeldir.<\/li>\n<li><strong>Geni\u015f \u00f6zelle\u015ftirme se\u00e7enekleri:<\/strong> \u00dczerine logo i\u015fleme, degrade cam veya renkli sprey boya ekleyerek her \u015fi\u015feyi e\u015fsiz bir par\u00e7aya d\u00f6n\u00fc\u015ft\u00fcr\u00fcn.<\/li>\n<li><strong>\u00c7e\u015fitli e\u015fle\u015ftirmeler:<\/strong> P\u00fcsk\u00fcrtme nozullar\u0131 ve kapaklar\u0131 i\u00e7in \u00e7e\u015fitli renk ve malzemelerle kar\u0131\u015ft\u0131r\u0131l\u0131p e\u015fle\u015ftirilebilir, b\u00f6ylece farkl\u0131 marka stillerinin ve pazar konumland\u0131rmalar\u0131n\u0131n gereksinimlerini kar\u015f\u0131lar.<\/li>\n<\/ul>\n<h2>Temel \u00d6zellikler<\/h2>\n<table style=\"border-collapse: collapse; width: 80%; margin-left: auto; margin-right: auto;\" border=\"0\" width=\"360\" cellspacing=\"0\" cellpadding=\"0\">\n<tbody>\n<tr style=\"height: 13.50pt;\">\n<td style=\"height: 13.5pt; width: 54pt; text-align: center;\" width=\"72\" height=\"18\">Kapasite(ml)<\/td>\n<td style=\"width: 54pt; text-align: center;\" width=\"72\">\u00d6l\u00e7\u00fcler (mm)<\/td>\n<td style=\"width: 54pt; text-align: center;\" width=\"72\">Kalibre<\/td>\n<td style=\"width: 54pt; text-align: center;\" width=\"72\">\u015eapka Tipi<\/td>\n<td style=\"width: 54pt; text-align: center;\" width=\"72\">\u00d6zelle\u015ftirme Se\u00e7enekleri<\/td>\n<\/tr>\n<tr style=\"height: 13.50pt;\">\n<td style=\"height: 13.5pt; text-align: center;\" height=\"18\">30<\/td>\n<td style=\"text-align: center;\">45 \u00d7 26 \u00d7 84<\/td>\n<td class=\"et2\" style=\"text-align: center;\" rowspan=\"3\">18 mm<\/td>\n<td class=\"et2\" style=\"text-align: center;\" rowspan=\"3\">Yuvarlak vidal\u0131 kapakl\u0131 p\u00fcsk\u00fcrtme ba\u015fl\u0131\u011f\u0131<\/td>\n<td class=\"et2\" style=\"text-align: center;\" rowspan=\"3\">Kaz\u0131nm\u0131\u015f logolar, degrade cam, renkli spreyler<\/td>\n<\/tr>\n<tr style=\"height: 13.50pt;\">\n<td style=\"height: 13.5pt; text-align: center;\" height=\"18\">50<\/td>\n<td style=\"text-align: center;\">51 \u00d7 30 \u00d7 94<\/td>\n<\/tr>\n<tr style=\"height: 13.50pt;\">\n<td style=\"height: 13.5pt; text-align: center;\" height=\"18\">100<\/td>\n<td style=\"text-align: center;\">62 \u00d7 62 \u00d7 124<\/td>\n<\/tr>\n<\/tbody>\n<\/table>\n<h2>Ba\u015far\u0131 \u00d6rne\u011fi<\/h2>\n<p>A\u011f\u0131rl\u0131kl\u0131 olarak orta ve \u00fcst segment erkek parf\u00fcmleri pazar\u0131n\u0131 hedefleyen ba\u011f\u0131ms\u0131z bir parf\u00fcm markas\u0131, yeni \u00fcr\u00fcn lansman\u0131ndan \u00f6nce bile ana ambalaj tasar\u0131m\u0131 olarak bu kare, bo\u015f parf\u00fcm \u015fi\u015felerini tercih etti. Marka imajlar\u0131n\u0131 yans\u0131tmak i\u00e7in m\u00fc\u015fteri, mat koyu gri bir sprey ba\u015fl\u0131\u011f\u0131 ve koyu elektrolizle kaplanm\u0131\u015f bir kapa\u011fa sahip, ayr\u0131ca \u00f6n y\u00fcz\u00fcne serigrafi bask\u0131 y\u00f6ntemiyle logo ve hacim bilgisi eklenmi\u015f 50 ml&#039;lik \u015fi\u015feyi \u00f6zelle\u015ftirdi.<\/p>\n<p>Yeni \u00fcr\u00fcn\u00fcn piyasaya s\u00fcr\u00fclmesinden sadece 2 ay sonra, sat\u0131\u015flar\u0131 \u015firketin tahminlerini oran\u0131nda a\u015ft\u0131. Ayr\u0131ca, ilk sevkiyattaki \u00e7ok d\u00fc\u015f\u00fck k\u0131r\u0131lma oran\u0131 ve da\u011f\u0131t\u0131m kanallar\u0131ndan gelen m\u00fckemmel geri bildirimler sayesinde marka, \u00fc\u00e7 ay i\u00e7inde ikinci bir sipari\u015f daha vermeyi ba\u015fard\u0131.<\/p>\n<h2>\u00d6zelle\u015ftirme Se\u00e7enekleriniz<\/h2>\n<ol>\n<li><strong>Gradyan Cam:<\/strong> Koku yolculu\u011funuzu g\u00f6rsel olarak yans\u0131tmak i\u00e7in, dip notalar\u0131n\u0131z i\u00e7in koyu renkli ombre cam, narenciye notalar\u0131n\u0131z i\u00e7in ise a\u00e7\u0131k renkli \u00fcst notalar kullan\u0131n.<\/li>\n<li><strong>Uzun \u00d6m\u00fcrl\u00fc Kaz\u0131nm\u0131\u015f Logolar: <\/strong>Etiket kullanmaktan ka\u00e7\u0131n\u0131n. Cam \u015fi\u015fe \u00fczerine do\u011frudan lazerle yap\u0131lan grav\u00fcr soyulmaz veya solmaz.<\/li>\n<li><strong>Tamamen nostaljik bir tarz yakalay\u0131n: <\/strong>Oyma kenarlar veya serif yaz\u0131 tipleri gibi antika tarz\u0131 unsurlarla eski moda bir dokunu\u015f ekleyin; bu, k\u00f6kl\u00fc markalar veya \u00f6zel tasar\u0131m parf\u00fcmler i\u00e7in m\u00fckemmeldir.<\/li>\n<\/ol>","protected":false},"excerpt":{"rendered":"<p>Fabrikadan do\u011frudan tedarik edilen vintage kolonya \u015fi\u015feleri. Bu bo\u015f parf\u00fcm \u015fi\u015feleri, markalar i\u00e7in toplu \u00f6zelle\u015ftirme ve h\u0131zl\u0131 k\u00fcresel teslimat imkan\u0131 sunmaktad\u0131r.<\/p>","protected":false},"featured_media":4470,"template":"","meta":{"postBodyCss":"","postBodyMargin":[],"postBodyPadding":[],"postBodyBackground":{"backgroundType":"classic","gradient":""}},"product_brand":[],"product_cat":[15,16,62],"product_tag":[],"class_list":{"0":"post-4460","1":"product","2":"type-product","3":"status-publish","4":"has-post-thumbnail","6":"product_cat-glass-containers","7":"product_cat-glass-bottles","8":"product_cat-perfume-bottles","10":"first","11":"instock","12":"shipping-taxable","13":"product-type-simple"},"jetpack_sharing_enabled":true,"_links":{"self":[{"href":"https:\/\/minghanggroup.com\/tr\/wp-json\/wp\/v2\/product\/4460","targetHints":{"allow":["GET"]}}],"collection":[{"href":"https:\/\/minghanggroup.com\/tr\/wp-json\/wp\/v2\/product"}],"about":[{"href":"https:\/\/minghanggroup.com\/tr\/wp-json\/wp\/v2\/types\/product"}],"wp:featuredmedia":[{"embeddable":true,"href":"https:\/\/minghanggroup.com\/tr\/wp-json\/wp\/v2\/media\/4470"}],"wp:attachment":[{"href":"https:\/\/minghanggroup.com\/tr\/wp-json\/wp\/v2\/media?parent=4460"}],"wp:term":[{"taxonomy":"product_brand","embeddable":true,"href":"https:\/\/minghanggroup.com\/tr\/wp-json\/wp\/v2\/product_brand?post=4460"},{"taxonomy":"product_cat","embeddable":true,"href":"https:\/\/minghanggroup.com\/tr\/wp-json\/wp\/v2\/product_cat?post=4460"},{"taxonomy":"product_tag","embeddable":true,"href":"https:\/\/minghanggroup.com\/tr\/wp-json\/wp\/v2\/product_tag?post=4460"}],"curies":[{"name":"wp","href":"https:\/\/api.w.org\/{rel}","templated":true}]}}