{"id":4455,"date":"2026-01-08T15:04:49","date_gmt":"2026-01-08T07:04:49","guid":{"rendered":"https:\/\/minghanggroup.com\/?post_type=product&#038;p=4455"},"modified":"2026-01-08T15:17:05","modified_gmt":"2026-01-08T07:17:05","slug":"rectangular-black-cologne-bottles-wholesale","status":"publish","type":"product","link":"https:\/\/minghanggroup.com\/tr\/urun\/rectangular-black-cologne-bottles-wholesale\/","title":{"rendered":"30 ml, 50 ml, 100 ml Dikd\u00f6rtgen Siyah Kolonya \u015ei\u015feleri Toptan Sat\u0131\u015f"},"content":{"rendered":"<p>Bu siyah parf\u00fcm \u015fi\u015feleri mat, tamamen siyah bir y\u00fczeye sahip, g\u00f6vdesi dikd\u00f6rtgen (filmde kullan\u0131lan kenarlar hafif\u00e7e yuvarlat\u0131lm\u0131\u015f) ve kapa\u011f\u0131 siyah silindirik olup, uyumlu, sade ve sofistike bir g\u00f6r\u00fcn\u00fcm olu\u015fturmaktad\u0131r.<\/p>\n<h2>\u00dcr\u00fcn \u00d6zellikleri<\/h2>\n<ul>\n<li><strong>Mat Siyah Doku:<\/strong> \u015ei\u015fenin ve kapa\u011f\u0131n mat siyah rengi, so\u011fuk renklerin hakim oldu\u011fu ni\u015f moda ak\u0131mlar\u0131na uygun, zarif ama \u00fcst d\u00fczey bir dokunu\u015f kat\u0131yor.<\/li>\n<li><strong>Yuvarlak Dikd\u00f6rtgen G\u00f6vde:<\/strong> Dikd\u00f6rtgen \u015fi\u015fenin yuvarlak kenarlar\u0131, elde kolay tutu\u015f ve yerden tasarruf sa\u011flayan saklama imkan\u0131 sunar.<\/li>\n<li><strong>\u00c7e\u015fitli Boyutlar:<\/strong> G\u00fcnl\u00fck kullan\u0131m ve yeniden doldurulabilir \u015fi\u015feler gibi farkl\u0131 durumlara y\u00f6nelik ihtiya\u00e7lara g\u00f6re dikd\u00f6rtgen parf\u00fcm \u015fi\u015felerinin 3 farkl\u0131 boyutu bulunmaktad\u0131r.<\/li>\n<\/ul>\n<h2 style=\"text-align: left;\">Temel \u00d6zellikler<\/h2>\n<table class=\"aligncenter\" style=\"border-collapse: collapse; width: 469.52pt;\" border=\"0\" width=\"626\" cellspacing=\"0\" cellpadding=\"0\">\n<tbody>\n<tr style=\"height: 13.50pt;\">\n<td style=\"height: 13.50pt; width: 119.25pt;\" width=\"159\" height=\"18\">\u015eartname<\/td>\n<td style=\"width: 350.25pt;\" width=\"467\">Detaylar<\/td>\n<\/tr>\n<tr style=\"height: 13.50pt;\">\n<td style=\"height: 13.50pt;\" height=\"18\">Kapasite<\/td>\n<td>30 ml \/ 50 ml \/ 100 ml<\/td>\n<\/tr>\n<tr style=\"height: 13.50pt;\">\n<td style=\"height: 13.50pt;\" height=\"18\">Boyutlar<\/td>\n<td>42\u00d729\u00d776 mm \/ 51\u00d728\u00d791 mm \/ 53\u00d736\u00d7116 mm<\/td>\n<\/tr>\n<tr style=\"height: 13.50pt;\">\n<td style=\"height: 13.50pt;\" height=\"18\">Malzeme<\/td>\n<td>Mat Siyah Kaplamal\u0131 Cam<\/td>\n<\/tr>\n<tr style=\"height: 13.50pt;\">\n<td style=\"height: 13.50pt;\" height=\"18\">\u015ei\u015fe \u015eekli<\/td>\n<td>Dikd\u00f6rtgen<\/td>\n<\/tr>\n<tr style=\"height: 13.50pt;\">\n<td style=\"height: 13.50pt;\" height=\"18\">\u00d6zelle\u015ftirme Kapsam\u0131<\/td>\n<td>Y\u00fczey Dokusu, Kapak Detay\u0131, Kabartma, Zarif Markalama<\/td>\n<\/tr>\n<tr style=\"height: 13.50pt;\">\n<td style=\"height: 13.50pt;\" height=\"18\">\u0130\u015f\u00e7ilik<\/td>\n<td>Hassas Cam \u015eekillendirme, D\u00fczg\u00fcn Mat Kaplama Uygulamas\u0131<\/td>\n<\/tr>\n<tr style=\"height: 13.50pt;\">\n<td style=\"height: 13.50pt;\" height=\"18\">\u00dcr\u00fcn Amac\u0131<\/td>\n<td>Toptan Siyah Kolonya \u015ei\u015feleri, Antika Parf\u00fcm \u015ei\u015feleri<\/td>\n<\/tr>\n<tr style=\"height: 13.50pt;\">\n<td style=\"height: 13.50pt;\" height=\"18\">Uygun Sekt\u00f6rler<\/td>\n<td>\u00c7a\u011fda\u015f Parf\u00fcmeri, L\u00fcks Cilt Bak\u0131m\u0131<\/td>\n<\/tr>\n<\/tbody>\n<\/table>\n<h2>Ba\u015far\u0131 \u00d6yk\u00fcs\u00fc: Tokyo&#039;lu Bir Avant-Garde Parf\u00fcmc\u00fcs\u00fcn\u00fcn \u00d6zel Markas\u0131<\/h2>\n<p>Tokyo merkezli ni\u015f parf\u00fcm markalar\u0131ndan biri, 100 ml&#039;lik siyah kolonya \u015fi\u015felerimizi \u00f6zel bir \u00fcr\u00fcn olarak kullanmaya karar verdi ve daha iyi bir tutu\u015f sa\u011flamak i\u00e7in mikro dokulu mat bir y\u00fczeyle ki\u015fiselle\u015ftirdi. \u00d6zel mat siyah tasar\u0131m sayesinde marka bilinirli\u011fi artt\u0131; ayr\u0131ca raf g\u00f6r\u00fcn\u00fcrl\u00fc\u011f\u00fc artarak geleneksel \u015feffaf \u015fi\u015felere k\u0131yasla sat\u0131\u015flarda &#039;l\u0131k bir art\u0131\u015f sa\u011flad\u0131. Marka, parf\u00fcm \u015fi\u015fesinin markay\u0131 nas\u0131l yans\u0131tt\u0131\u011f\u0131ndan son derece memnun kald\u0131 ve 500.000 \u015fi\u015felik ek bir sipari\u015f vererek d\u00fcnya \u00e7ap\u0131nda \u00f6zel bir da\u011f\u0131t\u0131m s\u00f6zle\u015fmesi imzalad\u0131.<\/p>\n<h2>Siyah parf\u00fcm \u015fi\u015feleri ki\u015fiselle\u015ftirilebilir.<\/h2>\n<ul>\n<li>Kaplama Dokular\u0131 ve Parlakl\u0131klar\u0131: Ultra mat ile saten aras\u0131nda de\u011fi\u015fen bir dizi se\u00e7enek sunar veya baz\u0131 mikro dokular ekler.<\/li>\n<li>Cam Taban Renkleri: Mat kaplama uygulanarak \u015feffaf, f\u00fcme veya vitray camlara \u00f6zel bir olgunluk efekti katar.<\/li>\n<li>\u015eapka S\u00fcslemeleri: \u015eapkaya basit bir metal halka, kau\u00e7uk veya ba\u015fka dokular ekleyin.<\/li>\n<li>Kontrast Serigrafi Bask\u0131: Bir mat \u00fczerine kontrast renkler (beyaz, metalik) basmak.<\/li>\n<\/ul>","protected":false},"excerpt":{"rendered":"<p>\u015e\u0131k siyah parf\u00fcm \u015fi\u015feleri, p\u00fcr\u00fczs\u00fcz mat doku ve uyumlu kapaklar\u0131yla dikkat \u00e7ekiyor. B\u00fcy\u00fck \u00f6l\u00e7ekli al\u0131mlarda siyah kolonya \u015fi\u015felerinde toplu sipari\u015f indirimi mevcuttur.<\/p>","protected":false},"featured_media":4458,"template":"","meta":{"postBodyCss":"","postBodyMargin":[],"postBodyPadding":[],"postBodyBackground":{"backgroundType":"classic","gradient":""}},"product_brand":[],"product_cat":[15,16,62],"product_tag":[],"class_list":{"0":"post-4455","1":"product","2":"type-product","3":"status-publish","4":"has-post-thumbnail","6":"product_cat-glass-containers","7":"product_cat-glass-bottles","8":"product_cat-perfume-bottles","10":"first","11":"instock","12":"shipping-taxable","13":"product-type-simple"},"jetpack_sharing_enabled":true,"_links":{"self":[{"href":"https:\/\/minghanggroup.com\/tr\/wp-json\/wp\/v2\/product\/4455","targetHints":{"allow":["GET"]}}],"collection":[{"href":"https:\/\/minghanggroup.com\/tr\/wp-json\/wp\/v2\/product"}],"about":[{"href":"https:\/\/minghanggroup.com\/tr\/wp-json\/wp\/v2\/types\/product"}],"wp:featuredmedia":[{"embeddable":true,"href":"https:\/\/minghanggroup.com\/tr\/wp-json\/wp\/v2\/media\/4458"}],"wp:attachment":[{"href":"https:\/\/minghanggroup.com\/tr\/wp-json\/wp\/v2\/media?parent=4455"}],"wp:term":[{"taxonomy":"product_brand","embeddable":true,"href":"https:\/\/minghanggroup.com\/tr\/wp-json\/wp\/v2\/product_brand?post=4455"},{"taxonomy":"product_cat","embeddable":true,"href":"https:\/\/minghanggroup.com\/tr\/wp-json\/wp\/v2\/product_cat?post=4455"},{"taxonomy":"product_tag","embeddable":true,"href":"https:\/\/minghanggroup.com\/tr\/wp-json\/wp\/v2\/product_tag?post=4455"}],"curies":[{"name":"wp","href":"https:\/\/api.w.org\/{rel}","templated":true}]}}