{"id":4449,"date":"2026-01-08T13:06:20","date_gmt":"2026-01-08T05:06:20","guid":{"rendered":"https:\/\/minghanggroup.com\/?post_type=product&#038;p=4449"},"modified":"2026-01-08T15:04:29","modified_gmt":"2026-01-08T07:04:29","slug":"square-glass-fragrance-bottles-with-lids-wholesale","status":"publish","type":"product","link":"https:\/\/minghanggroup.com\/tr\/urun\/square-glass-fragrance-bottles-with-lids-wholesale\/","title":{"rendered":"100 ml Kare Cam Parf\u00fcm \u015ei\u015feleri (Kapakl\u0131) Toptan Sat\u0131\u015f"},"content":{"rendered":"<p>Bu parf\u00fcm \u015fi\u015feleri son derece \u015feffaf cam malzemeden \u00fcretilmi\u015ftir ve keskin kenarl\u0131 dikd\u00f6rtgen bir \u015fekle sahiptir; mat siyah malzemeden yap\u0131lm\u0131\u015f kare kapak ise \u015fi\u015feyle tezat olu\u015fturmaktad\u0131r.<\/p>\n<h2>\u00dcr\u00fcn \u00d6zellikleri<\/h2>\n<ul>\n<li><strong>Dikd\u00f6rtgen \u015ei\u015fe:<\/strong> Keskin hatlara sahip dikd\u00f6rtgen \u015fi\u015fe tasar\u0131m\u0131, g\u00f6rsel derinli\u011fi art\u0131rmakla kalmaz, ayn\u0131 zamanda daha rahat bir tutu\u015f sa\u011flar.<\/li>\n<li><strong>Siyah Kare \u015eapka:<\/strong> Siyah kare kapak, \u015feffaf \u015fi\u015feyle belirgin bir renk kontrast\u0131 olu\u015fturarak \u015f\u0131k ve kolayca tan\u0131nabilir bir tarz yarat\u0131yor.<\/li>\n<li><strong>Y\u00fcksek \u015eeffafl\u0131kta Cam:<\/strong> Y\u00fcksek ve \u015feffaf cam, i\u00e7erideki kokuyu kolayca g\u00f6rmenizi sa\u011flar, b\u00f6ylece mekan ferah ve temiz bir atmosfere kavu\u015fur.<\/li>\n<\/ul>\n<h2 style=\"text-align: left;\">Temel \u00d6zellikler<\/h2>\n<table class=\"aligncenter\" style=\"border-collapse: collapse; width: 483.02pt;\" border=\"0\" width=\"644\" cellspacing=\"0\" cellpadding=\"0\">\n<tbody>\n<tr style=\"height: 13.50pt;\">\n<td style=\"height: 13.50pt; width: 119.25pt;\" width=\"159\" height=\"18\">\u015eartname<\/td>\n<td style=\"width: 363.75pt;\" width=\"485\">Detaylar<\/td>\n<\/tr>\n<tr style=\"height: 13.50pt;\">\n<td style=\"height: 13.50pt;\" height=\"18\">Kapasite<\/td>\n<td>100 ml<\/td>\n<\/tr>\n<tr style=\"height: 13.50pt;\">\n<td style=\"height: 13.50pt;\" height=\"18\">Boyutlar<\/td>\n<td>52\u00d752\u00d7103 mm<\/td>\n<\/tr>\n<tr style=\"height: 13.50pt;\">\n<td style=\"height: 13.50pt;\" height=\"18\">Malzeme<\/td>\n<td>Y\u00fcksek \u015eeffafl\u0131kta Cam, Metal Kapak<\/td>\n<\/tr>\n<tr style=\"height: 13.50pt;\">\n<td style=\"height: 13.50pt;\" height=\"18\">\u015ei\u015fe \u015eekli<\/td>\n<td>Kare<\/td>\n<\/tr>\n<tr style=\"height: 13.50pt;\">\n<td style=\"height: 13.50pt;\" height=\"18\">\u00d6zelle\u015ftirme Kapsam\u0131<\/td>\n<td>Renk\/Y\u00fczey \u0130\u015flemi, Boyut, \u015eekil, Grav\u00fcr\/Bask\u0131<\/td>\n<\/tr>\n<tr style=\"height: 13.50pt;\">\n<td style=\"height: 13.50pt;\" height=\"18\">\u0130\u015f\u00e7ilik<\/td>\n<td>Hassas Cam Kesimi ve Pah K\u0131rma, Mat Y\u00fczey Uygulamas\u0131<\/td>\n<\/tr>\n<tr style=\"height: 13.50pt;\">\n<td style=\"height: 13.50pt;\" height=\"18\">\u00dcr\u00fcn Amac\u0131<\/td>\n<td>Cam Parf\u00fcm \u015ei\u015feleri, Toplu Parf\u00fcm \u015ei\u015feleri<\/td>\n<\/tr>\n<tr style=\"height: 13.50pt;\">\n<td style=\"height: 13.50pt;\" height=\"18\">Uygun Sekt\u00f6rler<\/td>\n<td>Modern Parf\u00fcmeri, Ki\u015fisel Bak\u0131m Markalar\u0131, L\u00fcks Perakende<\/td>\n<\/tr>\n<\/tbody>\n<\/table>\n<h2>Ba\u015far\u0131 Hikayesi<\/h2>\n<p>Profesyonel aromaterapistlere ve amat\u00f6rlere \u00fcr\u00fcn tedarik eden pop\u00fcler bir sat\u0131c\u0131, y\u00fcksek kaliteli ve uzun \u00f6m\u00fcrl\u00fc bir parf\u00fcm \u015fi\u015fesine ihtiya\u00e7 duyuyordu. 100 ml&#039;lik parf\u00fcm \u015fi\u015femizi se\u00e7tiler ve kehribar renginde, UV \u0131\u015f\u0131nlar\u0131na dayan\u0131kl\u0131 cam bir g\u00f6vde tasarlad\u0131lar. S\u0131zd\u0131rmaz kare tasar\u0131m, paketleme ve nakliye hasar\u0131n\u0131 neredeyse s\u0131f\u0131ra indirme a\u00e7\u0131s\u0131ndan en uygun y\u00f6ntemdi. Sade g\u00f6r\u00fcn\u00fcm\u00fc, sosyal medyada payla\u015f\u0131mda 0&#039;l\u00fck bir art\u0131\u015fa yol a\u00e7t\u0131. M\u00fc\u015fteri sadakati ve \u00e7ok d\u00fc\u015f\u00fck \u015fikayet seviyesi, tedarik\u00e7iyi etkiledi ve standart 100 ml&#039;lik dolum \u015fi\u015felerinden 500.000 adet daha sipari\u015f verdi.<\/p>\n<h2>Cam Parf\u00fcm \u015ei\u015feleri \u00d6zelle\u015ftirme<\/h2>\n<ul>\n<li>Cam Rengi ve \u015eeffafl\u0131\u011f\u0131: \u015eeffaf cam, kehribar (UV korumal\u0131) cam, kobalt mavisi cam ve f\u00fcme gri cam se\u00e7enekleri mevcuttur.<\/li>\n<li>Kenar Dokusu Deseni: Kenar kesimlerinin 3 boyutlu desen tasar\u0131mlar\u0131 (elmas, dalgal\u0131, \u00e7apraz tarama) \u00f6zelle\u015ftirilebilir.<\/li>\n<li>\u015ei\u015fe Lazer \u0130\u015fleme: \u015ei\u015fenin d\u00fcz y\u00fczeyine \u00f6l\u00e7ek \u00e7izgileri, logolar veya kullan\u0131m talimatlar\u0131 i\u015flenir.<\/li>\n<li>Kaymaz Dokulu Paneller: Daha y\u00fcksek genel kaymazl\u0131k performans\u0131 sa\u011flamak i\u00e7in iki b\u00fcy\u00fck yan panel kum p\u00fcsk\u00fcrtme y\u00f6ntemiyle i\u015flenmi\u015ftir.<\/li>\n<\/ul>","protected":false},"excerpt":{"rendered":"<p>Dikd\u00f6rtgen kesimli tasar\u0131ma ve siyah kare kapa\u011fa sahip, y\u00fcksek \u015feffafl\u0131kta cam parf\u00fcm \u015fi\u015feleri. G\u00fcnl\u00fck parf\u00fcm kullan\u0131m\u0131 i\u00e7in minimalist ve dayan\u0131kl\u0131, do\u011frudan fabrikadan tedarik.<\/p>","protected":false},"featured_media":4452,"template":"","meta":{"postBodyCss":"","postBodyMargin":[],"postBodyPadding":[],"postBodyBackground":{"backgroundType":"classic","gradient":""}},"product_brand":[],"product_cat":[15,16,62],"product_tag":[],"class_list":{"0":"post-4449","1":"product","2":"type-product","3":"status-publish","4":"has-post-thumbnail","6":"product_cat-glass-containers","7":"product_cat-glass-bottles","8":"product_cat-perfume-bottles","10":"first","11":"instock","12":"shipping-taxable","13":"product-type-simple"},"jetpack_sharing_enabled":true,"_links":{"self":[{"href":"https:\/\/minghanggroup.com\/tr\/wp-json\/wp\/v2\/product\/4449","targetHints":{"allow":["GET"]}}],"collection":[{"href":"https:\/\/minghanggroup.com\/tr\/wp-json\/wp\/v2\/product"}],"about":[{"href":"https:\/\/minghanggroup.com\/tr\/wp-json\/wp\/v2\/types\/product"}],"wp:featuredmedia":[{"embeddable":true,"href":"https:\/\/minghanggroup.com\/tr\/wp-json\/wp\/v2\/media\/4452"}],"wp:attachment":[{"href":"https:\/\/minghanggroup.com\/tr\/wp-json\/wp\/v2\/media?parent=4449"}],"wp:term":[{"taxonomy":"product_brand","embeddable":true,"href":"https:\/\/minghanggroup.com\/tr\/wp-json\/wp\/v2\/product_brand?post=4449"},{"taxonomy":"product_cat","embeddable":true,"href":"https:\/\/minghanggroup.com\/tr\/wp-json\/wp\/v2\/product_cat?post=4449"},{"taxonomy":"product_tag","embeddable":true,"href":"https:\/\/minghanggroup.com\/tr\/wp-json\/wp\/v2\/product_tag?post=4449"}],"curies":[{"name":"wp","href":"https:\/\/api.w.org\/{rel}","templated":true}]}}