{"id":4421,"date":"2026-01-07T14:49:56","date_gmt":"2026-01-07T06:49:56","guid":{"rendered":"https:\/\/minghanggroup.com\/?post_type=product&#038;p=4421"},"modified":"2026-01-07T16:57:10","modified_gmt":"2026-01-07T08:57:10","slug":"empty-perfume-square-bottles-with-lids-bulk","status":"publish","type":"product","link":"https:\/\/minghanggroup.com\/tr\/urun\/empty-perfume-square-bottles-with-lids-bulk\/","title":{"rendered":"100 ml&#039;lik Kapakl\u0131 Kare Bo\u015f Parf\u00fcm \u015ei\u015feleri (Toptan)"},"content":{"rendered":"<p>Bu kare parf\u00fcm \u015fi\u015fesi \u00e7ok \u015feffaf camdan \u00fcretilmi\u015ftir. Kapa\u011f\u0131 \u015feffaf, \u00e7ok y\u00fczl\u00fc bir tasar\u0131ma sahiptir ve ince bir g\u00fcm\u00fc\u015f metal halka ile \u015fi\u015fenin g\u00f6vdesine g\u00fczel bir \u015fekilde tutturulmu\u015ftur.<\/p>\n<h2>\u00dcr\u00fcn \u00d6zellikleri<\/h2>\n<ul>\n<li><strong>Elmas \u015feklinde kapak tasar\u0131m\u0131:<\/strong> \u015eeffaf kapak, elmas \u015feklinde kesilmi\u015ftir ve g\u00fcm\u00fc\u015f metal detaylar, kapa\u011f\u0131n \u00fczerinde g\u00f6rsel bir unsur olarak dikkat \u00e7ekmesini sa\u011flar.<\/li>\n<li><strong>\u015eeffaf cam madde:<\/strong> Kristal cam tamamen saydamd\u0131r, bu sayede i\u00e7indeki s\u0131v\u0131 net bir \u015fekilde g\u00f6r\u00fclebilirken, \u00fcr\u00fcn\u00fcn l\u00fcks dokusu da ortaya \u00e7\u0131kar.<\/li>\n<li><strong>L\u00fcks kare \u015fi\u015fe tasar\u0131m\u0131:<\/strong> Kare \u015feklindeki temel \u015fi\u015fe tasar\u0131m\u0131, g\u00fczellik ve rahatl\u0131\u011f\u0131 bir araya getiriyor ve bu nedenle \u015f\u0131k bir makyaj masas\u0131na m\u00fckemmel uyum sa\u011fl\u0131yor.<\/li>\n<\/ul>\n<h2 style=\"text-align: left;\">Temel \u00d6zellikler<\/h2>\n<table class=\"aligncenter\" style=\"border-collapse: collapse; width: 444.77pt;\" border=\"0\" width=\"593\" cellspacing=\"0\" cellpadding=\"0\">\n<tbody>\n<tr style=\"height: 13.50pt;\">\n<td style=\"height: 13.50pt; width: 119.25pt;\" width=\"159\" height=\"18\">\u015eartname<\/td>\n<td style=\"width: 325.50pt;\" width=\"434\">Detaylar<\/td>\n<\/tr>\n<tr style=\"height: 13.50pt;\">\n<td style=\"height: 13.50pt;\" height=\"18\">Kapasite<\/td>\n<td>100 ml<\/td>\n<\/tr>\n<tr style=\"height: 13.50pt;\">\n<td style=\"height: 13.50pt;\" height=\"18\">Boyutlar<\/td>\n<td>57\u00d757\u00d769 mm<\/td>\n<\/tr>\n<tr style=\"height: 13.50pt;\">\n<td style=\"height: 13.50pt;\" height=\"18\">Malzeme<\/td>\n<td>Kristal Kalitesinde Cam, Metal Bile\u015fenler<\/td>\n<\/tr>\n<tr style=\"height: 13.50pt;\">\n<td style=\"height: 13.50pt;\" height=\"18\">\u015ei\u015fe \u015eekli<\/td>\n<td>K\u00fcp<\/td>\n<\/tr>\n<tr style=\"height: 13.50pt;\">\n<td style=\"height: 13.50pt;\" height=\"18\">\u00d6zelle\u015ftirme Kapsam\u0131<\/td>\n<td>Renk, \u015eekil, Boyut, Kapak Kesimi, Y\u00fczey \u0130\u015flemi<\/td>\n<\/tr>\n<tr style=\"height: 13.50pt;\">\n<td style=\"height: 13.50pt;\" height=\"18\">\u0130\u015f\u00e7ilik<\/td>\n<td>Hassas Cam \u015eekillendirme, Y\u00fczey Kesimi, Metal Montaj\u0131<\/td>\n<\/tr>\n<tr style=\"height: 13.50pt;\">\n<td style=\"height: 13.50pt;\" height=\"18\">\u00dcr\u00fcn Amac\u0131<\/td>\n<td>Kare Parf\u00fcm \u015ei\u015feleri, Kolonya \u015ei\u015feleri<\/td>\n<\/tr>\n<tr style=\"height: 13.50pt;\">\n<td style=\"height: 13.50pt;\" height=\"18\">Uygun Sekt\u00f6rler<\/td>\n<td>Y\u00fcksek Parf\u00fcmeri, L\u00fcks \u00dcr\u00fcnler, Se\u00e7kin A\u011f\u0131rlama<\/td>\n<\/tr>\n<\/tbody>\n<\/table>\n<h2>Ba\u015far\u0131 Hikayesi<\/h2>\n<p>100 ml&#039;lik bo\u015f parf\u00fcm \u015fi\u015felerimiz, Milano&#039;lu \u00fcnl\u00fc bir moda evi taraf\u0131ndan se\u00e7ildi ve f\u00fcme k\u00f6m\u00fcr siyah\u0131 cam kapaklar ve paladyum kaplama metal aksesuarlarla yeniden tasarland\u0131. Bu k\u00fcp \u015fekli, k\u00f6r testlerde hedef pazarda 0 marka bilinirli\u011fine ula\u015fmay\u0131 ba\u015fard\u0131\u011f\u0131 i\u00e7in k\u0131sa s\u00fcrede prototip haline geldi. G\u00fczel tasar\u0131m\u0131yla internette b\u00fcy\u00fck yank\u0131 uyand\u0131rd\u0131 ve 10 milyondan fazla g\u00f6sterim ald\u0131. Lansman\u0131n ba\u015far\u0131s\u0131 ve \u015fi\u015fenin k\u00fclt stat\u00fcs\u00fc, markay\u0131 memnun etti ve d\u00fcnya \u00e7ap\u0131nda da\u011f\u0131t\u0131lmak \u00fczere 600.000 \u015fi\u015felik ek bir sipari\u015f daha al\u0131nmas\u0131n\u0131 sa\u011flad\u0131.<\/p>\n<h2>Kare Parf\u00fcm \u015ei\u015feleri Ki\u015fiselle\u015ftirilebilir<\/h2>\n<ul>\n<li>Metal Sap \u00d6zelle\u015ftirme: Alt\u0131n, rose gold, siyah krom ve di\u011fer kaplamalarla sipari\u015f edilebilir.<\/li>\n<li>\u00d6zel \u015eapka Tasar\u0131mlar\u0131: \u015eapkaya \u00f6zel kesimler veya grav\u00fcrler yapt\u0131rabilirsiniz.<\/li>\n<li>Lazerle \u0130\u015fleme: Marka logosunu, monogram\u0131 veya geometrik desenleri do\u011frudan \u015fi\u015fenin y\u00fczeyine lazerle i\u015fleyin.<\/li>\n<li>Kabartmal\u0131 Marka Logosu: Marka logosu, k\u00fcp\u00fcn alt k\u0131sm\u0131na zarif bir \u015fekilde kabartma olarak i\u015flenmi\u015ftir.<\/li>\n<\/ul>","protected":false},"excerpt":{"rendered":"<p>\u015e\u0131k 100 ml&#039;lik kare parf\u00fcm \u015fi\u015fesi, kare g\u00f6vdesi, g\u00fcm\u00fc\u015f detayl\u0131 halkas\u0131 ve kesme cam kapa\u011f\u0131yla \u00fcst d\u00fczey parf\u00fcm ambalajlar\u0131n\u0131 daha da \u00fcst seviyeye ta\u015f\u0131mak \u00fczere tasarlanm\u0131\u015ft\u0131r. \u00dccretsiz numuneler.<\/p>","protected":false},"featured_media":4426,"template":"","meta":{"postBodyCss":"","postBodyMargin":[],"postBodyPadding":[],"postBodyBackground":{"backgroundType":"classic","gradient":""}},"product_brand":[],"product_cat":[15,16,62],"product_tag":[],"class_list":{"0":"post-4421","1":"product","2":"type-product","3":"status-publish","4":"has-post-thumbnail","6":"product_cat-glass-containers","7":"product_cat-glass-bottles","8":"product_cat-perfume-bottles","10":"first","11":"instock","12":"shipping-taxable","13":"product-type-simple"},"jetpack_sharing_enabled":true,"_links":{"self":[{"href":"https:\/\/minghanggroup.com\/tr\/wp-json\/wp\/v2\/product\/4421","targetHints":{"allow":["GET"]}}],"collection":[{"href":"https:\/\/minghanggroup.com\/tr\/wp-json\/wp\/v2\/product"}],"about":[{"href":"https:\/\/minghanggroup.com\/tr\/wp-json\/wp\/v2\/types\/product"}],"wp:featuredmedia":[{"embeddable":true,"href":"https:\/\/minghanggroup.com\/tr\/wp-json\/wp\/v2\/media\/4426"}],"wp:attachment":[{"href":"https:\/\/minghanggroup.com\/tr\/wp-json\/wp\/v2\/media?parent=4421"}],"wp:term":[{"taxonomy":"product_brand","embeddable":true,"href":"https:\/\/minghanggroup.com\/tr\/wp-json\/wp\/v2\/product_brand?post=4421"},{"taxonomy":"product_cat","embeddable":true,"href":"https:\/\/minghanggroup.com\/tr\/wp-json\/wp\/v2\/product_cat?post=4421"},{"taxonomy":"product_tag","embeddable":true,"href":"https:\/\/minghanggroup.com\/tr\/wp-json\/wp\/v2\/product_tag?post=4421"}],"curies":[{"name":"wp","href":"https:\/\/api.w.org\/{rel}","templated":true}]}}