{"id":4420,"date":"2026-01-07T15:09:11","date_gmt":"2026-01-07T07:09:11","guid":{"rendered":"https:\/\/minghanggroup.com\/?post_type=product&#038;p=4420"},"modified":"2026-01-07T16:56:08","modified_gmt":"2026-01-07T08:56:08","slug":"glass-square-vintage-perfume-bottles-with-pump-wholesale","status":"publish","type":"product","link":"https:\/\/minghanggroup.com\/tr\/urun\/glass-square-vintage-perfume-bottles-with-pump-wholesale\/","title":{"rendered":"30 ml \u2013 100 ml Pompal\u0131 Kare Cam Vintage Parf\u00fcm \u015ei\u015feleri Toptan Sat\u0131\u015f"},"content":{"rendered":"<p>Pompal\u0131 vintage parf\u00fcm \u015fi\u015feleriniz, m\u00fc\u015fterilerin raf\u0131n ortas\u0131nda durup incelemesini sa\u011flamal\u0131. Her bir cam parf\u00fcm \u015fi\u015fesinin zamans\u0131z l\u00fcks\u00fc yans\u0131tt\u0131\u011f\u0131, ger\u00e7ekten sat\u0131\u015f yapan koku ambalajlar\u0131 i\u00e7in tasarlanm\u0131\u015f k\u00fc\u00e7\u00fck sprey parf\u00fcm \u015fi\u015feleri \u00fcretiyoruz.<\/p>\n<h2>\u00dcr\u00fcn \u00d6zellikleri<\/h2>\n<ul>\n<li><strong>Kare Taban Dengesi:<\/strong> Kare taban\u0131 kal\u0131nla\u015ft\u0131rd\u0131n\u0131z m\u0131? K\u00fc\u00e7\u00fck sprey parf\u00fcm \u015fi\u015feleriniz perakende raflar\u0131nda kesinlikle sallanm\u0131yor, a\u011f\u0131r ve kaliteli bir hava veriyor.<\/li>\n<li><strong>Klasik \u015eapka Ki\u015fiselle\u015ftirme:<\/strong> Kapaklar\u0131 ceviz kahverengisi mi, a\u00e7\u0131k me\u015fe mi yoksa mat siyah m\u0131? Onlar\u0131 kokunun ruhuyla e\u015fle\u015ftirin.<\/li>\n<li><strong>Kristal Cam\u0131n Berrakl\u0131\u011f\u0131:<\/strong> Bu cam \u015fi\u015fe sayesinde, herhangi bir bulan\u0131k yan\u0131lsama olmadan, parf\u00fcm\u00fcn\u00fcz\u00fcn ger\u00e7ek rengini ortaya \u00e7\u0131kar\u0131n.<\/li>\n<\/ul>\n<h2>Temel \u00d6zellikler<\/h2>\n<table style=\"border-collapse: collapse; width: 80%; margin-left: auto; margin-right: auto;\" border=\"0\" width=\"360\" cellspacing=\"0\" cellpadding=\"0\">\n<tbody>\n<tr style=\"height: 13.50pt;\">\n<td style=\"height: 13.5pt; width: 54pt; text-align: center;\" width=\"72\" height=\"18\">Kapasite(ml)<\/td>\n<td style=\"width: 54pt; text-align: center;\" width=\"72\">\u00d6l\u00e7\u00fcler (mm)<\/td>\n<td style=\"width: 54pt; text-align: center;\" width=\"72\">Kalibre<\/td>\n<td style=\"width: 54pt; text-align: center;\" width=\"72\">M\u00fch\u00fcr Tipi<\/td>\n<td style=\"width: 54pt; text-align: center;\" width=\"72\">Renk<\/td>\n<\/tr>\n<tr style=\"height: 13.50pt;\">\n<td style=\"height: 13.5pt; text-align: center;\" height=\"18\">30<\/td>\n<td style=\"text-align: center;\">35\u00d735\u00d766<\/td>\n<td class=\"et2\" style=\"text-align: center;\" rowspan=\"5\">15 mm<\/td>\n<td class=\"et2\" style=\"text-align: center;\" rowspan=\"5\">Sprey \u00fcst\u00fc<\/td>\n<td class=\"et2\" style=\"text-align: center;\" rowspan=\"5\">\u015eeffaf cam, ceviz kahverengi, a\u00e7\u0131k me\u015fe, mat siyah kapak (\u00f6zelle\u015ftirilebilir)<\/td>\n<\/tr>\n<tr style=\"height: 13.50pt;\">\n<td style=\"height: 13.5pt; text-align: center;\" height=\"18\">30<\/td>\n<td style=\"text-align: center;\">37\u00d737\u00d765<\/td>\n<\/tr>\n<tr style=\"height: 13.50pt;\">\n<td style=\"height: 13.5pt; text-align: center;\" height=\"18\">50<\/td>\n<td style=\"text-align: center;\">32\u00d732\u00d785<\/td>\n<\/tr>\n<tr style=\"height: 13.50pt;\">\n<td style=\"height: 13.5pt; text-align: center;\" height=\"18\">45<\/td>\n<td style=\"text-align: center;\">37\u00d737\u00d786<\/td>\n<\/tr>\n<tr style=\"height: 13.50pt;\">\n<td style=\"height: 13.5pt; text-align: center;\" height=\"18\">100<\/td>\n<td style=\"text-align: center;\">47\u00d747\u00d7103<\/td>\n<\/tr>\n<\/tbody>\n<\/table>\n<h2>Ba\u015far\u0131 \u00d6rne\u011fi<\/h2>\n<p>Ba\u011f\u0131ms\u0131z bir marka olan ve uzmanl\u0131k alan\u0131 vintage parf\u00fcmler olan \u015firket, yeni koleksiyonunu geli\u015ftirirken ambalaj olarak bu vintage pompal\u0131 parf\u00fcm \u015fi\u015felerini kullanmaya karar verdi. Kal\u0131nla\u015ft\u0131r\u0131lm\u0131\u015f kare camdan yap\u0131lm\u0131\u015f, mat siyah sprey pompal\u0131, 50 ml&#039;lik k\u00fc\u00e7\u00fck kapasiteli \u00f6zel bir versiyon tercih ettiler. Marka bilinirli\u011fini art\u0131rmak i\u00e7in, \u015fi\u015fenin \u00f6n y\u00fcz\u00fc ipek bask\u0131 tekni\u011fiyle d\u00fc\u015f\u00fck doygunlukta alt\u0131n rengi bir logo ile s\u00fcslendi ve alt k\u0131sm\u0131, genel hissi ve sa\u011flaml\u0131\u011f\u0131 art\u0131rmakla kalmay\u0131p, \u00fcr\u00fcn\u00fcn nakliye s\u0131ras\u0131nda hasar g\u00f6rme olas\u0131l\u0131\u011f\u0131n\u0131 azaltmak i\u00e7in ekstra kal\u0131n yap\u0131ld\u0131.<\/p>\n<p>\u0130lk sipari\u015f 3.000 adet k\u00fc\u00e7\u00fck sprey parf\u00fcm \u015fi\u015fesi i\u00e7indi. \u00dc\u00e7 ay sonra seri ikinci bir sipari\u015f ald\u0131 ve daha sonra ek \u015fi\u015fe kapa\u011f\u0131 renkleri ve kapasite se\u00e7enekleri i\u00e7eren i\u015f birlikleri, markan\u0131n imzas\u0131 niteli\u011findeki ambalaj sistemi haline geldi.<\/p>\n<h2>\u00d6zelle\u015ftirme Se\u00e7enekleriniz<\/h2>\n<ol>\n<li><strong>\u015eapka Rengiyle Hikaye Anlat\u0131m\u0131: <\/strong>Topraks\u0131, odunsu kokular i\u00e7in ceviz a\u011fac\u0131ndan yap\u0131lm\u0131\u015f kapaklar\u0131, gizemli bir unsur katmak i\u00e7in siyah kapaklar\u0131 ve ferah notalar i\u00e7in me\u015fe a\u011fac\u0131ndan yap\u0131lm\u0131\u015f kapaklar\u0131 tercih edin.<\/li>\n<li><strong>Toplu Logo Entegrasyonu: <\/strong>Logonuzu, toptan sat\u0131\u015fa sunulan k\u00fc\u00e7\u00fck sprey parf\u00fcm \u015fi\u015felerinin kare taban\u0131na lazerle i\u015fleyerek, hemen g\u00f6r\u00fcnmeyecek \u015fekilde markan\u0131z\u0131 \u00f6n plana \u00e7\u0131kar\u0131n.<\/li>\n<li><strong>Markalama se\u00e7enekleri: <\/strong>\u00d6zelle\u015ftirilebilir se\u00e7eneklerden baz\u0131lar\u0131, marka bilinirli\u011fini art\u0131rmak i\u00e7in \u00fcr\u00fcn \u00fczerine serigrafi, s\u0131cak bask\u0131 (alt\u0131n veya g\u00fcm\u00fc\u015f) veya kum p\u00fcsk\u00fcrtme y\u00f6ntemiyle logo bask\u0131s\u0131 yapmakt\u0131r.<\/li>\n<\/ol>","protected":false},"excerpt":{"rendered":"<p>Markalar ve toptanc\u0131lar i\u00e7in pompa mekanizmal\u0131 vintage parf\u00fcm \u015fi\u015feleri. K\u00fc\u00e7\u00fck sprey parf\u00fcm \u015fi\u015feleri, fabrika do\u011frudan tedarik, toplu \u00f6zelle\u015ftirme, h\u0131zl\u0131 global teslimat.<\/p>","protected":false},"featured_media":4423,"template":"","meta":{"postBodyCss":"","postBodyMargin":[],"postBodyPadding":[],"postBodyBackground":{"backgroundType":"classic","gradient":""}},"product_brand":[],"product_cat":[15,16,62],"product_tag":[],"class_list":{"0":"post-4420","1":"product","2":"type-product","3":"status-publish","4":"has-post-thumbnail","6":"product_cat-glass-containers","7":"product_cat-glass-bottles","8":"product_cat-perfume-bottles","10":"first","11":"instock","12":"shipping-taxable","13":"product-type-simple"},"jetpack_sharing_enabled":true,"_links":{"self":[{"href":"https:\/\/minghanggroup.com\/tr\/wp-json\/wp\/v2\/product\/4420","targetHints":{"allow":["GET"]}}],"collection":[{"href":"https:\/\/minghanggroup.com\/tr\/wp-json\/wp\/v2\/product"}],"about":[{"href":"https:\/\/minghanggroup.com\/tr\/wp-json\/wp\/v2\/types\/product"}],"wp:featuredmedia":[{"embeddable":true,"href":"https:\/\/minghanggroup.com\/tr\/wp-json\/wp\/v2\/media\/4423"}],"wp:attachment":[{"href":"https:\/\/minghanggroup.com\/tr\/wp-json\/wp\/v2\/media?parent=4420"}],"wp:term":[{"taxonomy":"product_brand","embeddable":true,"href":"https:\/\/minghanggroup.com\/tr\/wp-json\/wp\/v2\/product_brand?post=4420"},{"taxonomy":"product_cat","embeddable":true,"href":"https:\/\/minghanggroup.com\/tr\/wp-json\/wp\/v2\/product_cat?post=4420"},{"taxonomy":"product_tag","embeddable":true,"href":"https:\/\/minghanggroup.com\/tr\/wp-json\/wp\/v2\/product_tag?post=4420"}],"curies":[{"name":"wp","href":"https:\/\/api.w.org\/{rel}","templated":true}]}}