{"id":4411,"date":"2026-01-07T13:28:03","date_gmt":"2026-01-07T05:28:03","guid":{"rendered":"https:\/\/minghanggroup.com\/?post_type=product&#038;p=4411"},"modified":"2026-01-07T14:19:52","modified_gmt":"2026-01-07T06:19:52","slug":"perfume-bottles-glass-with-sphere-lids-wholesale","status":"publish","type":"product","link":"https:\/\/minghanggroup.com\/tr\/urun\/perfume-bottles-glass-with-sphere-lids-wholesale\/","title":{"rendered":"30 ml, 50 ml, 100 ml K\u00fcre Kapakl\u0131 Cam Parf\u00fcm \u015ei\u015feleri Toptan Sat\u0131\u015f"},"content":{"rendered":"<p>Bu kad\u0131n parf\u00fcm \u015fi\u015feleri son derece \u015feffaf camdan \u00fcretilmi\u015ftir ve \u015fi\u015felerin taban\u0131 en y\u00fcksek d\u00fczeyde denge sa\u011flamak i\u00e7in kal\u0131nla\u015ft\u0131r\u0131lm\u0131\u015ft\u0131r. Minimalist ve i\u015flevsel tasar\u0131m, zarif bir dokunu\u015f katan k\u0131r\u0131lgan bir cam k\u00fcre \u00fcst k\u0131sma sahiptir.<\/p>\n<h2>\u00dcr\u00fcn \u00d6zellikleri<\/h2>\n<ul>\n<li><strong>Zarif K\u00fcresel Cam Kapak:<\/strong> Cam kapak, \u015fi\u015feye m\u00fckemmel \u015fekilde uyan ve ona klasik, kad\u0131ns\u0131 bir dokunu\u015f katan k\u00fcresel bir kapakt\u0131r.<\/li>\n<li><strong>\u00c7ok \u015feffaf cam malzeme:<\/strong> \u015ei\u015fe, son derece \u015feffaf camdan yap\u0131lm\u0131\u015ft\u0131r; bu da \u015fi\u015feye g\u00f6z al\u0131c\u0131 bir g\u00f6r\u00fcn\u00fcm ve saf, zarif bir g\u00fczellik sergiler.<\/li>\n<li><strong>Se\u00e7ebilece\u011finiz \u00dc\u00e7 Stil:<\/strong> \u0130htiya\u00e7lar\u0131n\u0131za uygun olarak 30 ml, 50 ml ve 100 ml&#039;lik se\u00e7enekler mevcuttur; parf\u00fcm numuneleri, g\u00fcnl\u00fck ihtiya\u00e7lar\u0131n\u0131z\u0131 ve daha b\u00fcy\u00fck parf\u00fcm \u015fi\u015felerini ta\u015f\u0131yabilirsiniz.<\/li>\n<\/ul>\n<h2 style=\"text-align: left;\">Temel \u00d6zellikler<\/h2>\n<table class=\"aligncenter\" style=\"border-collapse: collapse; width: 469.52pt;\" border=\"0\" width=\"626\" cellspacing=\"0\" cellpadding=\"0\">\n<tbody>\n<tr style=\"height: 13.50pt;\">\n<td style=\"height: 13.50pt; width: 119.25pt;\" width=\"159\" height=\"18\">\u015eartname<\/td>\n<td style=\"width: 350.25pt;\" width=\"467\">Detaylar<\/td>\n<\/tr>\n<tr style=\"height: 13.50pt;\">\n<td style=\"height: 13.50pt;\" height=\"18\">Kapasite<\/td>\n<td>30 ml \/ 50 ml \/ 100 ml<\/td>\n<\/tr>\n<tr style=\"height: 13.50pt;\">\n<td style=\"height: 13.50pt;\" height=\"18\">Boyutlar<\/td>\n<td>40\u00d776 mm \/ 46\u00d784 mm \/ 58\u00d7103 mm<\/td>\n<\/tr>\n<tr style=\"height: 13.50pt;\">\n<td style=\"height: 13.50pt;\" height=\"18\">Malzeme<\/td>\n<td>Y\u00fcksek \u015eeffafl\u0131kta Cam<\/td>\n<\/tr>\n<tr style=\"height: 13.50pt;\">\n<td style=\"height: 13.50pt;\" height=\"18\">\u00d6zelle\u015ftirme Kapsam\u0131<\/td>\n<td>Cam Rengi\/Tonu, Kapak Rengi, Buzlama, Grav\u00fcr, Bask\u0131<\/td>\n<\/tr>\n<tr style=\"height: 13.50pt;\">\n<td style=\"height: 13.50pt;\" height=\"18\">\u0130\u015f\u00e7ilik<\/td>\n<td>Hassas Cam \u00dcfleme ve \u015eekillendirme, Y\u00fcksek Parlakl\u0131kta Y\u00fczey \u0130\u015flemesi<\/td>\n<\/tr>\n<tr style=\"height: 13.50pt;\">\n<td style=\"height: 13.50pt;\" height=\"18\">\u00dcr\u00fcn Amac\u0131<\/td>\n<td>Kad\u0131nlar i\u00e7in L\u00fcks Parf\u00fcm \u015ei\u015feleri, Kad\u0131n Parf\u00fcm \u015ei\u015feleri<\/td>\n<\/tr>\n<tr style=\"height: 13.50pt;\">\n<td style=\"height: 13.50pt;\" height=\"18\">Uygun Sekt\u00f6rler<\/td>\n<td>Ana Ak\u0131m ve Ni\u015f Parf\u00fcmeri, L\u00fcks Hediye Se\u00e7enekleri<\/td>\n<\/tr>\n<\/tbody>\n<\/table>\n<h2>Ba\u015far\u0131 \u00d6yk\u00fcs\u00fc: Eski Bir Avrupa Markas\u0131n\u0131n Temel \u00dcr\u00fcn\u00fcn\u00fc Yeniden \u0130n\u015fa Etmek<\/h2>\n<p>Avrupa&#039;da kad\u0131n t\u00fcketicilerin y\u00fcksek oran\u0131na sahip parf\u00fcm markalar\u0131ndan biri, kad\u0131nlara \u00f6zel olarak tasarlanm\u0131\u015f, yumu\u015fak g\u00fcl rengi cam \u015fi\u015fe ve buzlu k\u00fcresel kapa\u011fa sahip 100 ml&#039;lik cam parf\u00fcm \u015fi\u015felerimizi sat\u0131n ald\u0131. Sad\u0131k m\u00fc\u015fteriler geleneksel \u015fi\u015fe formunu \u00e7ok be\u011fendi ve lansman sonras\u0131 anketlerde &#039;lik bir memnuniyet seviyesi g\u00f6r\u00fcld\u00fc. Camdan yap\u0131lm\u0131\u015f yap\u0131, &#039;lik sat\u0131\u015f art\u0131\u015f\u0131na yol a\u00e7an sa\u011flam ve kaliteli bir his yarat\u0131yor. Marka, ba\u015far\u0131l\u0131 yeniden lansmandan son derece memnun ve \u00f6n\u00fcm\u00fczdeki iki y\u0131l i\u00e7inde amiral gemisi \u00fcr\u00fcn serisinin tedarikini sa\u011flamak i\u00e7in 400.000 \u015fi\u015felik ek sipari\u015f verdi.<\/p>\n<h2>Parf\u00fcm \u015ei\u015feleri Cam \u00d6zelle\u015ftirme<\/h2>\n<ul>\n<li>Gradyan Cam: Cam \u015fi\u015fenin \u00fcst ve alt k\u0131sm\u0131nda gradyan efekti.<\/li>\n<li>Kapak ve \u015ei\u015fe Rengi Uyumu: K\u00fcresel kapak ve \u015fi\u015fe ayn\u0131 veya birbirini tamamlayan renklerde sunulabilir.<\/li>\n<li>Buzlu Kaplama: Kontrast olarak tamamen buzlu bir kaplama veya yaln\u0131zca buzlu bir kapak veya taban se\u00e7in.<\/li>\n<li>Lazerle \u0130\u015fleme: Cam y\u00fczeyine ince \u00e7i\u00e7ek desenleri, marka isimleri veya parf\u00fcm isimleri i\u015fleyin.<\/li>\n<li>Serigrafi Bask\u0131: \u015ei\u015fenin ortas\u0131na markan\u0131n logosunu, kurdele desenlerini veya dekoratif \u015feritleri bast\u0131r\u0131n.<\/li>\n<\/ul>","protected":false},"excerpt":{"rendered":"<p>\u015eeffaf camdan \u00fcretilen bu kad\u0131n parf\u00fcm \u015fi\u015feleri, k\u0131sa boyunlu tasar\u0131m\u0131 sa\u011flam taban\u0131yla birle\u015ftirerek l\u00fcks bir g\u00f6rsel \u00e7ekicilik sunuyor. H\u0131zl\u0131 kargo.<\/p>","protected":false},"featured_media":4414,"template":"","meta":{"postBodyCss":"","postBodyMargin":[],"postBodyPadding":[],"postBodyBackground":{"backgroundType":"classic","gradient":""}},"product_brand":[],"product_cat":[15,16,62],"product_tag":[],"class_list":{"0":"post-4411","1":"product","2":"type-product","3":"status-publish","4":"has-post-thumbnail","6":"product_cat-glass-containers","7":"product_cat-glass-bottles","8":"product_cat-perfume-bottles","10":"first","11":"instock","12":"shipping-taxable","13":"product-type-simple"},"jetpack_sharing_enabled":true,"_links":{"self":[{"href":"https:\/\/minghanggroup.com\/tr\/wp-json\/wp\/v2\/product\/4411","targetHints":{"allow":["GET"]}}],"collection":[{"href":"https:\/\/minghanggroup.com\/tr\/wp-json\/wp\/v2\/product"}],"about":[{"href":"https:\/\/minghanggroup.com\/tr\/wp-json\/wp\/v2\/types\/product"}],"wp:featuredmedia":[{"embeddable":true,"href":"https:\/\/minghanggroup.com\/tr\/wp-json\/wp\/v2\/media\/4414"}],"wp:attachment":[{"href":"https:\/\/minghanggroup.com\/tr\/wp-json\/wp\/v2\/media?parent=4411"}],"wp:term":[{"taxonomy":"product_brand","embeddable":true,"href":"https:\/\/minghanggroup.com\/tr\/wp-json\/wp\/v2\/product_brand?post=4411"},{"taxonomy":"product_cat","embeddable":true,"href":"https:\/\/minghanggroup.com\/tr\/wp-json\/wp\/v2\/product_cat?post=4411"},{"taxonomy":"product_tag","embeddable":true,"href":"https:\/\/minghanggroup.com\/tr\/wp-json\/wp\/v2\/product_tag?post=4411"}],"curies":[{"name":"wp","href":"https:\/\/api.w.org\/{rel}","templated":true}]}}