{"id":4400,"date":"2026-01-07T11:59:55","date_gmt":"2026-01-07T03:59:55","guid":{"rendered":"https:\/\/minghanggroup.com\/?post_type=product&#038;p=4400"},"modified":"2026-01-07T11:59:56","modified_gmt":"2026-01-07T03:59:56","slug":"glass-bottles-for-perfume-bulk-perfume-bottle-manufacturer","status":"publish","type":"product","link":"https:\/\/minghanggroup.com\/tr\/urun\/glass-bottles-for-perfume-bulk-perfume-bottle-manufacturer\/","title":{"rendered":"50 ml ve 100 ml&#039;lik \u015eeffaf Yuvarlak Cam Parf\u00fcm \u015ei\u015feleri (Toplu Sat\u0131\u015f)"},"content":{"rendered":"<p>50 ml&#039;lik parf\u00fcm \u015fi\u015feleriniz, m\u00fc\u015fterilerin raf\u0131n ortas\u0131nda durmas\u0131n\u0131 sa\u011flamal\u0131. Biz, parf\u00fcm \u015fi\u015feleri \u00fcreten ve her bir cam parf\u00fcm \u015fi\u015fesinin \u00fcst\u00fcn kaliteyi hayk\u0131rd\u0131\u011f\u0131, g\u00f6z gezdirenleri al\u0131c\u0131ya d\u00f6n\u00fc\u015ft\u00fcren bir parf\u00fcm \u015fi\u015fesi \u00fcreticisiyiz.<\/p>\n<h2>\u00dcr\u00fcn \u00d6zellikleri<\/h2>\n<ul>\n<li><strong>\u00c7akmakta\u015f\u0131 Cam\u0131n \u015eeffafl\u0131\u011f\u0131:<\/strong> Bu cam \u015fi\u015fe sayesinde parf\u00fcmlerinizin ger\u00e7ek rengini g\u00f6r\u00fcn.<\/li>\n<li><strong>P\u00fcr\u00fczs\u00fcz K\u00fcre Kapak:<\/strong> O yuvarlak kapak m\u0131? An\u0131nda \u015f\u0131kl\u0131k; keskin kenarlar yok, sadece p\u00fcr\u00fczs\u00fcz bir p\u00fcsk\u00fcrtme hissi.<\/li>\n<li><strong>Yuvarlak \u015fi\u015fe tasar\u0131m\u0131:<\/strong> Genel hatlar p\u00fcr\u00fczs\u00fcz ve yumu\u015fakt\u0131r, bu da \u00e7e\u015fitli parf\u00fcm stilleri ve marka konumland\u0131rmalar\u0131 i\u00e7in uygun, sade ve zarif bir g\u00f6rsel g\u00f6r\u00fcn\u00fcm yarat\u0131r.<\/li>\n<\/ul>\n<h2>Temel \u00d6zellikler<\/h2>\n<table style=\"border-collapse: collapse; width: 80%; margin-left: auto; margin-right: auto;\" border=\"0\" width=\"288\" cellspacing=\"0\" cellpadding=\"0\">\n<tbody>\n<tr style=\"height: 13.50pt;\">\n<td style=\"height: 13.5pt; width: 54pt; text-align: center;\" width=\"72\" height=\"18\">Kapasite<\/td>\n<td style=\"width: 54pt; text-align: center;\" width=\"72\">\u00d6l\u00e7\u00fcler (mm)<\/td>\n<td style=\"width: 54pt; text-align: center;\" width=\"72\">Malzeme<\/td>\n<td style=\"width: 54pt; text-align: center;\" width=\"72\">M\u00fch\u00fcr Tipi<\/td>\n<\/tr>\n<tr style=\"height: 13.50pt;\">\n<td style=\"height: 13.5pt; text-align: center;\" height=\"18\">50 ml<\/td>\n<td style=\"text-align: center;\">39 x 49 x 119<\/td>\n<td class=\"et2\" style=\"text-align: center;\" rowspan=\"2\">\u00c7akmakta\u015f\u0131 Cam<\/td>\n<td class=\"et2\" style=\"text-align: center;\" rowspan=\"2\">Sprey \u00dcst\u00fc<\/td>\n<\/tr>\n<tr style=\"height: 13.50pt;\">\n<td style=\"height: 13.5pt; text-align: center;\" height=\"18\">100 ml \/ 3,4 oz<\/td>\n<td style=\"text-align: center;\">45 x 55 x 130<\/td>\n<\/tr>\n<\/tbody>\n<\/table>\n<h2>Ba\u015far\u0131 \u00d6rne\u011fi<\/h2>\n<p>Bir parf\u00fcm markas\u0131 yeni bir unisex koku piyasaya s\u00fcrmek \u00fczereydi, ancak mevcut ambalajlar\u0131n\u0131n \u00fcr\u00fcn\u00fcn sofistike do\u011fas\u0131n\u0131 ger\u00e7ekten yans\u0131tmad\u0131\u011f\u0131n\u0131 d\u00fc\u015f\u00fcnd\u00fcler. \u0130lk \u00fcretim partisi i\u00e7in marka, parf\u00fcm i\u00e7in cam \u015fi\u015felerimizi kullanmaya ve ki\u015fiselle\u015ftirmeye karar verdi: \u015fi\u015feler zarif buzlu bir y\u00fczeye, omuz k\u0131sm\u0131nda \u015f\u0131k kabartmal\u0131 bir logoya ve minimalist bir serigrafi bask\u0131 tasar\u0131m\u0131na sahipti.<\/p>\n<p>Etkiler ger\u00e7ekten de \u00e7ok h\u0131zl\u0131 oldu: Yeni ve geli\u015ftirilmi\u015f ambalaj\u0131yla parf\u00fcm, perakende raflar\u0131nda daha g\u00f6r\u00fcn\u00fcr hale geldi ve b\u00f6ylece markan\u0131n sat\u0131\u015flar\u0131 sadece iki ayda artt\u0131. Sonu\u00e7 olarak, marka hala her \u00fc\u00e7 ayda bir toplu sipari\u015f veriyor.<\/p>\n<h2>\u00d6zelle\u015ftirme Se\u00e7enekleriniz<\/h2>\n<ol>\n<li><strong>Koku E\u015fle\u015ftirmesi:<\/strong> Koku bile\u015fenlerine g\u00f6re kavanoz kapa\u011f\u0131n\u0131n rengini se\u00e7in; g\u00fcm\u00fc\u015f tazeli\u011fin, alt\u0131n ise l\u00fcks\u00fcn sembol\u00fcd\u00fcr.<\/li>\n<li><strong>\u00d6zelle\u015ftirilebilir Doku Detaylar\u0131:<\/strong> Kavanoz konsepti, g\u00f6rsel olarak sade ve temiz kal\u0131rken, \u00fcr\u00fcn\u00fcn dokunsal y\u00f6n\u00fcn\u00fc ve benzersizli\u011fini yo\u011funla\u015ft\u0131racak hafif doku veya dikey \u00e7izgiler eklemek i\u00e7in haz\u0131rlanm\u0131\u015ft\u0131r.<\/li>\n<li><strong>Marka Logosu Yerle\u015fimi:<\/strong> \u015ei\u015fenin omuz veya taban k\u0131sm\u0131n\u0131n, markan\u0131z\u0131n logosu i\u00e7in \u00f6zel olarak tasarlanm\u0131\u015f bir b\u00f6l\u00fcm\u00fc, ileride s\u0131cak bask\u0131, etiketleme veya lazer markalama i\u00e7in kolayl\u0131kla kullan\u0131labilir.<\/li>\n<\/ol>","protected":false},"excerpt":{"rendered":"<p>P\u00fcr\u00fczs\u00fcz profilli ve \u015feffaf y\u00fczeyli cam parf\u00fcm \u015fi\u015feleri. Parf\u00fcm \u015fi\u015fesi \u00fcreticisi olarak, do\u011frudan fabrikadan tedarik ve esnek toplu \u00f6zelle\u015ftirme imkan\u0131 sunuyoruz.<\/p>","protected":false},"featured_media":4407,"template":"","meta":{"postBodyCss":"","postBodyMargin":[],"postBodyPadding":[],"postBodyBackground":{"backgroundType":"classic","gradient":""}},"product_brand":[],"product_cat":[15,16,62],"product_tag":[],"class_list":{"0":"post-4400","1":"product","2":"type-product","3":"status-publish","4":"has-post-thumbnail","6":"product_cat-glass-containers","7":"product_cat-glass-bottles","8":"product_cat-perfume-bottles","10":"first","11":"instock","12":"shipping-taxable","13":"product-type-simple"},"jetpack_sharing_enabled":true,"_links":{"self":[{"href":"https:\/\/minghanggroup.com\/tr\/wp-json\/wp\/v2\/product\/4400","targetHints":{"allow":["GET"]}}],"collection":[{"href":"https:\/\/minghanggroup.com\/tr\/wp-json\/wp\/v2\/product"}],"about":[{"href":"https:\/\/minghanggroup.com\/tr\/wp-json\/wp\/v2\/types\/product"}],"wp:featuredmedia":[{"embeddable":true,"href":"https:\/\/minghanggroup.com\/tr\/wp-json\/wp\/v2\/media\/4407"}],"wp:attachment":[{"href":"https:\/\/minghanggroup.com\/tr\/wp-json\/wp\/v2\/media?parent=4400"}],"wp:term":[{"taxonomy":"product_brand","embeddable":true,"href":"https:\/\/minghanggroup.com\/tr\/wp-json\/wp\/v2\/product_brand?post=4400"},{"taxonomy":"product_cat","embeddable":true,"href":"https:\/\/minghanggroup.com\/tr\/wp-json\/wp\/v2\/product_cat?post=4400"},{"taxonomy":"product_tag","embeddable":true,"href":"https:\/\/minghanggroup.com\/tr\/wp-json\/wp\/v2\/product_tag?post=4400"}],"curies":[{"name":"wp","href":"https:\/\/api.w.org\/{rel}","templated":true}]}}