{"id":4399,"date":"2026-01-07T08:56:01","date_gmt":"2026-01-07T00:56:01","guid":{"rendered":"https:\/\/minghanggroup.com\/?post_type=product&#038;p=4399"},"modified":"2026-01-07T14:16:42","modified_gmt":"2026-01-07T06:16:42","slug":"scent-bottles-of-cologne-with-sphere-lids-wholesale","status":"publish","type":"product","link":"https:\/\/minghanggroup.com\/tr\/urun\/scent-bottles-of-cologne-with-sphere-lids-wholesale\/","title":{"rendered":"30 ml, 50 ml, 100 ml K\u00fcre Kapakl\u0131 Parf\u00fcm \u015ei\u015feleri Toptan Sat\u0131\u015f"},"content":{"rendered":"<p>Bu parf\u00fcm \u015fi\u015fesi, p\u00fcr\u00fczs\u00fcz ve z\u0131t renkte, k\u00fcresel bir kapakla birle\u015ftirilmi\u015f \u015feffaf camdan yap\u0131lm\u0131\u015ft\u0131r. \u015ei\u015feye bu sa\u011flam g\u00f6r\u00fcn\u00fcm, taban\u0131n\u0131n kal\u0131nla\u015ft\u0131r\u0131lmas\u0131yla verilmi\u015f olup, kolonyan\u0131z\u0131n g\u00f6rsel olarak sa\u011flam ve istikrarl\u0131 bir \u015fekilde \u00f6ne \u00e7\u0131kmas\u0131n\u0131 sa\u011flar.<\/p>\n<h2>\u00dcr\u00fcn \u00d6zellikleri<\/h2>\n<ul>\n<li><strong>Y\u00fcksek \u015eeffafl\u0131kta Cam \u015ei\u015fe:<\/strong> Son derece \u015feffaf camdan yap\u0131lm\u0131\u015ft\u0131r, bu da kokunun renginin kolay ve net bir \u015fekilde g\u00f6r\u00fclmesini sa\u011flar, bu da \u00fcr\u00fcn\u00fcn safl\u0131\u011f\u0131n\u0131 ve alg\u0131lanan kalitesini art\u0131r\u0131r.<\/li>\n<li><strong>K\u00fcresel Dekoratif Kapak:<\/strong> Yuvarlak kapak, parf\u00fcm ambalaj\u0131n\u0131n \u00f6zel bir tasar\u0131m\u0131d\u0131r ve yuvarlak ve k\u00fcresel \u015fekli sayesinde kapa\u011fa dekoratif ve modern bir g\u00f6r\u00fcn\u00fcm kazand\u0131r\u0131r.<\/li>\n<li><strong>Sa\u011flam, Kal\u0131nla\u015ft\u0131r\u0131lm\u0131\u015f Taban:<\/strong> Kal\u0131nla\u015ft\u0131r\u0131lm\u0131\u015f taban, \u015fi\u015fenin genel stabilitesini art\u0131rman\u0131n yan\u0131 s\u0131ra dokusunu da iyile\u015ftirmede etkilidir.<\/li>\n<\/ul>\n<h2 style=\"text-align: left;\">Temel \u00d6zellikler<\/h2>\n<table class=\"aligncenter\" style=\"border-collapse: collapse; width: 487.52pt;\" border=\"0\" width=\"650\" cellspacing=\"0\" cellpadding=\"0\">\n<tbody>\n<tr style=\"height: 13.50pt;\">\n<td style=\"height: 13.50pt; width: 119.25pt;\" width=\"159\" height=\"18\">\u015eartname<\/td>\n<td style=\"width: 368.25pt;\" width=\"491\">Detaylar<\/td>\n<\/tr>\n<tr style=\"height: 13.50pt;\">\n<td style=\"height: 13.50pt;\" height=\"18\">Kapasite<\/td>\n<td>30 ml \/ 50 ml \/ 100 ml<\/td>\n<\/tr>\n<tr style=\"height: 13.50pt;\">\n<td style=\"height: 13.50pt;\" height=\"18\">Boyutlar<\/td>\n<td>38\u00d789 mm \/ 42\u00d798 mm \/ 48\u00d7130 mm<\/td>\n<\/tr>\n<tr style=\"height: 13.50pt;\">\n<td style=\"height: 13.50pt;\" height=\"18\">Malzeme<\/td>\n<td>Y\u00fcksek \u015eeffafl\u0131kta Cam, Plastik veya Metal Kapaklar<\/td>\n<\/tr>\n<tr style=\"height: 13.50pt;\">\n<td style=\"height: 13.50pt;\" height=\"18\">\u00d6zelle\u015ftirme Kapsam\u0131<\/td>\n<td>Cam Rengi\/Tonu, Kapak Rengi\/Kaplamas\u0131\/\u015eekli, Bask\u0131, Grav\u00fcr<\/td>\n<\/tr>\n<tr style=\"height: 13.50pt;\">\n<td style=\"height: 13.50pt;\" height=\"18\">\u0130\u015f\u00e7ilik<\/td>\n<td>Y\u00fcksek Hassasiyetli Cam Kal\u0131plama, Parlak Kaplama<\/td>\n<\/tr>\n<tr style=\"height: 13.50pt;\">\n<td style=\"height: 13.50pt;\" height=\"18\">\u00dcr\u00fcn Amac\u0131<\/td>\n<td>Toptan Parf\u00fcm \u015ei\u015feleri, Kolonya Parf\u00fcm \u015ei\u015feleri<\/td>\n<\/tr>\n<tr style=\"height: 13.50pt;\">\n<td style=\"height: 13.50pt;\" height=\"18\">Uygun Sekt\u00f6rler<\/td>\n<td>\u00c7a\u011fda\u015f Parf\u00fcmeri, Tasar\u0131m Ma\u011fazalar\u0131, Ya\u015fam Tarz\u0131 ve Ki\u015fisel Bak\u0131m<\/td>\n<\/tr>\n<\/tbody>\n<\/table>\n<h2>Ba\u015far\u0131 \u00d6yk\u00fcs\u00fc: Bir \u0130skandinav Tasar\u0131m St\u00fcdyosunun Parf\u00fcm Lansman\u0131<\/h2>\n<p>Minimalist mobilya \u00fcretimi konusunda uzmanla\u015fm\u0131\u015f \u0130skandinav tasar\u0131m firmalar\u0131ndan biri, ilk parf\u00fcm serisini piyasaya s\u00fcrd\u00fc. \u015ei\u015fe tasar\u0131m\u0131nda, el yap\u0131m\u0131 mat beyaz k\u00fcresel bir kapak ve buzlu cam bir tabanla birlikte 100 ml&#039;lik kolonya \u015fi\u015femizi kulland\u0131lar. Katmanl\u0131 \u015fi\u015fe modeli, koleksiyonun en g\u00f6rsel referans\u0131 haline geldi ve &#039;l\u0131k bir sat\u0131\u015f art\u0131\u015f\u0131 sa\u011fland\u0131. \u015ei\u015fe taban\u0131 kal\u0131nla\u015ft\u0131r\u0131ld\u0131 ve nakliye s\u0131ras\u0131nda k\u0131r\u0131lma oran\u0131 azald\u0131. St\u00fcdyo, \u00fcr\u00fcn\u00fcn performans\u0131ndan ve pazardaki tepkisinden \u00e7ok memnun kald\u0131 ve bu nedenle gelecek parf\u00fcm serisinde kullan\u0131lmak \u00fczere 350.000 \u015fi\u015felik ek bir sipari\u015f verdi.<\/p>\n<h2>Parf\u00fcm \u015ei\u015fesi Tasar\u0131mlar\u0131n\u0131n Ki\u015fiselle\u015ftirilmesi<\/h2>\n<ul>\n<li>Tamamen \u00d6zelle\u015ftirilebilir Kapak Renkleri: K\u00fcresel kapaklar, simli veya mat y\u00fczeylerle herhangi bir Pantone renk tablosuna g\u00f6re \u00f6zelle\u015ftirilebilir.<\/li>\n<li>Cam Serigrafi Bask\u0131: Cam y\u00fczeyine basit logolar veya geometrik desenler basmak i\u00e7in kullan\u0131l\u0131r. Lazer Kaz\u0131ma: Cam \u00fczerine karma\u015f\u0131k desenler, seri numaralar\u0131 veya harf kal\u0131plar\u0131 kaz\u0131mak i\u00e7in kullan\u0131l\u0131r.<\/li>\n<li>Taban Dokusu: Kal\u0131nla\u015ft\u0131r\u0131lm\u0131\u015f taban\u0131n tutu\u015funu ve esteti\u011fini art\u0131rmak i\u00e7in kum p\u00fcsk\u00fcrtme veya kau\u00e7uk halkalar eklenebilir.<\/li>\n<li>\u015ei\u015fe Boynu \u00d6zel Tasar\u0131m: Biraz farkl\u0131 bir g\u00f6r\u00fcn\u00fcm elde etmek i\u00e7in k\u0131sa boynun daha y\u00fcksek veya daha dar bir y\u00fcksekli\u011fini se\u00e7in.<\/li>\n<\/ul>","protected":false},"excerpt":{"rendered":"<p>Bu kolonya \u015fi\u015feleri, \u015f\u0131k ve \u00e7a\u011fda\u015f bir sunum i\u00e7in k\u0131sa boyunlu minimalist bir koku \u015fi\u015fesi tasar\u0131m\u0131na ve parlak k\u00fcre kapaklara sahiptir. \u00dccretsiz numuneler.<\/p>","protected":false},"featured_media":4402,"template":"","meta":{"postBodyCss":"","postBodyMargin":[],"postBodyPadding":[],"postBodyBackground":{"backgroundType":"classic","gradient":""}},"product_brand":[],"product_cat":[15,16,62],"product_tag":[],"class_list":{"0":"post-4399","1":"product","2":"type-product","3":"status-publish","4":"has-post-thumbnail","6":"product_cat-glass-containers","7":"product_cat-glass-bottles","8":"product_cat-perfume-bottles","10":"first","11":"instock","12":"shipping-taxable","13":"product-type-simple"},"jetpack_sharing_enabled":true,"_links":{"self":[{"href":"https:\/\/minghanggroup.com\/tr\/wp-json\/wp\/v2\/product\/4399","targetHints":{"allow":["GET"]}}],"collection":[{"href":"https:\/\/minghanggroup.com\/tr\/wp-json\/wp\/v2\/product"}],"about":[{"href":"https:\/\/minghanggroup.com\/tr\/wp-json\/wp\/v2\/types\/product"}],"wp:featuredmedia":[{"embeddable":true,"href":"https:\/\/minghanggroup.com\/tr\/wp-json\/wp\/v2\/media\/4402"}],"wp:attachment":[{"href":"https:\/\/minghanggroup.com\/tr\/wp-json\/wp\/v2\/media?parent=4399"}],"wp:term":[{"taxonomy":"product_brand","embeddable":true,"href":"https:\/\/minghanggroup.com\/tr\/wp-json\/wp\/v2\/product_brand?post=4399"},{"taxonomy":"product_cat","embeddable":true,"href":"https:\/\/minghanggroup.com\/tr\/wp-json\/wp\/v2\/product_cat?post=4399"},{"taxonomy":"product_tag","embeddable":true,"href":"https:\/\/minghanggroup.com\/tr\/wp-json\/wp\/v2\/product_tag?post=4399"}],"curies":[{"name":"wp","href":"https:\/\/api.w.org\/{rel}","templated":true}]}}