{"id":4393,"date":"2026-01-06T17:00:11","date_gmt":"2026-01-06T09:00:11","guid":{"rendered":"https:\/\/minghanggroup.com\/?post_type=product&#038;p=4393"},"modified":"2026-01-06T17:08:49","modified_gmt":"2026-01-06T09:08:49","slug":"30ml-50ml-100ml-custom-glass-fragrance-bottles-wholesale","status":"publish","type":"product","link":"https:\/\/minghanggroup.com\/tr\/urun\/30ml-50ml-100ml-custom-glass-fragrance-bottles-wholesale\/","title":{"rendered":"30 ml, 50 ml, 100 ml \u00d6zel Tasar\u0131m Cam Parf\u00fcm \u015ei\u015feleri Toptan Sat\u0131\u015f"},"content":{"rendered":"<div class=\"qk-md-paragraph\" data-spm-anchor-id=\"5176.28103460.0.i14.14c47551N6phDS\"><span class=\"qk-md-text complete\">Senin <\/span><span class=\"qk-md-text complete\">50 ml kolonya \u015fi\u015feleri<\/span><span class=\"qk-md-text complete\"> M\u00fc\u015fterilerin raflar\u0131 yar\u0131da kesmesini sa\u011flamal\u0131y\u0131z. Biz \u00fcretiyoruz. <\/span><span class=\"qk-md-text complete\">cam parf\u00fcm \u015fi\u015feleri toptan<\/span><span class=\"qk-md-text complete\"> i\u00e7in tasarlanm\u0131\u015ft\u0131r <\/span><span class=\"qk-md-text complete\">koku ambalaj\u0131<\/span><span class=\"qk-md-text complete\"> O <\/span><span class=\"qk-md-text complete\">Asl\u0131nda<\/span><span class=\"qk-md-text complete\"> her yerde sat\u0131\u015f yapar <\/span><span class=\"qk-md-text complete\">cam parf\u00fcm \u015fi\u015fesi<\/span><span class=\"qk-md-text complete\"> Markan\u0131z\u0131n gizli silah\u0131 haline gelir. <\/span><\/div>\n<h2>\u00dcr\u00fcn \u00d6zellikleri<\/h2>\n<ul>\n<li><strong>Metal Kapaklar\u0131n Zarafeti: <\/strong>Siyah, alt\u0131n veya g\u00fcm\u00fc\u015f kapaklar m\u0131? Bunlar\u0131 kokunuzun ki\u015fili\u011fiyle e\u015fle\u015ftirin; s\u0131k\u0131c\u0131 kapak yok.<\/li>\n<li><strong>Kristal Berrakl\u0131\u011f\u0131nda \u00c7akmakta\u015f\u0131 Cam:<\/strong> Parf\u00fcm\u00fcn\u00fcz\u00fc bu y\u00fcksek kaliteli cam \u015fi\u015fede inceleyin, bulan\u0131k yan\u0131lsamalara yer yok.<\/li>\n<li><strong>Her t\u00fcrl\u00fc parf\u00fcmde kullan\u0131labilir:<\/strong> Bu \u00fcr\u00fcn parf\u00fcmlerin yan\u0131 s\u0131ra kolonya, parf\u00fcm ya\u011flar\u0131 ve di\u011fer s\u0131v\u0131 \u00fcr\u00fcnlerde de kullan\u0131labilir.<\/li>\n<\/ul>\n<h2>Temel \u00d6zellikler<\/h2>\n<table style=\"border-collapse: collapse; width: 80%; margin-left: auto; margin-right: auto;\" border=\"0\" width=\"288\" cellspacing=\"0\" cellpadding=\"0\">\n<tbody>\n<tr style=\"height: 13.50pt;\">\n<td style=\"height: 13.5pt; width: 54pt; text-align: center;\" width=\"72\" height=\"18\">Kapasite<\/td>\n<td style=\"width: 54pt; text-align: center;\" width=\"72\">\u00d6l\u00e7\u00fcler (mm)<\/td>\n<td style=\"width: 54pt; text-align: center;\" width=\"72\">Malzeme<\/td>\n<td style=\"width: 54pt; text-align: center;\" width=\"72\">M\u00fch\u00fcr Tipi<\/td>\n<\/tr>\n<tr style=\"height: 13.50pt;\">\n<td style=\"height: 13.5pt; text-align: center;\" height=\"18\">30 ml \/ 1 ons<\/td>\n<td style=\"text-align: center;\">42 x 73<\/td>\n<td class=\"et2\" style=\"text-align: center;\" rowspan=\"3\">\u00c7akmakta\u015f\u0131 Cam<\/td>\n<td class=\"et2\" style=\"text-align: center;\" rowspan=\"3\">Sprey \u00dcst\u00fc<\/td>\n<\/tr>\n<tr style=\"height: 13.50pt;\">\n<td style=\"height: 13.5pt; text-align: center;\" height=\"18\">50 ml<\/td>\n<td style=\"text-align: center;\">45 x 88<\/td>\n<\/tr>\n<tr style=\"height: 13.50pt;\">\n<td style=\"height: 13.5pt; text-align: center;\" height=\"18\">100 ml \/ 3,4 oz<\/td>\n<td style=\"text-align: center;\">56 x 101<\/td>\n<\/tr>\n<\/tbody>\n<\/table>\n<h2>Ba\u015far\u0131 \u00d6rne\u011fi<\/h2>\n<p>Do\u011fal parf\u00fcmlerle ilgilenen yerel bir parf\u00fcm \u015firketi, yeni \u00fcr\u00fcn serisini tan\u0131tmak i\u00e7in 50 ml&#039;lik kolonya \u015fi\u015felerimizi kullanmaya karar verdi. Parf\u00fcm\u00fcn saf rengini g\u00f6stermek ve markan\u0131n imaj\u0131na yeni bir sofistike seviye katmak i\u00e7in, \u015fi\u015felerin \u00fcst k\u0131s\u0131mlar\u0131n\u0131 alt\u0131n bir tabaka ile kaplayarak, temal\u0131 marka logolu \u015feffaf cam \u015fi\u015feler \u00fcretmeyi tercih ettiler. \u015ei\u015felerin \u00fczerindeki marka logosunun i\u015flenmesi sade tutularak, sofistike ve yenilik\u00e7i bir g\u00f6r\u00fcn\u00fcm \u00f6n plana \u00e7\u0131kar\u0131ld\u0131.<\/p>\n<p>\u00dc\u00e7 ay i\u00e7inde \u00e7evrimi\u00e7i sat\u0131\u015flar\u0131 sadece y\u00fczde 40 oran\u0131nda artt\u0131 ve daha fazla perakendecinin ilgisini \u00e7ekmeyi ba\u015fararak iki b\u00fcy\u00fck ma\u011faza zincirine giri\u015f yapt\u0131.<\/p>\n<h2>\u00d6zelle\u015ftirme Se\u00e7enekleriniz<\/h2>\n<ol>\n<li><strong>\u015eapka Rengi Stratejisi:<\/strong>L\u00fcks koku kategorisinde alt\u0131n fiyat, ferah koku kategorisinde g\u00fcm\u00fc\u015f fiyat.<\/li>\n<li><strong>Y\u00fczey Detay\u0131:<\/strong>\u00c7akmakta\u015f\u0131 cam \u00fczerine logo benzeri kabartma s\u00fcslemeler.<\/li>\n<li><strong>Koku E\u015fle\u015ftirmesi:<\/strong>Odunsu kokular koyu renkli cam \u015fi\u015felerde, narenciye kokular\u0131 ise \u015feffaf cam \u015fi\u015felerde kullan\u0131lmal\u0131d\u0131r.<\/li>\n<\/ol>","protected":false},"excerpt":{"rendered":"<p>\u00d6zelle\u015ftirilebilir kapakl\u0131 50 ml kolonya \u015fi\u015felerini ke\u015ffedin. Fabrikadan toptan ve do\u011frudan sat\u0131\u015f yapan cam parf\u00fcm \u015fi\u015feleri sunuyoruz ve i\u015fletmeler i\u00e7in h\u0131zl\u0131 kargo imkan\u0131 sa\u011fl\u0131yoruz.<\/p>","protected":false},"featured_media":4396,"template":"","meta":{"postBodyCss":"","postBodyMargin":[],"postBodyPadding":[],"postBodyBackground":{"backgroundType":"classic","gradient":""}},"product_brand":[],"product_cat":[15,16,62],"product_tag":[],"class_list":{"0":"post-4393","1":"product","2":"type-product","3":"status-publish","4":"has-post-thumbnail","6":"product_cat-glass-containers","7":"product_cat-glass-bottles","8":"product_cat-perfume-bottles","10":"first","11":"instock","12":"shipping-taxable","13":"product-type-simple"},"jetpack_sharing_enabled":true,"_links":{"self":[{"href":"https:\/\/minghanggroup.com\/tr\/wp-json\/wp\/v2\/product\/4393","targetHints":{"allow":["GET"]}}],"collection":[{"href":"https:\/\/minghanggroup.com\/tr\/wp-json\/wp\/v2\/product"}],"about":[{"href":"https:\/\/minghanggroup.com\/tr\/wp-json\/wp\/v2\/types\/product"}],"wp:featuredmedia":[{"embeddable":true,"href":"https:\/\/minghanggroup.com\/tr\/wp-json\/wp\/v2\/media\/4396"}],"wp:attachment":[{"href":"https:\/\/minghanggroup.com\/tr\/wp-json\/wp\/v2\/media?parent=4393"}],"wp:term":[{"taxonomy":"product_brand","embeddable":true,"href":"https:\/\/minghanggroup.com\/tr\/wp-json\/wp\/v2\/product_brand?post=4393"},{"taxonomy":"product_cat","embeddable":true,"href":"https:\/\/minghanggroup.com\/tr\/wp-json\/wp\/v2\/product_cat?post=4393"},{"taxonomy":"product_tag","embeddable":true,"href":"https:\/\/minghanggroup.com\/tr\/wp-json\/wp\/v2\/product_tag?post=4393"}],"curies":[{"name":"wp","href":"https:\/\/api.w.org\/{rel}","templated":true}]}}