{"id":4381,"date":"2026-01-06T15:08:58","date_gmt":"2026-01-06T07:08:58","guid":{"rendered":"https:\/\/minghanggroup.com\/?post_type=product&#038;p=4381"},"modified":"2026-01-06T15:38:08","modified_gmt":"2026-01-06T07:38:08","slug":"luxury-perfume-bottles-with-gold-decorative-wholesale","status":"publish","type":"product","link":"https:\/\/minghanggroup.com\/tr\/urun\/luxury-perfume-bottles-with-gold-decorative-wholesale\/","title":{"rendered":"50 ml&#039;lik Alt\u0131n Dekoratif L\u00fcks Parf\u00fcm \u015ei\u015feleri Toptan Sat\u0131\u015f"},"content":{"rendered":"<p>Bu l\u00fcks parf\u00fcm \u015fi\u015fesi markas\u0131, en berrak renkteki camdan \u00fcretilmi\u015ftir ve d\u00f6rt farkl\u0131 \u015fekilde (kabak, silindirik, kare ve oval) mevcuttur. \u015ei\u015feler, alt\u0131n kaplama g\u00fczel kapak desenleriyle s\u00fcslenmi\u015f olup, g\u00fcne\u015f \u0131\u015f\u0131\u011f\u0131nda par\u0131ldayan \u00e7ok y\u00f6nl\u00fc kapaklara sahiptir.<\/p>\n<h2>\u00dcr\u00fcn \u00d6zellikleri<\/h2>\n<ul>\n<li><strong>\u00c7oklu \u015eekil Kombinasyonlar\u0131:<\/strong> Farkl\u0131 estetik zevklere uygun olarak, \u015fi\u015felerin d\u00f6rt farkl\u0131 \u015fekli bulunmaktad\u0131r: kabak, silindir, kare ve oval \u015fi\u015fe \u015fekilleri.<\/li>\n<li><strong>\u00c7ok Y\u00f6nl\u00fc \u015eapkalar:<\/strong> \u015eeffaf kapaklar dokulu bir kesime ve alt\u0131n rengi metalik bir detaya sahip olup, genel olarak l\u00fcks bir dokunu\u015f katmaktad\u0131r.<\/li>\n<li><strong>Alt\u0131n Dekoratif \u00d6zellikler:<\/strong> \u015ei\u015feler, kristal cam ve metal bile\u015fenleri taklit eden alt\u0131n desen\/a\u00e7\u0131k i\u015fleme tasar\u0131m\u0131yla s\u00fcslenmi\u015f olup, ince i\u015f\u00e7ili\u011fi sergilemektedir.<\/li>\n<\/ul>\n<h2 style=\"text-align: left;\">Temel \u00d6zellikler<\/h2>\n<table class=\"aligncenter\" style=\"border-collapse: collapse; width: 575.27pt;\" border=\"0\" width=\"767\" cellspacing=\"0\" cellpadding=\"0\">\n<tbody>\n<tr style=\"height: 13.50pt;\">\n<td style=\"height: 13.50pt; width: 117.75pt;\" width=\"157\" height=\"18\">\u015eartname<\/td>\n<td style=\"width: 457.50pt;\" width=\"610\">Detaylar<\/td>\n<\/tr>\n<tr style=\"height: 13.50pt;\">\n<td style=\"height: 13.50pt;\" height=\"18\">Kapasite<\/td>\n<td>50 ml (T\u00fcm Modeller)<\/td>\n<\/tr>\n<tr style=\"height: 13.50pt;\">\n<td style=\"height: 13.50pt;\" height=\"18\">Boyutlar<\/td>\n<td>60\u00d764 mm (Kabak) \/ 48\u00d7106 mm (Silindir) \/ 38\u00d787 mm (Kare) \/ 67\u00d798 mm (Oval)<\/td>\n<\/tr>\n<tr style=\"height: 13.50pt;\">\n<td style=\"height: 13.50pt;\" height=\"18\">Malzeme<\/td>\n<td>Kristal Kalitesinde Cam, Alt\u0131n Metal Detaylar<\/td>\n<\/tr>\n<tr style=\"height: 13.50pt;\">\n<td style=\"height: 13.50pt;\" height=\"18\">\u015ei\u015fe \u015eekli<\/td>\n<td>Kabak, Silindir, Kare, Oval<\/td>\n<\/tr>\n<tr style=\"height: 13.50pt;\">\n<td style=\"height: 13.50pt;\" height=\"18\">\u00d6zelle\u015ftirme Kapsam\u0131<\/td>\n<td>Cam Rengi, Alt\u0131n Vurgu Tasar\u0131m\u0131, Kapak Stili<\/td>\n<\/tr>\n<tr style=\"height: 13.50pt;\">\n<td style=\"height: 13.50pt;\" height=\"18\">\u0130\u015f\u00e7ilik<\/td>\n<td>Hassas Cam \u00dcfleme, Metal Telkari Uygulamas\u0131<\/td>\n<\/tr>\n<tr style=\"height: 13.50pt;\">\n<td style=\"height: 13.50pt;\" height=\"18\">\u00dcr\u00fcn Amac\u0131<\/td>\n<td>L\u00fcks Parf\u00fcm \u015ei\u015feleri Toptan, Toplu Parf\u00fcm \u015ei\u015feleri<\/td>\n<\/tr>\n<tr style=\"height: 13.50pt;\">\n<td style=\"height: 13.50pt;\" height=\"18\">Uygun Sekt\u00f6rler<\/td>\n<td>Y\u00fcksek Kaliteli Parf\u00fcmeri, Be\u015f Y\u0131ld\u0131zl\u0131 Otelcilik, Se\u00e7kin Perakende<\/td>\n<\/tr>\n<\/tbody>\n<\/table>\n<h2>Ba\u015far\u0131 Hikayesi<\/h2>\n<p>Fransa&#039;n\u0131n tan\u0131nm\u0131\u015f l\u00fcks parf\u00fcm markalar\u0131ndan biri, 24 ayar alt\u0131n kaplama ve \u00fcst k\u0131sm\u0131na marka logosu ve \u00f6zel marka ad\u0131n\u0131n i\u015flendi\u011fi d\u00f6rt farkl\u0131 l\u00fcks parf\u00fcm \u015fi\u015fesi tasar\u0131m\u0131m\u0131z\u0131 sipari\u015f etti. \u015ei\u015feler piyasaya s\u00fcr\u00fcld\u00fckten sonra b\u00fcy\u00fck be\u011feni toplad\u0131. Markan\u0131n a\u00e7\u0131klamas\u0131na g\u00f6re, kristal cam ve alt\u0131n tasar\u0131m sayesinde \u00fcr\u00fcn\u00fcn \u00fcst d\u00fczey konumuna ili\u015fkin m\u00fc\u015fteri alg\u0131s\u0131 artt\u0131 ve l\u00fcks tasar\u0131m\u0131 vurgulayan olumlu yorumlar\u0131n say\u0131s\u0131 y\u00fckseldi. Marka, piyasadaki performanstan olduk\u00e7a memnun kald\u0131 ve d\u00fcnya \u00e7ap\u0131ndaki da\u011f\u0131t\u0131m kanallar\u0131n\u0131 geni\u015fletmek i\u00e7in yak\u0131n zamanda 350.000 \u015fi\u015fe daha sipari\u015f etti.<\/p>\n<h2>L\u00fcks Parf\u00fcm \u015ei\u015felerinin Toptan Ki\u015fiselle\u015ftirilmesi<\/h2>\n<ul>\n<li>\u00d6zel S\u0131cak Bask\u0131: Her \u015fi\u015fe \u015fekline benzersiz desenler, monogramlar veya rozetler i\u00e7eren s\u0131cak bask\u0131 uygulamas\u0131 yapt\u0131r\u0131n.<\/li>\n<li>De\u011ferli Metal Kaplama: \u00c7e\u015fitli kaplama t\u00fcrlerinde (pembe alt\u0131n, platin, rodyum) alt\u0131n detaylara sahiptir.<\/li>\n<li>Vitray: Her \u015fi\u015fe formuna \u00f6zel renkler (safir, z\u00fcmr\u00fct ye\u015fili, yakut, kehribar) kazand\u0131r\u0131n.<\/li>\n<li>Emaye Kakmalar\u0131n Kullan\u0131m Detaylar\u0131: S\u0131cak bask\u0131 desenlerine, elle boyanm\u0131\u015f emaye s\u00fcslemelerle ek renk ve derinlik kat\u0131n.<\/li>\n<\/ul>","protected":false},"excerpt":{"rendered":"<p>\u00dcst d\u00fczey bir g\u00f6r\u00fcn\u00fcm i\u00e7in alt\u0131n detaylarla s\u00fcslenmi\u015f kristal camdan l\u00fcks parf\u00fcm \u015fi\u015feleri. L\u00fcks markalar i\u00e7in idealdir. Toptan l\u00fcks parf\u00fcm \u015fi\u015feleri ve \u00fccretsiz numuneler.<\/p>","protected":false},"featured_media":4389,"template":"","meta":{"postBodyCss":"","postBodyMargin":[],"postBodyPadding":[],"postBodyBackground":{"backgroundType":"classic","gradient":""}},"product_brand":[],"product_cat":[15,16,62],"product_tag":[],"class_list":{"0":"post-4381","1":"product","2":"type-product","3":"status-publish","4":"has-post-thumbnail","6":"product_cat-glass-containers","7":"product_cat-glass-bottles","8":"product_cat-perfume-bottles","10":"first","11":"instock","12":"shipping-taxable","13":"product-type-simple"},"jetpack_sharing_enabled":true,"_links":{"self":[{"href":"https:\/\/minghanggroup.com\/tr\/wp-json\/wp\/v2\/product\/4381","targetHints":{"allow":["GET"]}}],"collection":[{"href":"https:\/\/minghanggroup.com\/tr\/wp-json\/wp\/v2\/product"}],"about":[{"href":"https:\/\/minghanggroup.com\/tr\/wp-json\/wp\/v2\/types\/product"}],"wp:featuredmedia":[{"embeddable":true,"href":"https:\/\/minghanggroup.com\/tr\/wp-json\/wp\/v2\/media\/4389"}],"wp:attachment":[{"href":"https:\/\/minghanggroup.com\/tr\/wp-json\/wp\/v2\/media?parent=4381"}],"wp:term":[{"taxonomy":"product_brand","embeddable":true,"href":"https:\/\/minghanggroup.com\/tr\/wp-json\/wp\/v2\/product_brand?post=4381"},{"taxonomy":"product_cat","embeddable":true,"href":"https:\/\/minghanggroup.com\/tr\/wp-json\/wp\/v2\/product_cat?post=4381"},{"taxonomy":"product_tag","embeddable":true,"href":"https:\/\/minghanggroup.com\/tr\/wp-json\/wp\/v2\/product_tag?post=4381"}],"curies":[{"name":"wp","href":"https:\/\/api.w.org\/{rel}","templated":true}]}}