{"id":4349,"date":"2026-01-06T15:18:31","date_gmt":"2026-01-06T07:18:31","guid":{"rendered":"https:\/\/minghanggroup.com\/?post_type=product&#038;p=4349"},"modified":"2026-01-06T15:18:32","modified_gmt":"2026-01-06T07:18:32","slug":"custom-square-perfume-bottles-with-marble-lids-bulk","status":"publish","type":"product","link":"https:\/\/minghanggroup.com\/tr\/urun\/custom-square-perfume-bottles-with-marble-lids-bulk\/","title":{"rendered":"30 ml, 50 ml, 100 ml \u00d6zel Kare Parf\u00fcm \u015ei\u015feleri, Mermer Kapakl\u0131, Toplu Sat\u0131\u015f"},"content":{"rendered":"<p>Kare \u015feklindeki parf\u00fcm \u015fi\u015feniz, m\u00fc\u015fterilerin raf\u0131n ortas\u0131nda durup d\u00fc\u015f\u00fcnmelerini sa\u011flamal\u0131d\u0131r. Her bir cam parf\u00fcm \u015fi\u015fesinin markan\u0131z\u0131n imzas\u0131 haline geldi\u011fi, ger\u00e7ekten dikkat \u00e7eken koku ambalajlar\u0131 i\u00e7in tasarlanm\u0131\u015f, toptan sat\u0131\u015f\u0131n\u0131 yapt\u0131\u011f\u0131m\u0131z vintage cam parf\u00fcm \u015fi\u015feleri \u00fcretiyoruz.<\/p>\n<h2>\u00dcr\u00fcn \u00d6zellikleri<\/h2>\n<ul>\n<li><strong>Modern Kare Zarafet:<\/strong> Sade \u00e7izgiler ve vintage cazibenin birle\u015fimiyle ortaya \u00e7\u0131kan parf\u00fcm ambalaj\u0131n\u0131z, kar\u015f\u0131 konulmaz derecede \u00e7ekici.<\/li>\n<li><strong>Mermer Kapak \u00d6zelle\u015ftirme:<\/strong> Ki\u015fiselle\u015ftirilmi\u015f parf\u00fcm hikayenize uygun turuncu, beyaz veya kahverengi kapaklardan birini se\u00e7in.<\/li>\n<li><strong>Kristal Cam\u0131n Berrakl\u0131\u011f\u0131:<\/strong> Bu \u00fcst d\u00fczey cam \u015fi\u015fe ile parf\u00fcmlerinizin ger\u00e7ek rengini ortaya \u00e7\u0131kar\u0131n.<\/li>\n<\/ul>\n<h2>Temel \u00d6zellikler<\/h2>\n<table style=\"border-collapse: collapse; width: 80%; margin-left: auto; margin-right: auto;\" border=\"0\" width=\"288\" cellspacing=\"0\" cellpadding=\"0\">\n<tbody>\n<tr style=\"height: 13.50pt;\">\n<td style=\"height: 13.5pt; width: 54pt; text-align: center;\" width=\"72\" height=\"18\">Kapasite<\/td>\n<td style=\"width: 54pt; text-align: center;\" width=\"72\">\u00d6l\u00e7\u00fcler (mm)<\/td>\n<td style=\"width: 54pt; text-align: center;\" width=\"72\">\u015eekil<\/td>\n<td style=\"width: 54pt; text-align: center;\" width=\"72\">Kapak Se\u00e7enekleri<\/td>\n<\/tr>\n<tr style=\"height: 13.50pt;\">\n<td style=\"height: 13.5pt; text-align: center;\" height=\"18\">30 ml \/ 1 ons<\/td>\n<td style=\"text-align: center;\">37 x 37 x 76<\/td>\n<td class=\"et2\" style=\"text-align: center;\" rowspan=\"3\">Kare<\/td>\n<td class=\"et2\" style=\"text-align: center;\" rowspan=\"3\">Mermer (turuncu\/beyaz\/kahverengi)<\/td>\n<\/tr>\n<tr style=\"height: 13.50pt;\">\n<td style=\"height: 13.5pt; text-align: center;\" height=\"18\">50 ml<\/td>\n<td style=\"text-align: center;\">41 x 41 x 85<\/td>\n<\/tr>\n<tr style=\"height: 13.50pt;\">\n<td style=\"height: 13.5pt; text-align: center;\" height=\"18\">100 ml \/ 3,4 oz<\/td>\n<td style=\"text-align: center;\">52 x 52 x 130<\/td>\n<\/tr>\n<\/tbody>\n<\/table>\n<h2>Ba\u015far\u0131 \u00d6rne\u011fi<\/h2>\n<p>Mermer kapakl\u0131 ve kare, vintage tarz\u0131 cam parf\u00fcm \u015fi\u015felerimiz, \u00fcst d\u00fczey parf\u00fcmler konusunda uzmanla\u015fm\u0131\u015f l\u00fcks bir koku markas\u0131 i\u00e7in kullan\u0131ld\u0131. Genel g\u00f6r\u00fcn\u00fcm\u00fc daha b\u00fct\u00fcnle\u015fik hale getirmek i\u00e7in marka logosu do\u011frudan \u015fi\u015fenin \u00fczerine i\u015flendi. Mermer kapaklar alt\u0131n kaplamayd\u0131 ve \u015fi\u015fe y\u00fcksek kaliteli kehribar rengi camdan yap\u0131lm\u0131\u015ft\u0131, bu da ona \u00e7ok l\u00fcks bir g\u00f6r\u00fcn\u00fcm kazand\u0131rd\u0131.<\/p>\n<p>Marka, lansmandan sonraki ilk \u00e7eyrekte &#039;l\u0131k bir sat\u0131\u015f art\u0131\u015f\u0131 elde etti ve pazardan olumlu tepkiler ald\u0131. Bu nedenle, alt\u0131 ay i\u00e7inde \u00fc\u00e7 tekrar sipari\u015fi alarak sat\u0131\u015flarda &#039;l\u0131k bir art\u0131\u015f sa\u011flad\u0131.<\/p>\n<h2>\u00d6zelle\u015ftirme Se\u00e7enekleriniz<\/h2>\n<ol>\n<li><strong>\u015eapka ki\u015fiselle\u015ftirme:<\/strong> Kapak i\u00e7in mermer, alt\u0131n, kaplama veya mat gibi \u00e7e\u015fitli y\u00fczey se\u00e7eneklerinden birini se\u00e7erek markan\u0131z\u0131n esteti\u011fine uygun bir g\u00f6r\u00fcn\u00fcm elde edebilirsiniz. Kapak rengi ve kuma\u015f\u0131 da kaliteli bir g\u00f6r\u00fcn\u00fcm sa\u011flayacak \u015fekilde tasarlanabilir.<\/li>\n<li><strong>Logo Kaz\u0131ma:<\/strong> \u015ei\u015felerinizi, cam \u00fczerine kaz\u0131nm\u0131\u015f veya bas\u0131lm\u0131\u015f logonuzla i\u015faretleyin. Bu, bir miktar ayr\u0131cal\u0131k sa\u011flaman\u0131n yan\u0131 s\u0131ra markan\u0131n rafta daha belirgin bir \u015fekilde sergilenmesini de sa\u011flar.<\/li>\n<li><strong>Renk Ki\u015fiselle\u015ftirme:<\/strong> Diledi\u011finiz cam rengini \u00f6zelle\u015ftirin ve benzersiz bir marka kimli\u011fi olu\u015fturun. Parf\u00fcm\u00fcn\u00fcz\u00fc markala\u015ft\u0131rmak i\u00e7in renkli, buzlu veya \u015feffaf cam se\u00e7eneklerinden birini tercih edebilirsiniz.<\/li>\n<\/ol>","protected":false},"excerpt":{"rendered":"<p>Mermer kapakl\u0131, birinci s\u0131n\u0131f kare parf\u00fcm \u015fi\u015femizi ke\u015ffedin. Bu vintage cam parf\u00fcm \u015fi\u015feleri, markalar i\u00e7in idealdir; \u00f6zel toplu sipari\u015fler ve h\u0131zl\u0131 kargo imkan\u0131 sunuyoruz.<\/p>","protected":false},"featured_media":4388,"template":"","meta":{"postBodyCss":"","postBodyMargin":[],"postBodyPadding":[],"postBodyBackground":{"backgroundType":"classic","gradient":""}},"product_brand":[],"product_cat":[15,16,62],"product_tag":[],"class_list":{"0":"post-4349","1":"product","2":"type-product","3":"status-publish","4":"has-post-thumbnail","6":"product_cat-glass-containers","7":"product_cat-glass-bottles","8":"product_cat-perfume-bottles","10":"first","11":"instock","12":"shipping-taxable","13":"product-type-simple"},"jetpack_sharing_enabled":true,"_links":{"self":[{"href":"https:\/\/minghanggroup.com\/tr\/wp-json\/wp\/v2\/product\/4349","targetHints":{"allow":["GET"]}}],"collection":[{"href":"https:\/\/minghanggroup.com\/tr\/wp-json\/wp\/v2\/product"}],"about":[{"href":"https:\/\/minghanggroup.com\/tr\/wp-json\/wp\/v2\/types\/product"}],"wp:featuredmedia":[{"embeddable":true,"href":"https:\/\/minghanggroup.com\/tr\/wp-json\/wp\/v2\/media\/4388"}],"wp:attachment":[{"href":"https:\/\/minghanggroup.com\/tr\/wp-json\/wp\/v2\/media?parent=4349"}],"wp:term":[{"taxonomy":"product_brand","embeddable":true,"href":"https:\/\/minghanggroup.com\/tr\/wp-json\/wp\/v2\/product_brand?post=4349"},{"taxonomy":"product_cat","embeddable":true,"href":"https:\/\/minghanggroup.com\/tr\/wp-json\/wp\/v2\/product_cat?post=4349"},{"taxonomy":"product_tag","embeddable":true,"href":"https:\/\/minghanggroup.com\/tr\/wp-json\/wp\/v2\/product_tag?post=4349"}],"curies":[{"name":"wp","href":"https:\/\/api.w.org\/{rel}","templated":true}]}}