{"id":4344,"date":"2026-01-06T13:54:45","date_gmt":"2026-01-06T05:54:45","guid":{"rendered":"https:\/\/minghanggroup.com\/?post_type=product&#038;p=4344"},"modified":"2026-01-06T14:59:09","modified_gmt":"2026-01-06T06:59:09","slug":"glass-perfume-spray-bottle-with-clear-mountain-base-bulk","status":"publish","type":"product","link":"https:\/\/minghanggroup.com\/tr\/urun\/glass-perfume-spray-bottle-with-clear-mountain-base-bulk\/","title":{"rendered":"30 ml, 50 ml, 100 ml \u015eeffaf Da\u011f Tabanl\u0131 Cam Parf\u00fcm Sprey \u015ei\u015fesi (Toptan Sat\u0131\u015f)"},"content":{"rendered":"<p>Bu bo\u015f parf\u00fcm \u015fi\u015feleri, mat siyah metal kapakl\u0131, \u015feffaf ve cilal\u0131 camdan \u00fcretilmi\u015ftir. \u015eeffaf da\u011f \u015feklindeki yap\u0131n\u0131n taban\u0131, cam g\u00f6vdeye zarif bir \u015fekilde entegre edilmi\u015ftir ve bu da sakin bir g\u00fczellik dokunu\u015fu \u2013 ger\u00e7ekten \u00e7arp\u0131c\u0131 bir detay \u2013 ortaya \u00e7\u0131karmaktad\u0131r.<\/p>\n<h2>\u00dcr\u00fcn \u00d6zellikleri<\/h2>\n<ul>\n<li><strong>Muhte\u015fem \u015eeffaf Da\u011f Heykeli:<\/strong> Da\u011f \u015feklinde tasarlanm\u0131\u015f \u015fi\u015fe g\u00f6vdesi, \u015fi\u015feye g\u00f6ze batmadan ince ve belirgin dokusal detaylar katan \u015feffaf bir malzemeden yap\u0131lm\u0131\u015ft\u0131r.<\/li>\n<li><strong>Minimalist Siyah Renk \u015eemas\u0131:<\/strong> \u015eeffaf cam g\u00f6vde ve siyah metal \u00fcst k\u0131s\u0131m, \u015f\u0131k ve modern bir g\u00f6r\u00fcn\u00fcm sunuyor.<\/li>\n<li><strong>\u00dc\u00e7 Boyut Se\u00e7ene\u011fi:<\/strong> 30 ml, 50 ml ve 100 ml, deneme boylar\u0131ndan tam boy \u00fcr\u00fcnlere kadar farkl\u0131 \u00fcr\u00fcn t\u00fcrlerinin taleplerine en uygun \u00fc\u00e7 boyuttur.<\/li>\n<\/ul>\n<h2 style=\"text-align: left;\">Temel \u00d6zellikler<\/h2>\n<table class=\"aligncenter\" style=\"border-collapse: collapse; width: 416.27pt;\" border=\"0\" width=\"555\" cellspacing=\"0\" cellpadding=\"0\">\n<tbody>\n<tr style=\"height: 13.50pt;\">\n<td style=\"height: 13.50pt; width: 117.75pt;\" width=\"157\" height=\"18\">\u015eartname<\/td>\n<td style=\"width: 298.50pt;\" width=\"398\">Detaylar<\/td>\n<\/tr>\n<tr style=\"height: 13.50pt;\">\n<td style=\"height: 13.50pt;\" height=\"18\">Kapasite<\/td>\n<td>30 ml \/ 50 ml \/ 100 ml<\/td>\n<\/tr>\n<tr style=\"height: 13.50pt;\">\n<td style=\"height: 13.50pt;\" height=\"18\">Boyutlar<\/td>\n<td>46\u00d773 mm \/ 51\u00d780 mm \/ 59\u00d794 mm<\/td>\n<\/tr>\n<tr style=\"height: 13.50pt;\">\n<td style=\"height: 13.50pt;\" height=\"18\">Malzeme<\/td>\n<td>\u015eeffaf Cam, Siyah Metal Kapak<\/td>\n<\/tr>\n<tr style=\"height: 13.50pt;\">\n<td style=\"height: 13.50pt;\" height=\"18\">\u015ei\u015fe \u015eekli<\/td>\n<td>Heykel Tabanl\u0131 Silindir<\/td>\n<\/tr>\n<tr style=\"height: 13.50pt;\">\n<td style=\"height: 13.50pt;\" height=\"18\">\u00d6zelle\u015ftirme Kapsam\u0131<\/td>\n<td>Heykel Tasar\u0131m\u0131, Cam Rengi, Y\u00fczey \u0130\u015flemi<\/td>\n<\/tr>\n<tr style=\"height: 13.50pt;\">\n<td style=\"height: 13.50pt;\" height=\"18\">\u0130\u015f\u00e7ilik<\/td>\n<td>Cam Kaps\u00fclleme, Hassas Metal \u0130\u015fleme<\/td>\n<\/tr>\n<tr style=\"height: 13.50pt;\">\n<td style=\"height: 13.50pt;\" height=\"18\">\u00dcr\u00fcn Amac\u0131<\/td>\n<td>Cam Parf\u00fcm Sprey \u015ei\u015feleri, Bo\u015f Parf\u00fcm \u015ei\u015feleri<\/td>\n<\/tr>\n<tr style=\"height: 13.50pt;\">\n<td style=\"height: 13.50pt;\" height=\"18\">Uygun Sekt\u00f6rler<\/td>\n<td>\u00c7a\u011fda\u015f Parf\u00fcmeri, \u00d6zel Parf\u00fcm St\u00fcdyolar\u0131<\/td>\n<\/tr>\n<\/tbody>\n<\/table>\n<h2>Ba\u015far\u0131 Hikayesi<\/h2>\n<p>100 ml&#039;lik cam parf\u00fcm sprey \u015fi\u015femiz, New York&#039;ta bulunan minimalist bir unisex parf\u00fcm st\u00fcdyosu taraf\u0131ndan se\u00e7ildi ve \u015fi\u015fenin g\u00f6vdesi buzlu camla \u00f6zelle\u015ftirildi. \u00d6zel i\u00e7 tasar\u0131m \u00f6zellikleri, m\u00fc\u015fteriyle ileti\u015fimi \u00fc\u00e7 kat art\u0131rd\u0131. En \u00e7ok satan \u00fcr\u00fcnleri 50 ml&#039;lik yedek \u015fi\u015felerdi ve dolum oran\u0131 &#039;ti. Markan\u0131n bu tutarl\u0131l\u0131\u011f\u0131 ve m\u00fc\u015fterilerinden gelen olumlu yorumlar, st\u00fcdyoyu etkiledi ve yeni \u00fcr\u00fcn serisini ve toptan sat\u0131\u015f ortakl\u0131\u011f\u0131n\u0131 desteklemek i\u00e7in 250.000 \u015fi\u015fe daha sipari\u015f verdi.<\/p>\n<h2>Cam Parf\u00fcm Sprey \u015ei\u015felerinin Ki\u015fiselle\u015ftirilmesi<\/h2>\n<ul>\n<li>\u015eekillendirilmi\u015f Renkler: K\u00fc\u00e7\u00fck ton farkl\u0131l\u0131klar\u0131 elde etmek i\u00e7in \u015feffaf re\u00e7ine i\u00e7inde renkli bilgiler sunar (f\u00fcme gri, mavi, kehribar).<\/li>\n<li>Cam Renkleri: D\u0131\u015f t\u00fcpler \u015feffaf, renkli veya buzlu camdan yap\u0131labilir; tamamen cam veya degrade efektli se\u00e7enekler mevcuttur.<\/li>\n<li>Cam Lazer Kaz\u0131ma: P\u00fcr\u00fczs\u00fcz bir cam y\u00fczeyine \u00e7ok k\u00fc\u00e7\u00fck desenler, koordinatlar veya metinler kaz\u0131r.<\/li>\n<li>Serigrafi bask\u0131: Bu y\u00f6ntem, cam \u015fi\u015fenin g\u00f6ze \u00e7arpmayan bir yerine logo veya d\u00fcz bir bask\u0131 yap\u0131lmas\u0131n\u0131 i\u00e7erir.<\/li>\n<\/ul>","protected":false},"excerpt":{"rendered":"<p>\u00c7ok y\u00f6nl\u00fcl\u00fck ve l\u00fcks g\u00f6r\u00fcn\u00fcm i\u00e7in tasarlanm\u0131\u015f cam parf\u00fcm sprey \u015fi\u015fesi. Bu bo\u015f cam parf\u00fcm \u015fi\u015feleri, d\u00fcnya \u00e7ap\u0131nda h\u0131zl\u0131 kargo ile g\u00f6nderilmeye haz\u0131rd\u0131r.<\/p>","protected":false},"featured_media":4352,"template":"","meta":{"postBodyCss":"","postBodyMargin":[],"postBodyPadding":[],"postBodyBackground":{"backgroundType":"classic","gradient":""}},"product_brand":[],"product_cat":[15,16,62],"product_tag":[],"class_list":{"0":"post-4344","1":"product","2":"type-product","3":"status-publish","4":"has-post-thumbnail","6":"product_cat-glass-containers","7":"product_cat-glass-bottles","8":"product_cat-perfume-bottles","10":"first","11":"instock","12":"shipping-taxable","13":"product-type-simple"},"jetpack_sharing_enabled":true,"_links":{"self":[{"href":"https:\/\/minghanggroup.com\/tr\/wp-json\/wp\/v2\/product\/4344","targetHints":{"allow":["GET"]}}],"collection":[{"href":"https:\/\/minghanggroup.com\/tr\/wp-json\/wp\/v2\/product"}],"about":[{"href":"https:\/\/minghanggroup.com\/tr\/wp-json\/wp\/v2\/types\/product"}],"wp:featuredmedia":[{"embeddable":true,"href":"https:\/\/minghanggroup.com\/tr\/wp-json\/wp\/v2\/media\/4352"}],"wp:attachment":[{"href":"https:\/\/minghanggroup.com\/tr\/wp-json\/wp\/v2\/media?parent=4344"}],"wp:term":[{"taxonomy":"product_brand","embeddable":true,"href":"https:\/\/minghanggroup.com\/tr\/wp-json\/wp\/v2\/product_brand?post=4344"},{"taxonomy":"product_cat","embeddable":true,"href":"https:\/\/minghanggroup.com\/tr\/wp-json\/wp\/v2\/product_cat?post=4344"},{"taxonomy":"product_tag","embeddable":true,"href":"https:\/\/minghanggroup.com\/tr\/wp-json\/wp\/v2\/product_tag?post=4344"}],"curies":[{"name":"wp","href":"https:\/\/api.w.org\/{rel}","templated":true}]}}