{"id":4338,"date":"2026-01-06T13:16:46","date_gmt":"2026-01-06T05:16:46","guid":{"rendered":"https:\/\/minghanggroup.com\/?post_type=product&#038;p=4338"},"modified":"2026-01-06T13:46:44","modified_gmt":"2026-01-06T05:46:44","slug":"green-glass-crystal-perfume-bottles-with-mountain-base-bulk","status":"publish","type":"product","link":"https:\/\/minghanggroup.com\/tr\/urun\/green-glass-crystal-perfume-bottles-with-mountain-base-bulk\/","title":{"rendered":"30 ml, 50 ml, 100 ml Ye\u015fil Cam Kristal Parf\u00fcm \u015ei\u015feleri (Da\u011f Desenli, Toplu)"},"content":{"rendered":"<p>Bu ye\u015fil parf\u00fcm \u015fi\u015feleri \u015feffaf, p\u00fcr\u00fczs\u00fcz camdan yap\u0131lm\u0131\u015f olup, \u015f\u0131k ve parlak ye\u015fil metal bir kapakla tamamlanm\u0131\u015ft\u0131r. \u015ei\u015fenin taban\u0131nda ye\u015fil bir da\u011f motifi kullan\u0131lm\u0131\u015f olup, kapa\u011f\u0131n ye\u015fil rengi de ayn\u0131 \u015fekilde kullan\u0131lm\u0131\u015ft\u0131r.<\/p>\n<h2>\u00dcr\u00fcn \u00d6zellikleri<\/h2>\n<ul>\n<li><strong>\u00c7oklu Boyutlar:<\/strong> G\u00fcnl\u00fck ve ta\u015f\u0131nabilir kullan\u0131ma uygun \u00fc\u00e7 farkl\u0131 boyutu mevcuttur ve parf\u00fcmlerin saklanmas\u0131 i\u00e7in farkl\u0131 se\u00e7enekler sunar.<\/li>\n<li><strong>Ye\u015fil Da\u011f Heykeli:<\/strong> \u015ei\u015fenin i\u00e7indeki ger\u00e7ek\u00e7i ye\u015fil da\u011f oymas\u0131 cesur, do\u011fal ve sanatsal.<\/li>\n<li><strong>Koyu Ye\u015fil Renk Bloklu Tasar\u0131m:<\/strong> \u015eeffaf ye\u015fil kapak ve \u015feffaf cam \u00fczerindeki i\u00e7 detaylar, ak\u0131lda kal\u0131c\u0131 ve enerji dolu bir marka ifadesi olu\u015fturuyor.<\/li>\n<\/ul>\n<h2 style=\"text-align: left;\">Temel \u00d6zellikler<\/h2>\n<table class=\"aligncenter\" style=\"border-collapse: collapse; width: 416.27pt;\" border=\"0\" width=\"555\" cellspacing=\"0\" cellpadding=\"0\">\n<tbody>\n<tr style=\"height: 13.50pt;\">\n<td style=\"height: 13.50pt; width: 117.75pt;\" width=\"157\" height=\"18\">Kapasite<\/td>\n<td style=\"width: 298.50pt;\" width=\"398\">30 ml \/ 50 ml \/ 100 ml<\/td>\n<\/tr>\n<tr style=\"height: 13.50pt;\">\n<td style=\"height: 13.50pt;\" height=\"18\">Boyutlar<\/td>\n<td>46\u00d773 mm \/ 51\u00d780 mm \/ 59\u00d794 mm<\/td>\n<\/tr>\n<tr style=\"height: 13.50pt;\">\n<td style=\"height: 13.50pt;\" height=\"18\">Malzeme<\/td>\n<td>\u015eeffaf Cam, Ye\u015fil Metal Kapak<\/td>\n<\/tr>\n<tr style=\"height: 13.50pt;\">\n<td style=\"height: 13.50pt;\" height=\"18\">\u015ei\u015fe \u015eekli<\/td>\n<td>Heykel Tabanl\u0131 Silindir<\/td>\n<\/tr>\n<tr style=\"height: 13.50pt;\">\n<td style=\"height: 13.50pt;\" height=\"18\">\u00d6zelle\u015ftirme Kapsam\u0131<\/td>\n<td>Cam Renklendirme\/Tonlama, Grav\u00fcr, Sprey Boyama<\/td>\n<\/tr>\n<tr style=\"height: 13.50pt;\">\n<td style=\"height: 13.50pt;\" height=\"18\">\u0130\u015f\u00e7ilik<\/td>\n<td>Cam Kaps\u00fclleme, Hassas Metal \u015eekillendirme ve Kaplama<\/td>\n<\/tr>\n<tr style=\"height: 13.50pt;\">\n<td style=\"height: 13.50pt;\" height=\"18\">\u00dcr\u00fcn Amac\u0131<\/td>\n<td>Cam Kristal Parf\u00fcm \u015ei\u015feleri, Toplu Cam Parf\u00fcm \u015ei\u015feleri<\/td>\n<\/tr>\n<tr style=\"height: 13.50pt;\">\n<td style=\"height: 13.50pt;\" height=\"18\">Uygun Sekt\u00f6rler<\/td>\n<td>\u00c7a\u011fda\u015f Parf\u00fcmeri, Sa\u011fl\u0131k ve Spa Markalar\u0131<\/td>\n<\/tr>\n<\/tbody>\n<\/table>\n<h2>Ba\u015far\u0131 Hikayesi<\/h2>\n<p>100 ml&#039;lik ye\u015fil parf\u00fcm \u015fi\u015femiz, Avustralyal\u0131 bir s\u00fcrd\u00fcr\u00fclebilirlik ve do\u011fa odakl\u0131 marka taraf\u0131ndan se\u00e7ildi ve \u015fi\u015fenin i\u00e7indeki da\u011f motifi, Avustralya Alpleri&#039;ne benzeyecek \u015fekilde \u00f6zelle\u015ftirildi. Markan\u0131n felsefesi, canl\u0131 ye\u015fil renkte en iyi \u015fekilde temsil ediliyor ve bu da sosyal medyada etkile\u015fimde 0&#039;l\u00fck bir art\u0131\u015fa yol a\u00e7t\u0131. \u015ei\u015fenin g\u00fczel tasar\u0131m\u0131, \u00fcr\u00fcn\u00fcn 200&#039;den fazla l\u00fcks sa\u011fl\u0131k ve ya\u015fam tarz\u0131 ma\u011fazas\u0131na girmesine de yard\u0131mc\u0131 oldu. Marka, pazardaki ilgiden olduk\u00e7a memnun kald\u0131 ve bu nedenle Kuzey Amerika pazar\u0131ndaki b\u00fcy\u00fcmesini art\u0131rmak i\u00e7in 300.000 \u015fi\u015fe daha sipari\u015f etti.<\/p>\n<h2>Cam Kristal Parf\u00fcm \u015ei\u015fesinin Ki\u015fiselle\u015ftirilmesi<\/h2>\n<ul>\n<li>\u0130\u00e7 mekan heykellerinin rengini ve \u015feklini ki\u015fiselle\u015ftirin: \u00c7e\u015fitli renklerde (mavi, kehribar) veya \u015fekillerde (orman, mercan resifi) heykeller sa\u011flay\u0131n.<\/li>\n<li>Vitray \u015fi\u015fe: \u0130\u00e7indeki heykelle uyum sa\u011flamak veya z\u0131tl\u0131k olu\u015fturmak i\u00e7in renkli cam (\u00f6rne\u011fin deniz ye\u015fili, su mavisi) kullan\u0131labilir.<\/li>\n<li>Cam lazer grav\u00fcr: Cam y\u00fczeyine desenler, marka isimleri veya koordinatlar i\u015fleyerek s\u00fcsleme yap\u0131n.<\/li>\n<li>Kapak Dokusu: Daha iyi bir tutu\u015f sa\u011flamak veya daha g\u00f6rsel olarak \u00e7ekici hale getirmek i\u00e7in kapa\u011fa dikey oluklar veya t\u0131rt\u0131ll\u0131 bir desen eklenebilir.<\/li>\n<\/ul>","protected":false},"excerpt":{"rendered":"<p>\u015eeffaf silindirik g\u00f6vdesi ve canl\u0131 ye\u015fil da\u011f taban\u0131yla dikkat \u00e7eken cam kristal parf\u00fcm \u015fi\u015fesi. Bu ye\u015fil parf\u00fcm \u015fi\u015fesi, do\u011frudan fabrikadan l\u00fcks bir g\u00f6r\u00fcn\u00fcm sunuyor.<\/p>","protected":false},"featured_media":4340,"template":"","meta":{"postBodyCss":"","postBodyMargin":[],"postBodyPadding":[],"postBodyBackground":{"backgroundType":"classic","gradient":""}},"product_brand":[],"product_cat":[15,16,62],"product_tag":[],"class_list":{"0":"post-4338","1":"product","2":"type-product","3":"status-publish","4":"has-post-thumbnail","6":"product_cat-glass-containers","7":"product_cat-glass-bottles","8":"product_cat-perfume-bottles","10":"first","11":"instock","12":"shipping-taxable","13":"product-type-simple"},"jetpack_sharing_enabled":true,"_links":{"self":[{"href":"https:\/\/minghanggroup.com\/tr\/wp-json\/wp\/v2\/product\/4338","targetHints":{"allow":["GET"]}}],"collection":[{"href":"https:\/\/minghanggroup.com\/tr\/wp-json\/wp\/v2\/product"}],"about":[{"href":"https:\/\/minghanggroup.com\/tr\/wp-json\/wp\/v2\/types\/product"}],"wp:featuredmedia":[{"embeddable":true,"href":"https:\/\/minghanggroup.com\/tr\/wp-json\/wp\/v2\/media\/4340"}],"wp:attachment":[{"href":"https:\/\/minghanggroup.com\/tr\/wp-json\/wp\/v2\/media?parent=4338"}],"wp:term":[{"taxonomy":"product_brand","embeddable":true,"href":"https:\/\/minghanggroup.com\/tr\/wp-json\/wp\/v2\/product_brand?post=4338"},{"taxonomy":"product_cat","embeddable":true,"href":"https:\/\/minghanggroup.com\/tr\/wp-json\/wp\/v2\/product_cat?post=4338"},{"taxonomy":"product_tag","embeddable":true,"href":"https:\/\/minghanggroup.com\/tr\/wp-json\/wp\/v2\/product_tag?post=4338"}],"curies":[{"name":"wp","href":"https:\/\/api.w.org\/{rel}","templated":true}]}}