{"id":4331,"date":"2026-01-06T10:40:23","date_gmt":"2026-01-06T02:40:23","guid":{"rendered":"https:\/\/minghanggroup.com\/?post_type=product&#038;p=4331"},"modified":"2026-01-06T11:57:38","modified_gmt":"2026-01-06T03:57:38","slug":"empty-bottles-for-perfume-with-silver-mountain-base-bulk","status":"publish","type":"product","link":"https:\/\/minghanggroup.com\/tr\/urun\/empty-bottles-for-perfume-with-silver-mountain-base-bulk\/","title":{"rendered":"30 ml, 50 ml, 100 ml G\u00fcm\u00fc\u015f Da\u011f Bazl\u0131 Parf\u00fcm \u0130\u00e7in Bo\u015f \u015ei\u015feler (Toptan)"},"content":{"rendered":"<p>Bu parf\u00fcm \u015fi\u015feleri, mat g\u00fcm\u00fc\u015f metal \u00fcst k\u0131sm\u0131 ve da\u011f motifli metal alt k\u0131sm\u0131 ile p\u00fcr\u00fczs\u00fcz, \u015feffaf camdan yap\u0131lm\u0131\u015ft\u0131r ve t\u00fcm bunlar sade bir zarafet formu sunmaktad\u0131r.<\/p>\n<h2>\u00dcr\u00fcn \u00d6zellikleri<\/h2>\n<ul>\n<li><strong>G\u00fcm\u00fc\u015f Da\u011f\u0131&#039;n\u0131n taban detay\u0131:<\/strong> \u015ei\u015fenin i\u00e7indeki g\u00fcm\u00fc\u015f da\u011f deseni, \u00f6zel, sanatsal, dikkat \u00e7ekici ve \u00e7arp\u0131c\u0131 bir izlenim yarat\u0131yor.<\/li>\n<li><strong>Cam \u015fi\u015fede ferahlat\u0131c\u0131 g\u00fcm\u00fc\u015f:<\/strong> G\u00fcm\u00fc\u015f rengi, \u015feffaf cam \u015fi\u015feyle birle\u015ferek ona modern, l\u00fcks ve unisex bir g\u00f6r\u00fcn\u00fcm kazand\u0131r\u0131yor.<\/li>\n<li><strong>\u00dc\u00e7 \u0130deal Boyut:<\/strong> 30 ml deneme boyu, 50 ml g\u00fcnl\u00fck boy veya 100 ml l\u00fcks boy se\u00e7eneklerinden birini se\u00e7in.<\/li>\n<\/ul>\n<h2 style=\"text-align: left;\">Temel \u00d6zellikler<\/h2>\n<table class=\"aligncenter\" style=\"border-collapse: collapse; width: 416.27pt;\" border=\"0\" width=\"555\" cellspacing=\"0\" cellpadding=\"0\">\n<tbody>\n<tr style=\"height: 13.50pt;\">\n<td style=\"height: 13.50pt; width: 117.75pt;\" width=\"157\" height=\"18\">\u015eartname<\/td>\n<td style=\"width: 298.50pt;\" width=\"398\">Detaylar<\/td>\n<\/tr>\n<tr style=\"height: 13.50pt;\">\n<td style=\"height: 13.50pt;\" height=\"18\">Kapasite<\/td>\n<td>30 ml \/ 50 ml \/ 100 ml<\/td>\n<\/tr>\n<tr style=\"height: 13.50pt;\">\n<td style=\"height: 13.50pt;\" height=\"18\">Boyutlar<\/td>\n<td>46\u00d773 mm \/ 51\u00d780 mm \/ 59\u00d794 mm<\/td>\n<\/tr>\n<tr style=\"height: 13.50pt;\">\n<td style=\"height: 13.50pt;\" height=\"18\">Malzeme<\/td>\n<td>\u015eeffaf Cam, G\u00fcm\u00fc\u015f Metal Kapak<\/td>\n<\/tr>\n<tr style=\"height: 13.50pt;\">\n<td style=\"height: 13.50pt;\" height=\"18\">\u015ei\u015fe \u015eekli<\/td>\n<td>Heykel Tabanl\u0131 Silindir<\/td>\n<\/tr>\n<tr style=\"height: 13.50pt;\">\n<td style=\"height: 13.50pt;\" height=\"18\">\u00d6zelle\u015ftirme Kapsam\u0131<\/td>\n<td>Heykel Tasar\u0131m\u0131, Cam Rengi\/Tonu, Metal Kaplama<\/td>\n<\/tr>\n<tr style=\"height: 13.50pt;\">\n<td style=\"height: 13.50pt;\" height=\"18\">\u0130\u015f\u00e7ilik<\/td>\n<td>Cam Kaps\u00fclleme, Hassas Metal \u0130\u015fleme<\/td>\n<\/tr>\n<tr style=\"height: 13.50pt;\">\n<td style=\"height: 13.50pt;\" height=\"18\">\u00dcr\u00fcn Amac\u0131<\/td>\n<td>Bo\u015f Parf\u00fcm Cam \u015ei\u015feleri, Toplu Parf\u00fcm \u015ei\u015feleri<\/td>\n<\/tr>\n<tr style=\"height: 13.50pt;\">\n<td style=\"height: 13.50pt;\" height=\"18\">Uygun Sekt\u00f6rler<\/td>\n<td>\u00c7a\u011fda\u015f Parf\u00fcmeri, Ya\u015fam Tarz\u0131 Markalar\u0131<\/td>\n<\/tr>\n<\/tbody>\n<\/table>\n<h2>Ba\u015far\u0131 Hikayesi<\/h2>\n<p>Az say\u0131da \u00fcr\u00fcn sunan \u0130skandinav ya\u015fam tarz\u0131 markas\u0131, 50 ml&#039;lik bo\u015f parf\u00fcm cam \u015fi\u015felerimizi sat\u0131n alarak i\u00e7lerini \u0130skandinav fiyortlar\u0131n\u0131n kayal\u0131k da\u011flar\u0131na benzetecek \u015fekilde tasarlad\u0131. G\u00fcm\u00fc\u015f grisi rengi, markalar\u0131yla m\u00fckemmel bir uyum sa\u011flad\u0131. Bu \u00f6zg\u00fcn g\u00f6r\u00fcn\u00fcm, sosyal medyada payla\u015f\u0131mlarda 0&#039;l\u00fck bir art\u0131\u015fa yol a\u00e7t\u0131. 50 ml&#039;lik \u015fi\u015feler, havaalanlar\u0131ndaki g\u00fcmr\u00fcks\u00fcz sat\u0131\u015f ma\u011fazalar\u0131nda \u00e7ok iyi sat\u0131ld\u0131 ve sat\u0131\u015flar\u0131 di\u011fer \u015firketlere g\u00f6re 200 kat daha iyi d\u00f6n\u00fc\u015ft\u00fcrd\u00fc. Marka o kadar memnun kald\u0131 ki, iki farkl\u0131 parf\u00fcm\u00fcnde kullanmak \u00fczere 250.000 \u015fi\u015felik ek bir sipari\u015f daha verdi.<\/p>\n<h2>Parf\u00fcm Ki\u015fiselle\u015ftirme \u0130\u00e7in Bo\u015f Cam \u015ei\u015feler<\/h2>\n<ul>\n<li>Metalin Alt\u0131nda: \u0130\u00e7 detay ve kapak rengini se\u00e7in: geleneksel g\u00fcm\u00fc\u015f, koyu metal veya f\u0131r\u00e7alanm\u0131\u015f krom.<\/li>\n<li>Barda\u011f\u0131 Renklendirin: \u015ei\u015fenin havas\u0131n\u0131 de\u011fi\u015ftirmek amac\u0131yla, f\u00fcme gri veya a\u00e7\u0131k mavi gibi a\u00e7\u0131k renkli bir bardak se\u00e7erek \u015fi\u015feyi doldurun.<\/li>\n<li>Buzlu \u015ei\u015fe: \u015ei\u015fe buzlu bir g\u00f6r\u00fcn\u00fcme sahip olacak, ancak yumu\u015fak, modern ve opak bir g\u00f6r\u00fcn\u00fcm istiyorsan\u0131z, \u015fi\u015fenin tamam\u0131n\u0131 buzlu hale getirmelisiniz.<\/li>\n<li>Dokulu Kapak: Kapa\u011f\u0131n dokunsal bir deneyim sunmas\u0131n\u0131 istiyorsan\u0131z, f\u0131r\u00e7alanm\u0131\u015f, mat veya hafif dokulu bir y\u00fczey verebilirsiniz.<\/li>\n<\/ul>","protected":false},"excerpt":{"rendered":"<p>Zarif g\u00fcm\u00fc\u015f da\u011f fig\u00fcrl\u00fc taban\u0131yla \u015feffaf camdan yap\u0131lm\u0131\u015f parf\u00fcm \u015fi\u015feleri. Bu bo\u015f parf\u00fcm cam \u015fi\u015feleri, do\u011frudan fabrikadan modern bir zarafet sunuyor.<\/p>","protected":false},"featured_media":4336,"template":"","meta":{"postBodyCss":"","postBodyMargin":[],"postBodyPadding":[],"postBodyBackground":{"backgroundType":"classic","gradient":""}},"product_brand":[],"product_cat":[15,16,62],"product_tag":[],"class_list":{"0":"post-4331","1":"product","2":"type-product","3":"status-publish","4":"has-post-thumbnail","6":"product_cat-glass-containers","7":"product_cat-glass-bottles","8":"product_cat-perfume-bottles","10":"first","11":"instock","12":"shipping-taxable","13":"product-type-simple"},"jetpack_sharing_enabled":true,"_links":{"self":[{"href":"https:\/\/minghanggroup.com\/tr\/wp-json\/wp\/v2\/product\/4331","targetHints":{"allow":["GET"]}}],"collection":[{"href":"https:\/\/minghanggroup.com\/tr\/wp-json\/wp\/v2\/product"}],"about":[{"href":"https:\/\/minghanggroup.com\/tr\/wp-json\/wp\/v2\/types\/product"}],"wp:featuredmedia":[{"embeddable":true,"href":"https:\/\/minghanggroup.com\/tr\/wp-json\/wp\/v2\/media\/4336"}],"wp:attachment":[{"href":"https:\/\/minghanggroup.com\/tr\/wp-json\/wp\/v2\/media?parent=4331"}],"wp:term":[{"taxonomy":"product_brand","embeddable":true,"href":"https:\/\/minghanggroup.com\/tr\/wp-json\/wp\/v2\/product_brand?post=4331"},{"taxonomy":"product_cat","embeddable":true,"href":"https:\/\/minghanggroup.com\/tr\/wp-json\/wp\/v2\/product_cat?post=4331"},{"taxonomy":"product_tag","embeddable":true,"href":"https:\/\/minghanggroup.com\/tr\/wp-json\/wp\/v2\/product_tag?post=4331"}],"curies":[{"name":"wp","href":"https:\/\/api.w.org\/{rel}","templated":true}]}}