{"id":4321,"date":"2026-01-06T10:43:01","date_gmt":"2026-01-06T02:43:01","guid":{"rendered":"https:\/\/minghanggroup.com\/?post_type=product&#038;p=4321"},"modified":"2026-01-06T17:05:38","modified_gmt":"2026-01-06T09:05:38","slug":"rectangle-1-ounce-perfume-bottles-for-brand-packaging-bulk","status":"publish","type":"product","link":"https:\/\/minghanggroup.com\/tr\/urun\/rectangle-1-ounce-perfume-bottles-for-brand-packaging-bulk\/","title":{"rendered":"Marka Ambalaj\u0131 \u0130\u00e7in Dikd\u00f6rtgen 1 Ons Parf\u00fcm \u015ei\u015feleri (Toptan)"},"content":{"rendered":"<p>Dikd\u00f6rtgen parf\u00fcm \u015fi\u015feniz, m\u00fc\u015fterilerin durup bakmas\u0131na neden olmal\u0131. Parf\u00fcm ambalaj\u0131nda \u200b\u200bba\u015far\u0131 i\u00e7in tasarlanm\u0131\u015f, her bir cam parf\u00fcm \u015fi\u015fesinin markan\u0131z\u0131n imzas\u0131 haline geldi\u011fi, birinci s\u0131n\u0131f 1 onsluk parf\u00fcm \u015fi\u015fesi \u00e7\u00f6z\u00fcmleri \u00fcretiyoruz.<\/p>\n<h2>\u00dcr\u00fcn \u00d6zellikleri<\/h2>\n<ul>\n<li><strong>Modern Dikd\u00f6rtgen Sil\u00fceti:<\/strong> Dikd\u00f6rtgen \u015feklindeki parf\u00fcm \u015fi\u015feleriniz, sade \u00e7izgileriyle \u00f6ne \u00e7\u0131karak her rafta an\u0131nda ikonik bir g\u00f6r\u00fcn\u00fcm sunar.<\/li>\n<li><strong>1 ons (28 gram) ideal boyut:<\/strong> Numune olarak veya g\u00fcnl\u00fck kullan\u0131m i\u00e7in yeterli olan 1 onsluk parf\u00fcm \u015fi\u015feleri harika bir fikir.<\/li>\n<li><strong>\u00c7e\u015fitli koku \u00fcr\u00fcnleri i\u00e7in uygundur:<\/strong> Bu \u00fcr\u00fcn\u00fcn kullan\u0131m\u0131 sadece parf\u00fcmlerle s\u0131n\u0131rl\u0131 olmay\u0131p, aromaterapi ya\u011flar\u0131 ve di\u011fer \u00fcr\u00fcnlerde de esnek ve \u00e7e\u015fitli kullan\u0131m alanlar\u0131 sunmaktad\u0131r.<\/li>\n<\/ul>\n<h2>Temel \u00d6zellikler<\/h2>\n<table style=\"border-collapse: collapse; width: 80%; margin-left: AUTO; margin-right: AUTO;\" border=\"0\" width=\"288\" cellspacing=\"0\" cellpadding=\"0\">\n<tbody>\n<tr style=\"height: 13.50pt;\">\n<td style=\"height: 13.5pt; width: 54pt; text-align: center;\" width=\"72\" height=\"18\">Kapasite<\/td>\n<td style=\"width: 54pt; text-align: center;\" width=\"72\">\u015eekil<\/td>\n<td style=\"width: 54pt; text-align: center;\" width=\"72\">\u00d6l\u00e7\u00fcler (mm)<\/td>\n<td style=\"width: 54pt; text-align: center;\" width=\"72\">Y\u00fczey Se\u00e7enekleri<\/td>\n<\/tr>\n<tr style=\"height: 13.50pt;\">\n<td style=\"height: 13.5pt; text-align: center;\" height=\"18\">30 ml (1 ons)<\/td>\n<td style=\"text-align: center;\">Dikd\u00f6rtgen<\/td>\n<td style=\"text-align: center;\">37 x 25 x 95<\/td>\n<td style=\"text-align: center;\">Buzlu cam, serigrafi, s\u0131cak bask\u0131<\/td>\n<\/tr>\n<\/tbody>\n<\/table>\n<h2>Ba\u015far\u0131 \u00d6rne\u011fi<\/h2>\n<p>E\u015fsiz ve \u00f6zel koku markalar\u0131ndan biri olan ve her zaman inan\u0131lmaz derecede \u00e7ekici kokular\u0131 ve p\u00fcr\u00fczs\u00fcz, dengeli form\u00fclleriyle \u00fcnl\u00fc olan bu marka, \u00fcr\u00fcnlerini daha da l\u00fcks g\u00f6sterecek bir ambalaj aray\u0131\u015f\u0131ndayd\u0131. \u00dcr\u00fcnlerini ta\u015f\u0131mak i\u00e7in 1 onsluk dikd\u00f6rtgen cam parf\u00fcm \u015fi\u015felerimizi se\u00e7tiler ve \u015fi\u015feyi daha da \u015f\u0131k hale getirmek i\u00e7in buzlu bir g\u00f6r\u00fcn\u00fcm ve metalik g\u00fcm\u00fc\u015f bir kapakla tamamlamaya karar verdiler. Se\u00e7tikleri hizmetin ek bir unsuru olarak, logolar\u0131n\u0131 \u015fi\u015feye kabartma y\u00f6ntemiyle i\u015flediler ve b\u00f6ylece pazardaki premium konumlar\u0131n\u0131 yans\u0131tan \u015f\u0131k, \u00e7ekici ve g\u00fczel g\u00f6r\u00fcn\u00fcml\u00fc bir \u00fcr\u00fcn yaratt\u0131lar.<\/p>\n<p>Yeniden tasar\u0131m\u0131n ard\u0131ndan ilk \u00e7eyrekte sat\u0131\u015flar artt\u0131 ve m\u00fc\u015fteri geri bildirimleri \u00e7ok olumlu oldu. Y\u0131ll\u0131k 100.000 adedi a\u015fan sipari\u015flerle d\u00fczenli m\u00fc\u015fteriler haline geldiler.<\/p>\n<h2>\u00d6zelle\u015ftirme Se\u00e7enekleriniz<\/h2>\n<ol>\n<li><strong>Buzlu veya \u015eeffaf Kaplama:<\/strong> Parf\u00fcm\u00fcn renginin \u00f6n plana \u00e7\u0131kmas\u0131n\u0131 sa\u011flarken, zengin ve \u00fcst d\u00fczey bir g\u00f6r\u00fcn\u00fcm kazand\u0131rmak i\u00e7in buzlu veya \u015feffaf cam kaplama se\u00e7in. Buzlu g\u00f6r\u00fcn\u00fcm daha dokunsal, l\u00fcks bir his verirken, \u015feffaf kaplama d\u00fczenlilik ve safl\u0131k sa\u011flar.<\/li>\n<li><strong>\u00d6zel Renkli Kapaklar:<\/strong> Parf\u00fcm\u00fcn marka kimli\u011fine uygun ve belirli bir temay\u0131 yans\u0131tan alt\u0131n, g\u00fcm\u00fc\u015f veya rose gold gibi \u00e7e\u015fitli metal kapak renkleri aras\u0131ndan se\u00e7im yapabilirsiniz. Bu, genel tasar\u0131m\u0131 ve \u00fcr\u00fcn\u00fcn \u00e7ekicili\u011fini art\u0131rarak m\u00fc\u015fterinin kendini \u00f6zel hissetmesini sa\u011flayan k\u00fc\u00e7\u00fck bir ki\u015fisel detay haline gelir.<\/li>\n<li><strong>Serigrafi Bask\u0131:<\/strong> \u015ei\u015feye dekoratif ipek, serigrafi bask\u0131 veya karakterler ekleyerek, onu bir sanat eseri olarak g\u00f6rsel de\u011ferini art\u0131rmay\u0131 d\u00fc\u015f\u00fcn\u00fcn. Bu, koku kimli\u011fiyle birlikte b\u00fct\u00fcnle\u015fik bir marka konsepti olu\u015fturan, son derece incelikli ve zarif marka ki\u015fili\u011fini ve ilgili tasar\u0131mlar\u0131 m\u00fcmk\u00fcn k\u0131lman\u0131n bir yoludur.<\/li>\n<\/ol>","protected":false},"excerpt":{"rendered":"<p>Bu 1 onsluk parf\u00fcm \u015fi\u015feleri marka \u00f6zelle\u015ftirmesi i\u00e7in m\u00fckemmeldir. Fabrikadan do\u011frudan g\u00f6nderim ve dikd\u00f6rtgen parf\u00fcm \u015fi\u015feleri, i\u015fletme ihtiya\u00e7lar\u0131 i\u00e7in h\u0131zl\u0131 teslimat sa\u011flar.<\/p>","protected":false},"featured_media":4329,"template":"","meta":{"postBodyCss":"","postBodyMargin":[],"postBodyPadding":[],"postBodyBackground":{"backgroundType":"classic","gradient":""}},"product_brand":[],"product_cat":[15,16,62],"product_tag":[],"class_list":{"0":"post-4321","1":"product","2":"type-product","3":"status-publish","4":"has-post-thumbnail","6":"product_cat-glass-containers","7":"product_cat-glass-bottles","8":"product_cat-perfume-bottles","10":"first","11":"instock","12":"shipping-taxable","13":"product-type-simple"},"jetpack_sharing_enabled":true,"_links":{"self":[{"href":"https:\/\/minghanggroup.com\/tr\/wp-json\/wp\/v2\/product\/4321","targetHints":{"allow":["GET"]}}],"collection":[{"href":"https:\/\/minghanggroup.com\/tr\/wp-json\/wp\/v2\/product"}],"about":[{"href":"https:\/\/minghanggroup.com\/tr\/wp-json\/wp\/v2\/types\/product"}],"wp:featuredmedia":[{"embeddable":true,"href":"https:\/\/minghanggroup.com\/tr\/wp-json\/wp\/v2\/media\/4329"}],"wp:attachment":[{"href":"https:\/\/minghanggroup.com\/tr\/wp-json\/wp\/v2\/media?parent=4321"}],"wp:term":[{"taxonomy":"product_brand","embeddable":true,"href":"https:\/\/minghanggroup.com\/tr\/wp-json\/wp\/v2\/product_brand?post=4321"},{"taxonomy":"product_cat","embeddable":true,"href":"https:\/\/minghanggroup.com\/tr\/wp-json\/wp\/v2\/product_cat?post=4321"},{"taxonomy":"product_tag","embeddable":true,"href":"https:\/\/minghanggroup.com\/tr\/wp-json\/wp\/v2\/product_tag?post=4321"}],"curies":[{"name":"wp","href":"https:\/\/api.w.org\/{rel}","templated":true}]}}