{"id":4320,"date":"2026-01-06T08:49:17","date_gmt":"2026-01-06T00:49:17","guid":{"rendered":"https:\/\/minghanggroup.com\/?post_type=product&#038;p=4320"},"modified":"2026-01-06T11:40:53","modified_gmt":"2026-01-06T03:40:53","slug":"custom-golden-perfume-bottle-with-mountain-base","status":"publish","type":"product","link":"https:\/\/minghanggroup.com\/tr\/urun\/custom-golden-perfume-bottle-with-mountain-base\/","title":{"rendered":"30 ml, 50 ml, 100 ml \u00d6zel Tasar\u0131m Alt\u0131n Parf\u00fcm \u015ei\u015feleri (Da\u011f Desenli) (Toptan Sat\u0131\u015f)"},"content":{"rendered":"<p>Bu alt\u0131n renkli parf\u00fcm \u015fi\u015feleri, \u015feffaf camdan (silindirik bir \u015fekle sahip) ve cilalanm\u0131\u015f alt\u0131n metal bir kapaktan yap\u0131lm\u0131\u015ft\u0131r. En dikkat \u00e7ekici unsur ise taban\u0131ndaki alt\u0131n da\u011f heykelidir; bu heykel, \u015fi\u015feye zarif bir hava katmaktad\u0131r.<\/p>\n<h2>\u00dcr\u00fcn \u00d6zellikleri<\/h2>\n<ul>\n<li><strong>As\u0131l\u0131 Alt\u0131n Da\u011f Heykeli:<\/strong> \u015ei\u015fenin i\u00e7indeki alt\u0131n da\u011f heykeli, m\u00fckemmel ve g\u00f6rkemli bir sanatsal etki yarat\u0131yor.<\/li>\n<li><strong>Klasik Silindirik \u015ei\u015fe \u015eekli:<\/strong> Son derece sa\u011flam yap\u0131s\u0131 ve \u00fcst d\u00fczey dokusuyla, rafine bir marka imaj\u0131 sergilemek i\u00e7in en iyi se\u00e7imdir.<\/li>\n<li><strong>Alt\u0131n Renk \u015eemas\u0131:<\/strong> \u015eeffaf cam ve kapak ile alt k\u0131s\u0131mdaki s\u00fcslemeler alt\u0131n renginde olacak ve zarafet ile sade l\u00fcks\u00fcn g\u00fczel bir renk \u015femas\u0131n\u0131 olu\u015fturacakt\u0131r.<\/li>\n<\/ul>\n<h2 style=\"text-align: left;\">Temel \u00d6zellikler<\/h2>\n<table class=\"aligncenter\" style=\"border-collapse: collapse; width: 465.77pt;\" border=\"0\" width=\"621\" cellspacing=\"0\" cellpadding=\"0\">\n<tbody>\n<tr style=\"height: 13.50pt;\">\n<td style=\"height: 13.50pt; width: 117.75pt;\" width=\"157\" height=\"18\">\u015eartname<\/td>\n<td style=\"width: 348.00pt;\" width=\"464\">Detaylar<\/td>\n<\/tr>\n<tr style=\"height: 13.50pt;\">\n<td style=\"height: 13.50pt;\" height=\"18\">Kapasite<\/td>\n<td>30 ml \/ 50 ml \/ 100 ml<\/td>\n<\/tr>\n<tr style=\"height: 13.50pt;\">\n<td style=\"height: 13.50pt;\" height=\"18\">Boyutlar<\/td>\n<td>46\u00d773 mm \/ 51\u00d780 mm \/ 59\u00d794 mm<\/td>\n<\/tr>\n<tr style=\"height: 13.50pt;\">\n<td style=\"height: 13.50pt;\" height=\"18\">Malzeme<\/td>\n<td>\u015eeffaf Cam, Alt\u0131n Metal Kapak<\/td>\n<\/tr>\n<tr style=\"height: 13.50pt;\">\n<td style=\"height: 13.50pt;\" height=\"18\">\u015ei\u015fe \u015eekli<\/td>\n<td>Kaps\u00fcllenmi\u015f Heykel Tabanl\u0131 Silindir<\/td>\n<\/tr>\n<tr style=\"height: 13.50pt;\">\n<td style=\"height: 13.50pt;\" height=\"18\">\u00d6zelle\u015ftirme Kapsam\u0131<\/td>\n<td>Heykel Tasar\u0131m\u0131, Cam Renklendirme\/Tonlama, Metal Y\u00fczey \u0130\u015fleme, Bask\u0131<\/td>\n<\/tr>\n<tr style=\"height: 13.50pt;\">\n<td style=\"height: 13.50pt;\" height=\"18\">\u0130\u015f\u00e7ilik<\/td>\n<td>Hassas Cam Kaps\u00fclleme, Metal D\u00f6k\u00fcm ve Kaplama<\/td>\n<\/tr>\n<tr style=\"height: 13.50pt;\">\n<td style=\"height: 13.50pt;\" height=\"18\">\u00dcr\u00fcn Amac\u0131<\/td>\n<td>\u00d6zel Tasar\u0131m Parf\u00fcm \u015ei\u015feleri, L\u00fcks Alt\u0131n Parf\u00fcm \u015ei\u015feleri<\/td>\n<\/tr>\n<tr style=\"height: 13.50pt;\">\n<td style=\"height: 13.50pt;\" height=\"18\">Uygun Sekt\u00f6rler<\/td>\n<td>L\u00fcks \u00dcr\u00fcnler, Y\u00fcksek Parf\u00fcmeri, Se\u00e7kin A\u011f\u0131rlama<\/td>\n<\/tr>\n<\/tbody>\n<\/table>\n<h2>Ba\u015far\u0131 \u00d6yk\u00fcs\u00fc: Orta Do\u011fu L\u00fcks Grubunun Amiral Gemisi \u00dcr\u00fcn\u00fcn\u00fcn Lansman\u0131<\/h2>\n<p>Birle\u015fik Arap Emirlikleri&#039;ndeki tan\u0131nm\u0131\u015f l\u00fcks \u015firketlerden biri, 100 ml&#039;lik alt\u0131n renkli parf\u00fcm \u015fi\u015femizi se\u00e7ti ve i\u00e7 k\u0131sm\u0131na Hajar da\u011flar\u0131n\u0131 and\u0131ran bir heykel tasarlatt\u0131. Y\u00fcksek kalite ve m\u00fckemmel i\u015f\u00e7ili\u011fe sahip olan bu \u00fcr\u00fcn, \u00fcretim maliyetinin 0 \u00fczerinde bir fiyata sat\u0131l\u0131yor. 50 ml&#039;lik \u015fi\u015fe ise toplam seyahat perakende sat\u0131\u015flar\u0131n\u0131n &#039;\u0131ndan fazlas\u0131n\u0131 olu\u015fturarak havaalan\u0131 g\u00fcmr\u00fcks\u00fcz sat\u0131\u015f ma\u011fazalar\u0131nda en \u00e7ok satan \u00fcr\u00fcnlerden biri haline geldi. M\u00fc\u015fteri, markan\u0131n pazar penetrasyon h\u0131z\u0131ndan etkilenerek 5 y\u0131ll\u0131k \u00f6zel bir anla\u015fma imzalad\u0131 ve 800.000 \u015fi\u015fe daha sipari\u015f etti.<\/p>\n<h2>Parf\u00fcm \u015ei\u015feleri \u00d6zel Se\u00e7enekler<\/h2>\n<ul>\n<li>Heykel ve Kapak Metali: Heykelin i\u00e7 k\u0131sm\u0131 ve kapa\u011f\u0131 (pembe alt\u0131n, antik alt\u0131n, platin) farkl\u0131 metallerden veya kaplamalardan yap\u0131labilir.<\/li>\n<li>Vitray \u015ei\u015fe: Cam, alt\u0131n \u015fi\u015feyle kontrast veya uyum yaratmak i\u00e7in farkl\u0131 renklerde (kehribar, kobalt mavisi ve z\u00fcmr\u00fct ye\u015fili) mevcuttur.<\/li>\n<li>Cam Lazer \u0130\u015fleme: Cam y\u00fczeyine i\u015flenen desenler, isimler veya koordinatlar heykelin \u00fczerinde yer al\u0131r.<\/li>\n<li>Buzlu Cam Etkisi: Heykelin g\u00f6rsel izlenimini kolayla\u015ft\u0131rmak ve ona p\u00fcr\u00fczs\u00fcz ve \u015f\u0131k bir g\u00f6r\u00fcn\u00fcm kazand\u0131rmak i\u00e7in cama buzlu bir dokunu\u015f eklerler.<\/li>\n<\/ul>\n<p>&nbsp;<\/p>","protected":false},"excerpt":{"rendered":"<p>\u00d6zel tasar\u0131m, alt\u0131n detaylarla s\u00fcslenmi\u015f ve metal sprey kapakl\u0131 parf\u00fcm \u015fi\u015feleri. Markalar i\u00e7in birinci s\u0131n\u0131f alt\u0131n parf\u00fcm \u015fi\u015feleri, toplu sipari\u015flerde indirim. H\u0131zl\u0131 kargo.<\/p>","protected":false},"featured_media":4322,"template":"","meta":{"postBodyCss":"","postBodyMargin":[],"postBodyPadding":[],"postBodyBackground":{"backgroundType":"classic","gradient":""}},"product_brand":[],"product_cat":[15,16,62],"product_tag":[],"class_list":{"0":"post-4320","1":"product","2":"type-product","3":"status-publish","4":"has-post-thumbnail","6":"product_cat-glass-containers","7":"product_cat-glass-bottles","8":"product_cat-perfume-bottles","10":"first","11":"instock","12":"shipping-taxable","13":"product-type-simple"},"jetpack_sharing_enabled":true,"_links":{"self":[{"href":"https:\/\/minghanggroup.com\/tr\/wp-json\/wp\/v2\/product\/4320","targetHints":{"allow":["GET"]}}],"collection":[{"href":"https:\/\/minghanggroup.com\/tr\/wp-json\/wp\/v2\/product"}],"about":[{"href":"https:\/\/minghanggroup.com\/tr\/wp-json\/wp\/v2\/types\/product"}],"wp:featuredmedia":[{"embeddable":true,"href":"https:\/\/minghanggroup.com\/tr\/wp-json\/wp\/v2\/media\/4322"}],"wp:attachment":[{"href":"https:\/\/minghanggroup.com\/tr\/wp-json\/wp\/v2\/media?parent=4320"}],"wp:term":[{"taxonomy":"product_brand","embeddable":true,"href":"https:\/\/minghanggroup.com\/tr\/wp-json\/wp\/v2\/product_brand?post=4320"},{"taxonomy":"product_cat","embeddable":true,"href":"https:\/\/minghanggroup.com\/tr\/wp-json\/wp\/v2\/product_cat?post=4320"},{"taxonomy":"product_tag","embeddable":true,"href":"https:\/\/minghanggroup.com\/tr\/wp-json\/wp\/v2\/product_tag?post=4320"}],"curies":[{"name":"wp","href":"https:\/\/api.w.org\/{rel}","templated":true}]}}