{"id":4297,"date":"2026-01-05T13:41:08","date_gmt":"2026-01-05T05:41:08","guid":{"rendered":"https:\/\/minghanggroup.com\/?post_type=product&#038;p=4297"},"modified":"2026-01-05T14:19:43","modified_gmt":"2026-01-05T06:19:43","slug":"perfume-glass-spray-bottles-with-gold-lids-bulk","status":"publish","type":"product","link":"https:\/\/minghanggroup.com\/tr\/urun\/perfume-glass-spray-bottles-with-gold-lids-bulk\/","title":{"rendered":"2,5 oz&#039;luk Alt\u0131n Kapakl\u0131 Cam Parf\u00fcm Sprey \u015ei\u015feleri (Toptan)"},"content":{"rendered":"<p>Bu, alt\u0131n tonlu metal kapa\u011f\u0131 ve yakas\u0131nda alt\u0131n s\u00fcsleme halkas\u0131 bulunan, 74 ml&#039;lik (2.5 oz) \u015feffaf, p\u00fcr\u00fczs\u00fcz ve yuvarlak hatlara sahip, a\u011f\u0131r tabanl\u0131 bir parf\u00fcm \u015fi\u015fesidir.<\/p>\n<h2>\u00dcr\u00fcn \u00d6zellikleri<\/h2>\n<ul>\n<li><strong>Ak\u0131c\u0131 Kavisli G\u00f6vde:<\/strong> I\u015f\u0131k k\u0131r\u0131lmas\u0131 p\u00fcr\u00fczs\u00fcz ve yuvarlak olup g\u00f6vdeye yumu\u015fak bir his verir; bu his, \u015fekillendirilmi\u015f kenarlarla daha da tamamlan\u0131r.<\/li>\n<li><strong>Asimetrik Alt\u0131n Tonlu Metal Kapak:<\/strong> \u00d6zg\u00fcn tasar\u0131ml\u0131 alt\u0131n kapak, sofistike bir tarz\u0131n ipucunu veriyor ve l\u00fcks\u00fc yans\u0131t\u0131yor.<\/li>\n<li><strong>Alt\u0131n Tonlu Metal Dekoratif Y\u00fcz\u00fck:<\/strong> \u015ei\u015fe ile kapak aras\u0131nda bulunan metal halka, detaylara sofistike ve zarif bir hava kat\u0131yor.<\/li>\n<\/ul>\n<h2 style=\"text-align: left;\">Temel \u00d6zellikler<\/h2>\n<table class=\"aligncenter\" style=\"border-collapse: collapse; width: 421.52pt;\" border=\"0\" width=\"562\" cellspacing=\"0\" cellpadding=\"0\">\n<tbody>\n<tr style=\"height: 13.50pt;\">\n<td style=\"height: 13.50pt; width: 119.25pt;\" width=\"159\" height=\"18\">\u015eartname<\/td>\n<td style=\"width: 302.25pt;\" width=\"403\">Detaylar<\/td>\n<\/tr>\n<tr style=\"height: 13.50pt;\">\n<td style=\"height: 13.50pt;\" height=\"18\">Kapasite<\/td>\n<td>75 ml (2,5 oz)<\/td>\n<\/tr>\n<tr style=\"height: 13.50pt;\">\n<td style=\"height: 13.50pt;\" height=\"18\">Boyutlar<\/td>\n<td>39 \u00d7 76 \u00d7 94 mm<\/td>\n<\/tr>\n<tr style=\"height: 13.50pt;\">\n<td style=\"height: 13.50pt;\" height=\"18\">Malzeme<\/td>\n<td>\u015eeffaf Cam + Metal Bile\u015fenler<\/td>\n<\/tr>\n<tr style=\"height: 13.50pt;\">\n<td style=\"height: 13.50pt;\" height=\"18\">\u015ei\u015fe \u015eekli<\/td>\n<td>Kal\u0131nla\u015ft\u0131r\u0131lm\u0131\u015f Tabanl\u0131 Yuvarlak<\/td>\n<\/tr>\n<tr style=\"height: 13.50pt;\">\n<td style=\"height: 13.50pt;\" height=\"18\">\u00d6zelle\u015ftirme Kapsam\u0131<\/td>\n<td>Cam Rengi\/Kaplamas\u0131, Grav\u00fcr\/Bask\u0131<\/td>\n<\/tr>\n<tr style=\"height: 13.50pt;\">\n<td style=\"height: 13.50pt;\" height=\"18\">\u0130\u015f\u00e7ilik<\/td>\n<td>Kavisli Cam Kal\u0131plama, Metal Kaplama ve Montaj<\/td>\n<\/tr>\n<tr style=\"height: 13.50pt;\">\n<td style=\"height: 13.50pt;\" height=\"18\">\u00dcr\u00fcn Amac\u0131<\/td>\n<td>Yuvarlak Parf\u00fcm \u015ei\u015feleri, Cam Parf\u00fcm Sprey \u015ei\u015feleri<\/td>\n<\/tr>\n<tr style=\"height: 13.50pt;\">\n<td style=\"height: 13.50pt;\" height=\"18\">Uygun Sekt\u00f6rler<\/td>\n<td>Ni\u015f Parf\u00fcmeri, G\u00fczellik Markalar\u0131, L\u00fcks Perakende<\/td>\n<\/tr>\n<\/tbody>\n<\/table>\n<h2>Ba\u015far\u0131 \u00d6yk\u00fcs\u00fc: Kaliforniya&#039;da bir ya\u015fam tarz\u0131 markas\u0131n\u0131n en \u00e7ok satan parf\u00fcm\u00fc.<\/h2>\n<p>Kaliforniya&#039;n\u0131n en \u00fcnl\u00fc ya\u015fam tarz\u0131 markalar\u0131ndan biri, 75 ml&#039;lik parf\u00fcm \u015fi\u015femiz i\u00e7in a\u00e7\u0131k pembe cam g\u00f6vdeli bir tasar\u0131m geli\u015ftirdi. Bu \u015f\u0131k ve ergonomik tasar\u0131ml\u0131 parf\u00fcm sprey \u015fi\u015feleri, m\u00fc\u015fteri yorumlar\u0131n\u0131n &#039;inde \u015fi\u015fenin kullan\u0131m kolayl\u0131\u011f\u0131na y\u00fcksek puan verilmesiyle b\u00fcy\u00fck bir ba\u015far\u0131 yakalad\u0131. G\u00fczel tasar\u0131m\u0131, di\u011fer \u00fcr\u00fcnlere g\u00f6re daha y\u00fcksek bir fiyat\u0131 hakl\u0131 \u00e7\u0131kar\u0131yor. Marka, \u00fcr\u00fcn\u00fcn piyasadaki performans\u0131 ve g\u00f6rd\u00fc\u011f\u00fc ilgi kar\u015f\u0131s\u0131nda \u00e7ok memnun kald\u0131 ve bu nedenle \u00fclke genelindeki perakende kanallar\u0131na yeni \u00fcr\u00fcn\u00fcn tan\u0131t\u0131m\u0131n\u0131 kolayla\u015ft\u0131rmak i\u00e7in 500.000 \u015fi\u015fe daha sipari\u015f etti.<\/p>\n<h2>Parf\u00fcm Cam Sprey \u015ei\u015feleri Ki\u015fiselle\u015ftirme<\/h2>\n<ul>\n<li>Renk\/Efektli Cam: \u015eeffaf, renkli (\u015fampanya, deniz cam\u0131) veya buzlu cam (ge\u00e7i\u015f efektleri mevcuttur).<\/li>\n<li>\u00d6zel Metal Kaplamalar: Kapak ve boyun k\u0131sm\u0131na uygulanabilecek \u00e7ok say\u0131da metal kaplama se\u00e7ene\u011fi mevcuttur (alt\u0131n, rose gold, krom, siyah).<\/li>\n<li>Kontur Lazer Kaz\u0131ma: Daha detayl\u0131 desenler, marka isimleri veya logolar, y\u00fckseltilmi\u015f kontur \u00e7izgileri \u00fczerine i\u015flenir.<\/li>\n<li>Serigrafi Bask\u0131: D\u00fczg\u00fcn kavisli cam y\u00fczeye ho\u015f tasar\u0131mlar veya logolar bas\u0131l\u0131r.<\/li>\n<li>\u00d6zel Sprey Ba\u015fl\u0131klar\u0131: \u015ei\u015fenin ak\u0131c\u0131 hatlar\u0131, benzersiz tasarlanm\u0131\u015f sprey ba\u015fl\u0131\u011f\u0131 \u015fekilleriyle tamamlanmaktad\u0131r.<\/li>\n<\/ul>","protected":false},"excerpt":{"rendered":"<p>Ak\u0131c\u0131 sil\u00fcet ve alt\u0131n detaylara sahip l\u00fcks yuvarlak cam parf\u00fcm sprey \u015fi\u015feleri. 74 ml&#039;lik parf\u00fcm \u015fi\u015fesi, toplu sipari\u015f indirimi ve \u00fccretsiz numunelerle birlikte sunulmaktad\u0131r.<\/p>","protected":false},"featured_media":4301,"template":"","meta":{"postBodyCss":"","postBodyMargin":[],"postBodyPadding":[],"postBodyBackground":{"backgroundType":"classic","gradient":""}},"product_brand":[],"product_cat":[15,16,62],"product_tag":[],"class_list":{"0":"post-4297","1":"product","2":"type-product","3":"status-publish","4":"has-post-thumbnail","6":"product_cat-glass-containers","7":"product_cat-glass-bottles","8":"product_cat-perfume-bottles","10":"first","11":"instock","12":"shipping-taxable","13":"product-type-simple"},"jetpack_sharing_enabled":true,"_links":{"self":[{"href":"https:\/\/minghanggroup.com\/tr\/wp-json\/wp\/v2\/product\/4297","targetHints":{"allow":["GET"]}}],"collection":[{"href":"https:\/\/minghanggroup.com\/tr\/wp-json\/wp\/v2\/product"}],"about":[{"href":"https:\/\/minghanggroup.com\/tr\/wp-json\/wp\/v2\/types\/product"}],"wp:featuredmedia":[{"embeddable":true,"href":"https:\/\/minghanggroup.com\/tr\/wp-json\/wp\/v2\/media\/4301"}],"wp:attachment":[{"href":"https:\/\/minghanggroup.com\/tr\/wp-json\/wp\/v2\/media?parent=4297"}],"wp:term":[{"taxonomy":"product_brand","embeddable":true,"href":"https:\/\/minghanggroup.com\/tr\/wp-json\/wp\/v2\/product_brand?post=4297"},{"taxonomy":"product_cat","embeddable":true,"href":"https:\/\/minghanggroup.com\/tr\/wp-json\/wp\/v2\/product_cat?post=4297"},{"taxonomy":"product_tag","embeddable":true,"href":"https:\/\/minghanggroup.com\/tr\/wp-json\/wp\/v2\/product_tag?post=4297"}],"curies":[{"name":"wp","href":"https:\/\/api.w.org\/{rel}","templated":true}]}}