{"id":4296,"date":"2026-01-05T14:28:22","date_gmt":"2026-01-05T06:28:22","guid":{"rendered":"https:\/\/minghanggroup.com\/?post_type=product&#038;p=4296"},"modified":"2026-01-05T17:06:56","modified_gmt":"2026-01-05T09:06:56","slug":"rectangular-custom-100ml-empty-perfume-bottles-wholesale","status":"publish","type":"product","link":"https:\/\/minghanggroup.com\/tr\/urun\/rectangular-custom-100ml-empty-perfume-bottles-wholesale\/","title":{"rendered":"100 ml Dikd\u00f6rtgen \u00d6zel Bo\u015f Parf\u00fcm \u015ei\u015feleri Toptan Sat\u0131\u015f"},"content":{"rendered":"<p>100 ml&#039;lik bo\u015f parf\u00fcm \u015fi\u015feleriniz, m\u00fc\u015fterilerin durup bakmas\u0131na neden olmal\u0131. Parf\u00fcm ambalaj\u0131nda \u200b\u200bba\u015far\u0131y\u0131 hedefleyen, her bir cam parf\u00fcm \u015fi\u015fesinin markan\u0131z\u0131n imzas\u0131 haline geldi\u011fi, birinci s\u0131n\u0131f bo\u015f parf\u00fcm \u015fi\u015felerini toptan olarak \u00fcretiyoruz.<\/p>\n<h2>\u00dcr\u00fcn \u00d6zellikleri<\/h2>\n<ul>\n<li><strong>Zarif Tasar\u0131m: <\/strong>Sade ve \u015f\u0131k dikd\u00f6rtgen sil\u00fceti ve alt\u0131n rengi kapa\u011f\u0131, \u00fcst d\u00fczey parf\u00fcmler i\u00e7in ideal olan zarif ve klasik bir estetik sunuyor.<\/li>\n<li><strong>Premium Alt\u0131n Kapak: <\/strong>Metal alt\u0131n kapak, \u015fi\u015fenin g\u00f6steri\u015fli havas\u0131n\u0131 art\u0131rarak hem modern hem de vintage parf\u00fcm serileriyle m\u00fckemmel bir uyum sa\u011fl\u0131yor.<\/li>\n<li><strong>\u00d6zelle\u015ftirilebilir Se\u00e7enekler: <\/strong>Bu \u00fcr\u00fcn\u00fc kabartmal\u0131 logo, ipek bask\u0131, serigrafi bask\u0131 ve \u015fi\u015fe ile kapak i\u00e7in \u00f6zel renk se\u00e7imiyle ki\u015fiselle\u015ftirebilirsiniz.<\/li>\n<\/ul>\n<h2>Temel \u00d6zellikler<\/h2>\n<table style=\"border-collapse: collapse; width: 80%; margin-left: auto; margin-right: auto;\" border=\"0\" width=\"360\" cellspacing=\"0\" cellpadding=\"0\">\n<tbody>\n<tr style=\"height: 13.50pt;\">\n<td style=\"height: 13.5pt; width: 54pt; text-align: center;\" width=\"72\" height=\"18\">Kapasite<\/td>\n<td style=\"width: 54pt; text-align: center;\" width=\"72\">\u00d6l\u00e7\u00fcler (mm)<\/td>\n<td style=\"width: 54pt; text-align: center;\" width=\"72\">\u015eekil<\/td>\n<td style=\"width: 54pt; text-align: center;\" width=\"72\">En \u00d6nemli \u00d6zellik<\/td>\n<td style=\"width: 54pt; text-align: center;\" width=\"72\">Y\u00fczey Se\u00e7enekleri<\/td>\n<\/tr>\n<tr style=\"height: 13.50pt;\">\n<td style=\"height: 13.5pt; text-align: center;\" height=\"18\">100 ml \/ 3,4 oz<\/td>\n<td style=\"text-align: center;\">55 x 30 x 118<\/td>\n<td style=\"text-align: center;\">Dikd\u00f6rtgen<\/td>\n<td style=\"text-align: center;\">K\u00fcresel kapak + p\u00fcsk\u00fcrt\u00fcc\u00fc<\/td>\n<td style=\"text-align: center;\">Kum p\u00fcsk\u00fcrtme, serigrafi, yald\u0131zlama, \u00e7\u0131kartmalar<\/td>\n<\/tr>\n<\/tbody>\n<\/table>\n<h2>Ba\u015far\u0131 \u00d6rne\u011fi<\/h2>\n<p>Parf\u00fcm \u015firketi, \u00fcrettikleri parf\u00fcmlerin kalitesine uygun bir ambalaj kalitesi elde etme arzusundayd\u0131. Yeni \u00fcr\u00fcn lansmanlar\u0131nda, alt\u0131n kapakl\u0131 100 ml&#039;lik bo\u015f parf\u00fcm \u015fi\u015feleriyle denemeler yapt\u0131lar. Ambalaj\u0131 daha da ileriye ta\u015f\u0131mak i\u00e7in, \u015fi\u015felere logo kabartmas\u0131 uygulad\u0131lar ve modern ve p\u00fcr\u00fczs\u00fcz bir g\u00f6r\u00fcn\u00fcm kazand\u0131rmak i\u00e7in \u015fi\u015fe g\u00f6vdesine mat bir doku verdiler. \u015ei\u015feler ayr\u0131ca, m\u00fc\u015fterilerin g\u00f6z\u00fcne hitap edecek ve onlar\u0131 memnun edecek ince bir ipek bask\u0131 deseni kullan\u0131larak tasarland\u0131.<\/p>\n<p>Marka, faaliyete ge\u00e7ti\u011fi ilk ayda &#039;lik bir sat\u0131\u015f art\u0131\u015f\u0131 kaydetti. \u015eirket, ki\u015fiselle\u015ftirilmi\u015f \u015fi\u015felerin toplu al\u0131mlar\u0131n\u0131 s\u00fcrd\u00fcrme konusunda olduk\u00e7a aktif davrand\u0131 ve bu, sonraki t\u00fcm \u00fcr\u00fcn lansmanlar\u0131nda kulland\u0131\u011f\u0131 ambalaj haline geldi.<\/p>\n<h2>\u00d6zelle\u015ftirme Se\u00e7enekleriniz<\/h2>\n<ol>\n<li><strong>Kabartmal\u0131\/\u00c7ukur Logolar: <\/strong>Markan\u0131z\u0131n g\u00f6r\u00fcn\u00fcrl\u00fc\u011f\u00fcn\u00fc bir \u00fcst seviyeye ta\u015f\u0131yarak, \u015fi\u015fe \u00fczerine kabartma veya i\u015flemeli logo yapt\u0131r\u0131n.<\/li>\n<li><strong>\u0130pek, Serigrafi Bask\u0131: <\/strong>Parf\u00fcm\u00fcn benzersizli\u011fini vurgulamak i\u00e7in, \u015fi\u015feyi ipek veya serigrafi bask\u0131 kullanarak ince detaylar, yaz\u0131lar veya grafiklerle s\u00fcsleyin.<\/li>\n<li><strong>\u015eapka \u00c7e\u015fitleri: <\/strong>\u015ei\u015fe tasar\u0131m\u0131na uygun \u00e7e\u015fitli kapak malzemeleri ve y\u00fczey se\u00e7enekleri (alt\u0131n, g\u00fcm\u00fc\u015f veya mat) sunulmas\u0131na olanak tan\u0131y\u0131n.<\/li>\n<\/ol>","protected":false},"excerpt":{"rendered":"<p>Dikd\u00f6rtgen tasar\u0131ml\u0131 100 ml&#039;lik bo\u015f parf\u00fcm \u015fi\u015felerimizi toptan olarak ke\u015ffedin. Toptan sat\u0131\u015fa sunulan \u00fcr\u00fcnlerimiz, \u00f6zelle\u015ftirme se\u00e7enekleri ve fabrika do\u011frudan sat\u0131\u015f fiyatlar\u0131yla mevcuttur.<\/p>","protected":false},"featured_media":4305,"template":"","meta":{"postBodyCss":"","postBodyMargin":[],"postBodyPadding":[],"postBodyBackground":{"backgroundType":"classic","gradient":""}},"product_brand":[],"product_cat":[16,15,62],"product_tag":[],"class_list":{"0":"post-4296","1":"product","2":"type-product","3":"status-publish","4":"has-post-thumbnail","6":"product_cat-glass-bottles","7":"product_cat-glass-containers","8":"product_cat-perfume-bottles","10":"first","11":"instock","12":"shipping-taxable","13":"product-type-simple"},"jetpack_sharing_enabled":true,"_links":{"self":[{"href":"https:\/\/minghanggroup.com\/tr\/wp-json\/wp\/v2\/product\/4296","targetHints":{"allow":["GET"]}}],"collection":[{"href":"https:\/\/minghanggroup.com\/tr\/wp-json\/wp\/v2\/product"}],"about":[{"href":"https:\/\/minghanggroup.com\/tr\/wp-json\/wp\/v2\/types\/product"}],"wp:featuredmedia":[{"embeddable":true,"href":"https:\/\/minghanggroup.com\/tr\/wp-json\/wp\/v2\/media\/4305"}],"wp:attachment":[{"href":"https:\/\/minghanggroup.com\/tr\/wp-json\/wp\/v2\/media?parent=4296"}],"wp:term":[{"taxonomy":"product_brand","embeddable":true,"href":"https:\/\/minghanggroup.com\/tr\/wp-json\/wp\/v2\/product_brand?post=4296"},{"taxonomy":"product_cat","embeddable":true,"href":"https:\/\/minghanggroup.com\/tr\/wp-json\/wp\/v2\/product_cat?post=4296"},{"taxonomy":"product_tag","embeddable":true,"href":"https:\/\/minghanggroup.com\/tr\/wp-json\/wp\/v2\/product_tag?post=4296"}],"curies":[{"name":"wp","href":"https:\/\/api.w.org\/{rel}","templated":true}]}}