{"id":4286,"date":"2026-01-05T11:34:24","date_gmt":"2026-01-05T03:34:24","guid":{"rendered":"https:\/\/minghanggroup.com\/?post_type=product&#038;p=4286"},"modified":"2026-01-05T13:40:36","modified_gmt":"2026-01-05T05:40:36","slug":"unique-perfume-bottles-with-pumpkin-design-bulk","status":"publish","type":"product","link":"https:\/\/minghanggroup.com\/tr\/urun\/unique-perfume-bottles-with-pumpkin-design-bulk\/","title":{"rendered":"50 ml&#039;lik, balkaba\u011f\u0131 desenli, benzersiz parf\u00fcm \u015fi\u015feleri (toplu sat\u0131\u015f)"},"content":{"rendered":"<p>Bu g\u00fczel parf\u00fcm \u015fi\u015feleri kristal camdan yap\u0131lm\u0131\u015f olup, yuvarlak, oluklu ve kabak \u015feklinde bir tasar\u0131ma sahiptir; \u00e7ok y\u00f6nl\u00fc bir kapak ve cilal\u0131 alt\u0131n metal bir halka ile tamamlanm\u0131\u015ft\u0131r.<\/p>\n<h2>\u00dcr\u00fcn \u00d6zellikleri<\/h2>\n<ul>\n<li><strong>Kabak \u015feklinde, oluklu \u015fi\u015fe:<\/strong> D\u00fcz balkaba\u011f\u0131 tasar\u0131m\u0131na eklenen dikey, \u00fc\u00e7 boyutlu kaburgalar, \u0131\u015f\u0131k k\u0131r\u0131lmas\u0131n\u0131n parlakl\u0131\u011f\u0131n\u0131 art\u0131rarak ona m\u00fccevher benzeri bir incelik kazand\u0131r\u0131yor.<\/li>\n<li><strong>Derin dikey oluklu doku:<\/strong> Net dokusu, \u0131\u015f\u0131k ve g\u00f6lge g\u00f6rsel efekti yaratarak zengin bir his uyand\u0131r\u0131yor ve klasik bir zarafet havas\u0131 kat\u0131yor.<\/li>\n<li><strong>Alt\u0131n metal y\u00fcz\u00fck:<\/strong> \u015ei\u015fe ile kapak aras\u0131ndaki alt\u0131n metal halka, \u015feffaf malzemeye \u015f\u0131kl\u0131k katan bir detay daha ekliyor.<\/li>\n<\/ul>\n<h2 style=\"text-align: left;\">Temel \u00d6zellikler<\/h2>\n<table class=\"aligncenter\" style=\"border-collapse: collapse; width: 533.27pt;\" border=\"0\" width=\"711\" cellspacing=\"0\" cellpadding=\"0\">\n<tbody>\n<tr style=\"height: 13.50pt;\">\n<td style=\"height: 13.50pt; width: 144.75pt;\" width=\"193\" height=\"18\">\u00d6zellik<\/td>\n<td style=\"width: 388.50pt;\" width=\"518\">Detaylar<\/td>\n<\/tr>\n<tr style=\"height: 13.50pt;\">\n<td style=\"height: 13.50pt;\" height=\"18\">Kapasite<\/td>\n<td>50 ml<\/td>\n<\/tr>\n<tr style=\"height: 13.50pt;\">\n<td style=\"height: 13.50pt;\" height=\"18\">Boyutlar<\/td>\n<td>64 mm \u00d7 62 mm<\/td>\n<\/tr>\n<tr style=\"height: 13.50pt;\">\n<td style=\"height: 13.50pt;\" height=\"18\">Malzeme<\/td>\n<td>Y\u00fcksek \u015eeffafl\u0131kta Cam, Metal Bile\u015fenler<\/td>\n<\/tr>\n<tr style=\"height: 13.50pt;\">\n<td style=\"height: 13.50pt;\" height=\"18\">\u015ei\u015fe \u015eekli<\/td>\n<td>Oluklu Kabak<\/td>\n<\/tr>\n<tr style=\"height: 13.50pt;\">\n<td style=\"height: 13.50pt;\" height=\"18\">\u00d6zelle\u015ftirme Aral\u0131\u011f\u0131<\/td>\n<td>Cam Rengi\/Tonu, \u015eerit Tasar\u0131m\u0131, Metal Kaplama, Kapak Stili, Grav\u00fcr<\/td>\n<\/tr>\n<tr style=\"height: 13.50pt;\">\n<td style=\"height: 13.50pt;\" height=\"18\">\u0130\u015f\u00e7ilik \u00d6ne \u00c7\u0131kanlar\u0131<\/td>\n<td>Oluklu Cam Kal\u0131plama, Metal Kaplama ve Montaj<\/td>\n<\/tr>\n<tr style=\"height: 13.50pt;\">\n<td style=\"height: 13.50pt;\" height=\"18\">Birincil Kullan\u0131m<\/td>\n<td>E\u015fsiz Parf\u00fcm \u015ei\u015feleri, L\u00fcks Parf\u00fcm \u015ei\u015feleri<\/td>\n<\/tr>\n<tr style=\"height: 13.50pt;\">\n<td style=\"height: 13.50pt;\" height=\"18\">Hedef Sekt\u00f6rler<\/td>\n<td>Y\u00fcksek Kaliteli Parf\u00fcmeri, L\u00fcks Markalar, Se\u00e7kin Perakendeciler<\/td>\n<\/tr>\n<\/tbody>\n<\/table>\n<h2>Ba\u015far\u0131 \u00d6yk\u00fcs\u00fc: K\u00fc\u00e7\u00fck \u00d6l\u00e7ekte Bir Ba\u015fyap\u0131t, Frans\u0131z Parf\u00fcm Markas\u0131<\/h2>\n<p>D\u00fcnyaca \u00fcnl\u00fc Frans\u0131z parf\u00fcm markalar\u0131ndan biri, 24 ayar alt\u0131n kaplama ve koyu kehribar camdan yap\u0131lm\u0131\u015f \u00f6zel 50 ml&#039;lik parf\u00fcm \u015fi\u015femizi se\u00e7ti. Balkaba\u011f\u0131 \u015feklindeki tasar\u0131m an\u0131nda b\u00fcy\u00fck be\u011feni toplad\u0131 ve koleksiyon 12 saatten k\u0131sa bir s\u00fcrede online olarak t\u00fckendi. Muhte\u015fem tasar\u0131m\u0131 sayesinde sosyal medya sitelerinde kullan\u0131c\u0131 taraf\u0131ndan olu\u015fturulan i\u00e7erikte 0&#039;l\u00fck bir art\u0131\u015f ya\u015fand\u0131. Bu e\u015fsiz parf\u00fcm \u015fi\u015felerinin piyasadaki talebi ve ba\u015far\u0131s\u0131 markay\u0131 mutlu etti ve y\u0131ll\u0131k s\u0131n\u0131rl\u0131 say\u0131da \u00fcretilmek \u00fczere 100.000 \u015fi\u015fe daha sipari\u015f verdiler.<\/p>\n<h2>G\u00fczel Parf\u00fcm \u015ei\u015felerinin Ki\u015fiselle\u015ftirilmesi<\/h2>\n<ul>\n<li>Cam Renkleri: Z\u00fcmr\u00fct ye\u015fili, kobalt mavisi ve yakut k\u0131rm\u0131z\u0131s\u0131 da dahil olmak \u00fczere geni\u015f bir cam renk yelpazesi sunuyorlar.<\/li>\n<li>Metal \u015ei\u015fe Boyunlu\u011fu ve Kaplama: Her t\u00fcrl\u00fc (pembe alt\u0131n, paladyum) ve kaplama (cilal\u0131, f\u0131r\u00e7alanm\u0131\u015f, antik) \u00f6zel metal s\u00fcs e\u015fyalar\u0131.<\/li>\n<li>Oluk Varyasyonlar\u0131: G\u00f6rsel ritimde varyasyonlar elde etmek i\u00e7in dikey oluklara ekleme, \u00e7\u0131karma, geni\u015fletme veya derinle\u015ftirme i\u015flemleri yap\u0131n.<\/li>\n<li>Ki\u015fiye \u00d6zel Kristal Kapak Tasar\u0131m\u0131: Kristal kapa\u011f\u0131n \u00f6zel kesim desenlerini veya \u015fekillerini tasarlay\u0131n.<\/li>\n<\/ul>","protected":false},"excerpt":{"rendered":"<p>Alt\u0131n detaylarla s\u00fcslenmi\u015f, balkaba\u011f\u0131 \u015feklinde kristal camdan \u00fcretilmi\u015f e\u015fsiz parf\u00fcm \u015fi\u015feleri. Markalar i\u00e7in do\u011frudan fabrikadan tedarik edilen g\u00fczel parf\u00fcm \u015fi\u015feleri. H\u0131zl\u0131 kargo.<\/p>","protected":false},"featured_media":4291,"template":"","meta":{"postBodyCss":"","postBodyMargin":[],"postBodyPadding":[],"postBodyBackground":{"backgroundType":"classic","gradient":""}},"product_brand":[],"product_cat":[15,16,62],"product_tag":[],"class_list":{"0":"post-4286","1":"product","2":"type-product","3":"status-publish","4":"has-post-thumbnail","6":"product_cat-glass-containers","7":"product_cat-glass-bottles","8":"product_cat-perfume-bottles","10":"first","11":"instock","12":"shipping-taxable","13":"product-type-simple"},"jetpack_sharing_enabled":true,"_links":{"self":[{"href":"https:\/\/minghanggroup.com\/tr\/wp-json\/wp\/v2\/product\/4286","targetHints":{"allow":["GET"]}}],"collection":[{"href":"https:\/\/minghanggroup.com\/tr\/wp-json\/wp\/v2\/product"}],"about":[{"href":"https:\/\/minghanggroup.com\/tr\/wp-json\/wp\/v2\/types\/product"}],"wp:featuredmedia":[{"embeddable":true,"href":"https:\/\/minghanggroup.com\/tr\/wp-json\/wp\/v2\/media\/4291"}],"wp:attachment":[{"href":"https:\/\/minghanggroup.com\/tr\/wp-json\/wp\/v2\/media?parent=4286"}],"wp:term":[{"taxonomy":"product_brand","embeddable":true,"href":"https:\/\/minghanggroup.com\/tr\/wp-json\/wp\/v2\/product_brand?post=4286"},{"taxonomy":"product_cat","embeddable":true,"href":"https:\/\/minghanggroup.com\/tr\/wp-json\/wp\/v2\/product_cat?post=4286"},{"taxonomy":"product_tag","embeddable":true,"href":"https:\/\/minghanggroup.com\/tr\/wp-json\/wp\/v2\/product_tag?post=4286"}],"curies":[{"name":"wp","href":"https:\/\/api.w.org\/{rel}","templated":true}]}}