{"id":4281,"date":"2026-01-05T10:28:11","date_gmt":"2026-01-05T02:28:11","guid":{"rendered":"https:\/\/minghanggroup.com\/?post_type=product&#038;p=4281"},"modified":"2026-01-05T17:22:36","modified_gmt":"2026-01-05T09:22:36","slug":"crystal-bottles-for-perfume-with-black-lids-bulk","status":"publish","type":"product","link":"https:\/\/minghanggroup.com\/tr\/urun\/crystal-bottles-for-perfume-with-black-lids-bulk\/","title":{"rendered":"100 ml&#039;lik Siyah Kapakl\u0131 Kristal Parf\u00fcm \u015ei\u015feleri (Toptan)"},"content":{"rendered":"<p>Bu kristal parf\u00fcm \u015fi\u015fesi standart, neredeyse dikey ve dikd\u00f6rtgen \u015feklindedir; cam g\u00f6vdesinin her iki taraf\u0131nda bulunan iki derin yatay oluk, \u00f6zel bir dokunu\u015f ve g\u00f6rsel etkiyi vurgular. \u015ei\u015fe ve siyah silindirik metal kapak, olduk\u00e7a \u00e7arp\u0131c\u0131 bir modernlikle tezat olu\u015fturmaktad\u0131r.<\/p>\n<h2>\u00dcr\u00fcn \u00d6zellikleri<\/h2>\n<ul>\n<li><strong>Dikd\u00f6rtgen Oluklu \u015ei\u015fe:<\/strong> \u0130nce dikd\u00f6rtgen \u015fekil ve \u00fczerindeki iki yatay \u00e7izgi, \u015fi\u015feye g\u00f6zle g\u00f6r\u00fcl\u00fcr bir derinlik kat\u0131yor ve tutu\u015fu kolayla\u015ft\u0131r\u0131yor.<\/li>\n<li><strong>Siyah Metal \u015eapka:<\/strong> Siyah silindirik metal kapak, minimalist bir tasar\u0131ma sahipken, \u015feffaf \u015fi\u015fe ise olduk\u00e7a sofistike ve modern bir tasar\u0131ma sahiptir.<\/li>\n<li><strong>\u015eeffaf Cam Malzemesi:<\/strong> Tamamen \u015feffaf cam yap\u0131, \u0131\u015f\u0131\u011f\u0131n yans\u0131mas\u0131n\u0131n yaratt\u0131\u011f\u0131 k\u00fc\u00e7\u00fck etkileri g\u00fc\u00e7lendirmenin yan\u0131 s\u0131ra, kokunun geri kalan\u0131n\u0131 da net bir \u015fekilde ortaya koyuyor.<\/li>\n<\/ul>\n<h2 style=\"text-align: left;\">Temel \u00d6zellikler<\/h2>\n<table class=\"aligncenter\" style=\"border-collapse: collapse; width: 599.27pt;\" border=\"0\" width=\"799\" cellspacing=\"0\" cellpadding=\"0\">\n<tbody>\n<tr style=\"height: 13.50pt;\">\n<td style=\"height: 13.50pt; width: 146.25pt;\" width=\"195\" height=\"18\">\u00d6zellik<\/td>\n<td style=\"width: 453.00pt;\" width=\"604\">Detaylar<\/td>\n<\/tr>\n<tr style=\"height: 13.50pt;\">\n<td style=\"height: 13.50pt;\" height=\"18\">Kapasite<\/td>\n<td>100 ml<\/td>\n<\/tr>\n<tr style=\"height: 13.50pt;\">\n<td style=\"height: 13.50pt;\" height=\"18\">Boyutlar<\/td>\n<td>65 mm \u00d7 33 mm \u00d7 108 mm<\/td>\n<\/tr>\n<tr style=\"height: 13.50pt;\">\n<td style=\"height: 13.50pt;\" height=\"18\">Malzeme<\/td>\n<td>\u015eeffaf Cam, Metal Kapak<\/td>\n<\/tr>\n<tr style=\"height: 13.50pt;\">\n<td style=\"height: 13.50pt;\" height=\"18\">\u015ei\u015fe \u015eekli<\/td>\n<td>Yatay Oluklu Dikey Dikd\u00f6rtgen<\/td>\n<\/tr>\n<tr style=\"height: 13.50pt;\">\n<td style=\"height: 13.50pt;\" height=\"18\">\u00d6zelle\u015ftirme Aral\u0131\u011f\u0131<\/td>\n<td>Cam Rengi\/Kaplamas\u0131, Kapak Rengi\/Kaplamas\u0131, Oluk Tasar\u0131m\u0131, Bask\u0131\/Lazer \u0130\u015fleme<\/td>\n<\/tr>\n<tr style=\"height: 13.50pt;\">\n<td style=\"height: 13.50pt;\" height=\"18\">\u0130\u015f\u00e7ilik \u00d6ne \u00c7\u0131kanlar\u0131<\/td>\n<td>Hassas Yatay Oluklu Kal\u0131plama, Y\u00fcksek \u015eeffafl\u0131kta Cam, Metal \u0130\u015fleme<\/td>\n<\/tr>\n<tr style=\"height: 13.50pt;\">\n<td style=\"height: 13.50pt;\" height=\"18\">Birincil Kullan\u0131m<\/td>\n<td>Parf\u00fcm ve Koku \u015ei\u015feleri i\u00e7in Kristal \u015ei\u015feler<\/td>\n<\/tr>\n<tr style=\"height: 13.50pt;\">\n<td style=\"height: 13.50pt;\" height=\"18\">Hedef Sekt\u00f6rler<\/td>\n<td>Erkek Bak\u0131m Markalar\u0131, Eczane Tarz\u0131 \u00dcr\u00fcnler, Tasar\u0131mc\u0131 Etiketleri<\/td>\n<\/tr>\n<\/tbody>\n<\/table>\n<h2>Ba\u015far\u0131 \u00d6yk\u00fcs\u00fc: Bir \u0130skandinav Tasar\u0131m St\u00fcdyosunun Koku Koleksiyonu<\/h2>\n<p>Parf\u00fcm i\u00e7in \u00fcretti\u011fimiz 100 ml&#039;lik bo\u015f kristal \u015fi\u015felerimiz, minimalist mobilyalar konusunda uzmanla\u015fm\u0131\u015f \u0130skandinavya merkezli bir tasar\u0131m st\u00fcdyosu taraf\u0131ndan sipari\u015f edildi ve 100 ml&#039;lik \u015fi\u015felerin dumanl\u0131 gri cam\u0131 \u00f6zel olarak tasarland\u0131. \u015ei\u015fenin iyi bir tutu\u015f sa\u011flayan yatay oluklar\u0131, \u00e7evrimi\u00e7i yorumlar\u0131n &#039;\u0131ndan fazlas\u0131nda g\u00f6r\u00fcld\u00fc\u011f\u00fc gibi m\u00fc\u015fteriler taraf\u0131ndan b\u00fcy\u00fck be\u011feni toplad\u0131. \u015ei\u015fe tasar\u0131m\u0131 sosyal medyada b\u00fcy\u00fck etki yaratt\u0131 ve marka bilinirli\u011fi artt\u0131. St\u00fcdyonun \u00fcr\u00fcn\u00fcn piyasadaki performans\u0131ndan \u00e7ok memnun kald\u0131\u011f\u0131 ve ald\u0131\u011f\u0131 olumlu geri d\u00f6n\u00fc\u015fle ki\u015fisel parf\u00fcm i\u015fini b\u00fcy\u00fctmek i\u00e7in 250.000 \u015fi\u015fe daha sipari\u015f etti\u011fi g\u00f6r\u00fcld\u00fc.<\/p>\n<h2>Parf\u00fcm Ki\u015fiselle\u015ftirme i\u00e7in Kristal \u015ei\u015feler<\/h2>\n<ul>\n<li>Cam \u00fczerine serigrafi bask\u0131: Logonuzu, tasar\u0131m\u0131n\u0131z\u0131 veya metninizi oluklar aras\u0131ndaki d\u00fcz y\u00fczeye yap\u0131\u015ft\u0131r\u0131n.<\/li>\n<li>\u00d6zel Oluk Tasar\u0131m\u0131: Yatay oluklar\u0131n say\u0131s\u0131n\u0131, derinli\u011fini veya desenini de\u011fi\u015ftirin (\u00f6rne\u011fin \u00fc\u00e7\u00fcnc\u00fc bir oluk ekleyin veya oluklar\u0131 dikey hale getirin).<\/li>\n<li>G\u00f6m\u00fcl\u00fc Markalama: \u015ei\u015fenin alt\u0131na, k\u00fc\u00e7\u00fck ama dikkat \u00e7ekmeyen bir marka logosu i\u015fletebilirsiniz.<\/li>\n<li>\u0130ki Tonlu Cam Efekti: Bu efekt, cam\u0131n oluklar\u0131n\u0131n alt\u0131nda ortaya \u00e7\u0131kan \u00e7e\u015fitli renkleri g\u00f6stermek i\u00e7in \u00e7ok katmanl\u0131 cam kullan\u0131m\u0131n\u0131 i\u00e7erir.<\/li>\n<\/ul>","protected":false},"excerpt":{"rendered":"<p>Kristal berrakl\u0131\u011f\u0131nda cam ve siyah metal kapakl\u0131 modern parf\u00fcm \u015fi\u015feleri. Parf\u00fcm markalar\u0131 i\u00e7in ideal kristal \u015fi\u015feler, do\u011frudan fabrikadan tedarik, \u00fccretsiz numuneler.<\/p>","protected":false},"featured_media":4282,"template":"","meta":{"postBodyCss":"","postBodyMargin":[],"postBodyPadding":[],"postBodyBackground":{"backgroundType":"classic","gradient":""}},"product_brand":[],"product_cat":[15,16,62],"product_tag":[],"class_list":{"0":"post-4281","1":"product","2":"type-product","3":"status-publish","4":"has-post-thumbnail","6":"product_cat-glass-containers","7":"product_cat-glass-bottles","8":"product_cat-perfume-bottles","10":"first","11":"instock","12":"shipping-taxable","13":"product-type-simple"},"jetpack_sharing_enabled":true,"_links":{"self":[{"href":"https:\/\/minghanggroup.com\/tr\/wp-json\/wp\/v2\/product\/4281","targetHints":{"allow":["GET"]}}],"collection":[{"href":"https:\/\/minghanggroup.com\/tr\/wp-json\/wp\/v2\/product"}],"about":[{"href":"https:\/\/minghanggroup.com\/tr\/wp-json\/wp\/v2\/types\/product"}],"wp:featuredmedia":[{"embeddable":true,"href":"https:\/\/minghanggroup.com\/tr\/wp-json\/wp\/v2\/media\/4282"}],"wp:attachment":[{"href":"https:\/\/minghanggroup.com\/tr\/wp-json\/wp\/v2\/media?parent=4281"}],"wp:term":[{"taxonomy":"product_brand","embeddable":true,"href":"https:\/\/minghanggroup.com\/tr\/wp-json\/wp\/v2\/product_brand?post=4281"},{"taxonomy":"product_cat","embeddable":true,"href":"https:\/\/minghanggroup.com\/tr\/wp-json\/wp\/v2\/product_cat?post=4281"},{"taxonomy":"product_tag","embeddable":true,"href":"https:\/\/minghanggroup.com\/tr\/wp-json\/wp\/v2\/product_tag?post=4281"}],"curies":[{"name":"wp","href":"https:\/\/api.w.org\/{rel}","templated":true}]}}