{"id":4276,"date":"2026-01-05T10:20:58","date_gmt":"2026-01-05T02:20:58","guid":{"rendered":"https:\/\/minghanggroup.com\/?post_type=product&#038;p=4276"},"modified":"2026-01-05T16:50:30","modified_gmt":"2026-01-05T08:50:30","slug":"glass-clear-cologne-bottles-with-spray-wholesale","status":"publish","type":"product","link":"https:\/\/minghanggroup.com\/tr\/urun\/glass-clear-cologne-bottles-with-spray-wholesale\/","title":{"rendered":"50ml 100ml Spreyli \u015eeffaf Cam Kolonya \u015ei\u015feleri Toptan Sat\u0131\u015f"},"content":{"rendered":"<p>\u015eeffaf kolonya \u015fi\u015feleriniz m\u00fc\u015fterilerin durup bakmas\u0131n\u0131 sa\u011flamal\u0131. Parf\u00fcm ambalaj\u0131nda \u200b\u200bba\u015far\u0131 i\u00e7in tasarlanm\u0131\u015f, her bir cam parf\u00fcm \u015fi\u015fesinin markan\u0131z\u0131n imzas\u0131 haline geldi\u011fi, birinci s\u0131n\u0131f 100 ml kolonya \u015fi\u015fesi \u00e7\u00f6z\u00fcmleri \u00fcretiyoruz.<\/p>\n<h2>\u00dcr\u00fcn \u00d6zellikleri<\/h2>\n<ul>\n<li><strong>Y\u00fcksek \u015eeffafl\u0131kta Cam G\u00f6vde:<\/strong> Son derece \u015feffaf cam, kokunun renginin t\u00fcm canl\u0131l\u0131\u011f\u0131yla g\u00f6r\u00fclebilmesini sa\u011flayan m\u00fckemmel bir ta\u015f\u0131y\u0131c\u0131d\u0131r ve bu da rafa g\u00f6rsel olarak \u00e7ekici bir g\u00f6r\u00fcn\u00fcm kazand\u0131r\u0131r.<\/li>\n<li><strong>Dengeli, Modern \u015eekil: <\/strong>Temiz hatlar\u0131n ve yumu\u015fak yuvarlak hatlar\u0131n birle\u015fimi, tasar\u0131ma farkl\u0131 koku stillerine uygun, zamans\u0131z bir g\u00f6r\u00fcn\u00fcm kazand\u0131r\u0131yor.<\/li>\n<li><strong>Markala\u015fma i\u00e7in \u00e7ok y\u00f6nl\u00fc: <\/strong>\u015ei\u015fenin n\u00f6tr tasar\u0131m\u0131, farkl\u0131 marka kimlikleri i\u00e7in etiketleme, bask\u0131 veya logo \u00f6zelle\u015ftirmesiyle uyumludur.<\/li>\n<\/ul>\n<h2>Temel \u00d6zellikler<\/h2>\n<table style=\"border-collapse: collapse; width: 80%; margin-left: auto; margin-right: auto;\" border=\"0\" width=\"288\" cellspacing=\"0\" cellpadding=\"0\">\n<tbody>\n<tr style=\"height: 13.50pt;\">\n<td class=\"et2\" style=\"height: 13.5pt; width: 54pt; text-align: center;\" width=\"72\" height=\"18\">Kapasite(ml)<\/td>\n<td style=\"width: 54pt; text-align: center;\" width=\"72\">\u00d6l\u00e7\u00fcler (mm)<\/td>\n<td style=\"width: 54pt; text-align: center;\" width=\"72\">Cam Rengi<\/td>\n<td style=\"width: 54pt; text-align: center;\" width=\"72\">Kapak Renkleri<\/td>\n<\/tr>\n<tr style=\"height: 13.50pt;\">\n<td style=\"height: 13.5pt; text-align: center;\" align=\"right\" height=\"18\">50<\/td>\n<td style=\"text-align: center;\">62 x 22 x 88<\/td>\n<td class=\"et2\" style=\"text-align: center;\" rowspan=\"2\">\u015eeffaf, \u00d6zel<\/td>\n<td class=\"et2\" style=\"text-align: center;\" rowspan=\"2\">Alt\u0131n, G\u00fcm\u00fc\u015f, \u00d6zel<\/td>\n<\/tr>\n<tr style=\"height: 13.50pt;\">\n<td style=\"height: 13.5pt; text-align: center;\" align=\"right\" height=\"18\">100<\/td>\n<td style=\"text-align: center;\">74 x 26 x 110<\/td>\n<\/tr>\n<\/tbody>\n<\/table>\n<h2>Ba\u015far\u0131 \u00d6rne\u011fi<\/h2>\n<p>Bir parf\u00fcm markas\u0131, kokular\u0131n\u0131n safl\u0131\u011f\u0131n\u0131 ve el i\u015f\u00e7ili\u011fini do\u011fru bir \u015fekilde yans\u0131tan ambalajlarla pazardaki profilini y\u00fckseltmek istedi. Yeni bir koleksiyonun lansman\u0131 i\u00e7in, \u015feffaf 100 ml&#039;lik kolonya \u015fi\u015felerimizi se\u00e7tiler ve bunlar\u0131 buzlu cam kaplama, \u015fi\u015fenin omuz k\u0131sm\u0131na \u00e7ok hafif kabartmal\u0131 bir logo ve f\u0131r\u00e7alanm\u0131\u015f metal sprey yakas\u0131 ile benzersiz hale getirdiler. \u00dc\u00e7 aydan k\u0131sa bir s\u00fcrede, perakende sat\u0131\u015flar artt\u0131 ve m\u00fc\u015fterilerin yorumlar\u0131 \u00e7o\u011funlukla \u015fi\u015felerin l\u00fcks dokunu\u015fu ve zarif g\u00f6r\u00fcn\u00fcm\u00fcyle ilgiliydi. Kampanyan\u0131n etkisinden motive olan marka, tasar\u0131m\u0131 ana \u00fcr\u00fcn gam\u0131na uygulayarak sipari\u015f hacmini art\u0131rd\u0131.<\/p>\n<h2>\u00d6zelle\u015ftirme Se\u00e7enekleriniz<\/h2>\n<ol>\n<li><strong>\u015ei\u015fe Y\u00fczey \u0130\u015flemi:<\/strong> Marka yaz\u0131s\u0131n\u0131 g\u00f6rsel olarak vurgulamak ve kontrast olu\u015fturmak i\u00e7in \u015feffaf veya buzlu se\u00e7eneklerden birini se\u00e7in.<\/li>\n<li><strong>Gradyan Cam \u0130\u015fleme:<\/strong> Cam \u00fczerinde a\u00e7\u0131k renk ge\u00e7i\u015fi veya solukla\u015ft\u0131rma tekni\u011fi kullan\u0131larak ona \u00fc\u00e7 boyutlu bir g\u00f6r\u00fcn\u00fcm kazand\u0131r\u0131labilir.<\/li>\n<li><strong>S\u0131n\u0131rl\u0131 \u00dcretim Detaylar\u0131:<\/strong> Numaraland\u0131r\u0131lm\u0131\u015f i\u015faretler veya benzersiz y\u00fczey dokular\u0131 gibi k\u00fc\u00e7\u00fck, seri \u00fcretim unsurlar\u0131, mevsimlik veya l\u00fcks \u00fcr\u00fcnler i\u00e7in kullan\u0131labilir.<\/li>\n<\/ol>","protected":false},"excerpt":{"rendered":"<p>\u015eeffaf kolonya \u015fi\u015feleri, kokunun safl\u0131\u011f\u0131n\u0131 vurgular. 100 ml&#039;lik kolonya \u015fi\u015feleri olarak idealdir, do\u011frudan fabrika fiyatland\u0131rmas\u0131 ve \u00f6zel se\u00e7enekler mevcuttur.<\/p>","protected":false},"featured_media":4280,"template":"","meta":{"postBodyCss":"","postBodyMargin":[],"postBodyPadding":[],"postBodyBackground":{"backgroundType":"classic","gradient":""}},"product_brand":[],"product_cat":[15,16,62],"product_tag":[],"class_list":{"0":"post-4276","1":"product","2":"type-product","3":"status-publish","4":"has-post-thumbnail","6":"product_cat-glass-containers","7":"product_cat-glass-bottles","8":"product_cat-perfume-bottles","10":"first","11":"instock","12":"shipping-taxable","13":"product-type-simple"},"jetpack_sharing_enabled":true,"_links":{"self":[{"href":"https:\/\/minghanggroup.com\/tr\/wp-json\/wp\/v2\/product\/4276","targetHints":{"allow":["GET"]}}],"collection":[{"href":"https:\/\/minghanggroup.com\/tr\/wp-json\/wp\/v2\/product"}],"about":[{"href":"https:\/\/minghanggroup.com\/tr\/wp-json\/wp\/v2\/types\/product"}],"wp:featuredmedia":[{"embeddable":true,"href":"https:\/\/minghanggroup.com\/tr\/wp-json\/wp\/v2\/media\/4280"}],"wp:attachment":[{"href":"https:\/\/minghanggroup.com\/tr\/wp-json\/wp\/v2\/media?parent=4276"}],"wp:term":[{"taxonomy":"product_brand","embeddable":true,"href":"https:\/\/minghanggroup.com\/tr\/wp-json\/wp\/v2\/product_brand?post=4276"},{"taxonomy":"product_cat","embeddable":true,"href":"https:\/\/minghanggroup.com\/tr\/wp-json\/wp\/v2\/product_cat?post=4276"},{"taxonomy":"product_tag","embeddable":true,"href":"https:\/\/minghanggroup.com\/tr\/wp-json\/wp\/v2\/product_tag?post=4276"}],"curies":[{"name":"wp","href":"https:\/\/api.w.org\/{rel}","templated":true}]}}