{"id":4266,"date":"2026-01-04T17:00:07","date_gmt":"2026-01-04T09:00:07","guid":{"rendered":"https:\/\/minghanggroup.com\/?post_type=product&#038;p=4266"},"modified":"2026-01-04T17:00:09","modified_gmt":"2026-01-04T09:00:09","slug":"glass-perfume-containers-with-metal-sprayer-wholesale","status":"publish","type":"product","link":"https:\/\/minghanggroup.com\/tr\/urun\/glass-perfume-containers-with-metal-sprayer-wholesale\/","title":{"rendered":"30ml 50ml Metal Sprey Ba\u015fl\u0131kl\u0131 Cam Parf\u00fcm \u015ei\u015feleri Toptan Sat\u0131\u015f"},"content":{"rendered":"<p>K\u00fc\u00e7\u00fck kolonya \u015fi\u015feleriniz m\u00fc\u015fterilerin durup bakmas\u0131na neden olmal\u0131. Koku ambalaj\u0131nda \u200b\u200bba\u015far\u0131 i\u00e7in tasarlanm\u0131\u015f, y\u00fcksek kaliteli parf\u00fcm kaplar\u0131n\u0131 toplu olarak \u00fcretiyoruz; her k\u00fc\u00e7\u00fck kolonya \u015fi\u015fesi markan\u0131z\u0131n imzas\u0131 haline geliyor.<\/p>\n<h2>\u00dcr\u00fcn \u00d6zellikleri<\/h2>\n<ul>\n<li><strong>Temiz, Modern Sil\u00fcet:<\/strong> Dengeli oranlar ve hafif\u00e7e a\u00e7\u0131l\u0131 kenarlar, \u00e7ok \u00e7e\u015fitli koku stillerine uygun modern bir g\u00f6r\u00fcn\u00fcm yarat\u0131r.<\/li>\n<li><strong>Y\u00fcksek \u015eeffafl\u0131kta Cam G\u00f6vde:<\/strong> \u015eeffaf cam, parf\u00fcm\u00fcn renginin herhangi bir engel olmadan g\u00f6r\u00fcnmesini sa\u011flar; bu da \u00fcr\u00fcn\u00fcn raftan net bir \u015fekilde g\u00f6r\u00fcnmesini ve \u00e7ekicili\u011fini ve g\u00f6r\u00fcn\u00fcrl\u00fc\u011f\u00fcn\u00fc art\u0131r\u0131r.<\/li>\n<li><strong>\u00d6zel Tasar\u0131m, Haz\u0131r Tasar\u0131m:<\/strong> \u015ei\u015fe, marka farkl\u0131la\u015fmas\u0131na yard\u0131mc\u0131 olmak i\u00e7in renk kaplama, serigrafi bask\u0131, ekran bask\u0131s\u0131 veya logo s\u00fcsleme i\u00e7in idealdir.<\/li>\n<\/ul>\n<h2>Temel \u00d6zellikler<\/h2>\n<table style=\"border-collapse: collapse; width: 80%; margin-left: auto; margin-right: auto;\" border=\"0\" width=\"288\" cellspacing=\"0\" cellpadding=\"0\">\n<tbody>\n<tr style=\"height: 13.50pt;\">\n<td style=\"height: 13.5pt; width: 54pt; text-align: center;\" width=\"72\" height=\"18\">Kapasite(ml)<\/td>\n<td style=\"width: 54pt; text-align: center;\" width=\"72\">\u00d6l\u00e7\u00fcler (mm)<\/td>\n<td style=\"width: 54pt; text-align: center;\" width=\"72\">Malzeme<\/td>\n<td style=\"width: 54pt; text-align: center;\" width=\"72\">Mevcut Renkler<\/td>\n<\/tr>\n<tr style=\"height: 13.50pt;\">\n<td style=\"height: 13.5pt; text-align: center;\" align=\"right\" height=\"18\">30<\/td>\n<td style=\"text-align: center;\">55 x 25 x 85<\/td>\n<td class=\"et2\" style=\"text-align: center;\" rowspan=\"2\">Kristal Cam<\/td>\n<td class=\"et2\" style=\"text-align: center;\" rowspan=\"2\">Alt\u0131n, G\u00fcm\u00fc\u015f, Siyah, Beyaz, Ah\u015fap<\/td>\n<\/tr>\n<tr style=\"height: 13.50pt;\">\n<td style=\"height: 13.5pt; text-align: center;\" align=\"right\" height=\"18\">50<\/td>\n<td style=\"text-align: center;\">66 x 30 x 100<\/td>\n<\/tr>\n<\/tbody>\n<\/table>\n<h2>Ba\u015far\u0131 \u00d6rne\u011fi<\/h2>\n<p>Bir parf\u00fcm markas\u0131 yeni bir koku yaratt\u0131 ve bunu k\u00fc\u00e7\u00fck parf\u00fcm \u015fi\u015felerimizde paketlemeyi tercih ederek 5.000 adetlik ilk sipari\u015fi verdi. Markalar\u0131n\u0131 daha da \u00f6ne \u00e7\u0131karmak i\u00e7in bu \u015fi\u015feler buzlu cam kaplamaya, \u00f6n y\u00fcz\u00fcnde g\u00fczel bir kabartma logoya ve yumu\u015fak, renkli cama sahip oldu.<\/p>\n<p>Birka\u00e7 ay sonra, yeniden sat\u0131n alma oran\u0131 artt\u0131 ve marka bu nedenle d\u00fczenli olarak toplu sipari\u015fler veriyor. \u00dcr\u00fcn yelpazesini daha da geni\u015fletmek i\u00e7in, ayn\u0131 \u00f6zel tasar\u0131ml\u0131 parf\u00fcm \u015fi\u015feleriyle daha b\u00fcy\u00fck boyutlu bir \u00fcr\u00fcn de piyasaya s\u00fcrd\u00fcler.<\/p>\n<h2>\u00d6zelle\u015ftirme Se\u00e7enekleriniz<\/h2>\n<ol>\n<li><strong>B\u00f6l\u00fcmlere Ayr\u0131lm\u0131\u015f Proses Tasar\u0131m\u0131:<\/strong> \u015ei\u015fe g\u00f6vdesinin \u00e7e\u015fitli k\u0131s\u0131mlar\u0131nda, \u00f6rne\u011fin farkl\u0131 b\u00f6lgelerde \u015feffaf ve buzlu y\u00fczeyler gibi, birle\u015fik i\u015flemlerin kullan\u0131lmas\u0131n\u0131 sa\u011flayarak \u00fcr\u00fcne g\u00f6rsel olarak katmanlar kazand\u0131r\u0131r.<\/li>\n<li><strong>Kabartmal\u0131 Tan\u0131mlama Unsurlar\u0131:<\/strong> \u015ei\u015fenin omuz veya yan taraf\u0131na \u00e7ok k\u00fc\u00e7\u00fck kabartma \u00e7izgiler veya semboller i\u015flenerek benzersiz tan\u0131mlama noktalar\u0131 olu\u015fturulabilir.<\/li>\n<li><strong>\u00d6zel Cam Kal\u0131nl\u0131\u011f\u0131:<\/strong> Farkl\u0131 cam kal\u0131nl\u0131\u011f\u0131 se\u00e7enekleri sunarak, maliyet kontrol\u00fc ile y\u00fcksek kaliteli l\u00fcks\u00fc esnek bir \u015fekilde birle\u015ftirme olana\u011f\u0131 sa\u011flar.<\/li>\n<li><strong>\u00d6zelle\u015ftirilmi\u015f Sahtecilik \u00d6nleme Detaylar\u0131:<\/strong> Sahtecili\u011fe kar\u015f\u0131 koruma detaylar\u0131, sat\u0131\u015f kanallar\u0131na ba\u011fl\u0131 olarak \u00f6zelle\u015ftirilebilir; \u00f6rne\u011fin, g\u00f6r\u00fcnmez i\u015faretler veya \u00f6zel arka plan desenleri eklenebilir, b\u00f6ylece marka koruma g\u00fcc\u00fc art\u0131r\u0131labilir.<\/li>\n<\/ol>","protected":false},"excerpt":{"rendered":"<p>Zarif bir g\u00f6r\u00fcn\u00fcme sahip \u015feffaf camdan \u00fcretilmi\u015f parf\u00fcm kaplar\u0131. Fabrika do\u011frudan sat\u0131\u015f deste\u011fi, numune se\u00e7enekleri ve k\u00fc\u00e7\u00fck kolonya \u015fi\u015feleri i\u00e7in esnek \u00f6zelle\u015ftirme imkanlar\u0131.<\/p>","protected":false},"featured_media":4270,"template":"","meta":{"postBodyCss":"","postBodyMargin":[],"postBodyPadding":[],"postBodyBackground":{"backgroundType":"classic","gradient":""}},"product_brand":[],"product_cat":[15,16,62],"product_tag":[],"class_list":{"0":"post-4266","1":"product","2":"type-product","3":"status-publish","4":"has-post-thumbnail","6":"product_cat-glass-containers","7":"product_cat-glass-bottles","8":"product_cat-perfume-bottles","10":"first","11":"instock","12":"shipping-taxable","13":"product-type-simple"},"jetpack_sharing_enabled":true,"_links":{"self":[{"href":"https:\/\/minghanggroup.com\/tr\/wp-json\/wp\/v2\/product\/4266","targetHints":{"allow":["GET"]}}],"collection":[{"href":"https:\/\/minghanggroup.com\/tr\/wp-json\/wp\/v2\/product"}],"about":[{"href":"https:\/\/minghanggroup.com\/tr\/wp-json\/wp\/v2\/types\/product"}],"wp:featuredmedia":[{"embeddable":true,"href":"https:\/\/minghanggroup.com\/tr\/wp-json\/wp\/v2\/media\/4270"}],"wp:attachment":[{"href":"https:\/\/minghanggroup.com\/tr\/wp-json\/wp\/v2\/media?parent=4266"}],"wp:term":[{"taxonomy":"product_brand","embeddable":true,"href":"https:\/\/minghanggroup.com\/tr\/wp-json\/wp\/v2\/product_brand?post=4266"},{"taxonomy":"product_cat","embeddable":true,"href":"https:\/\/minghanggroup.com\/tr\/wp-json\/wp\/v2\/product_cat?post=4266"},{"taxonomy":"product_tag","embeddable":true,"href":"https:\/\/minghanggroup.com\/tr\/wp-json\/wp\/v2\/product_tag?post=4266"}],"curies":[{"name":"wp","href":"https:\/\/api.w.org\/{rel}","templated":true}]}}