{"id":4256,"date":"2026-01-04T15:11:18","date_gmt":"2026-01-04T07:11:18","guid":{"rendered":"https:\/\/minghanggroup.com\/?post_type=product&#038;p=4256"},"modified":"2026-01-04T16:59:12","modified_gmt":"2026-01-04T08:59:12","slug":"round-customized-perfume-bottles-wholesale","status":"publish","type":"product","link":"https:\/\/minghanggroup.com\/tr\/urun\/round-customized-perfume-bottles-wholesale\/","title":{"rendered":"30 ml, 50 ml, 100 ml Yuvarlak, \u00d6zel Tasar\u0131m Parf\u00fcm \u015ei\u015feleri Toptan Sat\u0131\u015f\u0131"},"content":{"rendered":"<p>Bunlar, toptan kolonya sat\u0131\u015f\u0131na uygun m\u00fckemmel \u015fi\u015feler olarak tasarlanm\u0131\u015ft\u0131r; her \u015fi\u015fenin \u00fczerinde \u0131\u015f\u0131lt\u0131l\u0131 elmas kesim kristal bir kapak ve son derece parlak g\u00fcm\u00fc\u015f bir a\u011f\u0131zl\u0131k bulunur ve kristal kesim camdan \u00fcretilmi\u015ftir.<\/p>\n<h2>\u00dcr\u00fcn \u00d6zellikleri<\/h2>\n<ul>\n<li><strong>E\u011friler ve \u00e7izgiler:<\/strong> \u0130nceltilmi\u015f boyun ve ak\u0131c\u0131, \u015fekillendirilmi\u015f hatlar, zarif\u00e7e k\u0131vr\u0131lm\u0131\u015f g\u00f6vdeye do\u011fal ve l\u00fcks bir tutu\u015f sa\u011fl\u0131yor.<\/li>\n<li><strong>\u015eeffaf kapak ve metal a\u011f\u0131zl\u0131k:<\/strong> \u00c7okgen \u015fekilli kapak ve g\u00fcm\u00fc\u015f a\u011f\u0131zl\u0131k, m\u00fckemmel bir \u015fekilde bir araya getirilmi\u015f tek bir par\u00e7a olup, m\u00fccevheri and\u0131ran bir tasar\u0131m olu\u015fturmaktad\u0131r.<\/li>\n<li><strong>\u00dc\u00e7 paket:<\/strong> 30 ml, 50 ml ve 100 ml&#039;lik paketler, l\u00fcks deneme paketleri, temel \u00fcr\u00fcnler ve \u00f6zel kokular i\u00e7ermektedir.<\/li>\n<\/ul>\n<h2 style=\"text-align: left;\">Temel \u00d6zellikler<\/h2>\n<table class=\"aligncenter\" style=\"border-collapse: collapse; width: 658.52pt;\" border=\"0\" width=\"878\" cellspacing=\"0\" cellpadding=\"0\">\n<tbody>\n<tr style=\"height: 13.50pt;\">\n<td style=\"height: 13.50pt; width: 130.50pt;\" width=\"174\" height=\"18\">\u015eartname<\/td>\n<td style=\"width: 528.00pt;\" width=\"704\">Detaylar<\/td>\n<\/tr>\n<tr style=\"height: 13.50pt;\">\n<td style=\"height: 13.50pt;\" height=\"18\">Boyutlar<\/td>\n<td>30 ml: 64\u00d728\u00d772 mm; 50 ml: 75\u00d725\u00d785 mm; 100 ml: 86\u00d736\u00d790 mm<\/td>\n<\/tr>\n<tr style=\"height: 13.50pt;\">\n<td style=\"height: 13.50pt;\" height=\"18\">Malzeme<\/td>\n<td>Y\u00fcksek \u015eeffafl\u0131kta Cam G\u00f6vde; Metal Bile\u015fenler<\/td>\n<\/tr>\n<tr style=\"height: 13.50pt;\">\n<td style=\"height: 13.50pt;\" height=\"18\">\u015ei\u015fe \u015eekli<\/td>\n<td>3D Kavisli Y\u00fczey Kesimlerine Sahip Kavisli Konik Form<\/td>\n<\/tr>\n<tr style=\"height: 13.50pt;\">\n<td style=\"height: 13.50pt;\" height=\"18\">\u00d6zelle\u015ftirme Kapsam\u0131<\/td>\n<td>Renk (f\u00fcme, kehribar, degrade) Markalama: 3D Y\u00fczey Grav\u00fcr\u00fc, Hassas Serigrafi Bask\u0131<\/td>\n<\/tr>\n<tr style=\"height: 13.50pt;\">\n<td style=\"height: 13.50pt;\" height=\"18\">\u0130\u015f\u00e7ilik \u00d6zelli\u011fi<\/td>\n<td>3D Kemer Kesimli Cam Oyma<\/td>\n<\/tr>\n<tr style=\"height: 13.50pt;\">\n<td style=\"height: 13.50pt;\" height=\"18\">\u00dcr\u00fcn Amac\u0131<\/td>\n<td>Ultra L\u00fcks Parf\u00fcm \u015ei\u015feleri, Toptan Kolonya \u015ei\u015feleri<\/td>\n<\/tr>\n<tr style=\"height: 13.50pt;\">\n<td style=\"height: 13.50pt;\" height=\"18\">Uygun Sekt\u00f6rler<\/td>\n<td>L\u00fcks ve Ni\u015f Parf\u00fcmeri, Tasar\u0131mc\u0131 Moda Markalar\u0131, Se\u00e7kin Perakende<\/td>\n<\/tr>\n<\/tbody>\n<\/table>\n<h2>Ba\u015far\u0131 \u00d6rne\u011fi: Orta Do\u011fu L\u00fcks Grubunun Amiral Gemisi \u00dcr\u00fcn\u00fcn\u00fcn Tan\u0131t\u0131m\u0131<\/h2>\n<p>Dubai&#039;deki l\u00fcks gruplardan biri, amiral gemisi \u00fcr\u00fcn\u00fc olarak 100 ml&#039;lik \u00f6zel tasar\u0131m parf\u00fcm \u015fi\u015felerimizi se\u00e7ti. \u00d6zel safir rengi camdan bir \u015fi\u015fe geli\u015ftirildi. \u015ei\u015fenin a\u011f\u0131rl\u0131\u011f\u0131 ve m\u00fccevher gibi g\u00f6r\u00fcn\u00fcm\u00fc, perakende sat\u0131\u015f maliyetini \u00fcretim maliyetinden 0 daha fazla art\u0131rd\u0131. \u015ei\u015fenin \u00f6zel \u0131\u015f\u0131k yans\u0131tma \u00f6zellikleri, m\u00fc\u015fterilerin perakende sat\u0131\u015f noktas\u0131nda daha fazla zaman ge\u00e7irmesini sa\u011flad\u0131. Markan\u0131n bu kadar h\u0131zl\u0131 bir \u015fekilde ortaya \u00e7\u0131kmas\u0131ndan ve \u015fi\u015fenin bu s\u00fcre\u00e7teki \u00f6neminden etkilenen ekip, \u015firketin b\u00f6lgede m\u00fcnhas\u0131r sat\u0131\u015f hakk\u0131na sahip olmas\u0131n\u0131 sa\u011flamak i\u00e7in 750.000 \u015fi\u015felik bir parti daha sipari\u015f etti.<\/p>\n<h2>Kolonya \u015ei\u015feleri Toptan \u00d6zelle\u015ftirme<\/h2>\n<ul>\n<li>Cam Renkleri ve \u015eeffafl\u0131klar\u0131: De\u011ferli ta\u015flar\u0131n (z\u00fcmr\u00fct, yakut, kehribar) \u00e7e\u015fitli renklerinde ve farkl\u0131 renksizlik derecelerinde sunulmaktad\u0131r.<\/li>\n<li>Metalik Kaplamalar: Meme yakas\u0131 ve di\u011fer metal par\u00e7alar, pembe alt\u0131n, siyah PVD veya antik g\u00fcm\u00fc\u015f dahil olmak \u00fczere \u00e7e\u015fitli kaplamalarla \u00f6zelle\u015ftirilebilir.<\/li>\n<li>\u00d6zel Kavisli Grav\u00fcr: Dalgalar, yapraklar veya geometrik desenler gibi \u00f6zel y\u00fczey grav\u00fcr desenleri tasarlay\u0131n.<\/li>\n<li>Kavisli Lazer Grav\u00fcr: \u015ei\u015fenin p\u00fcr\u00fczs\u00fcz, kavisli y\u00fczeyine logolar, monogramlar veya desenler i\u015fletebilirsiniz.<\/li>\n<\/ul>","protected":false},"excerpt":{"rendered":"<p>\u015eeffaf camdan \u00fcretilmi\u015f toptan kolonya \u015fi\u015felerini ke\u015ffedin. Bu \u00f6zel tasar\u0131m parf\u00fcm \u015fi\u015feleri, l\u00fcks bir g\u00f6r\u00fcn\u00fcm i\u00e7in logonuzla ki\u015fiselle\u015ftirilebilir. \u00dccretsiz numune.<\/p>","protected":false},"featured_media":4259,"template":"","meta":{"postBodyCss":"","postBodyMargin":[],"postBodyPadding":[],"postBodyBackground":{"backgroundType":"classic","gradient":""}},"product_brand":[],"product_cat":[15,16,62],"product_tag":[],"class_list":{"0":"post-4256","1":"product","2":"type-product","3":"status-publish","4":"has-post-thumbnail","6":"product_cat-glass-containers","7":"product_cat-glass-bottles","8":"product_cat-perfume-bottles","10":"first","11":"instock","12":"shipping-taxable","13":"product-type-simple"},"jetpack_sharing_enabled":true,"_links":{"self":[{"href":"https:\/\/minghanggroup.com\/tr\/wp-json\/wp\/v2\/product\/4256","targetHints":{"allow":["GET"]}}],"collection":[{"href":"https:\/\/minghanggroup.com\/tr\/wp-json\/wp\/v2\/product"}],"about":[{"href":"https:\/\/minghanggroup.com\/tr\/wp-json\/wp\/v2\/types\/product"}],"wp:featuredmedia":[{"embeddable":true,"href":"https:\/\/minghanggroup.com\/tr\/wp-json\/wp\/v2\/media\/4259"}],"wp:attachment":[{"href":"https:\/\/minghanggroup.com\/tr\/wp-json\/wp\/v2\/media?parent=4256"}],"wp:term":[{"taxonomy":"product_brand","embeddable":true,"href":"https:\/\/minghanggroup.com\/tr\/wp-json\/wp\/v2\/product_brand?post=4256"},{"taxonomy":"product_cat","embeddable":true,"href":"https:\/\/minghanggroup.com\/tr\/wp-json\/wp\/v2\/product_cat?post=4256"},{"taxonomy":"product_tag","embeddable":true,"href":"https:\/\/minghanggroup.com\/tr\/wp-json\/wp\/v2\/product_tag?post=4256"}],"curies":[{"name":"wp","href":"https:\/\/api.w.org\/{rel}","templated":true}]}}