{"id":4250,"date":"2026-01-04T14:36:11","date_gmt":"2026-01-04T06:36:11","guid":{"rendered":"https:\/\/minghanggroup.com\/?post_type=product&#038;p=4250"},"modified":"2026-01-04T17:18:47","modified_gmt":"2026-01-04T09:18:47","slug":"small-empty-travel-cologne-bottles-bulk","status":"publish","type":"product","link":"https:\/\/minghanggroup.com\/tr\/urun\/small-empty-travel-cologne-bottles-bulk\/","title":{"rendered":"25 ml K\u00fc\u00e7\u00fck Boy Bo\u015f Seyahat Boyu Kolonya \u015ei\u015feleri (Toptan)"},"content":{"rendered":"<p>Bu seyahat kolonya \u015fi\u015fesinin boyutu olduk\u00e7a kompakt, 25 ml ve bu nedenle \u00e7ok ta\u015f\u0131nabilir. \u015ei\u015fe, saf ve temiz camdan tasarlanm\u0131\u015f olup, cilal\u0131d\u0131r ve minimalist tasar\u0131ma m\u00fckemmel uyum sa\u011flayan, g\u00fcm\u00fc\u015ften yap\u0131lm\u0131\u015f \u015f\u0131k bir metal kapa\u011fa sahiptir.<\/p>\n<h2>\u00dcr\u00fcn \u00d6zellikleri<\/h2>\n<ul>\n<li><strong>Ultra kompakt boyutlara sahip dikd\u00f6rtgen tasar\u0131m:<\/strong> \u0130nce \u015fi\u015fe, herhangi bir cebe, keseye veya seyahat \u00e7antas\u0131na s\u0131\u011fabilece\u011fi i\u00e7in fazla yer kaplamaz.<\/li>\n<li><strong>S\u0131zd\u0131rmaz, g\u00fcvenli metal kapak:<\/strong> Vidal\u0131 metal kapak, yolculu\u011funuz boyunca size g\u00f6n\u00fcl rahatl\u0131\u011f\u0131 sa\u011flayacak s\u0131k\u0131 bir kapanma \u00f6zelli\u011fi sunacakt\u0131r.<\/li>\n<li><strong>25 ml kapasite:<\/strong> 25 ml, parf\u00fcm saklamak i\u00e7in en uygun boyuttur \u00e7\u00fcnk\u00fc g\u00fcnl\u00fck kullan\u0131mda veya k\u0131sa gezilerde yan\u0131n\u0131zda ta\u015f\u0131mak i\u00e7in ne \u00e7ok k\u00fc\u00e7\u00fck ne de \u00e7ok b\u00fcy\u00fck de\u011fildir.<\/li>\n<\/ul>\n<h2 style=\"text-align: left;\">Temel \u00d6zellikler<\/h2>\n<table class=\"aligncenter\" style=\"border-collapse: collapse; width: 523.52pt;\" border=\"0\" width=\"698\" cellspacing=\"0\" cellpadding=\"0\">\n<tbody>\n<tr style=\"height: 13.50pt;\">\n<td style=\"height: 13.50pt; width: 130.50pt;\" width=\"174\" height=\"18\">\u015eartname<\/td>\n<td style=\"width: 393.00pt;\" width=\"524\">Detaylar<\/td>\n<\/tr>\n<tr style=\"height: 13.50pt;\">\n<td style=\"height: 13.50pt;\" height=\"18\">Kapasite<\/td>\n<td>25 ml<\/td>\n<\/tr>\n<tr style=\"height: 13.50pt;\">\n<td style=\"height: 13.50pt;\" height=\"18\">Boyutlar<\/td>\n<td>32\u00d720\u00d775 mm<\/td>\n<\/tr>\n<tr style=\"height: 13.50pt;\">\n<td style=\"height: 13.50pt;\" height=\"18\">Malzeme<\/td>\n<td>\u015eeffaf Cam G\u00f6vde; Y\u00fcksek Kaliteli Metal Vidal\u0131 Kapak<\/td>\n<\/tr>\n<tr style=\"height: 13.50pt;\">\n<td style=\"height: 13.50pt;\" height=\"18\">\u015ei\u015fe \u015eekli<\/td>\n<td>\u0130nce Dikd\u00f6rtgen, Hassas E\u011fimli Kenarlar<\/td>\n<\/tr>\n<tr style=\"height: 13.50pt;\">\n<td style=\"height: 13.50pt;\" height=\"18\">\u00d6zelle\u015ftirme Kapsam\u0131<\/td>\n<td>Buzlu \/ Gradyan \/ F\u0131r\u00e7alanm\u0131\u015f \/ Parlat\u0131lm\u0131\u015f \/ Serigrafi Bask\u0131<\/td>\n<\/tr>\n<tr style=\"height: 13.50pt;\">\n<td style=\"height: 13.50pt;\" height=\"18\">\u0130\u015f\u00e7ilik \u00d6zelli\u011fi<\/td>\n<td>Hassas E\u011fimli Kenarl\u0131 Cam Kesimi, S\u0131zd\u0131rmaz Vidal\u0131 Kapatma<\/td>\n<\/tr>\n<tr style=\"height: 13.50pt;\">\n<td style=\"height: 13.50pt;\" height=\"18\">\u00dcr\u00fcn Amac\u0131<\/td>\n<td>Seyahat Boyu Parf\u00fcm \u015ei\u015feleri, Kolonya Test \u015ei\u015feleri<\/td>\n<\/tr>\n<tr style=\"height: 13.50pt;\">\n<td style=\"height: 13.50pt;\" height=\"18\">Uygun Sekt\u00f6rler<\/td>\n<td>Parf\u00fcmeri, Otelcilik, Seyahat Perakendecili\u011fi<\/td>\n<\/tr>\n<\/tbody>\n<\/table>\n<h2>Ba\u015far\u0131 \u00d6yk\u00fcs\u00fc: Uluslararas\u0131 Bir Otel Zincirine \u00d6zel Parf\u00fcm<\/h2>\n<p>Asya&#039;daki bir otel zinciri, 25 ml&#039;lik seyahat kolonya \u015fi\u015femizi se\u00e7ti ve \u00f6n y\u00fcz\u00fcne marka logosunun lazerle i\u015flendi\u011fi buzlu cam bir \u015fi\u015fe ile \u00f6zelle\u015ftirdi. K\u00fc\u00e7\u00fck boyutu \u00e7ok be\u011fenildi ve m\u00fc\u015fterilerin &#039;i \u015fi\u015feyi eve g\u00f6t\u00fcrd\u00fc. L\u00fcks g\u00f6r\u00fcn\u00fcm, misafirlerin otel hakk\u0131ndaki alg\u0131lar\u0131n\u0131 art\u0131rarak konaklama sonras\u0131 memnuniyet oranlar\u0131nda &#039;lik bir art\u0131\u015fa yol a\u00e7t\u0131. Otel, misafirlerin geri bildirimlerinden ve marka bilinirli\u011finin artmas\u0131ndan \u00e7ok memnun kald\u0131 ve bu nedenle t\u00fcm otellerde kullan\u0131lmak \u00fczere 500.000 \u015fi\u015fe daha sipari\u015f etti.<\/p>\n<h2>Seyahat Parf\u00fcm \u015ei\u015feleri Ki\u015fiselle\u015ftirme Alternatifleri<\/h2>\n<ul>\n<li>Cam Rengi: Bardaklar i\u00e7in hem \u015feffaf hem de renkli (kehribar, f\u00fcme gri) se\u00e7enekler mevcuttur.<\/li>\n<li>Serigrafi bask\u0131: Logonuzun, grafi\u011finizin veya parf\u00fcm\u00fcn\u00fcz\u00fcn ad\u0131n\u0131n net bir g\u00f6r\u00fcnt\u00fcs\u00fcn\u00fc d\u00fcz bir cam y\u00fczeye yans\u0131t\u0131n.<\/li>\n<li>Lazerle Kaz\u0131ma: Cam \u00fczerine kaz\u0131nm\u0131\u015f karma\u015f\u0131k tasar\u0131mlar\u0131n\u0131z\u0131n detaylar\u0131n\u0131, monogramlar\u0131n\u0131 veya parti numaralar\u0131n\u0131 derinle\u015ftirerek, sonsuza dek kalacak y\u00fcksek kaliteli ve kal\u0131c\u0131 bir iz b\u0131rak\u0131n.<\/li>\n<li>Dokulu Kavrama: \u015ei\u015fenin kenarlar\u0131nda, tutu\u015fu iyile\u015ftirmek i\u00e7in tasarlanm\u0131\u015f kumlanm\u0131\u015f veya kau\u00e7ukla\u015ft\u0131r\u0131lm\u0131\u015f kaymaz \u015feritler bulunur.<\/li>\n<\/ul>","protected":false},"excerpt":{"rendered":"<p>25 ml&#039;lik seyahat boyu kolonya \u015fi\u015fesini ke\u015ffedin. Minimalist g\u00fcm\u00fc\u015f silindir kapakl\u0131, y\u00fcksek \u015feffafl\u0131kta cam seyahat parf\u00fcm \u015fi\u015feleri. \u015eimdi \u00fccretsiz numune isteyin!<\/p>","protected":false},"featured_media":4253,"template":"","meta":{"postBodyCss":"","postBodyMargin":[],"postBodyPadding":[],"postBodyBackground":{"backgroundType":"classic","gradient":""}},"product_brand":[],"product_cat":[15,16,62],"product_tag":[],"class_list":{"0":"post-4250","1":"product","2":"type-product","3":"status-publish","4":"has-post-thumbnail","6":"product_cat-glass-containers","7":"product_cat-glass-bottles","8":"product_cat-perfume-bottles","10":"first","11":"instock","12":"shipping-taxable","13":"product-type-simple"},"jetpack_sharing_enabled":true,"_links":{"self":[{"href":"https:\/\/minghanggroup.com\/tr\/wp-json\/wp\/v2\/product\/4250","targetHints":{"allow":["GET"]}}],"collection":[{"href":"https:\/\/minghanggroup.com\/tr\/wp-json\/wp\/v2\/product"}],"about":[{"href":"https:\/\/minghanggroup.com\/tr\/wp-json\/wp\/v2\/types\/product"}],"wp:featuredmedia":[{"embeddable":true,"href":"https:\/\/minghanggroup.com\/tr\/wp-json\/wp\/v2\/media\/4253"}],"wp:attachment":[{"href":"https:\/\/minghanggroup.com\/tr\/wp-json\/wp\/v2\/media?parent=4250"}],"wp:term":[{"taxonomy":"product_brand","embeddable":true,"href":"https:\/\/minghanggroup.com\/tr\/wp-json\/wp\/v2\/product_brand?post=4250"},{"taxonomy":"product_cat","embeddable":true,"href":"https:\/\/minghanggroup.com\/tr\/wp-json\/wp\/v2\/product_cat?post=4250"},{"taxonomy":"product_tag","embeddable":true,"href":"https:\/\/minghanggroup.com\/tr\/wp-json\/wp\/v2\/product_tag?post=4250"}],"curies":[{"name":"wp","href":"https:\/\/api.w.org\/{rel}","templated":true}]}}