{"id":4249,"date":"2026-01-04T15:56:50","date_gmt":"2026-01-04T07:56:50","guid":{"rendered":"https:\/\/minghanggroup.com\/?post_type=product&#038;p=4249"},"modified":"2026-01-30T15:43:59","modified_gmt":"2026-01-30T07:43:59","slug":"vertical-cut-glass-mens-cologne-bottles-bulk","status":"publish","type":"product","link":"https:\/\/minghanggroup.com\/tr\/urun\/vertical-cut-glass-mens-cologne-bottles-bulk\/","title":{"rendered":"100 ml Dikey Kesimli Cam Erkek Parf\u00fcm \u015ei\u015feleri (Toptan)"},"content":{"rendered":"<p>Erkek parf\u00fcm \u015fi\u015feleriniz m\u00fc\u015fterilerin dikkatini \u00e7ekmeli. Parf\u00fcm ambalaj\u0131nda \u200b\u200bba\u015far\u0131y\u0131 hedefleyen, her bir cam parf\u00fcm \u015fi\u015fesinin markan\u0131z\u0131n imzas\u0131 haline geldi\u011fi, y\u00fcksek kaliteli parf\u00fcm \u015fi\u015felerini toplu olarak \u00fcretiyoruz.<\/p>\n<h2>\u00dcr\u00fcn \u00d6zellikleri<\/h2>\n<ul>\n<li><strong>Kristal Cam\u0131n Berrakl\u0131\u011f\u0131:<\/strong>Kristal cam parf\u00fcm \u015fi\u015femiz, kokunuzun ger\u00e7ek rengini ortaya \u00e7\u0131kar\u0131r; bu da onu premium parf\u00fcm serileri i\u00e7in m\u00fckemmel k\u0131lar.<\/li>\n<li><strong>Dikey Doku Tasar\u0131m\u0131:<\/strong>Keskin dikey \u00e7izgiler \u0131\u015f\u0131\u011f\u0131 muhte\u015fem bir \u015fekilde yakalayarak parf\u00fcm ambalaj\u0131n\u0131za derinlik kat\u0131yor.<\/li>\n<li><strong>Renk \u00c7ok Y\u00f6nl\u00fcl\u00fc\u011f\u00fc:<\/strong>Erkek giyim markan\u0131za uygun olarak alt\u0131n, g\u00fcm\u00fc\u015f, siyah, beyaz veya ah\u015fap kaplama se\u00e7eneklerinden birini tercih edin.<\/li>\n<li><strong>Premium Atomizer Sprey:<\/strong>Ki\u015fiselle\u015ftirilmi\u015f parf\u00fcm\u00fcn\u00fczle p\u00fcr\u00fczs\u00fcz bir uygulama i\u00e7in tutarl\u0131 ve ince bir sis sa\u011flar.<\/li>\n<\/ul>\n<h2>Temel \u00d6zellikler<\/h2>\n<table style=\"border-collapse: collapse; width: 80%; margin-left: auto; margin-right: auto;\" border=\"0\" width=\"360\" cellspacing=\"0\" cellpadding=\"0\">\n<tbody>\n<tr style=\"height: 13.50pt;\">\n<td style=\"height: 13.5pt; text-align: center;\" width=\"72\" height=\"18\">Kapasite<\/td>\n<td style=\"width: 54pt; text-align: center;\" width=\"72\">Boyutlar<\/td>\n<td style=\"width: 54pt; text-align: center;\" width=\"72\">Malzeme<\/td>\n<td style=\"width: 54pt; text-align: center;\" width=\"72\">Sprey Tipi<\/td>\n<td style=\"width: 54pt; text-align: center;\" width=\"72\">Mevcut Renkler<\/td>\n<\/tr>\n<tr style=\"height: 13.50pt;\">\n<td class=\"et2\" style=\"height: 27pt; text-align: center;\" rowspan=\"2\" height=\"36\">100 ml (3,4 oz)<\/td>\n<td style=\"text-align: center;\">52 x 52 x 119 mm<\/td>\n<td class=\"et2\" style=\"text-align: center;\" rowspan=\"2\">Kristal Cam<\/td>\n<td class=\"et2\" style=\"text-align: center;\" rowspan=\"2\">Atomiz\u00f6r<\/td>\n<td class=\"et2\" style=\"text-align: center;\" rowspan=\"2\">Alt\u0131n, G\u00fcm\u00fc\u015f, Siyah, Beyaz, Ah\u015fap<\/td>\n<\/tr>\n<tr style=\"height: 13.50pt;\">\n<td style=\"text-align: center;\">52 x 52 x 126 mm<\/td>\n<\/tr>\n<\/tbody>\n<\/table>\n<h2>Ba\u015far\u0131 \u00d6rne\u011fi<\/h2>\n<p>Kokusuyla gurur duyan bir erkek parf\u00fcm markas\u0131, orijinal ambalaj\u0131n \u00fcst d\u00fczey bir imaj yans\u0131tmad\u0131\u011f\u0131na inan\u0131yordu. Bu nedenle, erkek kolonya \u015fi\u015felerimizi kullanmaya karar verdiler ve bunlar\u0131 mat cam kaplama, koyu k\u00f6m\u00fcr rengi \u015fi\u015fe ve \u00f6n tarafa kabartmal\u0131 logo ile ki\u015fiselle\u015ftirdiler. Yeni ambalaj\u0131n piyasaya s\u00fcr\u00fclmesinin ard\u0131ndan, \u00fcr\u00fcn\u00fcn raftaki g\u00f6rsel \u00e7ekicili\u011fi \u00f6nemli \u00f6l\u00e7\u00fcde artt\u0131 ve bu da \u00fc\u00e7 ay i\u00e7inde perakende sat\u0131\u015flar\u0131nda &#039;lik bir art\u0131\u015fa yol a\u00e7t\u0131.<\/p>\n<h2>\u00d6zelle\u015ftirme Se\u00e7enekleriniz<\/h2>\n<ol>\n<li><strong>\u015ei\u015fe rengi se\u00e7enekleri:<\/strong>\u00dcr\u00fcn, erkek parf\u00fcmleri i\u00e7in farkl\u0131 konumland\u0131rmalar yaratmak amac\u0131yla do\u011fal \u015feffaf, koyu dumanl\u0131 gri, kehribar veya markaya \u00f6zel renk \u015femalar\u0131yla uyumludur.<\/li>\n<li><strong>Marka logosu \u00f6zelle\u015ftirme:<\/strong>Uzun s\u00fcreli marka seri kullan\u0131m\u0131na uygun olan kabartmal\u0131 yaz\u0131, oyma logo veya y\u00fcksek hassasiyetli serigrafi bask\u0131 kombinasyonlar\u0131n\u0131 sunar.<\/li>\n<li><strong>\u015ei\u015fe kapa\u011f\u0131 tarz\u0131 kombinasyonlar\u0131:<\/strong>\u00dcr\u00fcn, metal, elektroliz kaplama veya suni deri dokulu kapaklarla desteklenerek erkek parf\u00fcmlerinin enerjik ve zarif karakterini \u00f6n plana \u00e7\u0131kar\u0131yor.<\/li>\n<\/ol>","protected":false},"excerpt":{"rendered":"<p>\u015eeffaf cam ve zarif dikey \u00e7izgilerle tasarlanm\u0131\u015f, birinci s\u0131n\u0131f erkek kolonya \u015fi\u015feleri. Fabrikadan do\u011frudan tedarik, \u00f6zel se\u00e7enekler mevcuttur. Toplu parf\u00fcm sipari\u015fleri i\u00e7in ideal \u015fi\u015feler.<\/p>","protected":false},"featured_media":4262,"template":"","meta":{"postBodyCss":"","postBodyMargin":[],"postBodyPadding":[],"postBodyBackground":{"backgroundType":"classic","gradient":""}},"product_brand":[],"product_cat":[15,16,62],"product_tag":[],"class_list":{"0":"post-4249","1":"product","2":"type-product","3":"status-publish","4":"has-post-thumbnail","6":"product_cat-glass-containers","7":"product_cat-glass-bottles","8":"product_cat-perfume-bottles","10":"first","11":"instock","12":"shipping-taxable","13":"product-type-simple"},"jetpack_sharing_enabled":true,"_links":{"self":[{"href":"https:\/\/minghanggroup.com\/tr\/wp-json\/wp\/v2\/product\/4249","targetHints":{"allow":["GET"]}}],"collection":[{"href":"https:\/\/minghanggroup.com\/tr\/wp-json\/wp\/v2\/product"}],"about":[{"href":"https:\/\/minghanggroup.com\/tr\/wp-json\/wp\/v2\/types\/product"}],"wp:featuredmedia":[{"embeddable":true,"href":"https:\/\/minghanggroup.com\/tr\/wp-json\/wp\/v2\/media\/4262"}],"wp:attachment":[{"href":"https:\/\/minghanggroup.com\/tr\/wp-json\/wp\/v2\/media?parent=4249"}],"wp:term":[{"taxonomy":"product_brand","embeddable":true,"href":"https:\/\/minghanggroup.com\/tr\/wp-json\/wp\/v2\/product_brand?post=4249"},{"taxonomy":"product_cat","embeddable":true,"href":"https:\/\/minghanggroup.com\/tr\/wp-json\/wp\/v2\/product_cat?post=4249"},{"taxonomy":"product_tag","embeddable":true,"href":"https:\/\/minghanggroup.com\/tr\/wp-json\/wp\/v2\/product_tag?post=4249"}],"curies":[{"name":"wp","href":"https:\/\/api.w.org\/{rel}","templated":true}]}}