{"id":4237,"date":"2026-01-04T14:30:19","date_gmt":"2026-01-04T06:30:19","guid":{"rendered":"https:\/\/minghanggroup.com\/?post_type=product&#038;p=4237"},"modified":"2026-01-04T14:30:20","modified_gmt":"2026-01-04T06:30:20","slug":"glass-vintage-fragrance-bottles-with-pump-bulk","status":"publish","type":"product","link":"https:\/\/minghanggroup.com\/tr\/urun\/glass-vintage-fragrance-bottles-with-pump-bulk\/","title":{"rendered":"50 ml ve 100 ml&#039;lik Pompal\u0131, Antik Cam Parf\u00fcm \u015ei\u015feleri (Toptan Sat\u0131\u015f)"},"content":{"rendered":"<p>Klasik parf\u00fcm \u015fi\u015feleriniz, m\u00fc\u015fterilerin durup hayranl\u0131kla bakmas\u0131n\u0131 sa\u011flamal\u0131. Parf\u00fcm ambalaj\u0131nda \u200b\u200bba\u015far\u0131y\u0131 hedefleyen, pompa mekanizmal\u0131 birinci s\u0131n\u0131f parf\u00fcm \u015fi\u015feleri \u00fcretiyoruz; her cam parf\u00fcm \u015fi\u015fesi markan\u0131z\u0131n imzas\u0131 haline geliyor.<\/p>\n<p>\u00dcr\u00fcn \u00d6zellikleri<\/p>\n<ul>\n<li><strong>Klasik Vintage Sil\u00fcet:<\/strong> Ak\u0131c\u0131 ve p\u00fcr\u00fczs\u00fcz hatlara sahip klasik vintage tasar\u0131m, farkl\u0131 parf\u00fcm stillerine uyarlanabilen, istikrarl\u0131 ve zarif bir genel g\u00f6r\u00fcn\u00fcm sunar.<\/li>\n<li><strong>Y\u00fcksek, \u015eeffaf Cam G\u00f6vde:<\/strong> Y\u00fcksek, \u015feffaf cam \u015fi\u015fe g\u00f6vdesi, son derece berrak ve saf yap\u0131s\u0131yla parf\u00fcm\u00fcn rengini ve dokusunu do\u011fal bir \u015fekilde sergiliyor.<\/li>\n<li><strong>Kal\u0131nla\u015ft\u0131r\u0131lm\u0131\u015f Cam Taban:<\/strong> Kal\u0131nla\u015ft\u0131r\u0131lm\u0131\u015f cam taban yap\u0131s\u0131, \u015fi\u015feye daha fazla denge sa\u011flamakla kalmaz, ayn\u0131 zamanda genel olarak daha kaliteli bir his de verir.<\/li>\n<li><strong>Uyumlu \u015eeffaf Kapak:<\/strong> \u015ei\u015fe malzemesiyle uyumlu \u015feffaf kapak tasar\u0131m\u0131, g\u00fc\u00e7l\u00fc bir g\u00f6rsel b\u00fct\u00fcnl\u00fck yarat\u0131yor.<\/li>\n<\/ul>\n<h2>Temel \u00d6zellikler<\/h2>\n<table style=\"border-collapse: collapse; width: 80%; margin-left: auto; margin-right: auto;\" border=\"0\" width=\"360\" cellspacing=\"0\" cellpadding=\"0\">\n<tbody>\n<tr style=\"height: 13.50pt;\">\n<td style=\"height: 13.5pt; width: 54pt; text-align: center;\" width=\"72\" height=\"18\">Kapasite(ml)<\/td>\n<td style=\"width: 54pt; text-align: center;\" width=\"72\">\u00d6l\u00e7\u00fcler (mm)<\/td>\n<td style=\"width: 54pt; text-align: center;\" width=\"72\">Kalibre<\/td>\n<td style=\"width: 54pt; text-align: center;\" width=\"72\">Cam Rengi<\/td>\n<td style=\"width: 54pt; text-align: center;\" width=\"72\">Pompa Se\u00e7enekleri<\/td>\n<\/tr>\n<tr style=\"height: 13.50pt;\">\n<td style=\"height: 13.5pt; text-align: center;\" align=\"right\" height=\"18\">50<\/td>\n<td style=\"text-align: center;\">49 x 49 x 80<\/td>\n<td class=\"et2\" style=\"text-align: center;\" rowspan=\"2\">15 mm<\/td>\n<td class=\"et2\" style=\"text-align: center;\" rowspan=\"2\">\u015eeffaf<\/td>\n<td class=\"et2\" style=\"text-align: center;\" rowspan=\"2\">Alt\u0131n, G\u00fcm\u00fc\u015f<\/td>\n<\/tr>\n<tr style=\"height: 13.50pt;\">\n<td style=\"height: 13.5pt; text-align: center;\" align=\"right\" height=\"18\">100<\/td>\n<td style=\"text-align: center;\">58 x 58 x 101<\/td>\n<\/tr>\n<\/tbody>\n<\/table>\n<h2>Antika Parf\u00fcm \u015ei\u015felerinin Ba\u015far\u0131 \u00d6yk\u00fcs\u00fc<\/h2>\n<p>Bir parf\u00fcm markas\u0131, yeni \u00fcr\u00fcn lansman\u0131nda vintage tarz\u0131 cam parf\u00fcm \u015fi\u015felerimizi kulland\u0131. Marka ad\u0131n\u0131 vurgulamak i\u00e7in \u015fi\u015feleri benzersiz bir kabartmal\u0131 logo ile \u00f6zelle\u015ftirdiler. Ayr\u0131ca \u015fi\u015fenin daha l\u00fcks g\u00f6r\u00fcnmesi i\u00e7in yumu\u015fak, mat bir y\u00fczey tercih ettiler ve daha zarif bir tasar\u0131m i\u00e7in serigrafi bask\u0131 kulland\u0131lar.<\/p>\n<p>\u00dcr\u00fcn\u00fcn raflardaki \u00e7ekicili\u011fi an\u0131nda artt\u0131 ve bu nedenle iki ay i\u00e7inde &#039;lik bir sat\u0131\u015f art\u0131\u015f\u0131 kaydedildi.<\/p>\n<h2>\u00d6zelle\u015ftirme Se\u00e7enekleriniz<\/h2>\n<ul>\n<li><strong>\u015ei\u015fe Y\u00fczey \u0130\u015flemi:<\/strong> Parlak bir y\u00fczey, buzlu mat bir y\u00fczey veya se\u00e7ici kum p\u00fcsk\u00fcrtme efektleri aras\u0131ndan se\u00e7im yaparak farkl\u0131 kokular\u0131 veya \u00fcr\u00fcn serilerini g\u00f6rsel olarak birbirinden ay\u0131r\u0131n.<\/li>\n<li><strong>Marka Logosu \u00d6zelle\u015ftirme:<\/strong> Kabartma\/oyma, ipek bask\u0131, serigrafi veya s\u0131cak bask\u0131 teknikleriyle uygulanan marka logolar\u0131 kullanarak marka bilinirli\u011fini art\u0131r\u0131n ve markan\u0131za \u00fcst d\u00fczey bir g\u00f6r\u00fcn\u00fcm kazand\u0131r\u0131n.<\/li>\n<li><strong>Renk \u015eemas\u0131:<\/strong> \u015ei\u015feler, s\u0131n\u0131rl\u0131 say\u0131da \u00fcretilen veya mevsimlik parf\u00fcmler i\u00e7in ideal olan \u015feffaf, degrade veya d\u00fcz renk kaplamalarla ki\u015fiselle\u015ftirilebilir.<\/li>\n<\/ul>","protected":false},"excerpt":{"rendered":"<p>Yuvarlak tasar\u0131ml\u0131 ve \u015feffaf cam g\u00f6vdeli vintage parf\u00fcm \u015fi\u015feleri. Fabrikadan do\u011frudan tedarik, pompa mekanizmal\u0131 parf\u00fcm \u015fi\u015fesi i\u00e7in toplu \u00f6zelle\u015ftirme. H\u0131zl\u0131 kargo.<\/p>","protected":false},"featured_media":4247,"template":"","meta":{"postBodyCss":"","postBodyMargin":[],"postBodyPadding":[],"postBodyBackground":{"backgroundType":"classic","gradient":""}},"product_brand":[],"product_cat":[15,16],"product_tag":[],"class_list":{"0":"post-4237","1":"product","2":"type-product","3":"status-publish","4":"has-post-thumbnail","6":"product_cat-glass-containers","7":"product_cat-glass-bottles","9":"first","10":"instock","11":"shipping-taxable","12":"product-type-simple"},"jetpack_sharing_enabled":true,"_links":{"self":[{"href":"https:\/\/minghanggroup.com\/tr\/wp-json\/wp\/v2\/product\/4237","targetHints":{"allow":["GET"]}}],"collection":[{"href":"https:\/\/minghanggroup.com\/tr\/wp-json\/wp\/v2\/product"}],"about":[{"href":"https:\/\/minghanggroup.com\/tr\/wp-json\/wp\/v2\/types\/product"}],"wp:featuredmedia":[{"embeddable":true,"href":"https:\/\/minghanggroup.com\/tr\/wp-json\/wp\/v2\/media\/4247"}],"wp:attachment":[{"href":"https:\/\/minghanggroup.com\/tr\/wp-json\/wp\/v2\/media?parent=4237"}],"wp:term":[{"taxonomy":"product_brand","embeddable":true,"href":"https:\/\/minghanggroup.com\/tr\/wp-json\/wp\/v2\/product_brand?post=4237"},{"taxonomy":"product_cat","embeddable":true,"href":"https:\/\/minghanggroup.com\/tr\/wp-json\/wp\/v2\/product_cat?post=4237"},{"taxonomy":"product_tag","embeddable":true,"href":"https:\/\/minghanggroup.com\/tr\/wp-json\/wp\/v2\/product_tag?post=4237"}],"curies":[{"name":"wp","href":"https:\/\/api.w.org\/{rel}","templated":true}]}}