{"id":4236,"date":"2026-01-04T11:26:54","date_gmt":"2026-01-04T03:26:54","guid":{"rendered":"https:\/\/minghanggroup.com\/?post_type=product&#038;p=4236"},"modified":"2026-01-04T13:35:29","modified_gmt":"2026-01-04T05:35:29","slug":"clear-cologne-empty-bottles-with-metal-lids-bulk","status":"publish","type":"product","link":"https:\/\/minghanggroup.com\/tr\/urun\/clear-cologne-empty-bottles-with-metal-lids-bulk\/","title":{"rendered":"50 ml ve 100 ml&#039;lik Metal Kapakl\u0131 \u015eeffaf Kolonya Bo\u015f \u015ei\u015feleri (Toptan)"},"content":{"rendered":"<p>Bu bo\u015f kolonya \u015fi\u015fesi, cilal\u0131 camdan yap\u0131lm\u0131\u015f, \u015feffaf ve d\u00fcz bir y\u00fczeye sahip olup, g\u00f6vdesi yuvarlak k\u00f6\u015feli dikd\u00f6rtgen \u015feklindedir. \u0130ki farkl\u0131 boyutta mevcuttur ve siyah veya alt\u0131n renkli kapak se\u00e7eneklerinin yan\u0131 s\u0131ra ki\u015fiselle\u015ftirilebilir.<\/p>\n<h2>\u00dcr\u00fcn \u00d6zellikleri<\/h2>\n<ul>\n<li><strong>Yap\u0131sal Olarak Tasarlanm\u0131\u015f E\u011fimli G\u00f6vde:<\/strong> Bu, e\u011fimli kenarlara sahip, ince ve d\u00fcz bir g\u00f6vdedir ve cesur, modern ve erkeksi bir g\u00f6r\u00fcn\u00fcm kazand\u0131r\u0131r.<\/li>\n<li><strong>\u0130ki Tonlu Metal Kapaklar:<\/strong> Siyah ve alt\u0131n renkli silindirik metal kapaklar\u0131yla, hafif bir zarafet dokunu\u015fuyla \u00fcretilen iki tonlu metal kapaklar, \u00e7e\u015fitli koku zevklerine hitap edecek \u015fekilde iki farkl\u0131 se\u00e7enekte sunulmaktad\u0131r.<\/li>\n<li><strong>\u00c7ift Kapasiteli:<\/strong> \u0130ki farkl\u0131 \u015fi\u015fe boyutu, daha fazla esneklik ve kullan\u0131\u015fl\u0131l\u0131k sa\u011flayarak g\u00fcnl\u00fck kullan\u0131ma ve pratik saklamaya uygun olacakt\u0131r.<\/li>\n<\/ul>\n<h2 style=\"text-align: left;\">Temel \u00d6zellikler<\/h2>\n<table class=\"aligncenter\" style=\"border-collapse: collapse; width: 471.02pt;\" border=\"0\" width=\"628\" cellspacing=\"0\" cellpadding=\"0\">\n<tbody>\n<tr style=\"height: 13.50pt;\">\n<td style=\"height: 13.50pt; width: 130.50pt;\" width=\"174\" height=\"18\">\u015eartname<\/td>\n<td style=\"width: 340.50pt;\" width=\"454\">Detaylar<\/td>\n<\/tr>\n<tr style=\"height: 13.50pt;\">\n<td style=\"height: 13.50pt;\" height=\"18\">Boyutlar<\/td>\n<td>50 ml: 42\u00d725\u00d792 mm; 100 ml: 53\u00d731\u00d7114 mm<\/td>\n<\/tr>\n<tr style=\"height: 13.50pt;\">\n<td style=\"height: 13.50pt;\" height=\"18\">Malzeme<\/td>\n<td>\u015eeffaf Cam G\u00f6vde; Y\u00fcksek Kaliteli Metal Vidal\u0131 Kapak<\/td>\n<\/tr>\n<tr style=\"height: 13.50pt;\">\n<td style=\"height: 13.50pt;\" height=\"18\">\u015ei\u015fe \u015eekli<\/td>\n<td>Hassas pahlanm\u0131\u015f kenarlara sahip uzun dikd\u00f6rtgen<\/td>\n<\/tr>\n<tr style=\"height: 13.50pt;\">\n<td style=\"height: 13.50pt;\" height=\"18\">\u00d6zelle\u015ftirme Kapsam\u0131<\/td>\n<td>Buzlu \/ Mat \/ Serigrafi Bask\u0131 \/ Lazer Kaz\u0131ma<\/td>\n<\/tr>\n<tr style=\"height: 13.50pt;\">\n<td style=\"height: 13.50pt;\" height=\"18\">\u00dcr\u00fcn Amac\u0131<\/td>\n<td>Bo\u015f kolonya \u015fi\u015feleri, parf\u00fcm \u015fi\u015feleri<\/td>\n<\/tr>\n<tr style=\"height: 13.50pt;\">\n<td style=\"height: 13.50pt;\" height=\"18\">Uygun Sekt\u00f6rler<\/td>\n<td>Bak\u0131m Markalar\u0131, \u00d6zel Etiketli \u00dcr\u00fcnler, \u00d6zel Parf\u00fcm St\u00fcdyolar\u0131<\/td>\n<\/tr>\n<\/tbody>\n<\/table>\n<h2>Ba\u015far\u0131 Hikayesi<\/h2>\n<p>H\u0131zla geli\u015fen bir do\u011frudan t\u00fcketiciye y\u00f6nelik erkek bak\u0131m \u00fcr\u00fcnleri firmas\u0131 taraf\u0131ndan se\u00e7ilen 100 ml&#039;lik kolonya spreyimiz, \u00f6zel mat siyah kapak ve buzlu cam g\u00f6vdeyle birle\u015ftirildi. E\u011fimli kenar tasar\u0131m\u0131, iyi bir tutu\u015f ve belirgin bir dokunma hissi sa\u011fl\u0131yor ve bu da m\u00fc\u015fteri yorumlar\u0131n\u0131n &#039;\u0131nda \u00f6vg\u00fcyle kar\u015f\u0131lan\u0131yor. Su ge\u00e7irmez ve cam\u0131 sa\u011flam olan tasar\u0131m, ,8&#039;lik bir teslimat ba\u015far\u0131 oran\u0131n\u0131 garanti ediyor. Marka, \u00fcr\u00fcn\u00fcn pazar uyumu ve kalitesinden olduk\u00e7a memnun kald\u0131 ve bu nedenle yeni \u00fcr\u00fcn serisini da\u011f\u0131tmak ve uluslararas\u0131 pazara a\u00e7\u0131lmak i\u00e7in 300.000 \u015fi\u015fe sipari\u015f verdi.<\/p>\n<h2>Bo\u015f Kolonya \u015ei\u015fesi \u00d6zelle\u015ftirme Se\u00e7enekleri<\/h2>\n<ul>\n<li>Cam Renkleri ve Y\u00fczey \u0130\u015flemleri \u2013 Bunlar farkl\u0131 tonlarda (kehribar, gri) mevcuttur ve ayr\u0131ca tamamen buzlu, saten grav\u00fcrl\u00fc vb. i\u015flemlerle de tamamlanabilir.<\/li>\n<li>Cam Serigrafi Bask\u0131 \u2013 D\u00fcz cam y\u00fczeylere logo, desen veya metin serigrafi bask\u0131 y\u00f6ntemiyle uygulan\u0131r.<\/li>\n<li>Kabartmal\u0131 Hacim \u0130\u015faretleri \u2013 \u015ei\u015fenin alt k\u0131sm\u0131nda kabartmal\u0131 hacim i\u015faretleri (\u00f6rne\u011fin, \u201c100 ml\u201d) bulunmaktad\u0131r.<\/li>\n<li>Sprey Pompas\u0131 Entegrasyonu \u2013 \u015ei\u015fenin standart aray\u00fcz\u00fcne uygun ince sis p\u00fcsk\u00fcrtme pompas\u0131n\u0131n entegrasyonudur.<\/li>\n<\/ul>","protected":false},"excerpt":{"rendered":"<p>Markalar i\u00e7in bo\u015f kolonya \u015fi\u015feleri ve kolonya sprey \u015fi\u015feleri. \u015eeffaf cam ve metal kapakl\u0131 olarak \u00fcretilmi\u015ftir, h\u0131zl\u0131 kargo ile toptan sat\u0131\u015fa sunulmaktad\u0131r.<\/p>","protected":false},"featured_media":4241,"template":"","meta":{"postBodyCss":"","postBodyMargin":[],"postBodyPadding":[],"postBodyBackground":{"backgroundType":"classic","gradient":""}},"product_brand":[],"product_cat":[15,16,62],"product_tag":[],"class_list":{"0":"post-4236","1":"product","2":"type-product","3":"status-publish","4":"has-post-thumbnail","6":"product_cat-glass-containers","7":"product_cat-glass-bottles","8":"product_cat-perfume-bottles","10":"first","11":"instock","12":"shipping-taxable","13":"product-type-simple"},"jetpack_sharing_enabled":true,"_links":{"self":[{"href":"https:\/\/minghanggroup.com\/tr\/wp-json\/wp\/v2\/product\/4236","targetHints":{"allow":["GET"]}}],"collection":[{"href":"https:\/\/minghanggroup.com\/tr\/wp-json\/wp\/v2\/product"}],"about":[{"href":"https:\/\/minghanggroup.com\/tr\/wp-json\/wp\/v2\/types\/product"}],"wp:featuredmedia":[{"embeddable":true,"href":"https:\/\/minghanggroup.com\/tr\/wp-json\/wp\/v2\/media\/4241"}],"wp:attachment":[{"href":"https:\/\/minghanggroup.com\/tr\/wp-json\/wp\/v2\/media?parent=4236"}],"wp:term":[{"taxonomy":"product_brand","embeddable":true,"href":"https:\/\/minghanggroup.com\/tr\/wp-json\/wp\/v2\/product_brand?post=4236"},{"taxonomy":"product_cat","embeddable":true,"href":"https:\/\/minghanggroup.com\/tr\/wp-json\/wp\/v2\/product_cat?post=4236"},{"taxonomy":"product_tag","embeddable":true,"href":"https:\/\/minghanggroup.com\/tr\/wp-json\/wp\/v2\/product_tag?post=4236"}],"curies":[{"name":"wp","href":"https:\/\/api.w.org\/{rel}","templated":true}]}}