{"id":4230,"date":"2026-01-04T10:39:15","date_gmt":"2026-01-04T02:39:15","guid":{"rendered":"https:\/\/minghanggroup.com\/?post_type=product&#038;p=4230"},"modified":"2026-01-04T17:54:13","modified_gmt":"2026-01-04T09:54:13","slug":"small-customizable-perfume-bottles-for-fragrance-brands","status":"publish","type":"product","link":"https:\/\/minghanggroup.com\/tr\/urun\/small-customizable-perfume-bottles-for-fragrance-brands\/","title":{"rendered":"Parf\u00fcm Markalar\u0131 \u0130\u00e7in 30 ml ve 45 ml K\u00fc\u00e7\u00fck Boy \u00d6zelle\u015ftirilebilir Parf\u00fcm \u015ei\u015feleri"},"content":{"rendered":"<p>Parf\u00fcm \u015fi\u015feleriniz, m\u00fc\u015fterilerin durup bakmas\u0131n\u0131 sa\u011flamal\u0131. Parf\u00fcm ambalaj\u0131nda \u200b\u200bba\u015far\u0131y\u0131 hedefleyen, her bir cam parf\u00fcm \u015fi\u015fesinin markan\u0131z\u0131n imzas\u0131 haline geldi\u011fi, birinci s\u0131n\u0131f, \u00f6zelle\u015ftirilebilir parf\u00fcm \u015fi\u015feleri \u00fcretiyoruz.<\/p>\n<h2>\u00dcr\u00fcn \u00d6zellikleri<\/h2>\n<ul>\n<li><strong>Temiz \u00dc\u00e7gen Sil\u00fcet:<\/strong>Keskin, d\u00fcz \u00e7izgiler ve d\u00fczg\u00fcn \u00fc\u00e7gen \u015fekli, g\u00fc\u00e7l\u00fc bir raf varl\u0131\u011f\u0131yla modern, mimari bir g\u00f6r\u00fcn\u00fcm sunuyor.<\/li>\n<li><strong>Y\u00fcksek \u015eeffafl\u0131kta Cam G\u00f6vde:<\/strong>Saf, a\u011f\u0131r cam \u015fi\u015fe, parf\u00fcm\u00fcn ger\u00e7ek rengini vurgularken ayn\u0131 zamanda \u015f\u0131k ve l\u00fcks bir hava da yarat\u0131yor.<\/li>\n<li><strong>\u00d6zelle\u015ftirmeye Haz\u0131r:<\/strong>\u00d6zel renkler, kabartmal\u0131 veya bask\u0131l\u0131 logolar ve farkl\u0131 marka stillerine uygun kapak de\u011fi\u015fiklikleri i\u00e7in m\u00fckemmeldir.<\/li>\n<\/ul>\n<h2>Temel \u00d6zellikler<\/h2>\n<table style=\"border-collapse: collapse; width: 80%; margin-left: auto; margin-right: auto;\" border=\"0\" width=\"360\" cellspacing=\"0\" cellpadding=\"0\">\n<tbody>\n<tr style=\"height: 13.50pt;\">\n<td style=\"height: 13.5pt; width: 54pt; text-align: center;\" width=\"72\" height=\"18\">Kapasite(ml)<\/td>\n<td style=\"width: 54pt; text-align: center;\" width=\"72\">\u00d6l\u00e7\u00fcler (mm)<\/td>\n<td style=\"width: 54pt; text-align: center;\" width=\"72\">Kalibre<\/td>\n<td style=\"width: 54pt; text-align: center;\" width=\"72\">Cam Rengi<\/td>\n<td style=\"width: 54pt; text-align: center;\" width=\"72\">Pompa Se\u00e7enekleri<\/td>\n<\/tr>\n<tr style=\"height: 13.50pt;\">\n<td style=\"height: 13.5pt; text-align: center;\" align=\"right\" height=\"18\">30<\/td>\n<td style=\"text-align: center;\">38 x 38 x 80<\/td>\n<td class=\"et2\" style=\"text-align: center;\" rowspan=\"2\">15 mm<\/td>\n<td class=\"et2\" style=\"text-align: center;\" rowspan=\"2\">\u015eeffaf<\/td>\n<td class=\"et2\" style=\"text-align: center;\" rowspan=\"2\">Alt\u0131n, G\u00fcm\u00fc\u015f<\/td>\n<\/tr>\n<tr style=\"height: 13.50pt;\">\n<td style=\"height: 13.5pt; text-align: center;\" align=\"right\" height=\"18\">45<\/td>\n<td style=\"text-align: center;\">38 x 38 x 116<\/td>\n<\/tr>\n<\/tbody>\n<\/table>\n<h2>Ba\u015far\u0131 \u00d6rne\u011fi<\/h2>\n<p>Bir parf\u00fcm markas\u0131, klasik koku serisinin ambalaj\u0131n\u0131 benzersiz bir \u015fekilde yenilemek istedi. Birka\u00e7 ambalaj se\u00e7ene\u011fini de\u011ferlendirdikten sonra, marka cam parf\u00fcm k\u00fc\u00e7\u00fck \u015fi\u015felerimize ge\u00e7meye karar verdi ve ilk etapta 5.000 adet sipari\u015f verdi. Marka kimli\u011fini yans\u0131tmak i\u00e7in, \u015fi\u015felerin \u00f6n y\u00fcz\u00fcne kabartma logo i\u015flendi ve \u00f6zel bir cam rengi kullan\u0131ld\u0131.<\/p>\n<p>Marka, yeni ambalaj\u0131n da yard\u0131m\u0131yla \u00fc\u00e7 ay i\u00e7inde sat\u0131\u015flar\u0131nda &#039;lik bir art\u0131\u015f sa\u011flad\u0131 ve distrib\u00fct\u00f6rlerin tekrar sipari\u015fleri artt\u0131; bu nedenle marka, alt\u0131 ay i\u00e7inde k\u00fc\u00e7\u00fck \u015fi\u015fe parf\u00fcmler i\u00e7in \u00fc\u00e7 kez tekrar sipari\u015f ald\u0131.<\/p>\n<h2>\u00d6zelle\u015ftirme Se\u00e7enekleriniz<\/h2>\n<ol>\n<li><strong>Kabartmal\u0131 veya \u00c7ukurla\u015ft\u0131r\u0131lm\u0131\u015f Logo:<\/strong> Marka bilinirli\u011fini art\u0131rmak i\u00e7in \u015fi\u015fe y\u00fczeyine kabartmal\u0131 veya girintili bir logo ekleyin.<\/li>\n<li><strong>\u00d6zel \u015ei\u015fe Rengi:<\/strong> Farkl\u0131 koku konseptleri veya koleksiyonlar\u0131yla uyumlu, \u015feffaf, buzlu veya \u00f6zel renkli cam se\u00e7eneklerinden birini tercih edin.<\/li>\n<li><strong>Y\u00fczey Dekorasyon Teknikleri:<\/strong> Logolar, desenler veya metinler i\u00e7in ipek bask\u0131, serigrafi, s\u0131cak bask\u0131 veya UV bask\u0131 y\u00f6ntemleriyle s\u00fcsleme yap\u0131n.<\/li>\n<\/ol>","protected":false},"excerpt":{"rendered":"<p>\u015eeffaf tasar\u0131ml\u0131 k\u00fc\u00e7\u00fck parf\u00fcm \u015fi\u015feleri. Fabrikadan do\u011frudan tedarik, \u00fccretsiz numuneler, toplu sipari\u015fler ve benzersiz marka kimli\u011fi i\u00e7in \u00f6zelle\u015ftirilebilir parf\u00fcm \u015fi\u015feleri.<\/p>","protected":false},"featured_media":4235,"template":"","meta":{"postBodyCss":"","postBodyMargin":[],"postBodyPadding":[],"postBodyBackground":{"backgroundType":"classic","gradient":""}},"product_brand":[],"product_cat":[15,16,62],"product_tag":[],"class_list":{"0":"post-4230","1":"product","2":"type-product","3":"status-publish","4":"has-post-thumbnail","6":"product_cat-glass-containers","7":"product_cat-glass-bottles","8":"product_cat-perfume-bottles","10":"first","11":"instock","12":"shipping-taxable","13":"product-type-simple"},"jetpack_sharing_enabled":true,"_links":{"self":[{"href":"https:\/\/minghanggroup.com\/tr\/wp-json\/wp\/v2\/product\/4230","targetHints":{"allow":["GET"]}}],"collection":[{"href":"https:\/\/minghanggroup.com\/tr\/wp-json\/wp\/v2\/product"}],"about":[{"href":"https:\/\/minghanggroup.com\/tr\/wp-json\/wp\/v2\/types\/product"}],"wp:featuredmedia":[{"embeddable":true,"href":"https:\/\/minghanggroup.com\/tr\/wp-json\/wp\/v2\/media\/4235"}],"wp:attachment":[{"href":"https:\/\/minghanggroup.com\/tr\/wp-json\/wp\/v2\/media?parent=4230"}],"wp:term":[{"taxonomy":"product_brand","embeddable":true,"href":"https:\/\/minghanggroup.com\/tr\/wp-json\/wp\/v2\/product_brand?post=4230"},{"taxonomy":"product_cat","embeddable":true,"href":"https:\/\/minghanggroup.com\/tr\/wp-json\/wp\/v2\/product_cat?post=4230"},{"taxonomy":"product_tag","embeddable":true,"href":"https:\/\/minghanggroup.com\/tr\/wp-json\/wp\/v2\/product_tag?post=4230"}],"curies":[{"name":"wp","href":"https:\/\/api.w.org\/{rel}","templated":true}]}}