{"id":4225,"date":"2025-12-31T11:26:29","date_gmt":"2025-12-31T03:26:29","guid":{"rendered":"https:\/\/minghanggroup.com\/?post_type=product&#038;p=4225"},"modified":"2025-12-31T11:55:45","modified_gmt":"2025-12-31T03:55:45","slug":"round-glass-perfume-containers-with-metal-lids-bulk","status":"publish","type":"product","link":"https:\/\/minghanggroup.com\/tr\/urun\/round-glass-perfume-containers-with-metal-lids-bulk\/","title":{"rendered":"30 ml, 50 ml, 80 ml Yuvarlak Cam Parf\u00fcm Kaplar\u0131, Metal Kapakl\u0131, Toplu Sat\u0131\u015f"},"content":{"rendered":"<p>Parf\u00fcm\u00fcn yuvarlak \u015fi\u015fesi \u015feffaf, p\u00fcr\u00fczs\u00fcz camdan \u00fcretilmi\u015ftir ve taban\u0131 kal\u0131nla\u015ft\u0131r\u0131larak m\u00fckemmel denge sa\u011flanm\u0131\u015ft\u0131r; metal kapaklar\u0131 ise silindirik \u015fekildedir.<\/p>\n<h2>\u00dcr\u00fcn \u00d6zellikleri<\/h2>\n<ul>\n<li><strong>K\u00fcresel, Yumu\u015fak Dokunu\u015flu \u015ei\u015fe:<\/strong> K\u00fcresel, p\u00fcr\u00fczs\u00fcz cam \u015fi\u015fe tasar\u0131m\u0131 yumu\u015fak bir esteti\u011fe sahip ve tutmas\u0131 daha kolay.<\/li>\n<li><strong>\u00c7ok Renkli Metal Kapaklar:<\/strong> \u00dcr\u00fcn, silindirik siyah, alt\u0131n ve g\u00fcm\u00fc\u015f metalik kapaklar\u0131yla birlikte gelir ve bu kapaklar, \u00fcr\u00fcne \u00e7arp\u0131c\u0131 bir stil alternatifi sunman\u0131n yan\u0131 s\u0131ra \u00fcr\u00fcn\u00fcn \u015f\u0131kl\u0131\u011f\u0131n\u0131 da art\u0131r\u0131r.<\/li>\n<li><strong>\u00dc\u00e7 Boyut:<\/strong> \u00dcr\u00fcn, deneme boyu, g\u00fcnl\u00fck koku ve m\u00fckemmel hediye ihtiya\u00e7lar\u0131n\u0131 kar\u015f\u0131lamak \u00fczere 30 ml, 50 ml ve 80 ml boyutlar\u0131nda mevcuttur.<\/li>\n<\/ul>\n<h2 style=\"text-align: left;\">Temel \u00d6zellikler<\/h2>\n<table class=\"aligncenter\" style=\"border-collapse: collapse; width: 482.27pt;\" border=\"0\" width=\"643\" cellspacing=\"0\" cellpadding=\"0\">\n<tbody>\n<tr style=\"height: 13.50pt;\">\n<td style=\"height: 13.50pt; width: 131.25pt;\" width=\"175\" height=\"18\">\u015eartname<\/td>\n<td style=\"width: 351.00pt;\" width=\"468\">Detaylar<\/td>\n<\/tr>\n<tr style=\"height: 13.50pt;\">\n<td style=\"height: 13.50pt;\" height=\"18\">Boyutlar<\/td>\n<td>30 ml: 50\u00d764 mm; 50 ml: 57\u00d763 mm; 80 ml: 70\u00d775 mm<\/td>\n<\/tr>\n<tr style=\"height: 13.50pt;\">\n<td style=\"height: 13.50pt;\" height=\"18\">Malzeme<\/td>\n<td>\u015eeffaf Cam G\u00f6vde; Siyah\/Alt\u0131n\/G\u00fcm\u00fc\u015f Silindirik Metal Kapaklar<\/td>\n<\/tr>\n<tr style=\"height: 13.50pt;\">\n<td style=\"height: 13.50pt;\" height=\"18\">\u015ei\u015fe \u015eekli<\/td>\n<td>A\u011f\u0131rl\u0131kl\u0131 Tabanl\u0131 K\u00fcre (Stabil Sergileme Tasar\u0131m\u0131)<\/td>\n<\/tr>\n<tr style=\"height: 13.50pt;\">\n<td style=\"height: 13.50pt;\" height=\"18\">\u0130\u015f\u00e7ilik \u00d6zelli\u011fi<\/td>\n<td>Hassas K\u00fcresel Cam \u00dcfleme, A\u011f\u0131rl\u0131kl\u0131 Taban Kal\u0131plama<\/td>\n<\/tr>\n<tr style=\"height: 13.50pt;\">\n<td style=\"height: 13.50pt;\" height=\"18\">\u0130deal \u0130\u00e7in<\/td>\n<td>Parf\u00fcm Kaplar\u0131, Yuvarlak Parf\u00fcm \u015ei\u015feleri (Toptan)<\/td>\n<\/tr>\n<\/tbody>\n<\/table>\n<h2>Ba\u015far\u0131 Hikayesi<\/h2>\n<p>Kore&#039;nin trend belirleyici g\u00fczellik ve ya\u015fam tarz\u0131 markas\u0131, ilk parf\u00fcm serisini piyasaya s\u00fcrd\u00fc. Yumu\u015fak tonlu bir kapakla birlikte sunulan 50 ml&#039;lik yuvarlak parf\u00fcm \u015fi\u015femizi tercih ettiler. Bu sevimli yuvarlak parf\u00fcm, piyasaya s\u00fcr\u00fclmesinin ilk ay\u0131nda sosyal medyada 0 oran\u0131nda payla\u015f\u0131m alarak an\u0131nda b\u00fcy\u00fck bir ba\u015far\u0131 yakalad\u0131. Ay\u0131rt edici \u015fi\u015fe \u015fekli, markan\u0131n imzalar\u0131ndan biri haline geldi ve hedef kitlesinin &#039;\u0131 herhangi bir hat\u0131rlatmaya gerek kalmadan \u015fekli tan\u0131yabiliyor. Marka, bu b\u00fcy\u00fck ba\u015far\u0131n\u0131n \u00fczerine k\u00fcresel pazarda geni\u015flemek i\u00e7in 600.000 \u015fi\u015fe daha sipari\u015f ederek b\u00fcy\u00fcmeye devam etti.<\/p>\n<h2>Parf\u00fcm Yuvarlak \u015ei\u015fe \u015ei\u015feleme Se\u00e7enekleri<\/h2>\n<ul>\n<li>\u00d6zel Metal Kapak Rengi - Kapak \u00fczerindeki PVD bask\u0131, marka veya mevsim rengine g\u00f6re \u00f6zelle\u015ftirilebilir.<\/li>\n<li>Cam Rengi ve \u015eeffafl\u0131\u011f\u0131 \u2013 K\u00fcresel \u015fekilli cam \u015fi\u015feler \u00e7e\u015fitli renklerde (pembe, mavi, kehribar) veya buzlu olarak \u00fcretilir.<\/li>\n<li>Cam Serigrafi Bask\u0131 \u2013 Kavisli cam: Y\u00fczeye basit logolar, desenler veya metinler bas\u0131labilir.<\/li>\n<li>Lazerle \u0130\u015fleme \u2013 Cam \u00fczerine detayl\u0131 resimler, tak\u0131my\u0131ld\u0131zlar veya harf kombinasyonlar\u0131 i\u015fleyin.<\/li>\n<\/ul>","protected":false},"excerpt":{"rendered":"<p>\u015eeffaf cam ve metal kapakl\u0131 yuvarlak parf\u00fcm \u015fi\u015fesi. P\u00fcr\u00fczs\u00fcz k\u00fcresel tasar\u0131m, \u00e7e\u015fitli boyutlarda mevcuttur. Markalar i\u00e7in do\u011frudan fabrika tedari\u011fi.<\/p>","protected":false},"featured_media":4226,"template":"","meta":{"postBodyCss":"","postBodyMargin":[],"postBodyPadding":[],"postBodyBackground":{"backgroundType":"classic","gradient":""}},"product_brand":[],"product_cat":[15,16,62],"product_tag":[],"class_list":{"0":"post-4225","1":"product","2":"type-product","3":"status-publish","4":"has-post-thumbnail","6":"product_cat-glass-containers","7":"product_cat-glass-bottles","8":"product_cat-perfume-bottles","10":"first","11":"instock","12":"shipping-taxable","13":"product-type-simple"},"jetpack_sharing_enabled":true,"_links":{"self":[{"href":"https:\/\/minghanggroup.com\/tr\/wp-json\/wp\/v2\/product\/4225","targetHints":{"allow":["GET"]}}],"collection":[{"href":"https:\/\/minghanggroup.com\/tr\/wp-json\/wp\/v2\/product"}],"about":[{"href":"https:\/\/minghanggroup.com\/tr\/wp-json\/wp\/v2\/types\/product"}],"wp:featuredmedia":[{"embeddable":true,"href":"https:\/\/minghanggroup.com\/tr\/wp-json\/wp\/v2\/media\/4226"}],"wp:attachment":[{"href":"https:\/\/minghanggroup.com\/tr\/wp-json\/wp\/v2\/media?parent=4225"}],"wp:term":[{"taxonomy":"product_brand","embeddable":true,"href":"https:\/\/minghanggroup.com\/tr\/wp-json\/wp\/v2\/product_brand?post=4225"},{"taxonomy":"product_cat","embeddable":true,"href":"https:\/\/minghanggroup.com\/tr\/wp-json\/wp\/v2\/product_cat?post=4225"},{"taxonomy":"product_tag","embeddable":true,"href":"https:\/\/minghanggroup.com\/tr\/wp-json\/wp\/v2\/product_tag?post=4225"}],"curies":[{"name":"wp","href":"https:\/\/api.w.org\/{rel}","templated":true}]}}