{"id":4213,"date":"2025-12-31T10:25:29","date_gmt":"2025-12-31T02:25:29","guid":{"rendered":"https:\/\/minghanggroup.com\/?post_type=product&#038;p=4213"},"modified":"2025-12-31T12:12:05","modified_gmt":"2025-12-31T04:12:05","slug":"glass-square-cologne-bottles-with-sprayer-lids-wholesale","status":"publish","type":"product","link":"https:\/\/minghanggroup.com\/tr\/urun\/glass-square-cologne-bottles-with-sprayer-lids-wholesale\/","title":{"rendered":"50 ml ve 100 ml&#039;lik Kare Cam Kolonya \u015ei\u015feleri, Sprey Ba\u015fl\u0131kl\u0131, Toptan Sat\u0131\u015f"},"content":{"rendered":"<p>Kare \u015feklindeki kolonya \u015fi\u015feleriniz m\u00fc\u015fterilerin durup bakmas\u0131n\u0131 sa\u011flamal\u0131. Parf\u00fcm ambalaj\u0131nda \u200b\u200bba\u015far\u0131 i\u00e7in tasarlanm\u0131\u015f, her bir cam parf\u00fcm \u015fi\u015fesinin markan\u0131z\u0131n imzas\u0131 haline geldi\u011fi, birinci s\u0131n\u0131f parf\u00fcm kaplar\u0131n\u0131 toptan olarak \u00fcretiyoruz.<\/p>\n<h2>\u00dcr\u00fcn \u00d6zellikleri<\/h2>\n<ul>\n<li><strong>\u015e\u0131k Kare \u015eekil:<\/strong> Kare \u015feklindeki cam \u015fi\u015fe, sade hatlar\u0131 ve keskin a\u00e7\u0131lar\u0131yla genel tasar\u0131ma sofistike, zarif ve g\u00fc\u00e7l\u00fc bir g\u00f6rsel \u00e7ekicilik kat\u0131yor.<\/li>\n<li><strong>Y\u00fcksek \u015eeffafl\u0131kta, Kal\u0131n Duvarl\u0131 Cam:<\/strong> Y\u00fcksek, \u015feffaf ve kal\u0131n duvarl\u0131 cam, ola\u011fan\u00fcst\u00fc bir berrakl\u0131k sa\u011flamakla kalmaz, ayn\u0131 zamanda parf\u00fcm\u00fcn rengini ortaya \u00e7\u0131karmada da \u00e7ok etkilidir ve b\u00f6ylece t\u00fcm sunuma l\u00fcks bir hava katar.<\/li>\n<li><strong>Zarif Metal Kapak:<\/strong> P\u00fcr\u00fczs\u00fcz ve parlak y\u00fczeyli elektrolizle kaplanm\u0131\u015f metal kapak, cam \u015fi\u015feyle g\u00fczel bir kontrast olu\u015fturarak genel g\u00f6rsel \u00e7ekicili\u011fi daha \u00fcst bir seviyeye ta\u015f\u0131yor.<\/li>\n<\/ul>\n<h2>Temel \u00d6zellikler<\/h2>\n<table style=\"border-collapse: collapse; width: 80%; margin-left: auto; margin-right: auto;\" border=\"0\" width=\"360\" cellspacing=\"0\" cellpadding=\"0\">\n<tbody>\n<tr style=\"height: 13.50pt;\">\n<td style=\"height: 13.5pt; width: 54pt; text-align: center;\" width=\"72\" height=\"18\">Kapasite(ml)<\/td>\n<td style=\"width: 54pt; text-align: center;\" width=\"72\">\u00d6l\u00e7\u00fcler (mm)<\/td>\n<td style=\"width: 54pt; text-align: center;\" width=\"72\">Kalibre<\/td>\n<td style=\"width: 54pt; text-align: center;\" width=\"72\">M\u00fch\u00fcr Tipi<\/td>\n<td style=\"width: 54pt; text-align: center;\" width=\"72\">Pompa Se\u00e7enekleri<\/td>\n<\/tr>\n<tr style=\"height: 13.50pt;\">\n<td style=\"height: 13.5pt; text-align: center;\" align=\"right\" height=\"18\">50<\/td>\n<td style=\"text-align: center;\">38 x 38 x 80<\/td>\n<td class=\"et2\" style=\"text-align: center;\" rowspan=\"2\">15 mm<\/td>\n<td class=\"et2\" style=\"text-align: center;\" rowspan=\"2\">K\u0131vr\u0131ml\u0131 Boyun<\/td>\n<td class=\"et2\" style=\"text-align: center;\" rowspan=\"2\">Alt\u0131n, G\u00fcm\u00fc\u015f, Siyah<\/td>\n<\/tr>\n<tr style=\"height: 13.50pt;\">\n<td style=\"height: 13.5pt; text-align: center;\" align=\"right\" height=\"18\">100<\/td>\n<td style=\"text-align: center;\">38 x 38 x 116<\/td>\n<\/tr>\n<\/tbody>\n<\/table>\n<h2>Ba\u015far\u0131 \u00d6rne\u011fi<\/h2>\n<p>Bir parf\u00fcm markas\u0131 kokular\u0131n\u0131 titizlikle yaratm\u0131\u015ft\u0131, ancak orijinal parf\u00fcm \u015fi\u015feleri markan\u0131n premium konumland\u0131rmas\u0131n\u0131 yans\u0131tacak kadar s\u0131radan de\u011fildi. Bir iyile\u015ftirme isteyen marka, kare cam parf\u00fcm \u015fi\u015felerimizi se\u00e7ti ve ilk etapta 5.000 adet sipari\u015f verdi. \u015ei\u015feler, \u00f6n panelde kabartmal\u0131 bir logo ve yeni koku koleksiyonuyla uyumlu olacak \u015fekilde renkli cam g\u00f6vde ile ki\u015fiselle\u015ftirildi ve elektrolizle kaplanm\u0131\u015f metal kapaklar eklendi. Etki an\u0131nda g\u00f6r\u00fcld\u00fc: Zarif \u015fekil ve \u00f6zel detaylar raf g\u00f6r\u00fcn\u00fcm\u00fcn\u00fc y\u00fckseltti ve b\u00f6ylece perakende sat\u0131\u015flar \u00fc\u00e7 ay i\u00e7inde artt\u0131. \u00dcr\u00fcn yelpazesi yak\u0131n zamanda seyahat setleri i\u00e7in daha k\u00fc\u00e7\u00fck deneme boylar\u0131yla geni\u015fletildi.<\/p>\n<h2>Ki\u015fiselle\u015ftirme Yolunuz<\/h2>\n<ol>\n<li><strong>Pompa Renkleri:<\/strong>Atomizer renklerini marka kimli\u011finizle uyumlu hale getirin (l\u00fcks bir g\u00f6r\u00fcn\u00fcm i\u00e7in alt\u0131n, modern bir g\u00f6r\u00fcn\u00fcm i\u00e7in g\u00fcm\u00fc\u015f).<\/li>\n<li><strong>Etiket Yerle\u015fimi:<\/strong>Marka bilinirli\u011fini an\u0131nda art\u0131rmak i\u00e7in logonuzu minimalist kare cam \u015fi\u015fe \u00fczerine bast\u0131r\u0131n.<\/li>\n<li><strong>Premium Dekorasyon:<\/strong>Cam\u0131n \u015feffafl\u0131\u011f\u0131n\u0131 g\u00f6lgelemeyecek zarif alt\u0131n varak detaylar ekleyin.<\/li>\n<\/ol>","protected":false},"excerpt":{"rendered":"<p>Kal\u0131n \u015feffaf camdan yap\u0131lm\u0131\u015f, sprey ba\u015fl\u0131kl\u0131 kare kolonya \u015fi\u015feleri. Fabrikadan do\u011frudan toptan parf\u00fcm kab\u0131 tedari\u011fi, esnek \u00f6zel tasar\u0131m se\u00e7enekleri sunuyoruz.<\/p>","protected":false},"featured_media":4224,"template":"","meta":{"postBodyCss":"","postBodyMargin":[],"postBodyPadding":[],"postBodyBackground":{"backgroundType":"classic","gradient":""}},"product_brand":[],"product_cat":[15,16,62],"product_tag":[],"class_list":{"0":"post-4213","1":"product","2":"type-product","3":"status-publish","4":"has-post-thumbnail","6":"product_cat-glass-containers","7":"product_cat-glass-bottles","8":"product_cat-perfume-bottles","10":"first","11":"instock","12":"shipping-taxable","13":"product-type-simple"},"jetpack_sharing_enabled":true,"_links":{"self":[{"href":"https:\/\/minghanggroup.com\/tr\/wp-json\/wp\/v2\/product\/4213","targetHints":{"allow":["GET"]}}],"collection":[{"href":"https:\/\/minghanggroup.com\/tr\/wp-json\/wp\/v2\/product"}],"about":[{"href":"https:\/\/minghanggroup.com\/tr\/wp-json\/wp\/v2\/types\/product"}],"wp:featuredmedia":[{"embeddable":true,"href":"https:\/\/minghanggroup.com\/tr\/wp-json\/wp\/v2\/media\/4224"}],"wp:attachment":[{"href":"https:\/\/minghanggroup.com\/tr\/wp-json\/wp\/v2\/media?parent=4213"}],"wp:term":[{"taxonomy":"product_brand","embeddable":true,"href":"https:\/\/minghanggroup.com\/tr\/wp-json\/wp\/v2\/product_brand?post=4213"},{"taxonomy":"product_cat","embeddable":true,"href":"https:\/\/minghanggroup.com\/tr\/wp-json\/wp\/v2\/product_cat?post=4213"},{"taxonomy":"product_tag","embeddable":true,"href":"https:\/\/minghanggroup.com\/tr\/wp-json\/wp\/v2\/product_tag?post=4213"}],"curies":[{"name":"wp","href":"https:\/\/api.w.org\/{rel}","templated":true}]}}