{"id":4208,"date":"2025-12-30T15:33:11","date_gmt":"2025-12-30T07:33:11","guid":{"rendered":"https:\/\/minghanggroup.com\/?post_type=product&#038;p=4208"},"modified":"2025-12-30T16:53:58","modified_gmt":"2025-12-30T08:53:58","slug":"clear-glass-cologne-bottles-with-metal-lids-bulk","status":"publish","type":"product","link":"https:\/\/minghanggroup.com\/tr\/urun\/clear-glass-cologne-bottles-with-metal-lids-bulk\/","title":{"rendered":"30 ml, 50 ml, 100 ml \u015eeffaf Cam Kolonya \u015ei\u015feleri, Metal Kapakl\u0131, Toplu Sat\u0131\u015f"},"content":{"rendered":"<p>Bu, yuvarlak kenarl\u0131, yuvarlak kare \u015feklinde bir kolonya \u015fi\u015fesidir. Sade yap\u0131s\u0131 ve kare \u015feklinde kubbe bi\u00e7imli metal kapa\u011f\u0131 ile minimalizm etkileyici bir kontrast olu\u015fturuyor.<\/p>\n<h2>\u00dcr\u00fcn \u00d6zellikleri<\/h2>\n<ul>\n<li><strong>\u00c7e\u015fitli Boyutlar:<\/strong> \u0130ster ki\u015fisel ister toplu al\u0131m olsun, ihtiyaca g\u00f6re farkl\u0131 boyutlarda parf\u00fcm saklama kaplar\u0131 sat\u0131n al\u0131nabilir.<\/li>\n<li><strong>Metalik Kapaklar:<\/strong> \u00dcr\u00fcnde g\u00fcm\u00fc\u015f, alt\u0131n ve siyah renklerde, farkl\u0131 stillerde kare metal kapaklar bulunmaktad\u0131r; bu da \u00fcr\u00fcne \u015f\u0131k ve modern bir g\u00f6r\u00fcn\u00fcm kazand\u0131rmaktad\u0131r.<\/li>\n<li><strong>Yuvarlak Kare \u015ei\u015fe G\u00f6vdesi:<\/strong> Kare ve silindirik \u015fi\u015fe g\u00f6vdesinin k\u00f6\u015feleri yuvarlat\u0131larak daha rahat tutulmas\u0131 ve sergilenmesi i\u00e7in p\u00fcr\u00fczs\u00fcz hatlar kazand\u0131r\u0131lm\u0131\u015ft\u0131r.<\/li>\n<\/ul>\n<h2 style=\"text-align: left;\">Temel \u00d6zellikler<\/h2>\n<table class=\"aligncenter\" style=\"border-collapse: collapse; width: 434.27pt;\" border=\"0\" width=\"579\" cellspacing=\"0\" cellpadding=\"0\">\n<tbody>\n<tr style=\"height: 13.50pt;\">\n<td style=\"height: 13.50pt; width: 82.50pt;\" width=\"110\" height=\"18\">\u015eartname<\/td>\n<td style=\"width: 351.75pt;\" width=\"469\">Detaylar<\/td>\n<\/tr>\n<tr style=\"height: 13.50pt;\">\n<td style=\"height: 13.50pt;\" height=\"18\">Boyutlar<\/td>\n<td>30 ml: 56\u00d728\u00d770 mm; 50 ml: 63\u00d731\u00d779 mm; 100 ml: 76\u00d738\u00d798 mm<\/td>\n<\/tr>\n<tr style=\"height: 13.50pt;\">\n<td style=\"height: 13.50pt;\" height=\"18\">Malzeme<\/td>\n<td>\u015eeffaf Cam G\u00f6vde; G\u00fcm\u00fc\u015f\/Alt\u0131n\/Siyah Metal Kapaklar<\/td>\n<\/tr>\n<tr style=\"height: 13.50pt;\">\n<td style=\"height: 13.50pt;\" height=\"18\">\u015ei\u015fe \u015eekli<\/td>\n<td>Yuvarlak K\u00f6\u015feli Kare Prizma (Yumu\u015fak Kenarl\u0131 Kal\u0131p)<\/td>\n<\/tr>\n<tr style=\"height: 13.50pt;\">\n<td style=\"height: 13.50pt;\" height=\"18\">Kapatma T\u00fcr\u00fc<\/td>\n<td>Kare Metal Vidal\u0131 Kapak (G\u00fcvenli Hava Ge\u00e7irmez S\u0131zd\u0131rmazl\u0131k)<\/td>\n<\/tr>\n<tr style=\"height: 13.50pt;\">\n<td style=\"height: 13.50pt;\" height=\"18\">\u0130deal \u0130\u00e7in<\/td>\n<td>Toptan Kolonya \u015ei\u015feleri, Toplu Parf\u00fcm \u015ei\u015feleri<\/td>\n<\/tr>\n<\/tbody>\n<\/table>\n<h2>Ba\u015far\u0131 \u00d6yk\u00fcs\u00fc<\/h2>\n<p>Do\u011frudan t\u00fcketiciye sat\u0131\u015f y\u00f6ntemiyle erkek \u00fcr\u00fcnleri satan pop\u00fcler \u015firketlerden biri, parf\u00fcm pazar\u0131na da girdi. \u0130lk \u00fc\u00e7 parf\u00fcm\u00fcn\u00fc, her biri kendine \u00f6zg\u00fc renkte bir kapakla birlikte, kolonya \u015fi\u015felerimizle paketlemeye karar verdiler. Yuvarlak, karemsi \u015fi\u015fe g\u00f6vdesi olduk\u00e7a be\u011fenildi; m\u00fc\u015fteri yorumlar\u0131n\u0131n &#039;inde &#034;m\u00fckemmel his&#034; ifadesi yer ald\u0131. Sade tasar\u0131m, di\u011fer \u00fcr\u00fcnlere k\u0131yasla sosyal medyada \u00fc\u00e7 kat daha fazla payla\u015f\u0131m sa\u011flad\u0131. Bu temelde, marka taraf\u0131ndan 400.000 \u015fi\u015felik ek sipari\u015f verildi.<\/p>\n<h2>Toptan Kolonya \u015ei\u015feleri \u00d6zelle\u015ftirme Se\u00e7enekleri<\/h2>\n<ul>\n<li>\u00d6zel Metal Kapak Renkleri \u2013 Markan\u0131z\u0131n Pantone renk tablosundan kapak \u00fczerindeki PVD kaplamay\u0131 se\u00e7in.<\/li>\n<li>Cam \u015fi\u015fe renkleri \u2013 Cam \u015fi\u015feler, kehribar, f\u00fcme gri veya kobalt mavisi gibi renkli cam \u015fi\u015felerde de mevcuttur.<\/li>\n<li>Cam \u015ei\u015feye Serigrafi Bask\u0131 \u2013 Logonuzu, tasar\u0131m\u0131n\u0131z\u0131 veya hatta metninizi cam \u015fi\u015fenin d\u00fcz y\u00fczeyine bast\u0131r\u0131n.<\/li>\n<li>Buzlu Cam G\u00f6r\u00fcn\u00fcm\u00fc \u2013 Tamamen buzlu veya kademeli buzlu bir g\u00f6r\u00fcn\u00fcmle p\u00fcr\u00fczs\u00fcz ve \u00fcst d\u00fczey bir his sa\u011flay\u0131n.<\/li>\n<\/ul>","protected":false},"excerpt":{"rendered":"<p>Modern, \u015feffaf kolonya \u015fi\u015feleri, \u00e7e\u015fitli boyutlarda ve kapak renklerinde mevcuttur. H\u0131zl\u0131 kargo ile toptan kolonya \u015fi\u015feleri, parf\u00fcm markalar\u0131 ve \u00f6zel etiketler i\u00e7in idealdir.<\/p>","protected":false},"featured_media":4215,"template":"","meta":{"postBodyCss":"","postBodyMargin":[],"postBodyPadding":[],"postBodyBackground":{"backgroundType":"classic","gradient":""}},"product_brand":[],"product_cat":[15,16,62],"product_tag":[],"class_list":{"0":"post-4208","1":"product","2":"type-product","3":"status-publish","4":"has-post-thumbnail","6":"product_cat-glass-containers","7":"product_cat-glass-bottles","8":"product_cat-perfume-bottles","10":"first","11":"instock","12":"shipping-taxable","13":"product-type-simple"},"jetpack_sharing_enabled":true,"_links":{"self":[{"href":"https:\/\/minghanggroup.com\/tr\/wp-json\/wp\/v2\/product\/4208","targetHints":{"allow":["GET"]}}],"collection":[{"href":"https:\/\/minghanggroup.com\/tr\/wp-json\/wp\/v2\/product"}],"about":[{"href":"https:\/\/minghanggroup.com\/tr\/wp-json\/wp\/v2\/types\/product"}],"wp:featuredmedia":[{"embeddable":true,"href":"https:\/\/minghanggroup.com\/tr\/wp-json\/wp\/v2\/media\/4215"}],"wp:attachment":[{"href":"https:\/\/minghanggroup.com\/tr\/wp-json\/wp\/v2\/media?parent=4208"}],"wp:term":[{"taxonomy":"product_brand","embeddable":true,"href":"https:\/\/minghanggroup.com\/tr\/wp-json\/wp\/v2\/product_brand?post=4208"},{"taxonomy":"product_cat","embeddable":true,"href":"https:\/\/minghanggroup.com\/tr\/wp-json\/wp\/v2\/product_cat?post=4208"},{"taxonomy":"product_tag","embeddable":true,"href":"https:\/\/minghanggroup.com\/tr\/wp-json\/wp\/v2\/product_tag?post=4208"}],"curies":[{"name":"wp","href":"https:\/\/api.w.org\/{rel}","templated":true}]}}