{"id":4203,"date":"2025-12-30T15:14:37","date_gmt":"2025-12-30T07:14:37","guid":{"rendered":"https:\/\/minghanggroup.com\/?post_type=product&#038;p=4203"},"modified":"2025-12-30T15:32:27","modified_gmt":"2025-12-30T07:32:27","slug":"crystal-scent-bottles-with-with-silver-spray-bulk","status":"publish","type":"product","link":"https:\/\/minghanggroup.com\/tr\/urun\/crystal-scent-bottles-with-with-silver-spray-bulk\/","title":{"rendered":"30 ml, 50 ml, 100 ml Kristal Parf\u00fcm \u015ei\u015feleri G\u00fcm\u00fc\u015f Spreyli (Toptan Sat\u0131\u015f)"},"content":{"rendered":"<p>Bu kristal parf\u00fcm \u015fi\u015feleri tamamen kristal camdan yap\u0131lm\u0131\u015ft\u0131r; \u00e7ok y\u00f6nl\u00fc ve kristal yap\u0131da olup, e\u015fit oranda elmas kesimli kristal kapaklara ve g\u00fczel g\u00fcm\u00fc\u015f sprey ba\u015fl\u0131klar\u0131na sahiptir ve sadece l\u00fcks de\u011fil, ayn\u0131 zamanda modern bir g\u00f6r\u00fcn\u00fcme de sahiptir.<\/p>\n<h2>\u00dcr\u00fcn \u00d6zellikleri<\/h2>\n<ul>\n<li><strong>Geometrik \u00c7ok Y\u00fczl\u00fc Prizma:<\/strong> Geometrik \u00e7ok y\u00f6nl\u00fc cam formlar, benzersiz \u0131\u015f\u0131k k\u0131r\u0131lma etkileri yarat\u0131r ve belirgin bir mimari profile sahiptir.<\/li>\n<li><strong>Y\u00fcksek \u015eeffafl\u0131k Seviyesine Sahip \u015eeffaf Cam:<\/strong> Bu, m\u00fckemmel \u015feffafl\u0131\u011fa sahip, i\u00e7indeki kokunun net bir \u015fekilde g\u00f6r\u00fcnmesini sa\u011flayan saydam bir malzemedir.<\/li>\n<li><strong>\u00dc\u00e7 Boyut:<\/strong> \u0130htiya\u00e7lar\u0131n\u0131za uygun olarak, numune, seyahat boyu ve \u00f6zel parf\u00fcmler ta\u015f\u0131mak i\u00e7in 30 ml, 50 ml ve 100 ml boyut se\u00e7eneklerinden birini bulabilirsiniz.<\/li>\n<\/ul>\n<h2 style=\"text-align: left;\">Temel \u00d6zellikler<\/h2>\n<table class=\"aligncenter\" style=\"border-collapse: collapse; width: 536.27pt;\" border=\"0\" width=\"715\" cellspacing=\"0\" cellpadding=\"0\">\n<tbody>\n<tr style=\"height: 13.50pt;\">\n<td style=\"height: 13.50pt; width: 83.25pt;\" width=\"111\" height=\"18\">\u015eartname<\/td>\n<td style=\"width: 453.00pt;\" width=\"604\">Detaylar<\/td>\n<\/tr>\n<tr style=\"height: 13.50pt;\">\n<td style=\"height: 13.50pt;\" height=\"18\">Boyutlar<\/td>\n<td>30ml: 44\u00d747\u00d762mm; 50ml: 57\u00d728\u00d775mm; 100ml: 67\u00d735\u00d795mm<\/td>\n<\/tr>\n<tr style=\"height: 13.50pt;\">\n<td style=\"height: 13.50pt;\" height=\"18\">Malzeme<\/td>\n<td>\u00c7ok Y\u00fczl\u00fc \u015eeffaf Cam G\u00f6vde; G\u00fcm\u00fc\u015f Metal Bile\u015fenler; Kare Y\u00fczl\u00fc Kapak<\/td>\n<\/tr>\n<tr style=\"height: 13.50pt;\">\n<td style=\"height: 13.50pt;\" height=\"18\">Kapatma T\u00fcr\u00fc<\/td>\n<td>Entegre g\u00fcm\u00fc\u015f metal p\u00fcsk\u00fcrtme yakal\u0131 kare fasetli kapak<\/td>\n<\/tr>\n<tr style=\"height: 13.50pt;\">\n<td style=\"height: 13.50pt;\" height=\"18\">\u0130deal \u0130\u00e7in<\/td>\n<td>Kristal Parf\u00fcm \u015ei\u015feleri, Toplu Parf\u00fcm \u015ei\u015feleri<\/td>\n<\/tr>\n<\/tbody>\n<\/table>\n<h2>Ba\u015far\u0131 Hikayesi<\/h2>\n<p>30 ml&#039;lik parf\u00fcm \u015fi\u015femiz, d\u00fcnyan\u0131n en b\u00fcy\u00fck ma\u011fazalar\u0131ndan biri taraf\u0131ndan se\u00e7ildi ve buzlu, \u00e7ok y\u00f6nl\u00fc paladyum kapl\u0131 metal \u015fi\u015fe boynunda k\u00fc\u00e7\u00fck de\u011fi\u015fiklikler yap\u0131lmas\u0131 istendi. Ayr\u0131nt\u0131l\u0131 tasar\u0131m, ma\u011faza i\u00e7i ayd\u0131nlatmalarla muhte\u015fem \u0131\u015f\u0131k ve g\u00f6lge efektleri yarat\u0131yor ve parf\u00fcm tezgah\u0131yla m\u00fc\u015fteri etkile\u015fimini d\u00f6rtte bir oran\u0131nda art\u0131r\u0131yor. \u00dcst d\u00fczey tasar\u0131m, bu parf\u00fcm markas\u0131n\u0131 benzer tasar\u0131mc\u0131 parf\u00fcmlerinin \u00fczerinde konumland\u0131r\u0131yor. Piyasa tepkisi muazzam oldu ve perakendeciler, \u00f6n\u00fcm\u00fczdeki iki y\u0131ldaki arz talebini kar\u015f\u0131lamak i\u00e7in an\u0131nda 1 milyon \u015fi\u015fe daha sipari\u015f verdi.<\/p>\n<h2>Kristal Kokulu \u015ei\u015felerin Ki\u015fiselle\u015ftirilmesi<\/h2>\n<ul>\n<li>\u00d6zel Cam Renkleri \u2013 \u015e\u0131k tasar\u0131ml\u0131 \u015fi\u015fe camlar\u0131nda \u015fampanya, f\u00fcme gri veya a\u00e7\u0131k pembe renk se\u00e7enekleri mevcuttur.<\/li>\n<li>Metal \u015ei\u015fe Boyun Kaplamalar\u0131 \u2013 \u015ei\u015fe boynu, metalik kaplamalar (alt\u0131n, pembe alt\u0131n, siyah, koyu gri) dahil olmak \u00fczere bir\u00e7ok farkl\u0131 kaplama se\u00e7ene\u011fiyle sunulabilir.<\/li>\n<li>\u00c7ok Y\u00fczl\u00fc Lazer Kaz\u0131ma \u2013 Bir logo veya desen, lazerle se\u00e7ilen y\u00fczeylere i\u015flenebilir.<\/li>\n<li>Kaymaz Tutu\u015f Tasar\u0131m\u0131 \u2013 \u015ei\u015fenin iki taraf\u0131na da ek kaymaz tutu\u015f sa\u011flamak i\u00e7in mikro i\u015fleme uygulanm\u0131\u015ft\u0131r.<\/li>\n<\/ul>","protected":false},"excerpt":{"rendered":"<p>\u00c7okgen kesimli cam ve elmas kesimli kapaklarla tasarlanm\u0131\u015f kristal parf\u00fcm \u015fi\u015feleri. \u00dcst\u00fcn kaliteli parf\u00fcm \u015fi\u015feleri, markalar ve toptanc\u0131lar i\u00e7in do\u011frudan fabrikadan tedarik.<\/p>","protected":false},"featured_media":4207,"template":"","meta":{"postBodyCss":"","postBodyMargin":[],"postBodyPadding":[],"postBodyBackground":{"backgroundType":"classic","gradient":""}},"product_brand":[],"product_cat":[15,16,62],"product_tag":[],"class_list":{"0":"post-4203","1":"product","2":"type-product","3":"status-publish","4":"has-post-thumbnail","6":"product_cat-glass-containers","7":"product_cat-glass-bottles","8":"product_cat-perfume-bottles","10":"first","11":"instock","12":"shipping-taxable","13":"product-type-simple"},"jetpack_sharing_enabled":true,"_links":{"self":[{"href":"https:\/\/minghanggroup.com\/tr\/wp-json\/wp\/v2\/product\/4203","targetHints":{"allow":["GET"]}}],"collection":[{"href":"https:\/\/minghanggroup.com\/tr\/wp-json\/wp\/v2\/product"}],"about":[{"href":"https:\/\/minghanggroup.com\/tr\/wp-json\/wp\/v2\/types\/product"}],"wp:featuredmedia":[{"embeddable":true,"href":"https:\/\/minghanggroup.com\/tr\/wp-json\/wp\/v2\/media\/4207"}],"wp:attachment":[{"href":"https:\/\/minghanggroup.com\/tr\/wp-json\/wp\/v2\/media?parent=4203"}],"wp:term":[{"taxonomy":"product_brand","embeddable":true,"href":"https:\/\/minghanggroup.com\/tr\/wp-json\/wp\/v2\/product_brand?post=4203"},{"taxonomy":"product_cat","embeddable":true,"href":"https:\/\/minghanggroup.com\/tr\/wp-json\/wp\/v2\/product_cat?post=4203"},{"taxonomy":"product_tag","embeddable":true,"href":"https:\/\/minghanggroup.com\/tr\/wp-json\/wp\/v2\/product_tag?post=4203"}],"curies":[{"name":"wp","href":"https:\/\/api.w.org\/{rel}","templated":true}]}}