{"id":4202,"date":"2025-12-30T16:04:18","date_gmt":"2025-12-30T08:04:18","guid":{"rendered":"https:\/\/minghanggroup.com\/?post_type=product&#038;p=4202"},"modified":"2025-12-30T17:03:31","modified_gmt":"2025-12-30T09:03:31","slug":"clear-perfume-bottles-for-custom-fragrance-packaging-bulk","status":"publish","type":"product","link":"https:\/\/minghanggroup.com\/tr\/urun\/clear-perfume-bottles-for-custom-fragrance-packaging-bulk\/","title":{"rendered":"\u00d6zel Parf\u00fcm Ambalaj\u0131 \u0130\u00e7in 25 ml ve 90 ml \u015eeffaf Parf\u00fcm \u015ei\u015feleri (Toptan)"},"content":{"rendered":"<p>\u015eeffaf parf\u00fcm \u015fi\u015feleriniz m\u00fc\u015fterilerin durup bakmas\u0131n\u0131 sa\u011flamal\u0131. Parf\u00fcm ambalaj\u0131nda \u200b\u200bba\u015far\u0131 i\u00e7in tasarlanm\u0131\u015f, birinci s\u0131n\u0131f parf\u00fcm kaplar\u0131 \u00fcretiyoruz; her cam parf\u00fcm \u015fi\u015fesi markan\u0131z\u0131n imzas\u0131 haline geliyor.<\/p>\n<h2>\u00dcr\u00fcn \u00d6zellikleri<\/h2>\n<ul>\n<li><strong>Kristal Berrakl\u0131k Vitrini:<\/strong>Cam parf\u00fcm \u015fi\u015femiz, parf\u00fcm\u00fcn\u00fcz\u00fcn orijinal rengini sergilemek i\u00e7in m\u00fckemmel bir kapt\u0131r ve parf\u00fcm ambalaj\u0131n\u0131z\u0131 an\u0131nda g\u00f6rsel olarak \u00e7ekici hale getirir.<\/li>\n<li><strong>S\u0131zd\u0131rmaz Kapaklar:<\/strong>G\u00fcvenli boyun k\u0131sm\u0131, \u00fcr\u00fcn\u00fcn ta\u015f\u0131nmas\u0131 s\u0131ras\u0131nda s\u0131z\u0131nt\u0131 yapmas\u0131n\u0131 \u00f6nler; u\u00e7ucu ya\u011flar veya \u00f6zel parf\u00fcm seriniz i\u00e7in harika bir \u00e7\u00f6z\u00fcmd\u00fcr.<\/li>\n<li><strong>Geometrik \u015fi\u015fe kapa\u011f\u0131:<\/strong> Geometrik olarak kesilmi\u015f \u015fi\u015fe kapa\u011f\u0131, \u0131\u015f\u0131\u011f\u0131 yans\u0131tan bir m\u00fccevherin keskinli\u011fini taklit ederek, minimalist \u015fi\u015fe g\u00f6vdesiyle sessizce ileti\u015fim kuruyor; sade, g\u00f6steri\u015fsiz ama l\u00fcks ve zarafetin dilini i\u00e7eriyor.<\/li>\n<\/ul>\n<h2>Temel \u00d6zellikler<\/h2>\n<table style=\"border-collapse: collapse; width: 80%; margin-left: auto; margin-right: auto;\" border=\"0\" width=\"288\" cellspacing=\"0\" cellpadding=\"0\">\n<tbody>\n<tr style=\"height: 13.50pt;\">\n<td style=\"height: 13.5pt; width: 54pt; text-align: center;\" width=\"72\" height=\"18\">Kapasite(ml)<\/td>\n<td style=\"width: 54pt; text-align: center;\" width=\"72\">\u00d6l\u00e7\u00fcler (mm)<\/td>\n<td style=\"width: 54pt; text-align: center;\" width=\"72\">M\u00fch\u00fcr Tipi<\/td>\n<td style=\"width: 54pt; text-align: center;\" width=\"72\">Meme Renkleri<\/td>\n<\/tr>\n<tr style=\"height: 13.50pt;\">\n<td style=\"height: 13.5pt; text-align: center;\" align=\"right\" height=\"18\">25<\/td>\n<td style=\"text-align: center;\">37 x 37 x 58<\/td>\n<td class=\"et2\" style=\"text-align: center;\" rowspan=\"2\">Press-fit yaka<\/td>\n<td class=\"et2\" style=\"text-align: center;\" rowspan=\"2\">G\u00fcm\u00fc\u015f\/Alt\u0131n<\/td>\n<\/tr>\n<tr style=\"height: 13.50pt;\">\n<td style=\"height: 13.5pt; text-align: center;\" align=\"right\" height=\"18\">90<\/td>\n<td style=\"text-align: center;\">55 x 55 x 88<\/td>\n<\/tr>\n<\/tbody>\n<\/table>\n<h2>Ba\u015far\u0131 \u00d6rne\u011fi<\/h2>\n<p>Bir parf\u00fcm markas\u0131, ambalaj\u0131n\u0131n marka imaj\u0131n\u0131 daha sofistike bir \u015fekilde yans\u0131tmas\u0131n\u0131 istedi. \u015eeffaf parf\u00fcm \u015fi\u015felerimizi se\u00e7tiler ve her bir koku serisini g\u00f6rsel olarak birbirinden ay\u0131rmak i\u00e7in kabartmal\u0131 logo, kadifemsi buzlu bir y\u00fczey ve a\u00e7\u0131k renkli cam ile ki\u015fiselle\u015ftirdiler.<\/p>\n<p>Yeniden markala\u015fma s\u00fcrecinin ger\u00e7ekle\u015fti\u011fi s\u0131rada \u015firket, ilk \u00e7eyrekte &#039;lik bir sat\u0131\u015f b\u00fcy\u00fcmesi kaydetmi\u015f ve distrib\u00fct\u00f6rlerden gelen tekrarlanan sipari\u015flerin hacmi \u00f6nemli \u00f6l\u00e7\u00fcde artm\u0131\u015ft\u0131.<\/p>\n<h2>Ki\u015fiselle\u015ftirme Yolunuz<\/h2>\n<ol>\n<li><strong>Atomizer Renkleri:<\/strong> Marka kimli\u011finizle uyumlu g\u00fcm\u00fc\u015f veya alt\u0131n renkli nozullar se\u00e7in.<\/li>\n<li><strong>Etiket Yerle\u015fimi:<\/strong> Silindirik cam \u015fi\u015feye \u00f6zel marka logosunu uygulay\u0131n.<\/li>\n<li><strong>Premium Dekorasyon:<\/strong> L\u00fcks\u00fc art\u0131rmak i\u00e7in zarif alt\u0131n varak detaylar\u0131 kullan\u0131n.<\/li>\n<li><strong>Stil Uyumu:<\/strong> Parf\u00fcm ambalaj \u00e7\u00f6z\u00fcmleriniz i\u00e7in mat veya parlak y\u00fczey se\u00e7eneklerinden birini tercih edin.<\/li>\n<\/ol>","protected":false},"excerpt":{"rendered":"<p>P\u00fcr\u00fczs\u00fcz k\u0131vr\u0131mlara ve sa\u011flam cam tabana sahip \u015feffaf cam parf\u00fcm \u015fi\u015feleri. Fabrikadan do\u011frudan sat\u0131\u015f, \u00fccretsiz numuneler ve esnek toplu \u00f6zelle\u015ftirme imkan\u0131 sunan parf\u00fcm kaplar\u0131.<\/p>","protected":false},"featured_media":4212,"template":"","meta":{"postBodyCss":"","postBodyMargin":[],"postBodyPadding":[],"postBodyBackground":{"backgroundType":"classic","gradient":""}},"product_brand":[],"product_cat":[15,16,62],"product_tag":[],"class_list":{"0":"post-4202","1":"product","2":"type-product","3":"status-publish","4":"has-post-thumbnail","6":"product_cat-glass-containers","7":"product_cat-glass-bottles","8":"product_cat-perfume-bottles","10":"first","11":"instock","12":"shipping-taxable","13":"product-type-simple"},"jetpack_sharing_enabled":true,"_links":{"self":[{"href":"https:\/\/minghanggroup.com\/tr\/wp-json\/wp\/v2\/product\/4202","targetHints":{"allow":["GET"]}}],"collection":[{"href":"https:\/\/minghanggroup.com\/tr\/wp-json\/wp\/v2\/product"}],"about":[{"href":"https:\/\/minghanggroup.com\/tr\/wp-json\/wp\/v2\/types\/product"}],"wp:featuredmedia":[{"embeddable":true,"href":"https:\/\/minghanggroup.com\/tr\/wp-json\/wp\/v2\/media\/4212"}],"wp:attachment":[{"href":"https:\/\/minghanggroup.com\/tr\/wp-json\/wp\/v2\/media?parent=4202"}],"wp:term":[{"taxonomy":"product_brand","embeddable":true,"href":"https:\/\/minghanggroup.com\/tr\/wp-json\/wp\/v2\/product_brand?post=4202"},{"taxonomy":"product_cat","embeddable":true,"href":"https:\/\/minghanggroup.com\/tr\/wp-json\/wp\/v2\/product_cat?post=4202"},{"taxonomy":"product_tag","embeddable":true,"href":"https:\/\/minghanggroup.com\/tr\/wp-json\/wp\/v2\/product_tag?post=4202"}],"curies":[{"name":"wp","href":"https:\/\/api.w.org\/{rel}","templated":true}]}}