{"id":4197,"date":"2025-12-30T14:05:06","date_gmt":"2025-12-30T06:05:06","guid":{"rendered":"https:\/\/minghanggroup.com\/?post_type=product&#038;p=4197"},"modified":"2025-12-30T16:59:44","modified_gmt":"2025-12-30T08:59:44","slug":"empty-bottles-of-perfume-with-lids-bulk","status":"publish","type":"product","link":"https:\/\/minghanggroup.com\/tr\/urun\/empty-bottles-of-perfume-with-lids-bulk\/","title":{"rendered":"50 ml&#039;lik Kapakl\u0131 Bo\u015f Parf\u00fcm \u015ei\u015feleri (Toptan)"},"content":{"rendered":"<p>Bu \u00fcst d\u00fczey bo\u015f cam parf\u00fcm \u015fi\u015feleri, kristal berrakl\u0131\u011f\u0131nda \u00e7ok y\u00f6nl\u00fc camdan \u00fcretilmi\u015ftir ve her kapa\u011f\u0131n \u00fczerinde par\u0131ldayan elmas kesimli bir kristal bulunmaktad\u0131r.<\/p>\n<h2>\u00dcr\u00fcn \u00d6zellikleri<\/h2>\n<ul>\n<li><strong>Kristal berrakl\u0131\u011f\u0131nda cam:<\/strong> Bu \u00e7ok \u015feffaf bir malzeme oldu\u011fu i\u00e7in parf\u00fcm\u00fcn rengi, de\u011ferli bir ta\u015f gibi kristal berrakl\u0131\u011f\u0131nda ve bozulmam\u0131\u015f bir \u015fekilde m\u00fckemmel bir bi\u00e7imde ortaya \u00e7\u0131k\u0131yor.<\/li>\n<li><strong>\u00c7ok y\u00f6nl\u00fc cam \u015fi\u015fe:<\/strong> \u00c7ok y\u00fczeyli cam, bir t\u00fcr \u015feffaf cam olup, \u015fi\u015fenin y\u00fczeyindeki \u0131\u015f\u0131k yans\u0131mas\u0131n\u0131 art\u0131rarak, \u015fi\u015fenin i\u00e7ine yerle\u015ftirilmi\u015f bir m\u00fccevhere benzer optik bir yan\u0131lsama yarat\u0131r.<\/li>\n<li><strong>Elmas desenli ta\u00e7 veya \u015fapka: <\/strong>\u015eapkan\u0131n kendisi de elmas kesimli bir dokuya sahip. Bu nedenle, \u015fapkan\u0131n yap\u0131s\u0131 \u00e7ok y\u00f6nl\u00fc ill\u00fczyonu daha da g\u00fc\u00e7lendiriyor.<\/li>\n<\/ul>\n<h2 style=\"text-align: left;\">Temel \u00d6zellikler<\/h2>\n<table class=\"aligncenter\" style=\"border-collapse: collapse; width: 452.27pt;\" border=\"0\" width=\"603\" cellspacing=\"0\" cellpadding=\"0\">\n<tbody>\n<tr style=\"height: 13.50pt;\">\n<td style=\"height: 13.50pt; width: 130.50pt;\" width=\"174\" height=\"18\">\u015eartname<\/td>\n<td style=\"width: 321.75pt;\" width=\"429\">Detaylar<\/td>\n<\/tr>\n<tr style=\"height: 13.50pt;\">\n<td style=\"height: 13.50pt;\" height=\"18\">Kapasite<\/td>\n<td>50 ml<\/td>\n<\/tr>\n<tr style=\"height: 13.50pt;\">\n<td style=\"height: 13.50pt;\" height=\"18\">Boyutlar<\/td>\n<td>50\u00d739\u00d787 mm<\/td>\n<\/tr>\n<tr style=\"height: 13.50pt;\">\n<td style=\"height: 13.50pt;\" height=\"18\">Malzeme<\/td>\n<td>Kristal Kalitesinde Y\u00fcksek \u015eeffafl\u0131kta Cam G\u00f6vde<\/td>\n<\/tr>\n<tr style=\"height: 13.50pt;\">\n<td style=\"height: 13.50pt;\" height=\"18\">Kapatma T\u00fcr\u00fc<\/td>\n<td>Alt\u0131n Sprey Yakal\u0131 \u00c7ok Y\u00fczl\u00fc Kristal Kapak<\/td>\n<\/tr>\n<tr style=\"height: 13.50pt;\">\n<td style=\"height: 13.50pt;\" height=\"18\">\u0130\u015f\u00e7ilik \u00d6zelli\u011fi<\/td>\n<td>Kristal Kalitesinde Cam Berrakl\u0131\u011f\u0131, Birinci S\u0131n\u0131f Metal Montaj<\/td>\n<\/tr>\n<tr style=\"height: 13.50pt;\">\n<td style=\"height: 13.50pt;\" height=\"18\">\u0130deal \u0130\u00e7in<\/td>\n<td>Bo\u015f Cam Parf\u00fcm \u015ei\u015feleri, Toplu Parf\u00fcm \u015ei\u015feleri<\/td>\n<\/tr>\n<\/tbody>\n<\/table>\n<h2>Ba\u015far\u0131 Hikayesi<\/h2>\n<p>Orta Do\u011fu kraliyet ailelerinin parf\u00fcmc\u00fcs\u00fc, l\u00fcks ve y\u00fcksek kaliteli i\u015f\u00e7ili\u011fe sahip bir \u015fi\u015fe talep etti. 50 ml&#039;lik bo\u015f parf\u00fcm \u015fi\u015felerimizi safir mavisi renginde \u00f6zel olarak \u00fcrettik. I\u015f\u0131k ve g\u00f6lgenin bu kombinasyonu, buti\u011fin \u0131\u015f\u0131\u011f\u0131nda kullan\u0131lan kesim y\u00f6ntemiyle birlikte g\u00fczel bir \u0131\u015f\u0131k ve g\u00f6lge efekti yaratt\u0131 ve bu da m\u00fc\u015fterilerin \u015fi\u015feyi daha uzun s\u00fcre incelemelerini sa\u011flad\u0131. M\u00fccevher gibi bir g\u00f6r\u00fcn\u00fcme sahip olan bu \u015fi\u015fe, \u00fcretim maliyetinin 0&#039;\u00fcnden fazla bir fiyata sat\u0131labiliyor. Bu etki \u00fczerine m\u00fc\u015fteri, 500.000 \u015fi\u015felik bir sipari\u015f daha verdi ve b\u00f6lgesel m\u00fcnhas\u0131r da\u011f\u0131t\u0131m anla\u015fmas\u0131 imzalad\u0131.<\/p>\n<h2>Bo\u015f Cam Parf\u00fcm \u015ei\u015fesi \u00d6zelle\u015ftirme<\/h2>\n<ul>\n<li>Ki\u015fiye \u00d6zel Cam Renkleri ve Tonlar\u0131 \u2013 Kesme cam (yakut, z\u00fcmr\u00fct, topaz) bir\u00e7ok de\u011ferli ta\u015f tonunda mevcuttur.<\/li>\n<li>Tek Tarafl\u0131 Lazer Kaz\u0131ma \u2013 \u015ei\u015fenin belirli y\u00fczeylerine rozet, yaz\u0131 veya seri numaras\u0131 kaz\u0131t\u0131n.<\/li>\n<li>Buzlu \u2013 \u0130ki tonlu bir etki yaratmak i\u00e7in alternatif y\u00fczeylere buzlu bir g\u00f6r\u00fcn\u00fcm kazand\u0131r\u0131n.<\/li>\n<li>Kendi Kapa\u011f\u0131n\u0131z\u0131 Tasarlay\u0131n \u2013 Kristal kapa\u011f\u0131 farkl\u0131 bir \u015fekil veya desenle tasarlay\u0131n.<\/li>\n<\/ul>","protected":false},"excerpt":{"rendered":"<p>Alt\u0131n p\u00fcsk\u00fcrtme ba\u015fl\u0131\u011f\u0131na sahip, kristal berrakl\u0131\u011f\u0131nda camdan \u00fcretilmi\u015f l\u00fcks bo\u015f parf\u00fcm \u015fi\u015feleri. Fabrikadan do\u011frudan tedarik, \u00fcst d\u00fczey parf\u00fcm markalar\u0131 i\u00e7in ideal.<\/p>","protected":false},"featured_media":4201,"template":"","meta":{"postBodyCss":"","postBodyMargin":[],"postBodyPadding":[],"postBodyBackground":{"backgroundType":"classic","gradient":""}},"product_brand":[],"product_cat":[15,16,62],"product_tag":[],"class_list":{"0":"post-4197","1":"product","2":"type-product","3":"status-publish","4":"has-post-thumbnail","6":"product_cat-glass-containers","7":"product_cat-glass-bottles","8":"product_cat-perfume-bottles","10":"first","11":"instock","12":"shipping-taxable","13":"product-type-simple"},"jetpack_sharing_enabled":true,"_links":{"self":[{"href":"https:\/\/minghanggroup.com\/tr\/wp-json\/wp\/v2\/product\/4197","targetHints":{"allow":["GET"]}}],"collection":[{"href":"https:\/\/minghanggroup.com\/tr\/wp-json\/wp\/v2\/product"}],"about":[{"href":"https:\/\/minghanggroup.com\/tr\/wp-json\/wp\/v2\/types\/product"}],"wp:featuredmedia":[{"embeddable":true,"href":"https:\/\/minghanggroup.com\/tr\/wp-json\/wp\/v2\/media\/4201"}],"wp:attachment":[{"href":"https:\/\/minghanggroup.com\/tr\/wp-json\/wp\/v2\/media?parent=4197"}],"wp:term":[{"taxonomy":"product_brand","embeddable":true,"href":"https:\/\/minghanggroup.com\/tr\/wp-json\/wp\/v2\/product_brand?post=4197"},{"taxonomy":"product_cat","embeddable":true,"href":"https:\/\/minghanggroup.com\/tr\/wp-json\/wp\/v2\/product_cat?post=4197"},{"taxonomy":"product_tag","embeddable":true,"href":"https:\/\/minghanggroup.com\/tr\/wp-json\/wp\/v2\/product_tag?post=4197"}],"curies":[{"name":"wp","href":"https:\/\/api.w.org\/{rel}","templated":true}]}}